{"id":85,"date":"2012-01-09T10:48:52","date_gmt":"2012-01-09T10:48:52","guid":{"rendered":"http:\/\/dev.manoli.ca\/?page_id=85"},"modified":"2020-11-23T09:59:23","modified_gmt":"2020-11-23T14:59:23","slug":"apropos","status":"publish","type":"page","link":"https:\/\/manoli.ca\/fr\/apropos\/","title":{"rendered":"Apropos"},"content":{"rendered":"<p><img decoding=\"async\" class=\" wp-image-1119 alignleft\" title=\"george-manoli\" src=\"http:\/\/manoli.ca\/wp-content\/uploads\/2012\/01\/george-manoli.jpg\" alt=\"\" width=\"239\" height=\"317\" srcset=\"https:\/\/manoli.ca\/wp-content\/uploads\/2012\/01\/george-manoli.jpg 342w, https:\/\/manoli.ca\/wp-content\/uploads\/2012\/01\/george-manoli-226x300.jpg 226w\" sizes=\"(max-width: 239px) 100vw, 239px\" \/><strong>M. Georges Manoli<\/strong>, directeur et coordinateur de nos programme est un chef de file \u00e0 Montr\u00e9al dans le domaine de l\u2019\u00e9ducation en s\u00e9curit\u00e9 personnelle. Son approche sp\u00e9cialis\u00e9e repose sur un entra\u00eenement pratique et r\u00e9aliste avec le recours \u00e0 des agressions simul\u00e9es. Son expertise lui permet d&rsquo;aborder en profondeur une vari\u00e9t\u00e9 de sujets tels que l\u2019intimidation, la p\u00e9dophilie, l\u2019autod\u00e9fense, le karat\u00e9 et le combats au sol.<\/p>\n<p>Il d\u00e9tient un Baccalaur\u00e9at en \u00e9ducation physique d\u00e9cern\u00e9 par l\u2019universit\u00e9 McGill et a plus de 35 ans d\u2019exp\u00e9rience dans l&rsquo;enseignement des arts martiaux. Il d\u00e9tient le PNCE (certification national d\u2019entra\u00eeneur) de niveau 2. Il est ceinture noire 6e dan en Kenkokan Karat\u00e9do et 7e dan en Koshiki Karat\u00e9do. Il a repr\u00e9sent\u00e9 le Canada \u00e0 des comp\u00e9titions internationales en Koshiki Karat\u00e9do (contact s\u00e9curitaire) au Japon, au Venezuela et en Australie. Pr\u00e9sentement, monsieur Manoli dirige sa propre \u00e9cole de karat\u00e9 et de combat au sol avec plus de 75 \u00e9l\u00e8ves au centre r\u00e9cr\u00e9atif de Beaconsfield.<\/p>\n<p>Monsieur Manoli est l\u2019auteur de trois manuels en s\u00e9curit\u00e9 personnelle. Il a aussi cr\u00e9e quatre programmes d\u2019entra\u00eenement orient\u00e9s vers la simulation dynamique qu\u2019il enseigne personnellement avec ses assistants :<\/p>\n<p>1. La m\u00e9thode Manoli d\u2019autod\u00e9fense avec simulations d\u2019agression pour femmes et ados a \u00e9t\u00e9 \u00e9valu\u00e9e par le C.A.F.S.U. comme l&rsquo;un des meilleurs programmes d&rsquo;autod\u00e9fense \u00e0 Montr\u00e9al. Sa m\u00e9thode est diffus\u00e9e ou enseign\u00e9e :<\/p>\n<blockquote><p>\u2022 Policier de Montr\u00e9al : (1) Cours d\u2019autod\u00e9fense con\u00e7us pour les femmes polici\u00e8res. (2) R\u00e9tention d\u2019armes \u00e0 feu des policiers.<\/p>\n<p>\u2022 Air Canada : Contr\u00f4le d\u2019un passager turbulent dans l\u2019avion \u2013 vid\u00e9o et programme d\u2019entra\u00eenement pour 6300 agents de bords.<\/p>\n<p>\u2022 \u2018Juste pour vous\u2019 exclusivement pour les femmes \u2013 une fin de semaine pour les femmes organis\u00e9 par le poste radiophonique FM Q92. Jusqu&rsquo;\u00e0 pr\u00e9sent, plus de 750 femmes ont particip\u00e9 aux ateliers de monsieur Manoli.<\/p>\n<p>\u2022 L\u2019Office National du Film le souligne dans le documentaire de Dan Bigras \u201cLe Ring Int\u00e9rieur\u201d et \u201cLe Volcan.\u201d CBC \u2018Montr\u00e9al Living,\u2019 Radio Canada, TVA et Illico l\u2019ont diffus\u00e9es aux \u00e9missions \u2018T\u00eate @ Kat,\u2019 \u2018Salut, Bonjour,\u2019 et \u2018Avis de recherche.\u2019<\/p>\n<p>\u2022 Les centres communautaires de Westmount et Beaconsfield ainsi que les \u00e9coles Villa Maria, Marie Clarac, Coll\u00e8ge Letendre et Coll\u00e8ge Laval, \u00e9cole secondaire Venture et le Priory offrent nos cours.<\/p><\/blockquote>\n<p>2. Arr\u00eate de m\u2019intimider! \u00c0 travers des mises en situations, nos cours et ateliers enseignent aux participants diff\u00e9rentes fa\u00e7ons simples, pratiques et cr\u00e9atives de se d\u00e9brouiller dans des situations d&rsquo;intimidation.<\/p>\n<p>3. Enfants Alertes! est un programme d&rsquo;autoprotection et de prise de confiance en soi pour les enfants de 6 \u00e0 10 ans. Fortement recommand\u00e9 par \u00abLe R\u00e9seau Enfants Retour Canada.\u00bb car il enseigne aux enfants diff\u00e9rentes strat\u00e9gies pratiques, efficaces et r\u00e9alistes pour se prot\u00e9ger.<\/p>\n<p>4. Affirmation de soi pour les victimes d\u2019agression et de viol : Ce programme aide \u00e9norm\u00e9ment les survivants d\u2019\u00e9v\u00e8nements traumatiques \u00e0 affronter la r\u00e9alit\u00e9 de ce qu\u2019ils ont v\u00e9cus. En collaboration avec leur th\u00e9rapeute, le programme personnalis\u00e9 redonne aux survivants le pouvoir de reprendre le contr\u00f4le de leur vie, en les aidant \u00e0 surmonter leurs peurs et le sentiment d\u2019impuissance.<\/p>\n<h3>Related Images:<\/h3>","protected":false},"excerpt":{"rendered":"<p>M. Georges Manoli, directeur et coordinateur de nos programme est un chef de file \u00e0 Montr\u00e9al dans le domaine de l\u2019\u00e9ducation en s\u00e9curit\u00e9 personnelle. Son approche sp\u00e9cialis\u00e9e repose sur un entra\u00eenement pratique et r\u00e9aliste avec le recours \u00e0 des agressions simul\u00e9es. Son expertise lui permet d&rsquo;aborder en profondeur une vari\u00e9t\u00e9 de sujets tels que l\u2019intimidation, &#8230;<\/p>\n","protected":false},"author":1,"featured_media":0,"parent":0,"menu_order":0,"comment_status":"closed","ping_status":"open","template":"","meta":{"ngg_post_thumbnail":0,"footnotes":""},"class_list":["post-85","page","type-page","status-publish","hentry"],"yoast_head":"<!-- This site is optimized with the Yoast SEO plugin v27.2 - https:\/\/yoast.com\/product\/yoast-seo-wordpress\/ -->\n<title>Apropos - George Manoli Inc<\/title>\n<meta name=\"robots\" content=\"index, follow, max-snippet:-1, max-image-preview:large, max-video-preview:-1\" \/>\n<link rel=\"canonical\" href=\"https:\/\/manoli.ca\/fr\/apropos\/\" \/>\n<meta property=\"og:locale\" content=\"fr_FR\" \/>\n<meta property=\"og:type\" content=\"article\" \/>\n<meta property=\"og:title\" content=\"Apropos - George Manoli Inc\" \/>\n<meta property=\"og:description\" content=\"M. Georges Manoli, directeur et coordinateur de nos programme est un chef de file \u00e0 Montr\u00e9al dans le domaine de l\u2019\u00e9ducation en s\u00e9curit\u00e9 personnelle. Son approche sp\u00e9cialis\u00e9e repose sur un entra\u00eenement pratique et r\u00e9aliste avec le recours \u00e0 des agressions simul\u00e9es. Son expertise lui permet d&rsquo;aborder en profondeur une vari\u00e9t\u00e9 de sujets tels que l\u2019intimidation, ...\" \/>\n<meta property=\"og:url\" content=\"https:\/\/manoli.ca\/fr\/apropos\/\" \/>\n<meta property=\"og:site_name\" content=\"George Manoli Inc\" \/>\n<meta property=\"article:modified_time\" content=\"2020-11-23T14:59:23+00:00\" \/>\n<meta property=\"og:image\" content=\"http:\/\/manoli.ca\/wp-content\/uploads\/2012\/01\/george-manoli.jpg\" \/>\n<meta name=\"twitter:card\" content=\"summary_large_image\" \/>\n<meta name=\"twitter:site\" content=\"@tokondojo\" \/>\n<meta name=\"twitter:label1\" content=\"Dur\u00e9e de lecture estim\u00e9e\" \/>\n\t<meta name=\"twitter:data1\" content=\"3 minutes\" \/>\n<script type=\"application\/ld+json\" class=\"yoast-schema-graph\">{\"@context\":\"https:\/\/schema.org\",\"@graph\":[{\"@type\":\"WebPage\",\"@id\":\"https:\/\/manoli.ca\/fr\/apropos\/\",\"url\":\"https:\/\/manoli.ca\/fr\/apropos\/\",\"name\":\"Apropos - George Manoli Inc\",\"isPartOf\":{\"@id\":\"https:\/\/manoli.ca\/fr\/#website\"},\"primaryImageOfPage\":{\"@id\":\"https:\/\/manoli.ca\/fr\/apropos\/#primaryimage\"},\"image\":{\"@id\":\"https:\/\/manoli.ca\/fr\/apropos\/#primaryimage\"},\"thumbnailUrl\":\"http:\/\/manoli.ca\/wp-content\/uploads\/2012\/01\/george-manoli.jpg\",\"datePublished\":\"2012-01-09T10:48:52+00:00\",\"dateModified\":\"2020-11-23T14:59:23+00:00\",\"breadcrumb\":{\"@id\":\"https:\/\/manoli.ca\/fr\/apropos\/#breadcrumb\"},\"inLanguage\":\"fr-FR\",\"potentialAction\":[{\"@type\":\"ReadAction\",\"target\":[\"https:\/\/manoli.ca\/fr\/apropos\/\"]}]},{\"@type\":\"ImageObject\",\"inLanguage\":\"fr-FR\",\"@id\":\"https:\/\/manoli.ca\/fr\/apropos\/#primaryimage\",\"url\":\"http:\/\/manoli.ca\/wp-content\/uploads\/2012\/01\/george-manoli.jpg\",\"contentUrl\":\"http:\/\/manoli.ca\/wp-content\/uploads\/2012\/01\/george-manoli.jpg\"},{\"@type\":\"BreadcrumbList\",\"@id\":\"https:\/\/manoli.ca\/fr\/apropos\/#breadcrumb\",\"itemListElement\":[{\"@type\":\"ListItem\",\"position\":1,\"name\":\"Home\",\"item\":\"https:\/\/manoli.ca\/fr\/\"},{\"@type\":\"ListItem\",\"position\":2,\"name\":\"Apropos\"}]},{\"@type\":\"WebSite\",\"@id\":\"https:\/\/manoli.ca\/fr\/#website\",\"url\":\"https:\/\/manoli.ca\/fr\/\",\"name\":\"George Manoli Inc\",\"description\":\"\",\"potentialAction\":[{\"@type\":\"SearchAction\",\"target\":{\"@type\":\"EntryPoint\",\"urlTemplate\":\"https:\/\/manoli.ca\/fr\/?s={search_term_string}\"},\"query-input\":{\"@type\":\"PropertyValueSpecification\",\"valueRequired\":true,\"valueName\":\"search_term_string\"}}],\"inLanguage\":\"fr-FR\"}]}<\/script>\n<!-- \/ Yoast SEO plugin. -->","yoast_head_json":{"title":"Apropos - George Manoli Inc","robots":{"index":"index","follow":"follow","max-snippet":"max-snippet:-1","max-image-preview":"max-image-preview:large","max-video-preview":"max-video-preview:-1"},"canonical":"https:\/\/manoli.ca\/fr\/apropos\/","og_locale":"fr_FR","og_type":"article","og_title":"Apropos - George Manoli Inc","og_description":"M. Georges Manoli, directeur et coordinateur de nos programme est un chef de file \u00e0 Montr\u00e9al dans le domaine de l\u2019\u00e9ducation en s\u00e9curit\u00e9 personnelle. Son approche sp\u00e9cialis\u00e9e repose sur un entra\u00eenement pratique et r\u00e9aliste avec le recours \u00e0 des agressions simul\u00e9es. Son expertise lui permet d&rsquo;aborder en profondeur une vari\u00e9t\u00e9 de sujets tels que l\u2019intimidation, ...","og_url":"https:\/\/manoli.ca\/fr\/apropos\/","og_site_name":"George Manoli Inc","article_modified_time":"2020-11-23T14:59:23+00:00","og_image":[{"url":"http:\/\/manoli.ca\/wp-content\/uploads\/2012\/01\/george-manoli.jpg","type":"","width":"","height":""}],"twitter_card":"summary_large_image","twitter_site":"@tokondojo","twitter_misc":{"Dur\u00e9e de lecture estim\u00e9e":"3 minutes"},"schema":{"@context":"https:\/\/schema.org","@graph":[{"@type":"WebPage","@id":"https:\/\/manoli.ca\/fr\/apropos\/","url":"https:\/\/manoli.ca\/fr\/apropos\/","name":"Apropos - George Manoli Inc","isPartOf":{"@id":"https:\/\/manoli.ca\/fr\/#website"},"primaryImageOfPage":{"@id":"https:\/\/manoli.ca\/fr\/apropos\/#primaryimage"},"image":{"@id":"https:\/\/manoli.ca\/fr\/apropos\/#primaryimage"},"thumbnailUrl":"http:\/\/manoli.ca\/wp-content\/uploads\/2012\/01\/george-manoli.jpg","datePublished":"2012-01-09T10:48:52+00:00","dateModified":"2020-11-23T14:59:23+00:00","breadcrumb":{"@id":"https:\/\/manoli.ca\/fr\/apropos\/#breadcrumb"},"inLanguage":"fr-FR","potentialAction":[{"@type":"ReadAction","target":["https:\/\/manoli.ca\/fr\/apropos\/"]}]},{"@type":"ImageObject","inLanguage":"fr-FR","@id":"https:\/\/manoli.ca\/fr\/apropos\/#primaryimage","url":"http:\/\/manoli.ca\/wp-content\/uploads\/2012\/01\/george-manoli.jpg","contentUrl":"http:\/\/manoli.ca\/wp-content\/uploads\/2012\/01\/george-manoli.jpg"},{"@type":"BreadcrumbList","@id":"https:\/\/manoli.ca\/fr\/apropos\/#breadcrumb","itemListElement":[{"@type":"ListItem","position":1,"name":"Home","item":"https:\/\/manoli.ca\/fr\/"},{"@type":"ListItem","position":2,"name":"Apropos"}]},{"@type":"WebSite","@id":"https:\/\/manoli.ca\/fr\/#website","url":"https:\/\/manoli.ca\/fr\/","name":"George Manoli Inc","description":"","potentialAction":[{"@type":"SearchAction","target":{"@type":"EntryPoint","urlTemplate":"https:\/\/manoli.ca\/fr\/?s={search_term_string}"},"query-input":{"@type":"PropertyValueSpecification","valueRequired":true,"valueName":"search_term_string"}}],"inLanguage":"fr-FR"}]}},"_links":{"self":[{"href":"https:\/\/manoli.ca\/fr\/wp-json\/wp\/v2\/pages\/85","targetHints":{"allow":["GET"]}}],"collection":[{"href":"https:\/\/manoli.ca\/fr\/wp-json\/wp\/v2\/pages"}],"about":[{"href":"https:\/\/manoli.ca\/fr\/wp-json\/wp\/v2\/types\/page"}],"author":[{"embeddable":true,"href":"https:\/\/manoli.ca\/fr\/wp-json\/wp\/v2\/users\/1"}],"replies":[{"embeddable":true,"href":"https:\/\/manoli.ca\/fr\/wp-json\/wp\/v2\/comments?post=85"}],"version-history":[{"count":10,"href":"https:\/\/manoli.ca\/fr\/wp-json\/wp\/v2\/pages\/85\/revisions"}],"predecessor-version":[{"id":4257,"href":"https:\/\/manoli.ca\/fr\/wp-json\/wp\/v2\/pages\/85\/revisions\/4257"}],"wp:attachment":[{"href":"https:\/\/manoli.ca\/fr\/wp-json\/wp\/v2\/media?parent=85"}],"curies":[{"name":"wp","href":"https:\/\/api.w.org\/{rel}","templated":true}]}}