{"id":724,"date":"2012-01-31T20:44:03","date_gmt":"2012-01-31T20:44:03","guid":{"rendered":"http:\/\/dev.manoli.ca\/?page_id=724"},"modified":"2020-11-23T09:59:28","modified_gmt":"2020-11-23T14:59:28","slug":"arrete-de-m-intimider-cours-pour-enfants","status":"publish","type":"page","link":"https:\/\/manoli.ca\/fr\/cours\/intimidation\/arrete-de-m-intimider-cours-pour-enfants\/","title":{"rendered":"Arr\u00eate de m&rsquo;Intimider! Cours de 9 h avec mises en situations"},"content":{"rendered":"<p><strong>ARR\u00caTE DE M\u2019INTIMIDER! <\/strong><em>Cours de 9 h avec mises en situations<\/em><\/p>\n<h2>On enseigne aux enfants \u00e0 ce tenir debout face \u00e0 l\u2019intimidateur<\/h2>\n<h3><img decoding=\"async\" class=\"alignright size-full wp-image-3459\" src=\"http:\/\/manoli.ca\/wp-content\/uploads\/2012\/01\/2016-bullying-4.png\" alt=\"My child is a bully what can I do\" width=\"220\" height=\"147\" \/>Information g\u00e9n\u00e9ral<\/h3>\n<ul>\n<li>Participants: Enfants de 6 \u00e0 12 ans<\/li>\n<li>Pendants les cours, les parents peuvent\u00a0:<\/li>\n<li>Regarder l\u2019entrainement<\/li>\n<li>S\u2019entrainer avec leur enfant<\/li>\n<li>S\u2019entrainer avec d\u2019autres parents<\/li>\n<li>Dur\u00e9e du program: 9 heures<\/li>\n<li>Dur\u00e9e de chaque cours: 1 heures X 9 semaines ou 1.5 X 6 semaines<\/li>\n<li>Min.\/Max. de participants: 14 &#8211; 24 enfants<\/li>\n<li>\u00c9quipements requis: tapis de gymnastique ou de lutte<\/li>\n<li>Habillement: Tenue sportive &#8211; short ou pantalon de jogging avec T-shirt<\/li>\n<\/ul>\n<h2>Les objectifs du program &#8211; Affirmation de soi et des exercices afin de contrer l\u2019intimidation<\/h2>\n<h3><img decoding=\"async\" class=\"alignright size-full wp-image-408\" src=\"http:\/\/manoli.ca\/wp-content\/uploads\/2012\/01\/anit-bullying.gif\" alt=\"Anti Bullying - Don't Bully me!\" width=\"220\" height=\"220\" srcset=\"https:\/\/manoli.ca\/wp-content\/uploads\/2012\/01\/anit-bullying.gif 220w, https:\/\/manoli.ca\/wp-content\/uploads\/2012\/01\/anit-bullying-150x150.gif 150w\" sizes=\"(max-width: 220px) 100vw, 220px\" \/>On enseigne aux enfants:<\/h3>\n<ul>\n<li>Quoi faire si l\u2019intimidateur n\u2019arr\u00eate pas des les insult\u00e9s ou de leurs faire du mal.<\/li>\n<li>Comment ce tenir debout, s\u2019affirmer et parler \u00e0 l\u2019intimidateur &#8211; Judo verbal.<\/li>\n<li>\u00a0Les r\u00e8gles et les principes de confrontation quand on fait affaire avec quelqu\u2019un qui nous intimide.<\/li>\n<li>De ne jamais taper ou blesser l\u2019intimidateur.<\/li>\n<li>D\u2019\u00e9viter la bagarre \u00e0 tous coups, mais, s\u2019il nous attaque, de l\u2019amener au sol, on \u00e9tablit le control sur lui et on n\u00e9gocie la paix.<\/li>\n<li>A chaque cours on travail des cas d\u2019intimidations avec des mises en situations. Les mises en situations aident les enfants \u00e0 avoirs confiance dans leurs moyens \u00e0 g\u00e9rer l\u2019interaction.<\/li>\n<li>Les parents sont inform\u00e9s des strat\u00e9gies que les \u00e9l\u00e8ves apprennent durant les cours afin de pouvoir travailler en \u00e9quipe avec leurs enfants.<\/li>\n<\/ul>\n<h3>D\u00e9roulement d\u2019un cours &#8211; Contrer l\u2019intimidation<\/h3>\n<ul>\n<li>R\u00e9chauffement et exercices avec un partenaire.<\/li>\n<li>Th\u00e9orie et r\u00e9vision des principes de base: affirmation de soi, langage corporel, Judo verbal, g\u00e9rer la confrontation, etc.<\/li>\n<li>Mises en situation et sc\u00e9nario d\u2019intimidation: pratiques avec un partenaire, jeux \u00e9ducatifs, contr\u00f4le au sol, etc.<\/li>\n<li>Combats au sol afin d\u2019augmenter la confiance en soi des \u00e9l\u00e8ves<\/li>\n<\/ul>\n<h3>\u00a0<img decoding=\"async\" class=\"alignright size-full wp-image-3461\" src=\"http:\/\/manoli.ca\/wp-content\/uploads\/2012\/01\/2016-bullying-6.png\" alt=\"Bullying Options\" width=\"220\" height=\"220\" \/>Qui organise les cours afin de \u2018Contrer l\u2019intimidation\u2019?<\/h3>\n<ul>\n<li><strong>VOUS ORGANISEZ<\/strong> le cours.<\/li>\n<li><em>On ce d\u00e9place chez vous<\/em> afin de partager notre expertise.<\/li>\n<li>Les cours peuvent se donner\u00a0:<\/li>\n<li>Au travail, \u00e0 la maison, \u00e0 l\u2019\u00e9cole ou \u00e0 un centre communautaire.<\/li>\n<li>La diffusion peut ce faire en <em>fran\u00e7ais ou en anglais<\/em>.<\/li>\n<li>Des cours priv\u00e9s ou en petit groupes peuvent aussi se faire \u00e0 notre studio.<\/li>\n<\/ul>\n<h3>Pourrais-je suivre un cours d\u00e9j\u00e0 organis\u00e9?<\/h3>\n<ul>\n<li>Si l\u2019opportunit\u00e9 se pr\u00e9sente, <strong>VOUS POUVEZ VOUS JOINDRE \u00e0 un groupe<\/strong> d\u00e9j\u00e0 organis\u00e9. Si un centre communautaire, une \u00e9cole ou une corporation organise un atelier ou des cours, et ils permettent l\u2019inscription aux publiques externes, cela nous fera plaisir de vous r\u00e9f\u00e9rez \u00e0 la personne responsable afin de vous inscrire.<\/li>\n<li>V\u00e9rifiez dans la partie \u2018<a href=\"http:\/\/manoli.ca\/fr\/events-evenements\/\">Events coming up<\/a>\u2019 afin de voir si un cours ou un atelier d\u00e9butent bient\u00f4t. Vous pouvez aussi nous contacter pour en savoir plus\u00a0:<\/li>\n<\/ul>\n<h3><strong>T\u00e9l\u00e9phone:<\/strong>\u00a0<strong>(438)\u00a0392-4683<br \/>\n<strong>Courriel: <\/strong><\/strong><a href=\"&#x6d;&#x61;&#x69;&#x6c;&#x74;&#x6f;&#x3a;&#x67;&#x6d;&#x61;&#x6e;&#111;&#108;&#105;&#64;&#118;&#105;&#100;eotron&#x2e;&#x63;&#x61;\">gm&#97;&#110;&#111;&#108;&#x69;&#x40;&#x76;&#x69;&#x64;eo&#116;&#114;&#111;&#110;&#x2e;&#x63;&#x61;<\/a><\/h3>\n<h3><img decoding=\"async\" class=\"alignright size-full wp-image-3458\" src=\"http:\/\/manoli.ca\/wp-content\/uploads\/2012\/01\/2016-bullying-3.png\" alt=\"Bullying Witnesses\" width=\"220\" height=\"220\" \/>Est-ce que je peux organiser un cours moi-m\u00eame?<\/h3>\n<ul>\n<li>Vous pouvez organiser votre propre cours en rassemblant vos amies et connaissances.<\/li>\n<li>Pour un cours de groupe, rassemblez entre14 et 24 personnes.<\/li>\n<li>\u00a0Aussit\u00f4t que l\u2019organisatrice nous contacte, on discutera ensemble des points suivants\u00a0:\n<ul>\n<li>Les dates que vous aimeriez tenir l\u2019\u00e9v\u00e8nement.<\/li>\n<li>Vos exigences et vos objectifs pour les cours.<\/li>\n<li>Le nombre de personnes qui vont y participer.<\/li>\n<li>L\u2019\u00e2ge des participantes.<\/li>\n<li>Le prix des cours pour chaque participant.<\/li>\n<li>La personne responsable pour ramasser les fonds et la facturation.<\/li>\n<li>La largeur de la salle n\u00e9cessaire pour le bon d\u00e9roulement de l\u2019activit\u00e9.<\/li>\n<li>L\u2019habillement n\u00e9cessaire pour y participer.<\/li>\n<li>L\u2019\u00e9quipement n\u00e9cessaire (tapis au sol).<\/li>\n<li>Vous pouvez aussi contacter <em>l\u2019organisateur de votre centre communautaire, l\u2019association scolaire de votre \u00e9cole ou la personne qui organise des \u00e9v\u00e8nements \u00e0 votre place de travail<\/em> leurs demandant de mettre en place une telle activit\u00e9.<\/li>\n<\/ul>\n<\/li>\n<\/ul>\n<h3>Des cours priv\u00e9s ou en petits groupes?<\/h3>\n<ul>\n<li>Des <em><strong>cours\/consultations priv\u00e9s ou en petits groupes<\/strong> (1 \u2013 6 personnes) <\/em>peuvent \u00eatres organis\u00e9s afin de vous accommodez.<\/li>\n<li>Nos ateliers <em>sont <strong>faits sur mesure<\/strong><\/em> d\u00e9pendamment de vos objectifs et vos besoins.<\/li>\n<li><strong>On <em>ce d\u00e9place chez vous et on am\u00e8ne tout l\u2019\u00e9quipement<\/em><\/strong><em> <strong>n\u00e9cessaire<\/strong><\/em> afin que l\u2019atelier soit une exp\u00e9rience positive et enrichissante pour les participants.<\/li>\n<\/ul>\n<h3>Related Images:<\/h3>","protected":false},"excerpt":{"rendered":"<p>ARR\u00caTE DE M\u2019INTIMIDER! Cours de 9 h avec mises en situations On enseigne aux enfants \u00e0 ce tenir debout face \u00e0 l\u2019intimidateur Information g\u00e9n\u00e9ral Participants: Enfants de 6 \u00e0 12 ans Pendants les cours, les parents peuvent\u00a0: Regarder l\u2019entrainement S\u2019entrainer avec leur enfant S\u2019entrainer avec d\u2019autres parents Dur\u00e9e du program: 9 heures Dur\u00e9e de chaque &#8230;<\/p>\n","protected":false},"author":1,"featured_media":0,"parent":116,"menu_order":0,"comment_status":"closed","ping_status":"closed","template":"","meta":{"ngg_post_thumbnail":0,"footnotes":""},"class_list":["post-724","page","type-page","status-publish","hentry"],"yoast_head":"<!-- This site is optimized with the Yoast SEO plugin v27.2 - https:\/\/yoast.com\/product\/yoast-seo-wordpress\/ -->\n<title>Arr\u00eate de m&#039;Intimider! Cours de 9 h avec mises en situations - George Manoli Inc<\/title>\n<meta name=\"robots\" content=\"index, follow, max-snippet:-1, max-image-preview:large, max-video-preview:-1\" \/>\n<link rel=\"canonical\" href=\"https:\/\/manoli.ca\/fr\/cours\/intimidation\/arrete-de-m-intimider-cours-pour-enfants\/\" \/>\n<meta property=\"og:locale\" content=\"fr_FR\" \/>\n<meta property=\"og:type\" content=\"article\" \/>\n<meta property=\"og:title\" content=\"Arr\u00eate de m&#039;Intimider! Cours de 9 h avec mises en situations - George Manoli Inc\" \/>\n<meta property=\"og:description\" content=\"ARR\u00caTE DE M\u2019INTIMIDER! Cours de 9 h avec mises en situations On enseigne aux enfants \u00e0 ce tenir debout face \u00e0 l\u2019intimidateur Information g\u00e9n\u00e9ral Participants: Enfants de 6 \u00e0 12 ans Pendants les cours, les parents peuvent\u00a0: Regarder l\u2019entrainement S\u2019entrainer avec leur enfant S\u2019entrainer avec d\u2019autres parents Dur\u00e9e du program: 9 heures Dur\u00e9e de chaque ...\" \/>\n<meta property=\"og:url\" content=\"https:\/\/manoli.ca\/fr\/cours\/intimidation\/arrete-de-m-intimider-cours-pour-enfants\/\" \/>\n<meta property=\"og:site_name\" content=\"George Manoli Inc\" \/>\n<meta property=\"article:modified_time\" content=\"2020-11-23T14:59:28+00:00\" \/>\n<meta property=\"og:image\" content=\"http:\/\/manoli.ca\/wp-content\/uploads\/2012\/01\/2016-bullying-4.png\" \/>\n<meta name=\"twitter:card\" content=\"summary_large_image\" \/>\n<meta name=\"twitter:site\" content=\"@tokondojo\" \/>\n<meta name=\"twitter:label1\" content=\"Dur\u00e9e de lecture estim\u00e9e\" \/>\n\t<meta name=\"twitter:data1\" content=\"4 minutes\" \/>\n<script type=\"application\/ld+json\" class=\"yoast-schema-graph\">{\"@context\":\"https:\/\/schema.org\",\"@graph\":[{\"@type\":\"WebPage\",\"@id\":\"https:\/\/manoli.ca\/fr\/cours\/intimidation\/arrete-de-m-intimider-cours-pour-enfants\/\",\"url\":\"https:\/\/manoli.ca\/fr\/cours\/intimidation\/arrete-de-m-intimider-cours-pour-enfants\/\",\"name\":\"Arr\u00eate de m'Intimider! Cours de 9 h avec mises en situations - George Manoli Inc\",\"isPartOf\":{\"@id\":\"https:\/\/manoli.ca\/#website\"},\"primaryImageOfPage\":{\"@id\":\"https:\/\/manoli.ca\/fr\/cours\/intimidation\/arrete-de-m-intimider-cours-pour-enfants\/#primaryimage\"},\"image\":{\"@id\":\"https:\/\/manoli.ca\/fr\/cours\/intimidation\/arrete-de-m-intimider-cours-pour-enfants\/#primaryimage\"},\"thumbnailUrl\":\"http:\/\/manoli.ca\/wp-content\/uploads\/2012\/01\/2016-bullying-4.png\",\"datePublished\":\"2012-01-31T20:44:03+00:00\",\"dateModified\":\"2020-11-23T14:59:28+00:00\",\"breadcrumb\":{\"@id\":\"https:\/\/manoli.ca\/fr\/cours\/intimidation\/arrete-de-m-intimider-cours-pour-enfants\/#breadcrumb\"},\"inLanguage\":\"fr-FR\",\"potentialAction\":[{\"@type\":\"ReadAction\",\"target\":[\"https:\/\/manoli.ca\/fr\/cours\/intimidation\/arrete-de-m-intimider-cours-pour-enfants\/\"]}]},{\"@type\":\"ImageObject\",\"inLanguage\":\"fr-FR\",\"@id\":\"https:\/\/manoli.ca\/fr\/cours\/intimidation\/arrete-de-m-intimider-cours-pour-enfants\/#primaryimage\",\"url\":\"http:\/\/manoli.ca\/wp-content\/uploads\/2012\/01\/2016-bullying-4.png\",\"contentUrl\":\"http:\/\/manoli.ca\/wp-content\/uploads\/2012\/01\/2016-bullying-4.png\"},{\"@type\":\"BreadcrumbList\",\"@id\":\"https:\/\/manoli.ca\/fr\/cours\/intimidation\/arrete-de-m-intimider-cours-pour-enfants\/#breadcrumb\",\"itemListElement\":[{\"@type\":\"ListItem\",\"position\":1,\"name\":\"Home\",\"item\":\"https:\/\/manoli.ca\/fr\/\"},{\"@type\":\"ListItem\",\"position\":2,\"name\":\"Cours\",\"item\":\"https:\/\/manoli.ca\/fr\/cours\/\"},{\"@type\":\"ListItem\",\"position\":3,\"name\":\"Contrer l&rsquo;intimidation pour enfants et ados\",\"item\":\"https:\/\/manoli.ca\/fr\/cours\/intimidation\/\"},{\"@type\":\"ListItem\",\"position\":4,\"name\":\"Arr\u00eate de m&rsquo;Intimider! Cours de 9 h avec mises en situations\"}]},{\"@type\":\"WebSite\",\"@id\":\"https:\/\/manoli.ca\/#website\",\"url\":\"https:\/\/manoli.ca\/\",\"name\":\"George Manoli Inc\",\"description\":\"\",\"potentialAction\":[{\"@type\":\"SearchAction\",\"target\":{\"@type\":\"EntryPoint\",\"urlTemplate\":\"https:\/\/manoli.ca\/?s={search_term_string}\"},\"query-input\":{\"@type\":\"PropertyValueSpecification\",\"valueRequired\":true,\"valueName\":\"search_term_string\"}}],\"inLanguage\":\"fr-FR\"}]}<\/script>\n<!-- \/ Yoast SEO plugin. -->","yoast_head_json":{"title":"Arr\u00eate de m'Intimider! Cours de 9 h avec mises en situations - George Manoli Inc","robots":{"index":"index","follow":"follow","max-snippet":"max-snippet:-1","max-image-preview":"max-image-preview:large","max-video-preview":"max-video-preview:-1"},"canonical":"https:\/\/manoli.ca\/fr\/cours\/intimidation\/arrete-de-m-intimider-cours-pour-enfants\/","og_locale":"fr_FR","og_type":"article","og_title":"Arr\u00eate de m'Intimider! Cours de 9 h avec mises en situations - George Manoli Inc","og_description":"ARR\u00caTE DE M\u2019INTIMIDER! Cours de 9 h avec mises en situations On enseigne aux enfants \u00e0 ce tenir debout face \u00e0 l\u2019intimidateur Information g\u00e9n\u00e9ral Participants: Enfants de 6 \u00e0 12 ans Pendants les cours, les parents peuvent\u00a0: Regarder l\u2019entrainement S\u2019entrainer avec leur enfant S\u2019entrainer avec d\u2019autres parents Dur\u00e9e du program: 9 heures Dur\u00e9e de chaque ...","og_url":"https:\/\/manoli.ca\/fr\/cours\/intimidation\/arrete-de-m-intimider-cours-pour-enfants\/","og_site_name":"George Manoli Inc","article_modified_time":"2020-11-23T14:59:28+00:00","og_image":[{"url":"http:\/\/manoli.ca\/wp-content\/uploads\/2012\/01\/2016-bullying-4.png","type":"","width":"","height":""}],"twitter_card":"summary_large_image","twitter_site":"@tokondojo","twitter_misc":{"Dur\u00e9e de lecture estim\u00e9e":"4 minutes"},"schema":{"@context":"https:\/\/schema.org","@graph":[{"@type":"WebPage","@id":"https:\/\/manoli.ca\/fr\/cours\/intimidation\/arrete-de-m-intimider-cours-pour-enfants\/","url":"https:\/\/manoli.ca\/fr\/cours\/intimidation\/arrete-de-m-intimider-cours-pour-enfants\/","name":"Arr\u00eate de m'Intimider! Cours de 9 h avec mises en situations - George Manoli Inc","isPartOf":{"@id":"https:\/\/manoli.ca\/#website"},"primaryImageOfPage":{"@id":"https:\/\/manoli.ca\/fr\/cours\/intimidation\/arrete-de-m-intimider-cours-pour-enfants\/#primaryimage"},"image":{"@id":"https:\/\/manoli.ca\/fr\/cours\/intimidation\/arrete-de-m-intimider-cours-pour-enfants\/#primaryimage"},"thumbnailUrl":"http:\/\/manoli.ca\/wp-content\/uploads\/2012\/01\/2016-bullying-4.png","datePublished":"2012-01-31T20:44:03+00:00","dateModified":"2020-11-23T14:59:28+00:00","breadcrumb":{"@id":"https:\/\/manoli.ca\/fr\/cours\/intimidation\/arrete-de-m-intimider-cours-pour-enfants\/#breadcrumb"},"inLanguage":"fr-FR","potentialAction":[{"@type":"ReadAction","target":["https:\/\/manoli.ca\/fr\/cours\/intimidation\/arrete-de-m-intimider-cours-pour-enfants\/"]}]},{"@type":"ImageObject","inLanguage":"fr-FR","@id":"https:\/\/manoli.ca\/fr\/cours\/intimidation\/arrete-de-m-intimider-cours-pour-enfants\/#primaryimage","url":"http:\/\/manoli.ca\/wp-content\/uploads\/2012\/01\/2016-bullying-4.png","contentUrl":"http:\/\/manoli.ca\/wp-content\/uploads\/2012\/01\/2016-bullying-4.png"},{"@type":"BreadcrumbList","@id":"https:\/\/manoli.ca\/fr\/cours\/intimidation\/arrete-de-m-intimider-cours-pour-enfants\/#breadcrumb","itemListElement":[{"@type":"ListItem","position":1,"name":"Home","item":"https:\/\/manoli.ca\/fr\/"},{"@type":"ListItem","position":2,"name":"Cours","item":"https:\/\/manoli.ca\/fr\/cours\/"},{"@type":"ListItem","position":3,"name":"Contrer l&rsquo;intimidation pour enfants et ados","item":"https:\/\/manoli.ca\/fr\/cours\/intimidation\/"},{"@type":"ListItem","position":4,"name":"Arr\u00eate de m&rsquo;Intimider! Cours de 9 h avec mises en situations"}]},{"@type":"WebSite","@id":"https:\/\/manoli.ca\/#website","url":"https:\/\/manoli.ca\/","name":"George Manoli Inc","description":"","potentialAction":[{"@type":"SearchAction","target":{"@type":"EntryPoint","urlTemplate":"https:\/\/manoli.ca\/?s={search_term_string}"},"query-input":{"@type":"PropertyValueSpecification","valueRequired":true,"valueName":"search_term_string"}}],"inLanguage":"fr-FR"}]}},"_links":{"self":[{"href":"https:\/\/manoli.ca\/fr\/wp-json\/wp\/v2\/pages\/724","targetHints":{"allow":["GET"]}}],"collection":[{"href":"https:\/\/manoli.ca\/fr\/wp-json\/wp\/v2\/pages"}],"about":[{"href":"https:\/\/manoli.ca\/fr\/wp-json\/wp\/v2\/types\/page"}],"author":[{"embeddable":true,"href":"https:\/\/manoli.ca\/fr\/wp-json\/wp\/v2\/users\/1"}],"replies":[{"embeddable":true,"href":"https:\/\/manoli.ca\/fr\/wp-json\/wp\/v2\/comments?post=724"}],"version-history":[{"count":12,"href":"https:\/\/manoli.ca\/fr\/wp-json\/wp\/v2\/pages\/724\/revisions"}],"predecessor-version":[{"id":3467,"href":"https:\/\/manoli.ca\/fr\/wp-json\/wp\/v2\/pages\/724\/revisions\/3467"}],"up":[{"embeddable":true,"href":"https:\/\/manoli.ca\/fr\/wp-json\/wp\/v2\/pages\/116"}],"wp:attachment":[{"href":"https:\/\/manoli.ca\/fr\/wp-json\/wp\/v2\/media?parent=724"}],"curies":[{"name":"wp","href":"https:\/\/api.w.org\/{rel}","templated":true}]}}