{"id":700,"date":"2012-01-31T20:06:30","date_gmt":"2012-01-31T20:06:30","guid":{"rendered":"http:\/\/dev.manoli.ca\/?page_id=700"},"modified":"2020-11-23T09:59:26","modified_gmt":"2020-11-23T14:59:26","slug":"buki-ho-armes-traditionnelles-japonaise","status":"publish","type":"page","link":"https:\/\/manoli.ca\/fr\/cours\/club-de-karate\/buki-ho-armes-traditionnelles-japonaise\/","title":{"rendered":"Buki-Ho : Armes traditionnelles Japonaise"},"content":{"rendered":"<p><img decoding=\"async\" class=\"aligncenter wp-image-1405 size-full\" title=\"weapons-training\" src=\"http:\/\/manoli.ca\/wp-content\/uploads\/2012\/01\/weapons-training.jpg\" alt=\"Buki-ho Traditional Japanese Weapon Training\" width=\"640\" height=\"211\" srcset=\"https:\/\/manoli.ca\/wp-content\/uploads\/2012\/01\/weapons-training.jpg 640w, https:\/\/manoli.ca\/wp-content\/uploads\/2012\/01\/weapons-training-300x98.jpg 300w\" sizes=\"(max-width: 640px) 100vw, 640px\" \/><\/p>\n<p>L&rsquo;entrainement en Boki-Ho (armes traditionnelles Japonaises) am\u00e9liore la coordination, la flexibilit\u00e9, la concentration et les r\u00e9flexes. C&rsquo;est une fa\u00e7on agr\u00e9able pour les hommes et les femmes de s&rsquo;amuser et d&rsquo;apprendre d&rsquo;autres coutumes et cultures.<\/p>\n<p>Durant chaque cours, les \u00e9l\u00e8ves auront l\u2019opportunit\u00e9 de manipuler, d\u2019une fa\u00e7on s\u00e9curitaire, le \u2018Bo\u2019 \u2013 b\u00e2ton de 6\u2019 et les \u2018Sais\u2019 \u2013 fourchettes \u00e0 3 dents. On \u00e9tudiera ensemble des mouvements d\u2019attaques et de contre-attaques \u00e0 travers des mises en situations seul (Kata) ou avec un partenaire (Kumite). Les exercices de manipulations, d\u2019esquives, de blocages et de contre-attaques am\u00e9lioreront notre dext\u00e9rit\u00e9 et notre capacit\u00e9 de bien utiliser\/manipuler l\u2019arme traditionnelle Japonaise.<\/p>\n<p><img decoding=\"async\" class=\"aligncenter wp-image-2849 size-full\" src=\"http:\/\/manoli.ca\/wp-content\/uploads\/2012\/01\/buki-ho-weapons-training.jpg\" alt=\"Buki-ho Weapons Training West Island\" width=\"640\" height=\"191\" srcset=\"https:\/\/manoli.ca\/wp-content\/uploads\/2012\/01\/buki-ho-weapons-training.jpg 640w, https:\/\/manoli.ca\/wp-content\/uploads\/2012\/01\/buki-ho-weapons-training-300x90.jpg 300w\" sizes=\"(max-width: 640px) 100vw, 640px\" \/><\/p>\n<h3>Vous allez apprendre&nbsp;:<\/h3>\n<ul>\n<li>La th\u00e9orie&nbsp;: L\u2019historique du \u2018Bo\u2019 et des \u2018Sai\u2019 \u2013 utilit\u00e9 et disponibilit\u00e9;<\/li>\n<li>Comment s\u00e9lectionner l\u2019arme&nbsp;: D\u00e9pendamment de votre taille et votre environnement;<\/li>\n<li>D\u00e9corum des armes&nbsp;: Comment saisir\/tenir, simuler, marcher et saluer avec l\u2019arme;<\/li>\n<li>L\u2019attitude du guerrier et la visualisation avant le combat.<\/li>\n<\/ul>\n<h3>Vous allez pratiquer&nbsp;:<\/h3>\n<ul>\n<li>Le r\u00e9chauffement avec l\u2019arme: Manipulation fluide et s\u00e9curitaire;<\/li>\n<li>Les exercices d\u2019attaques&nbsp;: Bien ce d\u00e9placer, s\u00e9lectionner la cible et contre-attaquer;<\/li>\n<li>Les exercices de d\u00e9fenses&nbsp;: D\u00e9vier les coups, s\u2019esquiver, utiliser l\u2019arme comme bouclier;<\/li>\n<li>Les exercices avec un partenaire (<em>Kumite<\/em>)&nbsp;: Attaque\/contre-attaque, etc.;<\/li>\n<li>Les mouvements en solo (Katas)&nbsp;: Des mouvements pr\u00e9d\u00e9terminer contre des adversaires imaginaires vous aidera \u00e0 mieux manipuler l\u2019arme avec confiance et fluidit\u00e9.<\/li>\n<\/ul>\n<h3>D\u2019autres informations concernant les cours d\u2019armes traditionnelles Japonaises&nbsp;:<\/h3>\n<ul>\n<li>Le programme peut \u00eatre diffus\u00e9 en fran\u00e7ais ou en anglais;<\/li>\n<li>Ouvert aux hommes, aux femmes et aux ados (13 ans et plus);<\/li>\n<li>Kimono de Karat\u00e9\/Judo non requis pour les \u00e9l\u00e8ves;<\/li>\n<li>Aucune exp\u00e9rience dans les arts martiaux n&rsquo;est n\u00e9cessaire;<\/li>\n<li>Les armes traditionnelles Japonaises sont fournis (Bo \u2013 b\u00e2ton &amp; Sai \u2013 fourchettes);<\/li>\n<li>Le programme d\u2019armes traditionnelles Japonaises est \u00e9chelonn\u00e9 sur 8 \u00e0 12 semaines;<\/li>\n<li>Disponible pour activit\u00e9 communautaire ou parascolaire;<\/li>\n<li>Cours priv\u00e9e ou en petit groupe. Formation \u00e0 votre domicile selon votre horaire.<\/li>\n<\/ul>\n<p><img decoding=\"async\" class=\"aligncenter wp-image-2850 size-full\" src=\"http:\/\/manoli.ca\/wp-content\/uploads\/2012\/01\/buki-ho-weapons-training-2.jpg\" alt=\"Buki-ho Weapons Training West Island\" width=\"640\" height=\"191\" srcset=\"https:\/\/manoli.ca\/wp-content\/uploads\/2012\/01\/buki-ho-weapons-training-2.jpg 640w, https:\/\/manoli.ca\/wp-content\/uploads\/2012\/01\/buki-ho-weapons-training-2-300x90.jpg 300w\" sizes=\"(max-width: 640px) 100vw, 640px\" \/><\/p>\n<h2 align=\"left\">Des modules \u00e9ducatifs pour nos cours d\u2019armes<\/h2>\n<h3 align=\"left\"><strong>Module 1:<\/strong><br \/>\nR\u00e9chauffements<\/h3>\n<ul>\n<li>Manipulation s\u00e9curitaire et fluide de l\u2019arme;<\/li>\n<li>Manipulation statique et en mouvement;<\/li>\n<li>Manipulation en mode d\u00e9fensive et en mode offensive.<\/li>\n<\/ul>\n<h3><strong>Module 2:<\/strong><br \/>\nExercices d\u2019attaques et de contre attaques<\/h3>\n<ul>\n<li>Manipulation s\u00e9curitaire et fluide de l\u2019arme;<\/li>\n<li>Ce d\u00e9placer, s\u00e9lectionner la cible, contre-attaquer;<\/li>\n<li>D\u00e9vier les coups, s\u2019esquiver, utiliser l\u2019arme comme bouclier;<\/li>\n<li>Bien g\u00e9rer la distance et l\u2019angle des coups;<\/li>\n<li>Les coups &#8211; la cible&nbsp;: Ou et comment frapper;<\/li>\n<li>M\u00e9langes d\u2019attaques et de contre attaques.<\/li>\n<\/ul>\n<h3><strong>Module 3:<\/strong><br \/>\nTravail avec un partenaire (Kumite)<\/h3>\n<p>Le d\u00e9corum envers son adversaire en d\u00e9montrant les \u2018Kumites\u2019;<\/p>\n<ul>\n<li>Esquive et contre attaque;<\/li>\n<li>Des \u2018Kumites\u2019 pr\u00e9\u00e9tablis \u00e0 apprendre et \u00e0 d\u00e9monter.<\/li>\n<\/ul>\n<h3><strong>Module 4:<\/strong><br \/>\nTravail individuel (Kata)<\/h3>\n<ul>\n<li>Le d\u00e9corum n\u00e9cessaire pour bien d\u00e9monter le \u2018Kata\u2019.<\/li>\n<li>Des mouvements pr\u00e9\u00e9tablis, faites en solo.<\/li>\n<\/ul>\n<h2 align=\"left\">Des questions souvent demand\u00e9es a propos de nos cours<\/h2>\n<h3 align=\"left\">Qui organise ces cours?<\/h3>\n<ul>\n<li>VOUS ORGANISEZ les cours d\u2019armes traditionnelles Japonaises.<\/li>\n<li>On ce d\u00e9place chez vous afin de partager notre expertise dans ce domaine.<\/li>\n<li>La diffusion peut ce faire en fran\u00e7ais ou en anglais.<\/li>\n<li>Des cours priv\u00e9s ou en petit groupes peuvent aussi se faire \u00e0 notre studio.<\/li>\n<\/ul>\n<h3>Pourrais-je suivre une formation d\u00e9j\u00e0 organis\u00e9e?<\/h3>\n<ul>\n<li>Si l\u2019opportunit\u00e9 se pr\u00e9sente, VOUS POUVEZ VOUS JOINDRE \u00e0 un groupe d\u00e9j\u00e0 organis\u00e9. Si un centre communautaire, une \u00e9cole ou une corporation organise un atelier ou des cours, et ils permettent l\u2019inscription aux publiques externes, cela nous fera plaisir de vous r\u00e9f\u00e9rez \u00e0 la personne responsable afin de vous inscrire.<\/li>\n<\/ul>\n<ul>\n<li>V\u00e9rifiez dans la partie \u2018\u2018Events coming up\u2019 afin de voir si un cours ou un atelier d\u00e9butent bient\u00f4t. Vous pouvez aussi nous contacter pour en savoir plus&nbsp;:\n<ul>\n<li><strong>T\u00e9l\u00e9phone<\/strong>:&nbsp;&nbsp;(438)&nbsp;392-4683<\/li>\n<li><strong>Courriel<\/strong>: <a href=\"mail&#116;&#111;&#58;&#103;&#109;&#x61;&#x6e;&#x6f;&#x6c;&#x69;&#x40;&#x76;ideo&#116;&#114;&#111;&#110;&#46;&#x63;&#x61;\">g&#109;&#x61;&#x6e;&#x6f;l&#105;&#64;&#x76;&#x69;d&#101;&#111;&#x74;&#x72;on&#46;&#x63;&#x61;<\/a><\/li>\n<\/ul>\n<\/li>\n<\/ul>\n<h3 align=\"left\">Est-ce que je peux organiser des cours moi-m\u00eame?<\/h3>\n<ul>\n<li>Vous pouvez organiser vos propre cours en rassemblant vos amies et vos connaissances.<\/li>\n<li>Les cours de 1.5 h sont g\u00e9n\u00e9ralement diffus\u00e9s sur une p\u00e9riode de 8 &#8211; 12 semaines.<\/li>\n<li>La dur\u00e9e des cours peut vari\u00e9e selon vos besoins&nbsp;et votre budget.<\/li>\n<li>Notre programme couvre le \u2018Bo\u2019 et les \u2018Sais\u2019 ainsi que le \u2018Katana\u2019 (non fournit).<\/li>\n<li>Pour des cours de groupe, rassemblez 14 personnes.<\/li>\n<li>Aussit\u00f4t que l\u2019organisatrice nous contacte, on discutera ensemble des points suivants&nbsp;:\n<ul>\n<li>La date que vous aimeriez tenir l\u2019\u00e9v\u00e8nement, \u00e9chelonn\u00e9s sur plusieurs semaines.<\/li>\n<li>Vos exigences et vos objectifs pour ces cours \u2013 type d\u2019armes voulues.<\/li>\n<li>Le nombre de personnes qui vont y participer.<\/li>\n<li>L\u2019\u00e2ge des participantes (13 ans et plus).<\/li>\n<li>Le prix exig\u00e9 pour chaque participante.<\/li>\n<li>Des prix de groupes sont disponibles pour des \u00e9tablissements scolaires et corporatifs.<\/li>\n<li>La personne responsable pour ramasser les fonds et la facturation.<\/li>\n<li>La largeur de la salle n\u00e9cessaire pour le bon d\u00e9roulement de l\u2019atelier.<\/li>\n<li>L\u2019habillement n\u00e9cessaire pour y participer.<\/li>\n<\/ul>\n<\/li>\n<li>Vous pouvez aussi contacter l\u2019organisateur de votre centre communautaire, l\u2019association scolaire de votre \u00e9cole ou la personne qui organise des \u00e9v\u00e8nements \u00e0 votre place de travail leurs demandant de mettre en place une telle activit\u00e9.<\/li>\n<li>On ce d\u00e9place chez vous et on am\u00e8ne tout l\u2019\u00e9quipement n\u00e9cessaire afin que les cours soient une exp\u00e9rience positive et enrichissante pour les participantes.<\/li>\n<\/ul>\n<h2 align=\"left\">Des cours priv\u00e9s ou en petits groupes?<\/h2>\n<ul>\n<li>Des cours\/consultations priv\u00e9s ou en petits groupes (1 &#8211; 6 personnes) peuvent \u00eatres organis\u00e9s afin de vous accommodez. Les hommes, les femmes, ainsi que les ados (13 ans et +) peuvent suivre cette formation.<\/li>\n<li>Nos cours sont faites sur mesure d\u00e9pendamment de vos objectifs et vos besoins.<\/li>\n<li>M. Manoli enseigne aussi l\u2019auto-d\u00e9fense avec agressions simul\u00e9es debout et au sol. Il se sp\u00e9cialise aussi dans l\u2019entrainement du Karat\u00e9; Le Judo\/combat au sol; Comment contrer l\u2019intimidation pour enfants et ados et \u00eatre d\u00e9brouillard dans la rue \u2018Street Smart Kids.\u2019<\/li>\n<li>On ce d\u00e9place chez vous et on am\u00e8ne tout l\u2019\u00e9quipement n\u00e9cessaire afin que la formation soit une exp\u00e9rience positive et enrichissante pour les participants.<\/li>\n<\/ul>\n<h2 align=\"left\">Informations utiles sur nos cours d\u2019auto-d\u00e9fense<\/h2>\n<ul>\n<li>Aucune exp\u00e9rience dans les arts martiaux n\u2019est n\u00e9cessaire.<\/li>\n<li>Votre forme physique n\u2019importe peu pour y participer \u00e0 nos ateliers\/cours.<\/li>\n<li>On n\u2019a pas besoin d\u2019une grande salle ou espace pour l\u2019entrainement.<\/li>\n<li>Les participantes devraient port\u00e9es des v\u00eatements confortables&nbsp;: T-shirt, jogging, etc.<\/li>\n<\/ul>\n<h2 align=\"left\">A propos de M. Manoli<\/h2>\n<p align=\"left\"><em><img decoding=\"async\" class=\"alignleft wp-image-1119 size-medium\" src=\"http:\/\/manoli.ca\/wp-content\/uploads\/2012\/01\/george-manoli-226x300.jpg\" alt=\"Sensei George Manoli\" width=\"226\" height=\"300\" srcset=\"https:\/\/manoli.ca\/wp-content\/uploads\/2012\/01\/george-manoli-226x300.jpg 226w, https:\/\/manoli.ca\/wp-content\/uploads\/2012\/01\/george-manoli.jpg 342w\" sizes=\"(max-width: 226px) 100vw, 226px\" \/>Georges Manoli<\/em> est un chef de file \u00e0 Montr\u00e9al dans le domaine de l\u2019\u00e9ducation en s\u00e9curit\u00e9 personnelle (Karat\u00e9, Judo et auto-d\u00e9fense pour femmes et ados). Son approche sp\u00e9cialis\u00e9e repose sur un entrainement pratique et r\u00e9aliste.<\/p>\n<p>Il d\u00e9tient une ceinture noire 7e Dan en Karat\u00e9 contact Koshiki, une 6e Dan en Karat\u00e9 Kenkokan est une ceinture noire en Judo Kodokan. Il a d\u00e9butait les arts martiaux en 1973 sous l\u2019enseignement du grand maitre Masayuki Hisataka 9e Dan en Karat\u00e9 Kenkokan et 6e Dan en Judo Kodokan.<\/p>\n<p>Georges Manoli a repr\u00e9sent\u00e9 le Canada avec succ\u00e8s&nbsp; \u00e0 trois (3) Championnats du monde en Karat\u00e9 contact Koshiki (Japon, Venezuela, Australie). En 2015, il a re\u00e7u sa ceinture noire en Judo de la f\u00e9d\u00e9ration Qu\u00e9b\u00e9coise de Judo Kodokan.<\/p>\n<p>Il d\u00e9tient un Baccalaur\u00e9at en enseignement et accumule plus de 35 ann\u00e9es d\u2019exp\u00e9rience dans le domaine de l\u2019auto-d\u00e9fense et des arts martiaux. Il est l\u2019auteur de trois manuels en s\u00e9curit\u00e9 personnelle et son expertise lui permet d\u2019aborder en profondeur une vari\u00e9t\u00e9 de sujets tels que l\u2019intimidation, la p\u00e9dophilie, l\u2019autod\u00e9fense, le karat\u00e9 et le combat au sol. M. Manoli \u00e0 un club de <em>Karat\u00e9 et de combat au sol<\/em>situ\u00e9 au <em>Centre R\u00e9cr\u00e9atif de Beaconsfield<\/em>.<\/p>\n<h3>Related Images:<\/h3>","protected":false},"excerpt":{"rendered":"<p>L&rsquo;entrainement en Boki-Ho (armes traditionnelles Japonaises) am\u00e9liore la coordination, la flexibilit\u00e9, la concentration et les r\u00e9flexes. C&rsquo;est une fa\u00e7on agr\u00e9able pour les hommes et les femmes de s&rsquo;amuser et d&rsquo;apprendre d&rsquo;autres coutumes et cultures. Durant chaque cours, les \u00e9l\u00e8ves auront l\u2019opportunit\u00e9 de manipuler, d\u2019une fa\u00e7on s\u00e9curitaire, le \u2018Bo\u2019 \u2013 b\u00e2ton de 6\u2019 et les \u2018Sais\u2019 &#8230;<\/p>\n","protected":false},"author":1,"featured_media":0,"parent":105,"menu_order":0,"comment_status":"closed","ping_status":"closed","template":"","meta":{"ngg_post_thumbnail":0,"footnotes":""},"class_list":["post-700","page","type-page","status-publish","hentry"],"yoast_head":"<!-- This site is optimized with the Yoast SEO plugin v27.2 - https:\/\/yoast.com\/product\/yoast-seo-wordpress\/ -->\n<title>Buki-Ho : Armes traditionnelles Japonaise - George Manoli Inc<\/title>\n<meta name=\"robots\" content=\"index, follow, max-snippet:-1, max-image-preview:large, max-video-preview:-1\" \/>\n<link rel=\"canonical\" href=\"https:\/\/manoli.ca\/fr\/cours\/club-de-karate\/buki-ho-armes-traditionnelles-japonaise\/\" \/>\n<meta property=\"og:locale\" content=\"fr_FR\" \/>\n<meta property=\"og:type\" content=\"article\" \/>\n<meta property=\"og:title\" content=\"Buki-Ho : Armes traditionnelles Japonaise - George Manoli Inc\" \/>\n<meta property=\"og:description\" content=\"L&rsquo;entrainement en Boki-Ho (armes traditionnelles Japonaises) am\u00e9liore la coordination, la flexibilit\u00e9, la concentration et les r\u00e9flexes. C&rsquo;est une fa\u00e7on agr\u00e9able pour les hommes et les femmes de s&rsquo;amuser et d&rsquo;apprendre d&rsquo;autres coutumes et cultures. Durant chaque cours, les \u00e9l\u00e8ves auront l\u2019opportunit\u00e9 de manipuler, d\u2019une fa\u00e7on s\u00e9curitaire, le \u2018Bo\u2019 \u2013 b\u00e2ton de 6\u2019 et les \u2018Sais\u2019 ...\" \/>\n<meta property=\"og:url\" content=\"https:\/\/manoli.ca\/fr\/cours\/club-de-karate\/buki-ho-armes-traditionnelles-japonaise\/\" \/>\n<meta property=\"og:site_name\" content=\"George Manoli Inc\" \/>\n<meta property=\"article:modified_time\" content=\"2020-11-23T14:59:26+00:00\" \/>\n<meta property=\"og:image\" content=\"http:\/\/manoli.ca\/wp-content\/uploads\/2012\/01\/weapons-training.jpg\" \/>\n<meta name=\"twitter:card\" content=\"summary_large_image\" \/>\n<meta name=\"twitter:site\" content=\"@tokondojo\" \/>\n<meta name=\"twitter:label1\" content=\"Dur\u00e9e de lecture estim\u00e9e\" \/>\n\t<meta name=\"twitter:data1\" content=\"7 minutes\" \/>\n<script type=\"application\/ld+json\" class=\"yoast-schema-graph\">{\"@context\":\"https:\/\/schema.org\",\"@graph\":[{\"@type\":\"WebPage\",\"@id\":\"https:\/\/manoli.ca\/fr\/cours\/club-de-karate\/buki-ho-armes-traditionnelles-japonaise\/\",\"url\":\"https:\/\/manoli.ca\/fr\/cours\/club-de-karate\/buki-ho-armes-traditionnelles-japonaise\/\",\"name\":\"Buki-Ho : Armes traditionnelles Japonaise - George Manoli Inc\",\"isPartOf\":{\"@id\":\"https:\/\/manoli.ca\/fr\/#website\"},\"primaryImageOfPage\":{\"@id\":\"https:\/\/manoli.ca\/fr\/cours\/club-de-karate\/buki-ho-armes-traditionnelles-japonaise\/#primaryimage\"},\"image\":{\"@id\":\"https:\/\/manoli.ca\/fr\/cours\/club-de-karate\/buki-ho-armes-traditionnelles-japonaise\/#primaryimage\"},\"thumbnailUrl\":\"http:\/\/manoli.ca\/wp-content\/uploads\/2012\/01\/weapons-training.jpg\",\"datePublished\":\"2012-01-31T20:06:30+00:00\",\"dateModified\":\"2020-11-23T14:59:26+00:00\",\"breadcrumb\":{\"@id\":\"https:\/\/manoli.ca\/fr\/cours\/club-de-karate\/buki-ho-armes-traditionnelles-japonaise\/#breadcrumb\"},\"inLanguage\":\"fr-FR\",\"potentialAction\":[{\"@type\":\"ReadAction\",\"target\":[\"https:\/\/manoli.ca\/fr\/cours\/club-de-karate\/buki-ho-armes-traditionnelles-japonaise\/\"]}]},{\"@type\":\"ImageObject\",\"inLanguage\":\"fr-FR\",\"@id\":\"https:\/\/manoli.ca\/fr\/cours\/club-de-karate\/buki-ho-armes-traditionnelles-japonaise\/#primaryimage\",\"url\":\"http:\/\/manoli.ca\/wp-content\/uploads\/2012\/01\/weapons-training.jpg\",\"contentUrl\":\"http:\/\/manoli.ca\/wp-content\/uploads\/2012\/01\/weapons-training.jpg\"},{\"@type\":\"BreadcrumbList\",\"@id\":\"https:\/\/manoli.ca\/fr\/cours\/club-de-karate\/buki-ho-armes-traditionnelles-japonaise\/#breadcrumb\",\"itemListElement\":[{\"@type\":\"ListItem\",\"position\":1,\"name\":\"Home\",\"item\":\"https:\/\/manoli.ca\/fr\/\"},{\"@type\":\"ListItem\",\"position\":2,\"name\":\"Cours\",\"item\":\"https:\/\/manoli.ca\/fr\/cours\/\"},{\"@type\":\"ListItem\",\"position\":3,\"name\":\"Club de Karat\u00e9 et Jiu-Jitsu\",\"item\":\"https:\/\/manoli.ca\/fr\/cours\/club-de-karate\/\"},{\"@type\":\"ListItem\",\"position\":4,\"name\":\"Buki-Ho : Armes traditionnelles Japonaise\"}]},{\"@type\":\"WebSite\",\"@id\":\"https:\/\/manoli.ca\/fr\/#website\",\"url\":\"https:\/\/manoli.ca\/fr\/\",\"name\":\"George Manoli Inc\",\"description\":\"\",\"potentialAction\":[{\"@type\":\"SearchAction\",\"target\":{\"@type\":\"EntryPoint\",\"urlTemplate\":\"https:\/\/manoli.ca\/fr\/?s={search_term_string}\"},\"query-input\":{\"@type\":\"PropertyValueSpecification\",\"valueRequired\":true,\"valueName\":\"search_term_string\"}}],\"inLanguage\":\"fr-FR\"}]}<\/script>\n<!-- \/ Yoast SEO plugin. -->","yoast_head_json":{"title":"Buki-Ho : Armes traditionnelles Japonaise - George Manoli Inc","robots":{"index":"index","follow":"follow","max-snippet":"max-snippet:-1","max-image-preview":"max-image-preview:large","max-video-preview":"max-video-preview:-1"},"canonical":"https:\/\/manoli.ca\/fr\/cours\/club-de-karate\/buki-ho-armes-traditionnelles-japonaise\/","og_locale":"fr_FR","og_type":"article","og_title":"Buki-Ho : Armes traditionnelles Japonaise - George Manoli Inc","og_description":"L&rsquo;entrainement en Boki-Ho (armes traditionnelles Japonaises) am\u00e9liore la coordination, la flexibilit\u00e9, la concentration et les r\u00e9flexes. C&rsquo;est une fa\u00e7on agr\u00e9able pour les hommes et les femmes de s&rsquo;amuser et d&rsquo;apprendre d&rsquo;autres coutumes et cultures. Durant chaque cours, les \u00e9l\u00e8ves auront l\u2019opportunit\u00e9 de manipuler, d\u2019une fa\u00e7on s\u00e9curitaire, le \u2018Bo\u2019 \u2013 b\u00e2ton de 6\u2019 et les \u2018Sais\u2019 ...","og_url":"https:\/\/manoli.ca\/fr\/cours\/club-de-karate\/buki-ho-armes-traditionnelles-japonaise\/","og_site_name":"George Manoli Inc","article_modified_time":"2020-11-23T14:59:26+00:00","og_image":[{"url":"http:\/\/manoli.ca\/wp-content\/uploads\/2012\/01\/weapons-training.jpg","type":"","width":"","height":""}],"twitter_card":"summary_large_image","twitter_site":"@tokondojo","twitter_misc":{"Dur\u00e9e de lecture estim\u00e9e":"7 minutes"},"schema":{"@context":"https:\/\/schema.org","@graph":[{"@type":"WebPage","@id":"https:\/\/manoli.ca\/fr\/cours\/club-de-karate\/buki-ho-armes-traditionnelles-japonaise\/","url":"https:\/\/manoli.ca\/fr\/cours\/club-de-karate\/buki-ho-armes-traditionnelles-japonaise\/","name":"Buki-Ho : Armes traditionnelles Japonaise - George Manoli Inc","isPartOf":{"@id":"https:\/\/manoli.ca\/fr\/#website"},"primaryImageOfPage":{"@id":"https:\/\/manoli.ca\/fr\/cours\/club-de-karate\/buki-ho-armes-traditionnelles-japonaise\/#primaryimage"},"image":{"@id":"https:\/\/manoli.ca\/fr\/cours\/club-de-karate\/buki-ho-armes-traditionnelles-japonaise\/#primaryimage"},"thumbnailUrl":"http:\/\/manoli.ca\/wp-content\/uploads\/2012\/01\/weapons-training.jpg","datePublished":"2012-01-31T20:06:30+00:00","dateModified":"2020-11-23T14:59:26+00:00","breadcrumb":{"@id":"https:\/\/manoli.ca\/fr\/cours\/club-de-karate\/buki-ho-armes-traditionnelles-japonaise\/#breadcrumb"},"inLanguage":"fr-FR","potentialAction":[{"@type":"ReadAction","target":["https:\/\/manoli.ca\/fr\/cours\/club-de-karate\/buki-ho-armes-traditionnelles-japonaise\/"]}]},{"@type":"ImageObject","inLanguage":"fr-FR","@id":"https:\/\/manoli.ca\/fr\/cours\/club-de-karate\/buki-ho-armes-traditionnelles-japonaise\/#primaryimage","url":"http:\/\/manoli.ca\/wp-content\/uploads\/2012\/01\/weapons-training.jpg","contentUrl":"http:\/\/manoli.ca\/wp-content\/uploads\/2012\/01\/weapons-training.jpg"},{"@type":"BreadcrumbList","@id":"https:\/\/manoli.ca\/fr\/cours\/club-de-karate\/buki-ho-armes-traditionnelles-japonaise\/#breadcrumb","itemListElement":[{"@type":"ListItem","position":1,"name":"Home","item":"https:\/\/manoli.ca\/fr\/"},{"@type":"ListItem","position":2,"name":"Cours","item":"https:\/\/manoli.ca\/fr\/cours\/"},{"@type":"ListItem","position":3,"name":"Club de Karat\u00e9 et Jiu-Jitsu","item":"https:\/\/manoli.ca\/fr\/cours\/club-de-karate\/"},{"@type":"ListItem","position":4,"name":"Buki-Ho : Armes traditionnelles Japonaise"}]},{"@type":"WebSite","@id":"https:\/\/manoli.ca\/fr\/#website","url":"https:\/\/manoli.ca\/fr\/","name":"George Manoli Inc","description":"","potentialAction":[{"@type":"SearchAction","target":{"@type":"EntryPoint","urlTemplate":"https:\/\/manoli.ca\/fr\/?s={search_term_string}"},"query-input":{"@type":"PropertyValueSpecification","valueRequired":true,"valueName":"search_term_string"}}],"inLanguage":"fr-FR"}]}},"_links":{"self":[{"href":"https:\/\/manoli.ca\/fr\/wp-json\/wp\/v2\/pages\/700","targetHints":{"allow":["GET"]}}],"collection":[{"href":"https:\/\/manoli.ca\/fr\/wp-json\/wp\/v2\/pages"}],"about":[{"href":"https:\/\/manoli.ca\/fr\/wp-json\/wp\/v2\/types\/page"}],"author":[{"embeddable":true,"href":"https:\/\/manoli.ca\/fr\/wp-json\/wp\/v2\/users\/1"}],"replies":[{"embeddable":true,"href":"https:\/\/manoli.ca\/fr\/wp-json\/wp\/v2\/comments?post=700"}],"version-history":[{"count":8,"href":"https:\/\/manoli.ca\/fr\/wp-json\/wp\/v2\/pages\/700\/revisions"}],"predecessor-version":[{"id":4259,"href":"https:\/\/manoli.ca\/fr\/wp-json\/wp\/v2\/pages\/700\/revisions\/4259"}],"up":[{"embeddable":true,"href":"https:\/\/manoli.ca\/fr\/wp-json\/wp\/v2\/pages\/105"}],"wp:attachment":[{"href":"https:\/\/manoli.ca\/fr\/wp-json\/wp\/v2\/media?parent=700"}],"curies":[{"name":"wp","href":"https:\/\/api.w.org\/{rel}","templated":true}]}}