{"id":70,"date":"2012-01-09T10:40:13","date_gmt":"2012-01-09T10:40:13","guid":{"rendered":"http:\/\/dev.manoli.ca\/?page_id=70"},"modified":"2020-11-23T09:59:23","modified_gmt":"2020-11-23T14:59:23","slug":"contacte","status":"publish","type":"page","link":"https:\/\/manoli.ca\/fr\/apropos\/contacte\/","title":{"rendered":"Contactez Nous"},"content":{"rendered":"<p>Pour nous contacter par t\u00e9l\u00e9phone ou par courriel.<\/p>\n<h3><strong>On n&rsquo;organise aucun atelier ou cours d&rsquo;autod\u00e9fense avec simulations d&rsquo;agressions ou Arr\u00eate de m&rsquo;intimider! Vous rassemblez votre monde et on se d\u00e9place chez VOUS afin d&rsquo;offrir la formation (\u00e9cole, travail, maison, centre communautaire, etc.)<\/strong><\/h3>\n<h2>Contactez nouse<\/h2>\n<div class=\"table_style\">\n<table>\n<tbody>\n<tr>\n<th>T\u00e9l\u00e9phone \/ T\u00e9l\u00e9copieur<\/th>\n<th>Courriel<\/th>\n<\/tr>\n<tr>\n<td>\u00a0(438)\u00a0392-4683<\/td>\n<td><a href=\"mailto:g&#109;&#97;&#110;&#111;&#108;&#105;&#64;&#118;&#105;&#100;&#x65;&#x6f;&#x74;&#x72;&#x6f;&#x6e;&#x2e;&#x63;&#x61;\">Sensei G. Manoli<\/a><\/td>\n<\/tr>\n<\/tbody>\n<\/table>\n<\/div>\n<h2>Request for Information<\/h2>\n<div id=\"contactForm\">\n<div class=\"wpcf7 no-js\" id=\"wpcf7-f2088-o1\" lang=\"en-US\" dir=\"ltr\" data-wpcf7-id=\"2088\">\n<div class=\"screen-reader-response\"><p role=\"status\" aria-live=\"polite\" aria-atomic=\"true\"><\/p> <ul><\/ul><\/div>\n<form action=\"\/fr\/wp-json\/wp\/v2\/pages\/70#wpcf7-f2088-o1\" method=\"post\" class=\"wpcf7-form init\" aria-label=\"Contact form\" novalidate=\"novalidate\" data-status=\"init\">\n<fieldset class=\"hidden-fields-container\"><input type=\"hidden\" name=\"_wpcf7\" value=\"2088\" \/><input type=\"hidden\" name=\"_wpcf7_version\" value=\"6.1.5\" \/><input type=\"hidden\" name=\"_wpcf7_locale\" value=\"en_US\" \/><input type=\"hidden\" name=\"_wpcf7_unit_tag\" value=\"wpcf7-f2088-o1\" \/><input type=\"hidden\" name=\"_wpcf7_container_post\" value=\"0\" \/><input type=\"hidden\" name=\"_wpcf7_posted_data_hash\" value=\"\" \/>\n<\/fieldset>\n<ul>\n\t<li>\n\t\t<p><label for=\"course-of-interest\">I'm interested in<\/label><span class=\"wpcf7-form-control-wrap\" data-name=\"course-of-interest\"><select class=\"wpcf7-form-control wpcf7-select\" aria-invalid=\"false\" name=\"course-of-interest\"><option value=\"Self-defense for women and teens\">Self-defense for women and teens<\/option><option value=\"Karate and Jiu-jitsu\">Karate and Jiu-jitsu<\/option><option value=\"hands-on self-defence for women and men\">hands-on self-defence for women and men<\/option><option value=\"Street Smart for children\">Street Smart for children<\/option><option value=\"Street Smart for teens, adults &amp; world travellers\">Street Smart for teens, adults &amp; world travellers<\/option><option value=\"Assertiveness training for assault survivors\">Assertiveness training for assault survivors<\/option><option value=\"Anti-bullying for children, teens and adults\">Anti-bullying for children, teens and adults<\/option><option value=\"I have a question or comment\">I have a question or comment<\/option><\/select><\/span>\n\t\t<\/p>\n\t<\/li>\n\t<li>\n\t\t<p><label for=\"type-of-interest\">I'd like to<\/label><span class=\"wpcf7-form-control-wrap\" data-name=\"type-of-interest\"><select class=\"wpcf7-form-control wpcf7-select\" aria-invalid=\"false\" name=\"type-of-interest\"><option value=\"To join a group\">To join a group<\/option><option value=\"To seek private classes\">To seek private classes<\/option><option value=\"To get a course started in their school, company or community group\">To get a course started in their school, company or community group<\/option><\/select><\/span>\n\t\t<\/p>\n\t<\/li>\n\t<li>\n\t\t<p><label for=\"your-name\">Your Name (required)<\/label><span class=\"wpcf7-form-control-wrap\" data-name=\"your-name\"><input size=\"40\" maxlength=\"400\" class=\"wpcf7-form-control wpcf7-text wpcf7-validates-as-required\" aria-required=\"true\" aria-invalid=\"false\" value=\"\" type=\"text\" name=\"your-name\" \/><\/span>\n\t\t<\/p>\n\t<\/li>\n\t<li>\n\t\t<p><label for=\"your-email\">Your Email (required)<\/label><span class=\"wpcf7-form-control-wrap\" data-name=\"your-email\"><input size=\"40\" maxlength=\"400\" class=\"wpcf7-form-control wpcf7-email wpcf7-validates-as-required wpcf7-text wpcf7-validates-as-email\" aria-required=\"true\" aria-invalid=\"false\" value=\"\" type=\"email\" name=\"your-email\" \/><\/span>\n\t\t<\/p>\n\t<\/li>\n\t<li>\n\t\t<p><label for=\"your-message\">Comments or questions<\/label><span class=\"wpcf7-form-control-wrap\" data-name=\"your-message\"><textarea cols=\"40\" rows=\"10\" maxlength=\"2000\" class=\"wpcf7-form-control wpcf7-textarea\" aria-invalid=\"false\" name=\"your-message\"><\/textarea><\/span>\n\t\t<\/p>\n\t<\/li>\n\t<li>\n\t\t<p><label for=\"telephone\">Telephone (optional, if you want me to call you with more information)<\/label><span class=\"wpcf7-form-control-wrap\" data-name=\"telephone\"><input size=\"40\" maxlength=\"400\" class=\"wpcf7-form-control wpcf7-tel wpcf7-text wpcf7-validates-as-tel\" aria-invalid=\"false\" value=\"\" type=\"tel\" name=\"telephone\" \/><\/span>\n\t\t<\/p>\n\t<\/li>\n<\/ul>\n<div id=\"formButtons\">\n\t<p><input class=\"wpcf7-form-control wpcf7-submit has-spinner\" type=\"submit\" value=\"Send\" \/>\n\t<\/p>\n<\/div><div class=\"wpcf7-response-output\" aria-hidden=\"true\"><\/div>\n<\/form>\n<\/div>\n<\/div>\n<h3>Related Images:<\/h3>","protected":false},"excerpt":{"rendered":"<p>Pour nous contacter par t\u00e9l\u00e9phone ou par courriel. On n&rsquo;organise aucun atelier ou cours d&rsquo;autod\u00e9fense avec simulations d&rsquo;agressions ou Arr\u00eate de m&rsquo;intimider! Vous rassemblez votre monde et on se d\u00e9place chez VOUS afin d&rsquo;offrir la formation (\u00e9cole, travail, maison, centre communautaire, etc.) Contactez nouse Request for Information Related Images:<\/p>\n","protected":false},"author":1,"featured_media":0,"parent":85,"menu_order":0,"comment_status":"closed","ping_status":"closed","template":"","meta":{"ngg_post_thumbnail":0,"footnotes":""},"class_list":["post-70","page","type-page","status-publish","hentry"],"yoast_head":"<!-- This site is optimized with the Yoast SEO plugin v27.2 - https:\/\/yoast.com\/product\/yoast-seo-wordpress\/ -->\n<title>Contactez Nous - George Manoli Inc<\/title>\n<meta name=\"robots\" content=\"index, follow, max-snippet:-1, max-image-preview:large, max-video-preview:-1\" \/>\n<link rel=\"canonical\" href=\"https:\/\/manoli.ca\/fr\/apropos\/contacte\/\" \/>\n<meta property=\"og:locale\" content=\"fr_FR\" \/>\n<meta property=\"og:type\" content=\"article\" \/>\n<meta property=\"og:title\" content=\"Contactez Nous - George Manoli Inc\" \/>\n<meta property=\"og:description\" content=\"Pour nous contacter par t\u00e9l\u00e9phone ou par courriel. On n&rsquo;organise aucun atelier ou cours d&rsquo;autod\u00e9fense avec simulations d&rsquo;agressions ou Arr\u00eate de m&rsquo;intimider! Vous rassemblez votre monde et on se d\u00e9place chez VOUS afin d&rsquo;offrir la formation (\u00e9cole, travail, maison, centre communautaire, etc.) Contactez nouse Request for Information Related Images:\" \/>\n<meta property=\"og:url\" content=\"https:\/\/manoli.ca\/fr\/apropos\/contacte\/\" \/>\n<meta property=\"og:site_name\" content=\"George Manoli Inc\" \/>\n<meta property=\"article:modified_time\" content=\"2020-11-23T14:59:23+00:00\" \/>\n<meta property=\"og:image\" content=\"https:\/\/manoli.ca\/wp-content\/uploads\/2015\/12\/Red-Barn-Logo-250-1.png\" \/>\n\t<meta property=\"og:image:width\" content=\"250\" \/>\n\t<meta property=\"og:image:height\" content=\"250\" \/>\n\t<meta property=\"og:image:type\" content=\"image\/png\" \/>\n<meta name=\"twitter:card\" content=\"summary_large_image\" \/>\n<meta name=\"twitter:site\" content=\"@tokondojo\" \/>\n<script type=\"application\/ld+json\" class=\"yoast-schema-graph\">{\"@context\":\"https:\/\/schema.org\",\"@graph\":[{\"@type\":\"WebPage\",\"@id\":\"https:\/\/manoli.ca\/fr\/apropos\/contacte\/\",\"url\":\"https:\/\/manoli.ca\/fr\/apropos\/contacte\/\",\"name\":\"Contactez Nous - George Manoli Inc\",\"isPartOf\":{\"@id\":\"https:\/\/manoli.ca\/#website\"},\"datePublished\":\"2012-01-09T10:40:13+00:00\",\"dateModified\":\"2020-11-23T14:59:23+00:00\",\"breadcrumb\":{\"@id\":\"https:\/\/manoli.ca\/fr\/apropos\/contacte\/#breadcrumb\"},\"inLanguage\":\"fr-FR\",\"potentialAction\":[{\"@type\":\"ReadAction\",\"target\":[\"https:\/\/manoli.ca\/fr\/apropos\/contacte\/\"]}]},{\"@type\":\"BreadcrumbList\",\"@id\":\"https:\/\/manoli.ca\/fr\/apropos\/contacte\/#breadcrumb\",\"itemListElement\":[{\"@type\":\"ListItem\",\"position\":1,\"name\":\"Home\",\"item\":\"https:\/\/manoli.ca\/fr\/\"},{\"@type\":\"ListItem\",\"position\":2,\"name\":\"Apropos\",\"item\":\"https:\/\/manoli.ca\/fr\/apropos\/\"},{\"@type\":\"ListItem\",\"position\":3,\"name\":\"Contactez Nous\"}]},{\"@type\":\"WebSite\",\"@id\":\"https:\/\/manoli.ca\/#website\",\"url\":\"https:\/\/manoli.ca\/\",\"name\":\"George Manoli Inc\",\"description\":\"\",\"potentialAction\":[{\"@type\":\"SearchAction\",\"target\":{\"@type\":\"EntryPoint\",\"urlTemplate\":\"https:\/\/manoli.ca\/?s={search_term_string}\"},\"query-input\":{\"@type\":\"PropertyValueSpecification\",\"valueRequired\":true,\"valueName\":\"search_term_string\"}}],\"inLanguage\":\"fr-FR\"}]}<\/script>\n<!-- \/ Yoast SEO plugin. -->","yoast_head_json":{"title":"Contactez Nous - George Manoli Inc","robots":{"index":"index","follow":"follow","max-snippet":"max-snippet:-1","max-image-preview":"max-image-preview:large","max-video-preview":"max-video-preview:-1"},"canonical":"https:\/\/manoli.ca\/fr\/apropos\/contacte\/","og_locale":"fr_FR","og_type":"article","og_title":"Contactez Nous - George Manoli Inc","og_description":"Pour nous contacter par t\u00e9l\u00e9phone ou par courriel. On n&rsquo;organise aucun atelier ou cours d&rsquo;autod\u00e9fense avec simulations d&rsquo;agressions ou Arr\u00eate de m&rsquo;intimider! Vous rassemblez votre monde et on se d\u00e9place chez VOUS afin d&rsquo;offrir la formation (\u00e9cole, travail, maison, centre communautaire, etc.) Contactez nouse Request for Information Related Images:","og_url":"https:\/\/manoli.ca\/fr\/apropos\/contacte\/","og_site_name":"George Manoli Inc","article_modified_time":"2020-11-23T14:59:23+00:00","og_image":[{"width":250,"height":250,"url":"https:\/\/manoli.ca\/wp-content\/uploads\/2015\/12\/Red-Barn-Logo-250-1.png","type":"image\/png"}],"twitter_card":"summary_large_image","twitter_site":"@tokondojo","schema":{"@context":"https:\/\/schema.org","@graph":[{"@type":"WebPage","@id":"https:\/\/manoli.ca\/fr\/apropos\/contacte\/","url":"https:\/\/manoli.ca\/fr\/apropos\/contacte\/","name":"Contactez Nous - George Manoli Inc","isPartOf":{"@id":"https:\/\/manoli.ca\/#website"},"datePublished":"2012-01-09T10:40:13+00:00","dateModified":"2020-11-23T14:59:23+00:00","breadcrumb":{"@id":"https:\/\/manoli.ca\/fr\/apropos\/contacte\/#breadcrumb"},"inLanguage":"fr-FR","potentialAction":[{"@type":"ReadAction","target":["https:\/\/manoli.ca\/fr\/apropos\/contacte\/"]}]},{"@type":"BreadcrumbList","@id":"https:\/\/manoli.ca\/fr\/apropos\/contacte\/#breadcrumb","itemListElement":[{"@type":"ListItem","position":1,"name":"Home","item":"https:\/\/manoli.ca\/fr\/"},{"@type":"ListItem","position":2,"name":"Apropos","item":"https:\/\/manoli.ca\/fr\/apropos\/"},{"@type":"ListItem","position":3,"name":"Contactez Nous"}]},{"@type":"WebSite","@id":"https:\/\/manoli.ca\/#website","url":"https:\/\/manoli.ca\/","name":"George Manoli Inc","description":"","potentialAction":[{"@type":"SearchAction","target":{"@type":"EntryPoint","urlTemplate":"https:\/\/manoli.ca\/?s={search_term_string}"},"query-input":{"@type":"PropertyValueSpecification","valueRequired":true,"valueName":"search_term_string"}}],"inLanguage":"fr-FR"}]}},"_links":{"self":[{"href":"https:\/\/manoli.ca\/fr\/wp-json\/wp\/v2\/pages\/70","targetHints":{"allow":["GET"]}}],"collection":[{"href":"https:\/\/manoli.ca\/fr\/wp-json\/wp\/v2\/pages"}],"about":[{"href":"https:\/\/manoli.ca\/fr\/wp-json\/wp\/v2\/types\/page"}],"author":[{"embeddable":true,"href":"https:\/\/manoli.ca\/fr\/wp-json\/wp\/v2\/users\/1"}],"replies":[{"embeddable":true,"href":"https:\/\/manoli.ca\/fr\/wp-json\/wp\/v2\/comments?post=70"}],"version-history":[{"count":11,"href":"https:\/\/manoli.ca\/fr\/wp-json\/wp\/v2\/pages\/70\/revisions"}],"predecessor-version":[{"id":6015,"href":"https:\/\/manoli.ca\/fr\/wp-json\/wp\/v2\/pages\/70\/revisions\/6015"}],"up":[{"embeddable":true,"href":"https:\/\/manoli.ca\/fr\/wp-json\/wp\/v2\/pages\/85"}],"wp:attachment":[{"href":"https:\/\/manoli.ca\/fr\/wp-json\/wp\/v2\/media?parent=70"}],"curies":[{"name":"wp","href":"https:\/\/api.w.org\/{rel}","templated":true}]}}