{"id":673,"date":"2012-01-24T01:09:33","date_gmt":"2012-01-24T01:09:33","guid":{"rendered":"http:\/\/dev.manoli.ca\/?page_id=673"},"modified":"2026-03-30T17:52:14","modified_gmt":"2026-03-30T22:52:14","slug":"le-directeur","status":"publish","type":"page","link":"https:\/\/manoli.ca\/fr\/apropos\/le-directeur\/","title":{"rendered":"Le Directeur"},"content":{"rendered":"<p><img decoding=\"async\" class=\"wp-image-1119 alignright\" title=\"george-manoli\" src=\"http:\/\/manoli.ca\/wp-content\/uploads\/2012\/01\/george-manoli.jpg\" alt=\"\" width=\"184\" height=\"244\" srcset=\"https:\/\/manoli.ca\/wp-content\/uploads\/2012\/01\/george-manoli.jpg 342w, https:\/\/manoli.ca\/wp-content\/uploads\/2012\/01\/george-manoli-226x300.jpg 226w\" sizes=\"(max-width: 184px) 100vw, 184px\" \/><\/p>\n<p><strong>Georges Manoli<\/strong> est un chef de file \u00e0 Montr\u00e9al dans le domaine de l\u2019\u00e9ducation en s\u00e9curit\u00e9 personnelle et de l\u2019auto-d\u00e9fense.<\/p>\n<h3><strong>SCOLARIT\u00c9 ET CARRI\u00c8RE<\/strong><\/h3>\n<ul>\n<li>D\u00e9tient un Baccalaur\u00e9at en \u00e9ducation physique d\u00e9cern\u00e9 par l\u2019universit\u00e9 McGill.<\/li>\n<li>Plus de 40 ans d\u2019exp\u00e9rience dans l\u2019enseignement des arts martiaux \u2013 Enfants, adolescents et adultes.<\/li>\n<li>D\u00e9tient un dipl\u00f4me&nbsp;<strong>de l&rsquo;\u00c9cole nationale de police du Qu\u00e9bec \u2013 Nicolet<\/strong><\/li>\n<li><strong>PNCE niveau 2 \u2013 <\/strong>(Programme national de certification des entra\u00eeneurs)<\/li>\n<li>Policier \u00e0 temps plein \u2013 SPVM<\/li>\n<\/ul>\n<h3><strong>AUTEUR DE 3 MANUELS EN S\u00c9CURIT\u00c9 PERSONNELLE<\/strong><\/h3>\n<ul>\n<li><strong>Enfants Alertes :&nbsp;<\/strong>Manuel de 180 pages disponible \u00e0 t\u00e9l\u00e9charg\u00e9 gratuitement sur se site.<\/li>\n<li><strong>Arr\u00eate de m\u2019intimider! :&nbsp;<\/strong>Manuel de 35 pages afin de contrer l\u2019intimidation pour parents et enfants.<\/li>\n<li><strong>Ne soyez pas une victime :&nbsp;<\/strong>Manuel de 120 pages pour femmes et adolescentes<\/li>\n<\/ul>\n<p><img decoding=\"async\" class=\"size-full wp-image-4678 alignright\" src=\"https:\/\/manoli.ca\/wp-content\/uploads\/2018\/03\/2018-karate-graphic.jpg\" alt=\"\" width=\"250\" height=\"186\"><\/p>\n<h3><strong>UN ADEPTE DES ARTS MARTIAUX&nbsp;: KARAT\u00c9, JUDO, JIU-JITSU<\/strong><\/h3>\n<ul>\n<li>Ceinture noire en Karat\u00e9 Japonais (6<sup>e<\/sup>Dan); Judo Kodokan (1<sup>e<\/sup>Dan)<\/li>\n<li>Ceinture marron en Jiu-jitsu Br\u00e9silien.<\/li>\n<li>Repr\u00e9sent\u00e9 le Canada avec succ\u00e8s \u00e0 des comp\u00e9titions internationales en Karat\u00e9 contact Koshiki au\n<ul>\n<li>Japon (1980), Venezuela (1983) et l\u2019Australie (1985).<\/li>\n<li>Il atteint le podium des vainqueurs \u00e0 chaque championnat.<\/li>\n<\/ul>\n<\/li>\n<li>Il dirigait sa propre \u00e9cole de karat\u00e9, de combat au sol et de contrer l\u2019intimidation avec plus de 75 \u00e9l\u00e8ves au centre r\u00e9cr\u00e9atif de Beaconsfield (2000 &#8211; 2025).<\/li>\n<\/ul>\n<h3><strong><img decoding=\"async\" class=\"size-full wp-image-412 alignright\" src=\"https:\/\/manoli.ca\/wp-content\/uploads\/2012\/01\/self-defense.gif\" alt=\"\" width=\"220\" height=\"220\" srcset=\"https:\/\/manoli.ca\/wp-content\/uploads\/2012\/01\/self-defense.gif 220w, https:\/\/manoli.ca\/wp-content\/uploads\/2012\/01\/self-defense-150x150.gif 150w\" sizes=\"(max-width: 220px) 100vw, 220px\" \/><\/strong><\/h3>\n<p><strong>FONDATEUR DE PLUSIEURS PROGRAMMES AVEC SIMULATIONS D\u2019AGRESSIONS<\/strong><\/p>\n<p>Il a cr\u00e9e 4 programmes d\u2019entrainement orient\u00e9s vers la simulation d\u2019agressions dynamique.<\/p>\n<p><strong><em>Auto-d\u00e9fense pour femmes et adolescentes avec agressions simul\u00e9es<\/em><\/strong><\/p>\n<ul>\n<li>Ateliers et cours \u00e9tal\u00e9s sur plusieurs semaines<\/li>\n<li>Cours priv\u00e9, en petit ou grand groupes<\/li>\n<li>Cours con\u00e7us pour les non-voyons et les personnes avec une d\u00e9ficience physique<\/li>\n<\/ul>\n<p><strong><em>Affirmation de soi pour les victimes d\u2019agression et de viol<\/em><\/strong><\/p>\n<ul>\n<li>En collaboration avec leurs th\u00e9rapeutes.<\/li>\n<li>Program personnalis\u00e9 qui redonne aux survivantes le pouvoir de reprendre le contr\u00f4le de leurs vies.<\/li>\n<li>Ce program aide \u00e9norm\u00e9ment les survivantes d\u2019\u00e9v\u00e8nements traumatiques \u00e0 affronter la r\u00e9alit\u00e9 de ce qu\u2019ils ont v\u00e9cus.<\/li>\n<li>Instructeur certifi\u00e9 pour la CSST<\/li>\n<li>Cours priv\u00e9s avec mises en situations<\/li>\n<li>Les simulations d\u2019agressions sont faites dans un environnement s\u00e9curitaire et controll\u00e9.<\/li>\n<li>Les s\u00e9ances aidants \u00e0 surmonter leur peur et le sentiment d\u2019impuissance<\/li>\n<\/ul>\n<p><strong><em><img decoding=\"async\" class=\"size-full wp-image-408 alignright\" src=\"https:\/\/manoli.ca\/wp-content\/uploads\/2012\/01\/anit-bullying.gif\" alt=\"\" width=\"220\" height=\"220\" srcset=\"https:\/\/manoli.ca\/wp-content\/uploads\/2012\/01\/anit-bullying.gif 220w, https:\/\/manoli.ca\/wp-content\/uploads\/2012\/01\/anit-bullying-150x150.gif 150w\" sizes=\"(max-width: 220px) 100vw, 220px\" \/>Contrer l\u2019intimidation \u2013 pour les enfants, les adolescents et les adultes<\/em><\/strong><\/p>\n<ul>\n<li>Atelier et cours parents-enfants<\/li>\n<li>On enseigne des fa\u00e7ons simples, pratiques et cr\u00e9atives de se d\u00e9brouiller dans des situations d\u2019intimidation.<\/li>\n<\/ul>\n<p><strong><em>Enfants Alertes \u2013 pour les enfants de 6 \u00e0 10 ans<\/em><\/strong><\/p>\n<ul>\n<li>Programme d\u2019autoprotection et de prise de confiance en soi pour les enfants.<\/li>\n<li>Il enseigne aux enfants diff\u00e9rentes strat\u00e9gies pratiques, efficaces et r\u00e9alistes pour se prot\u00e9ger<\/li>\n<\/ul>\n<h3><strong>NOS CLIENTS ET LES M\u00c9DIAS PARLENT DE NOUS<\/strong><\/h3>\n<p><strong><em>Policier de Montr\u00e9al (SPVM)<\/em><\/strong><\/p>\n<ul>\n<li>Cours d\u2019autod\u00e9fense con\u00e7us pour les femmes polici\u00e8res (2015)<\/li>\n<li>R\u00e9tention d\u2019armes \u00e0 feu des policiers (1995 \u2013 1998)<\/li>\n<\/ul>\n<p><strong><em>Air Canada<\/em><\/strong><\/p>\n<ul>\n<li>Contr\u00f4le d\u2019un passager turbulent dans l\u2019avion.<\/li>\n<li>Vid\u00e9o et program d\u2019entra\u00eenement pour 6300 agents de bords<\/li>\n<\/ul>\n<p><strong><em>Bombardier A\u00e9rospatial Canada \u2013 clients exigeants<\/em><\/strong><\/p>\n<ul>\n<li>La r\u00e9sistance passive \u2013 clients qui exigeants des \u2018extra\u2019 afin de signer un contrat<\/li>\n<li>Plus de 60 employ\u00e9s de Bombardier ont particip\u00e9s \u00e0 son atelier.<\/li>\n<\/ul>\n<p><strong>\u00c9valu\u00e9 par Le C.A.F.S.U.<\/strong>(Comit\u00e9 Action Femmes &amp; S\u00e9curit\u00e9 Urbaine)<\/p>\n<ul>\n<li>\u00c9valu\u00e9 comme l\u2019un des meilleurs programmes \u00e0 Montr\u00e9al d\u2019autod\u00e9fense avec simulations d\u2019agression pour femmes et ados.<\/li>\n<\/ul>\n<p><em>\u2018<strong>Avis De Recherche<\/strong>\u2019 <strong>\u2013 A.D.R. TV<\/strong><\/em><\/p>\n<ul>\n<li>Ils ont film\u00e9s cinq (5) \u00e9missions de t\u00e9l\u00e9vision intitul\u00e9es : <strong>D\u00e9fense l\u00e9gitime<\/strong><\/li>\n<li>Visionner ces \u00e9missions sur ce site web, section \u2018M\u00e9dia\/vid\u00e9os\u2019<\/li>\n<\/ul>\n<p><strong><em>Office National du film du Canada<\/em><\/strong><strong><em>(ONF)<\/em><\/strong><\/p>\n<ul>\n<li>Souligne ces cours d\u2019auto-d\u00e9fense avec simulations d\u2019agressions dans le documentaire de Dan Bigras intitul\u00e9 <strong>\u201cLe Ring Int\u00e9rieur\u201d&nbsp;<\/strong>et <strong>\u201cLe Volcan.\u201d<\/strong><\/li>\n<\/ul>\n<p><strong><em>Q92.5 FM radio \u2013 Exclusivement pour vous les femmes<\/em><\/strong><\/p>\n<ul>\n<li>Pr\u00e9sentation annuelle de \u2018Juste pour vous les femmes\u2019<\/li>\n<li>250 participantes \u00e0 ces ateliers d\u2019auto-d\u00e9fense \u00e0 chaque ann\u00e9e.<\/li>\n<\/ul>\n<p><strong><em>Vu \u00e0 la t\u00e9l\u00e9vision \u2013 on parle de ces cours et ateliers<\/em><\/strong><\/p>\n<ul>\n<li>&lsquo;LCN&rsquo;, &lsquo;Montr\u00e9al Living&rsquo;, &lsquo;T\u00eate @ Kat&rsquo;, &lsquo;Salut, Bonjour&rsquo;, etc.<\/li>\n<\/ul>\n<p><strong><em>Les journaux parlent de nos pr\u00e9sentations<\/em><\/strong><\/p>\n<ul>\n<li>The Montr\u00e9al Gazette, juillet 2018 \u2013 article &amp; vid\u00e9o clip<\/li>\n<li>Le Journal de Montr\u00e9al, juillet 2018<\/li>\n<li>Le Journal de Qu\u00e9bec, juillet 2018<\/li>\n<\/ul>\n<h3><strong>CES PROGRAMS D\u2019AUTOD\u00c9FENSE SONT DIFFUS\u00c9S R\u00c9GULI\u00c8REMENT<\/strong><strong>&nbsp; <\/strong><\/h3>\n<ul>\n<li><strong><em>\u00c9coles &amp; \u00e9tablissements scolaires&nbsp;: <\/em><\/strong>Marie Clarac, Coll\u00e8ge Charlemagne, Villa&nbsp;Maria,&nbsp;Royal&nbsp;Vale\u2026<\/li>\n<li><strong><em>CEGEP &amp; universit\u00e9s&nbsp;: <\/em><\/strong>McGill &amp; CEGEP Maisonneuve\u2026.<\/li>\n<li><strong><em>Compagnies&nbsp;: <\/em><\/strong>Souliers Aldo, Merck Frosst, Pratt &amp; Whitney\u2026<\/li>\n<li><strong><em>Centres communautaires&nbsp;: <\/em><\/strong>Ville de Longueuil et Beaconsfield\u2026<\/li>\n<li><strong><em>Des cours et ateliers priv\u00e9s&nbsp;: <\/em><\/strong>Lui et son \u00e9quipe se d\u00e9placent pour donner cette formation.<\/li>\n<\/ul>\n<h3>Related Images:<\/h3>","protected":false},"excerpt":{"rendered":"<p>Georges Manoli est un chef de file \u00e0 Montr\u00e9al dans le domaine de l\u2019\u00e9ducation en s\u00e9curit\u00e9 personnelle et de l\u2019auto-d\u00e9fense. SCOLARIT\u00c9 ET CARRI\u00c8RE D\u00e9tient un Baccalaur\u00e9at en \u00e9ducation physique d\u00e9cern\u00e9 par l\u2019universit\u00e9 McGill. Plus de 40 ans d\u2019exp\u00e9rience dans l\u2019enseignement des arts martiaux \u2013 Enfants, adolescents et adultes. D\u00e9tient un dipl\u00f4me&nbsp;de l&rsquo;\u00c9cole nationale de police &#8230;<\/p>\n","protected":false},"author":1,"featured_media":0,"parent":85,"menu_order":0,"comment_status":"closed","ping_status":"closed","template":"","meta":{"ngg_post_thumbnail":0,"footnotes":""},"class_list":["post-673","page","type-page","status-publish","hentry"],"yoast_head":"<!-- This site is optimized with the Yoast SEO plugin v27.2 - https:\/\/yoast.com\/product\/yoast-seo-wordpress\/ -->\n<title>Le Directeur - George Manoli Inc<\/title>\n<meta name=\"robots\" content=\"index, follow, max-snippet:-1, max-image-preview:large, max-video-preview:-1\" \/>\n<link rel=\"canonical\" href=\"https:\/\/manoli.ca\/fr\/apropos\/le-directeur\/\" \/>\n<meta property=\"og:locale\" content=\"fr_FR\" \/>\n<meta property=\"og:type\" content=\"article\" \/>\n<meta property=\"og:title\" content=\"Le Directeur - George Manoli Inc\" \/>\n<meta property=\"og:description\" content=\"Georges Manoli est un chef de file \u00e0 Montr\u00e9al dans le domaine de l\u2019\u00e9ducation en s\u00e9curit\u00e9 personnelle et de l\u2019auto-d\u00e9fense. SCOLARIT\u00c9 ET CARRI\u00c8RE D\u00e9tient un Baccalaur\u00e9at en \u00e9ducation physique d\u00e9cern\u00e9 par l\u2019universit\u00e9 McGill. Plus de 40 ans d\u2019exp\u00e9rience dans l\u2019enseignement des arts martiaux \u2013 Enfants, adolescents et adultes. D\u00e9tient un dipl\u00f4me&nbsp;de l&rsquo;\u00c9cole nationale de police ...\" \/>\n<meta property=\"og:url\" content=\"https:\/\/manoli.ca\/fr\/apropos\/le-directeur\/\" \/>\n<meta property=\"og:site_name\" content=\"George Manoli Inc\" \/>\n<meta property=\"article:modified_time\" content=\"2026-03-30T22:52:14+00:00\" \/>\n<meta property=\"og:image\" content=\"http:\/\/manoli.ca\/wp-content\/uploads\/2012\/01\/george-manoli.jpg\" \/>\n<meta name=\"twitter:card\" content=\"summary_large_image\" \/>\n<meta name=\"twitter:site\" content=\"@tokondojo\" \/>\n<meta name=\"twitter:label1\" content=\"Dur\u00e9e de lecture estim\u00e9e\" \/>\n\t<meta name=\"twitter:data1\" content=\"4 minutes\" \/>\n<script type=\"application\/ld+json\" class=\"yoast-schema-graph\">{\"@context\":\"https:\/\/schema.org\",\"@graph\":[{\"@type\":\"WebPage\",\"@id\":\"https:\/\/manoli.ca\/fr\/apropos\/le-directeur\/\",\"url\":\"https:\/\/manoli.ca\/fr\/apropos\/le-directeur\/\",\"name\":\"Le Directeur - George Manoli Inc\",\"isPartOf\":{\"@id\":\"https:\/\/manoli.ca\/fr\/#website\"},\"primaryImageOfPage\":{\"@id\":\"https:\/\/manoli.ca\/fr\/apropos\/le-directeur\/#primaryimage\"},\"image\":{\"@id\":\"https:\/\/manoli.ca\/fr\/apropos\/le-directeur\/#primaryimage\"},\"thumbnailUrl\":\"http:\/\/manoli.ca\/wp-content\/uploads\/2012\/01\/george-manoli.jpg\",\"datePublished\":\"2012-01-24T01:09:33+00:00\",\"dateModified\":\"2026-03-30T22:52:14+00:00\",\"breadcrumb\":{\"@id\":\"https:\/\/manoli.ca\/fr\/apropos\/le-directeur\/#breadcrumb\"},\"inLanguage\":\"fr-FR\",\"potentialAction\":[{\"@type\":\"ReadAction\",\"target\":[\"https:\/\/manoli.ca\/fr\/apropos\/le-directeur\/\"]}]},{\"@type\":\"ImageObject\",\"inLanguage\":\"fr-FR\",\"@id\":\"https:\/\/manoli.ca\/fr\/apropos\/le-directeur\/#primaryimage\",\"url\":\"http:\/\/manoli.ca\/wp-content\/uploads\/2012\/01\/george-manoli.jpg\",\"contentUrl\":\"http:\/\/manoli.ca\/wp-content\/uploads\/2012\/01\/george-manoli.jpg\"},{\"@type\":\"BreadcrumbList\",\"@id\":\"https:\/\/manoli.ca\/fr\/apropos\/le-directeur\/#breadcrumb\",\"itemListElement\":[{\"@type\":\"ListItem\",\"position\":1,\"name\":\"Home\",\"item\":\"https:\/\/manoli.ca\/fr\/\"},{\"@type\":\"ListItem\",\"position\":2,\"name\":\"Apropos\",\"item\":\"https:\/\/manoli.ca\/fr\/apropos\/\"},{\"@type\":\"ListItem\",\"position\":3,\"name\":\"Le Directeur\"}]},{\"@type\":\"WebSite\",\"@id\":\"https:\/\/manoli.ca\/fr\/#website\",\"url\":\"https:\/\/manoli.ca\/fr\/\",\"name\":\"George Manoli Inc\",\"description\":\"\",\"potentialAction\":[{\"@type\":\"SearchAction\",\"target\":{\"@type\":\"EntryPoint\",\"urlTemplate\":\"https:\/\/manoli.ca\/fr\/?s={search_term_string}\"},\"query-input\":{\"@type\":\"PropertyValueSpecification\",\"valueRequired\":true,\"valueName\":\"search_term_string\"}}],\"inLanguage\":\"fr-FR\"}]}<\/script>\n<!-- \/ Yoast SEO plugin. -->","yoast_head_json":{"title":"Le Directeur - George Manoli Inc","robots":{"index":"index","follow":"follow","max-snippet":"max-snippet:-1","max-image-preview":"max-image-preview:large","max-video-preview":"max-video-preview:-1"},"canonical":"https:\/\/manoli.ca\/fr\/apropos\/le-directeur\/","og_locale":"fr_FR","og_type":"article","og_title":"Le Directeur - George Manoli Inc","og_description":"Georges Manoli est un chef de file \u00e0 Montr\u00e9al dans le domaine de l\u2019\u00e9ducation en s\u00e9curit\u00e9 personnelle et de l\u2019auto-d\u00e9fense. SCOLARIT\u00c9 ET CARRI\u00c8RE D\u00e9tient un Baccalaur\u00e9at en \u00e9ducation physique d\u00e9cern\u00e9 par l\u2019universit\u00e9 McGill. Plus de 40 ans d\u2019exp\u00e9rience dans l\u2019enseignement des arts martiaux \u2013 Enfants, adolescents et adultes. D\u00e9tient un dipl\u00f4me&nbsp;de l&rsquo;\u00c9cole nationale de police ...","og_url":"https:\/\/manoli.ca\/fr\/apropos\/le-directeur\/","og_site_name":"George Manoli Inc","article_modified_time":"2026-03-30T22:52:14+00:00","og_image":[{"url":"http:\/\/manoli.ca\/wp-content\/uploads\/2012\/01\/george-manoli.jpg","type":"","width":"","height":""}],"twitter_card":"summary_large_image","twitter_site":"@tokondojo","twitter_misc":{"Dur\u00e9e de lecture estim\u00e9e":"4 minutes"},"schema":{"@context":"https:\/\/schema.org","@graph":[{"@type":"WebPage","@id":"https:\/\/manoli.ca\/fr\/apropos\/le-directeur\/","url":"https:\/\/manoli.ca\/fr\/apropos\/le-directeur\/","name":"Le Directeur - George Manoli Inc","isPartOf":{"@id":"https:\/\/manoli.ca\/fr\/#website"},"primaryImageOfPage":{"@id":"https:\/\/manoli.ca\/fr\/apropos\/le-directeur\/#primaryimage"},"image":{"@id":"https:\/\/manoli.ca\/fr\/apropos\/le-directeur\/#primaryimage"},"thumbnailUrl":"http:\/\/manoli.ca\/wp-content\/uploads\/2012\/01\/george-manoli.jpg","datePublished":"2012-01-24T01:09:33+00:00","dateModified":"2026-03-30T22:52:14+00:00","breadcrumb":{"@id":"https:\/\/manoli.ca\/fr\/apropos\/le-directeur\/#breadcrumb"},"inLanguage":"fr-FR","potentialAction":[{"@type":"ReadAction","target":["https:\/\/manoli.ca\/fr\/apropos\/le-directeur\/"]}]},{"@type":"ImageObject","inLanguage":"fr-FR","@id":"https:\/\/manoli.ca\/fr\/apropos\/le-directeur\/#primaryimage","url":"http:\/\/manoli.ca\/wp-content\/uploads\/2012\/01\/george-manoli.jpg","contentUrl":"http:\/\/manoli.ca\/wp-content\/uploads\/2012\/01\/george-manoli.jpg"},{"@type":"BreadcrumbList","@id":"https:\/\/manoli.ca\/fr\/apropos\/le-directeur\/#breadcrumb","itemListElement":[{"@type":"ListItem","position":1,"name":"Home","item":"https:\/\/manoli.ca\/fr\/"},{"@type":"ListItem","position":2,"name":"Apropos","item":"https:\/\/manoli.ca\/fr\/apropos\/"},{"@type":"ListItem","position":3,"name":"Le Directeur"}]},{"@type":"WebSite","@id":"https:\/\/manoli.ca\/fr\/#website","url":"https:\/\/manoli.ca\/fr\/","name":"George Manoli Inc","description":"","potentialAction":[{"@type":"SearchAction","target":{"@type":"EntryPoint","urlTemplate":"https:\/\/manoli.ca\/fr\/?s={search_term_string}"},"query-input":{"@type":"PropertyValueSpecification","valueRequired":true,"valueName":"search_term_string"}}],"inLanguage":"fr-FR"}]}},"_links":{"self":[{"href":"https:\/\/manoli.ca\/fr\/wp-json\/wp\/v2\/pages\/673","targetHints":{"allow":["GET"]}}],"collection":[{"href":"https:\/\/manoli.ca\/fr\/wp-json\/wp\/v2\/pages"}],"about":[{"href":"https:\/\/manoli.ca\/fr\/wp-json\/wp\/v2\/types\/page"}],"author":[{"embeddable":true,"href":"https:\/\/manoli.ca\/fr\/wp-json\/wp\/v2\/users\/1"}],"replies":[{"embeddable":true,"href":"https:\/\/manoli.ca\/fr\/wp-json\/wp\/v2\/comments?post=673"}],"version-history":[{"count":14,"href":"https:\/\/manoli.ca\/fr\/wp-json\/wp\/v2\/pages\/673\/revisions"}],"predecessor-version":[{"id":8854,"href":"https:\/\/manoli.ca\/fr\/wp-json\/wp\/v2\/pages\/673\/revisions\/8854"}],"up":[{"embeddable":true,"href":"https:\/\/manoli.ca\/fr\/wp-json\/wp\/v2\/pages\/85"}],"wp:attachment":[{"href":"https:\/\/manoli.ca\/fr\/wp-json\/wp\/v2\/media?parent=673"}],"curies":[{"name":"wp","href":"https:\/\/api.w.org\/{rel}","templated":true}]}}