{"id":642,"date":"2012-01-18T21:20:30","date_gmt":"2012-01-18T21:20:30","guid":{"rendered":"http:\/\/dev.manoli.ca\/?page_id=642"},"modified":"2020-11-23T10:00:46","modified_gmt":"2020-11-23T15:00:46","slug":"filmes","status":"publish","type":"page","link":"https:\/\/manoli.ca\/fr\/media\/filmes\/","title":{"rendered":"Filmes"},"content":{"rendered":"<p>Les membres de notre club de karat\u00e9 et Jiu-Jitsu: vous trouverez les vid\u00e9os techniques pour visionner dans <a href=\"\/downloads\">cette section<\/a>.<\/p>\n<div class=\"hp_manoli_buttons\">\n<div class=\"one_fourth\"><div style=\"text-align: center;\">\n<h3><a href=\"\/fr\/category\/videos-2\/karate-et-jiu-jitsu\/\">Karat\u00e9 et<br \/>Jiu-Jitsu<\/a><\/h3>\n<p><a href=\"\/fr\/category\/videos-2\/karate-et-jiu-jitsu\/\">Enfants, Ados &amp; Adultes<\/a><br \/>\n<a href=\"\/fr\/category\/videos-2\/karate-et-jiu-jitsu\/\"><img decoding=\"async\" class=\"alignnone size-full wp-image-414\" title=\"Karate &amp; Jiu-Jitsu\" src=\"\/wp-content\/uploads\/2012\/01\/karate.gif\" alt=\"\" width=\"220\" height=\"220\" srcset=\"https:\/\/manoli.ca\/wp-content\/uploads\/2012\/01\/karate.gif 220w, https:\/\/manoli.ca\/wp-content\/uploads\/2012\/01\/karate-150x150.gif 150w\" sizes=\"(max-width: 220px) 100vw, 220px\" \/><\/a>\n<\/div><\/div>\n<div class=\"one_fourth\"><div style=\"text-align: center;\">\n<h3><a href=\"\/fr\/category\/videos-2\/prevention-d-agression\/\">Auto-d\u00e9fense<\/a><\/h3>\n<p><a href=\"\/fr\/category\/videos-2\/prevention-d-agression\/\">Pr\u00e9vention d&rsquo;agression pour femmes et ados<\/a><a href=\"\/fr\/category\/videos-2\/prevention-d-agression\/\"><img decoding=\"async\" class=\"alignnone size-full wp-image-412\" title=\"Self-defense for women\" src=\"\/wp-content\/uploads\/2012\/01\/self-defense.gif\" alt=\"\" width=\"220\" height=\"220\" srcset=\"https:\/\/manoli.ca\/wp-content\/uploads\/2012\/01\/self-defense.gif 220w, https:\/\/manoli.ca\/wp-content\/uploads\/2012\/01\/self-defense-150x150.gif 150w\" sizes=\"(max-width: 220px) 100vw, 220px\" \/><\/a>\n<\/div><\/div>\n<div class=\"one_fourth\"><div style=\"text-align: center;\">\n<h3><a href=\"\/fr\/category\/videos-2\/anti-bullying-children-et-teens\/\">Arr\u00eate de<br \/>m\u2019intimider !<\/a><\/h3>\n<p><a href=\"\/fr\/category\/videos-2\/anti-bullying-children-et-teens\/\">Arr\u00eate de m\u2019intimider !<\/a><br \/>\n<a href=\"\/fr\/category\/videos-2\/anti-bullying-children-et-teens\/\"><img decoding=\"async\" class=\"alignnone size-full wp-image-408\" title=\"Anti Bullying - Don't Bully me!\" src=\"\/wp-content\/uploads\/2012\/01\/anit-bullying.gif\" alt=\"\" width=\"220\" height=\"220\" srcset=\"https:\/\/manoli.ca\/wp-content\/uploads\/2012\/01\/anit-bullying.gif 220w, https:\/\/manoli.ca\/wp-content\/uploads\/2012\/01\/anit-bullying-150x150.gif 150w\" sizes=\"(max-width: 220px) 100vw, 220px\" \/><\/a>\n<\/div><\/div>\n<div class=\"one_fourth last\"><div style=\"text-align: center;\">\n<h3><a title=\"\" href=\"\/fr\/category\/videos-2\/enfants-alertes-fr\/\">Enfants<br \/>Alertes<\/a><\/h3>\n<p><a title=\"\" href=\"\/fr\/category\/videos-2\/enfants-alertes-fr\/\">l&rsquo;affirmation de soi<\/a><br \/>\n<a title=\"\" href=\"\/fr\/category\/videos-2\/enfants-alertes-fr\/\"><img decoding=\"async\" class=\"alignnone size-full wp-image-416\" title=\"Street Smarts\" src=\"\/wp-content\/uploads\/2012\/01\/street-smarts.gif\" alt=\"\" width=\"220\" height=\"220\" srcset=\"https:\/\/manoli.ca\/wp-content\/uploads\/2012\/01\/street-smarts.gif 220w, https:\/\/manoli.ca\/wp-content\/uploads\/2012\/01\/street-smarts-150x150.gif 150w\" sizes=\"(max-width: 220px) 100vw, 220px\" \/><\/a>\n<\/div><\/div><div class=\"clearboth\"><\/div><\/div>\n<div class=\"divider_line\"><\/div>\n<h1>Derni\u00e8res vid\u00e9os<\/h1>\n<div id=\"blog_329\"><article id=\"post-8195\" class=\"hentry entry entry_full\"><div class=\"entry_info\"><h2 class=\"entry_title entry-title\"><a href=\"https:\/\/manoli.ca\/fr\/conseils-de-grand-frere-lintimidation-oct-2025\/\" rel=\"bookmark\" title=\"Lien permanent pour Conseils de grand fr\u00e8re : l\u2019intimidation &#8211; Oct 2025\">Conseils de grand fr\u00e8re : l\u2019intimidation &#8211; Oct 2025<\/a><\/h2><\/div><div class=\"read_more_wrap\"><a class=\"read_more_link\" href=\"https:\/\/manoli.ca\/fr\/conseils-de-grand-frere-lintimidation-oct-2025\/\" rel=\"nofollow\">Read more \u00bb<\/a><\/div><\/article><article id=\"post-8179\" class=\"hentry entry entry_full\"><div class=\"entry_info\"><h2 class=\"entry_title entry-title\"><a href=\"https:\/\/manoli.ca\/fr\/salut-bonjour-weekend-june-2025\/\" rel=\"bookmark\" title=\"Lien permanent pour Salut, Bonjour weekend &#8211; Juin 2025\">Salut, Bonjour weekend &#8211; Juin 2025<\/a><\/h2><\/div><div class=\"read_more_wrap\"><a class=\"read_more_link\" href=\"https:\/\/manoli.ca\/fr\/salut-bonjour-weekend-june-2025\/\" rel=\"nofollow\">Read more \u00bb<\/a><\/div><\/article><article id=\"post-8045\" class=\"hentry entry entry_full\"><div class=\"entry_info\"><h2 class=\"entry_title entry-title\"><a href=\"https:\/\/manoli.ca\/fr\/royal-west-academy-montreal-west-may-2024\/\" rel=\"bookmark\" title=\"Lien permanent pour Royal West Academy, Montreal West &#8211; May 2024\">Royal West Academy, Montreal West &#8211; May 2024<\/a><\/h2><\/div><div class=\"read_more_wrap\"><a class=\"read_more_link\" href=\"https:\/\/manoli.ca\/fr\/royal-west-academy-montreal-west-may-2024\/\" rel=\"nofollow\">Read more \u00bb<\/a><\/div><\/article><article id=\"post-7214\" class=\"hentry entry entry_full\"><div class=\"entry_info\"><h2 class=\"entry_title entry-title\"><a href=\"https:\/\/manoli.ca\/fr\/un-ancien-flic-de-montreal-qui-enseigne-lautodefense-depuis-des-decennies-jai-ete-mis-sur-terre-pour-faire-ca\/\" rel=\"bookmark\" title=\"Lien permanent pour Un ancien flic de Montr\u00e9al qui enseigne l\u2019autod\u00e9fense depuis des d\u00e9cennies : \u00ab J\u2019ai \u00e9t\u00e9 mis sur terre pour faire \u00e7a \u00bb\">Un ancien flic de Montr\u00e9al qui enseigne l\u2019autod\u00e9fense depuis des d\u00e9cennies : \u00ab J\u2019ai \u00e9t\u00e9 mis sur terre pour faire \u00e7a \u00bb<\/a><\/h2><\/div><div class=\"read_more_wrap\"><a class=\"read_more_link\" href=\"https:\/\/manoli.ca\/fr\/un-ancien-flic-de-montreal-qui-enseigne-lautodefense-depuis-des-decennies-jai-ete-mis-sur-terre-pour-faire-ca\/\" rel=\"nofollow\">Read more \u00bb<\/a><\/div><\/article><article id=\"post-937\" class=\"hentry entry entry_full\"><div class=\"entry_info\"><h2 class=\"entry_title entry-title\"><a href=\"https:\/\/manoli.ca\/fr\/2011-december-inhouse-koshiki-karate-tournament-adults\/\" rel=\"bookmark\" title=\"Lien permanent pour 2011 December inhouse Koshiki Karate Tournament &#8211; Adults\">2011 December inhouse Koshiki Karate Tournament &#8211; Adults<\/a><\/h2><\/div><div class=\"read_more_wrap\"><a class=\"read_more_link\" href=\"https:\/\/manoli.ca\/fr\/2011-december-inhouse-koshiki-karate-tournament-adults\/\" rel=\"nofollow\">Read more \u00bb<\/a><\/div><\/article><article id=\"post-920\" class=\"hentry entry entry_full\"><div class=\"entry_info\"><h2 class=\"entry_title entry-title\"><a href=\"https:\/\/manoli.ca\/fr\/ctv-news-child-safety-with-mutsumi-takahashi\/\" rel=\"bookmark\" title=\"Lien permanent pour CTV News: Child Safety with Mutsumi Takahashi\">CTV News: Child Safety with Mutsumi Takahashi<\/a><\/h2><\/div><div class=\"read_more_wrap\"><a class=\"read_more_link\" href=\"https:\/\/manoli.ca\/fr\/ctv-news-child-safety-with-mutsumi-takahashi\/\" rel=\"nofollow\">Read more \u00bb<\/a><\/div><\/article><article id=\"post-932\" class=\"hentry entry entry_full\"><div class=\"entry_info\"><h2 class=\"entry_title entry-title\"><a href=\"https:\/\/manoli.ca\/fr\/street-smart-kids-loblaws\/\" rel=\"bookmark\" title=\"Lien permanent pour S\u00e9curit\u00e9 personelle des enfants &#8211; Loblaws\">S\u00e9curit\u00e9 personelle des enfants &#8211; Loblaws<\/a><\/h2><\/div><div class=\"read_more_wrap\"><a class=\"read_more_link\" href=\"https:\/\/manoli.ca\/fr\/street-smart-kids-loblaws\/\" rel=\"nofollow\">Read more \u00bb<\/a><\/div><\/article><article id=\"post-928\" class=\"hentry entry entry_full\"><div class=\"entry_info\"><h2 class=\"entry_title entry-title\"><a href=\"https:\/\/manoli.ca\/fr\/street-smart-kids-ctv-news-street-proofing-children\/\" rel=\"bookmark\" title=\"Lien permanent pour Street Smart Kids: CTV news: Street-proofing children\">Street Smart Kids: CTV news: Street-proofing children<\/a><\/h2><\/div><div class=\"read_more_wrap\"><a class=\"read_more_link\" href=\"https:\/\/manoli.ca\/fr\/street-smart-kids-ctv-news-street-proofing-children\/\" rel=\"nofollow\">Read more \u00bb<\/a><\/div><\/article><article id=\"post-924\" class=\"hentry entry entry_full\"><div class=\"entry_info\"><h2 class=\"entry_title entry-title\"><a href=\"https:\/\/manoli.ca\/fr\/street-smart-kids-cbc-living-montreal-street-proofing-children\/\" rel=\"bookmark\" title=\"Lien permanent pour Street Smart Kids: CBC &lsquo;Living Montreal.&rsquo; Street-proofing children\">Street Smart Kids: CBC &lsquo;Living Montreal.&rsquo; Street-proofing children<\/a><\/h2><\/div><div class=\"read_more_wrap\"><a class=\"read_more_link\" href=\"https:\/\/manoli.ca\/fr\/street-smart-kids-cbc-living-montreal-street-proofing-children\/\" rel=\"nofollow\">Read more \u00bb<\/a><\/div><\/article><article id=\"post-915\" class=\"hentry entry entry_full\"><div class=\"entry_info\"><h2 class=\"entry_title entry-title\"><a href=\"https:\/\/manoli.ca\/fr\/anti-bullying-watchmojo-com-bullying-prevention-tips\/\" rel=\"bookmark\" title=\"Lien permanent pour Anti-bullying: WatchMojo.com &#8211; Bullying Prevention &#038; Tips\">Anti-bullying: WatchMojo.com &#8211; Bullying Prevention &#038; Tips<\/a><\/h2><\/div><div class=\"read_more_wrap\"><a class=\"read_more_link\" href=\"https:\/\/manoli.ca\/fr\/anti-bullying-watchmojo-com-bullying-prevention-tips\/\" rel=\"nofollow\">Read more \u00bb<\/a><\/div><\/article><\/div>\n<h3>Related Images:<\/h3>","protected":false},"excerpt":{"rendered":"<p>Les membres de notre club de karat\u00e9 et Jiu-Jitsu: vous trouverez les vid\u00e9os techniques pour visionner dans cette section. Derni\u00e8res vid\u00e9os Related Images:<\/p>\n","protected":false},"author":1,"featured_media":0,"parent":44,"menu_order":0,"comment_status":"closed","ping_status":"open","template":"","meta":{"ngg_post_thumbnail":0,"footnotes":""},"class_list":["post-642","page","type-page","status-publish","hentry"],"yoast_head":"<!-- This site is optimized with the Yoast SEO plugin v27.2 - https:\/\/yoast.com\/product\/yoast-seo-wordpress\/ -->\n<title>Filmes - George Manoli Inc<\/title>\n<meta name=\"robots\" content=\"index, follow, max-snippet:-1, max-image-preview:large, max-video-preview:-1\" \/>\n<link rel=\"canonical\" href=\"https:\/\/manoli.ca\/fr\/media\/filmes\/\" \/>\n<meta property=\"og:locale\" content=\"fr_FR\" \/>\n<meta property=\"og:type\" content=\"article\" \/>\n<meta property=\"og:title\" content=\"Filmes - George Manoli Inc\" \/>\n<meta property=\"og:description\" content=\"Les membres de notre club de karat\u00e9 et Jiu-Jitsu: vous trouverez les vid\u00e9os techniques pour visionner dans cette section. Derni\u00e8res vid\u00e9os Related Images:\" \/>\n<meta property=\"og:url\" content=\"https:\/\/manoli.ca\/fr\/media\/filmes\/\" \/>\n<meta property=\"og:site_name\" content=\"George Manoli Inc\" \/>\n<meta property=\"article:modified_time\" content=\"2020-11-23T15:00:46+00:00\" \/>\n<meta property=\"og:image\" content=\"https:\/\/manoli.ca\/wp-content\/uploads\/2015\/12\/Red-Barn-Logo-250-1.png\" \/>\n\t<meta property=\"og:image:width\" content=\"250\" \/>\n\t<meta property=\"og:image:height\" content=\"250\" \/>\n\t<meta property=\"og:image:type\" content=\"image\/png\" \/>\n<meta name=\"twitter:card\" content=\"summary_large_image\" \/>\n<meta name=\"twitter:site\" content=\"@tokondojo\" \/>\n<script type=\"application\/ld+json\" class=\"yoast-schema-graph\">{\"@context\":\"https:\/\/schema.org\",\"@graph\":[{\"@type\":\"WebPage\",\"@id\":\"https:\/\/manoli.ca\/fr\/media\/filmes\/\",\"url\":\"https:\/\/manoli.ca\/fr\/media\/filmes\/\",\"name\":\"Filmes - George Manoli Inc\",\"isPartOf\":{\"@id\":\"https:\/\/manoli.ca\/fr\/#website\"},\"datePublished\":\"2012-01-18T21:20:30+00:00\",\"dateModified\":\"2020-11-23T15:00:46+00:00\",\"breadcrumb\":{\"@id\":\"https:\/\/manoli.ca\/fr\/media\/filmes\/#breadcrumb\"},\"inLanguage\":\"fr-FR\",\"potentialAction\":[{\"@type\":\"ReadAction\",\"target\":[\"https:\/\/manoli.ca\/fr\/media\/filmes\/\"]}]},{\"@type\":\"BreadcrumbList\",\"@id\":\"https:\/\/manoli.ca\/fr\/media\/filmes\/#breadcrumb\",\"itemListElement\":[{\"@type\":\"ListItem\",\"position\":1,\"name\":\"Home\",\"item\":\"https:\/\/manoli.ca\/fr\/\"},{\"@type\":\"ListItem\",\"position\":2,\"name\":\"M\u00e9dia\",\"item\":\"https:\/\/manoli.ca\/fr\/media\/\"},{\"@type\":\"ListItem\",\"position\":3,\"name\":\"Filmes\"}]},{\"@type\":\"WebSite\",\"@id\":\"https:\/\/manoli.ca\/fr\/#website\",\"url\":\"https:\/\/manoli.ca\/fr\/\",\"name\":\"George Manoli Inc\",\"description\":\"\",\"potentialAction\":[{\"@type\":\"SearchAction\",\"target\":{\"@type\":\"EntryPoint\",\"urlTemplate\":\"https:\/\/manoli.ca\/fr\/?s={search_term_string}\"},\"query-input\":{\"@type\":\"PropertyValueSpecification\",\"valueRequired\":true,\"valueName\":\"search_term_string\"}}],\"inLanguage\":\"fr-FR\"}]}<\/script>\n<!-- \/ Yoast SEO plugin. -->","yoast_head_json":{"title":"Filmes - George Manoli Inc","robots":{"index":"index","follow":"follow","max-snippet":"max-snippet:-1","max-image-preview":"max-image-preview:large","max-video-preview":"max-video-preview:-1"},"canonical":"https:\/\/manoli.ca\/fr\/media\/filmes\/","og_locale":"fr_FR","og_type":"article","og_title":"Filmes - George Manoli Inc","og_description":"Les membres de notre club de karat\u00e9 et Jiu-Jitsu: vous trouverez les vid\u00e9os techniques pour visionner dans cette section. Derni\u00e8res vid\u00e9os Related Images:","og_url":"https:\/\/manoli.ca\/fr\/media\/filmes\/","og_site_name":"George Manoli Inc","article_modified_time":"2020-11-23T15:00:46+00:00","og_image":[{"width":250,"height":250,"url":"https:\/\/manoli.ca\/wp-content\/uploads\/2015\/12\/Red-Barn-Logo-250-1.png","type":"image\/png"}],"twitter_card":"summary_large_image","twitter_site":"@tokondojo","schema":{"@context":"https:\/\/schema.org","@graph":[{"@type":"WebPage","@id":"https:\/\/manoli.ca\/fr\/media\/filmes\/","url":"https:\/\/manoli.ca\/fr\/media\/filmes\/","name":"Filmes - George Manoli Inc","isPartOf":{"@id":"https:\/\/manoli.ca\/fr\/#website"},"datePublished":"2012-01-18T21:20:30+00:00","dateModified":"2020-11-23T15:00:46+00:00","breadcrumb":{"@id":"https:\/\/manoli.ca\/fr\/media\/filmes\/#breadcrumb"},"inLanguage":"fr-FR","potentialAction":[{"@type":"ReadAction","target":["https:\/\/manoli.ca\/fr\/media\/filmes\/"]}]},{"@type":"BreadcrumbList","@id":"https:\/\/manoli.ca\/fr\/media\/filmes\/#breadcrumb","itemListElement":[{"@type":"ListItem","position":1,"name":"Home","item":"https:\/\/manoli.ca\/fr\/"},{"@type":"ListItem","position":2,"name":"M\u00e9dia","item":"https:\/\/manoli.ca\/fr\/media\/"},{"@type":"ListItem","position":3,"name":"Filmes"}]},{"@type":"WebSite","@id":"https:\/\/manoli.ca\/fr\/#website","url":"https:\/\/manoli.ca\/fr\/","name":"George Manoli Inc","description":"","potentialAction":[{"@type":"SearchAction","target":{"@type":"EntryPoint","urlTemplate":"https:\/\/manoli.ca\/fr\/?s={search_term_string}"},"query-input":{"@type":"PropertyValueSpecification","valueRequired":true,"valueName":"search_term_string"}}],"inLanguage":"fr-FR"}]}},"_links":{"self":[{"href":"https:\/\/manoli.ca\/fr\/wp-json\/wp\/v2\/pages\/642","targetHints":{"allow":["GET"]}}],"collection":[{"href":"https:\/\/manoli.ca\/fr\/wp-json\/wp\/v2\/pages"}],"about":[{"href":"https:\/\/manoli.ca\/fr\/wp-json\/wp\/v2\/types\/page"}],"author":[{"embeddable":true,"href":"https:\/\/manoli.ca\/fr\/wp-json\/wp\/v2\/users\/1"}],"replies":[{"embeddable":true,"href":"https:\/\/manoli.ca\/fr\/wp-json\/wp\/v2\/comments?post=642"}],"version-history":[{"count":24,"href":"https:\/\/manoli.ca\/fr\/wp-json\/wp\/v2\/pages\/642\/revisions"}],"predecessor-version":[{"id":5083,"href":"https:\/\/manoli.ca\/fr\/wp-json\/wp\/v2\/pages\/642\/revisions\/5083"}],"up":[{"embeddable":true,"href":"https:\/\/manoli.ca\/fr\/wp-json\/wp\/v2\/pages\/44"}],"wp:attachment":[{"href":"https:\/\/manoli.ca\/fr\/wp-json\/wp\/v2\/media?parent=642"}],"curies":[{"name":"wp","href":"https:\/\/api.w.org\/{rel}","templated":true}]}}