{"id":638,"date":"2012-01-18T21:17:02","date_gmt":"2012-01-18T21:17:02","guid":{"rendered":"http:\/\/dev.manoli.ca\/?page_id=638"},"modified":"2026-03-30T18:25:35","modified_gmt":"2026-03-30T23:25:35","slug":"karate-pour-les-enfants-5-10","status":"publish","type":"page","link":"https:\/\/manoli.ca\/fr\/cours\/club-de-karate\/karate-pour-les-enfants-5-10\/","title":{"rendered":"Karate et contrer l&rsquo;intimidation pour enfants (5-10 ans)"},"content":{"rendered":"<p><img decoding=\"async\" class=\"aligncenter size-full wp-image-177\" title=\"Childrens Karate\" src=\"http:\/\/manoli.ca\/wp-content\/uploads\/2012\/01\/childrens-karate.jpg\" alt=\"\" width=\"640\" height=\"211\" srcset=\"https:\/\/manoli.ca\/wp-content\/uploads\/2012\/01\/childrens-karate.jpg 640w, https:\/\/manoli.ca\/wp-content\/uploads\/2012\/01\/childrens-karate-300x98.jpg 300w\" sizes=\"(max-width: 640px) 100vw, 640px\" \/><\/p>\n<h3 style=\"text-align: center;\">Sensei Manoli a pris sa retraite de l&rsquo;enseignement.<\/h3>\n<h3 style=\"text-align: center;\">Son club au centre r\u00e9cr\u00e9atif de Beaconsfield est ferm\u00e9.<\/h3>\n<p>Les cours de <strong>Karat\u00e9 et contrer l\u2019intimidation<\/strong> pour enfants sont divis\u00e9s en 4 modules :<\/p>\n<h3><strong><img decoding=\"async\" class=\"alignright size-full wp-image-3460\" src=\"https:\/\/manoli.ca\/wp-content\/uploads\/2012\/01\/2016-bullying-5.png\" alt=\"Anti Bullying to parents\" width=\"220\" height=\"220\">MODULE #1 &#8211; R\u00e9chauffement &amp; jeux<br \/>\n<\/strong><\/h3>\n<ul>\n<li>Le r\u00e9chauffement avec de la musique.<\/li>\n<li>Des jeux de r\u00e9sistances avec un partenaire.<\/li>\n<\/ul>\n<h3><strong>MODULE #2 &#8211; Contrer l&rsquo;intimidation<\/strong><\/h3>\n<ul>\n<li>Comment se tenir debout, langage corporel.<\/li>\n<li>Quoi dire et comment le dire avec confiance.<\/li>\n<li>Comment neutraliser et contr\u00f4ler l\u2019intimidateur au sol:\n<ul>\n<li>Sans taper ni blesser l&rsquo;intimidateur.<\/li>\n<\/ul>\n<\/li>\n<li>Combats libres au sol (Jiu-jitsu).<\/li>\n<\/ul>\n<h3><strong><img decoding=\"async\" class=\"alignright size-full wp-image-4678\" src=\"https:\/\/manoli.ca\/wp-content\/uploads\/2018\/03\/2018-karate-graphic.jpg\" alt=\"\" width=\"250\" height=\"186\">MODULE<\/strong><strong> #3 &#8211; Karat\u00e9 Koshiki<\/strong><\/h3>\n<ul>\n<li>Nous utilisons des boucliers\/plastrons.<\/li>\n<li>Esquives et contre-attaques.<\/li>\n<li>Enchainements debout (poings &amp; pieds).<\/li>\n<li>Combats libres debout avec prot\u00e9g\u00e9-corps.<\/li>\n<\/ul>\n<h3><strong>MODULE<\/strong><strong> #4 &#8211; Seulement les samedis<br \/>\n<\/strong><\/h3>\n<ul>\n<li>Niveau technique &#8211; ceinture \/ grade<\/li>\n<li>Shorinjiryu Kenkokan Karate-do (Kata, Kumit\u00e9)<\/li>\n<\/ul>\n<h2>Les Samedis Matin &#8211; Cours Parents\/Enfants<\/h2>\n<ul>\n<li>Les parents et leurs enfants peuvent s\u2019entrainer ensemble.<\/li>\n<li>Les parents s\u2019entrainent GRATUITEMENT avec leurs enfants .<\/li>\n<li>L\u2019assistance parentale est recommand\u00e9e et encourag\u00e9e \u00e0 notre club.<\/li>\n<\/ul>\n<h2><img decoding=\"async\" class=\"alignright size-full wp-image-414\" src=\"https:\/\/manoli.ca\/wp-content\/uploads\/2012\/01\/karate.gif\" alt=\"\" width=\"220\" height=\"220\" srcset=\"https:\/\/manoli.ca\/wp-content\/uploads\/2012\/01\/karate.gif 220w, https:\/\/manoli.ca\/wp-content\/uploads\/2012\/01\/karate-150x150.gif 150w\" sizes=\"(max-width: 220px) 100vw, 220px\" \/>Curriculum Pour Enfants<\/h2>\n<ul>\n<li><strong>Les enfants de 5 \u00e0 11.5 ans:<\/strong>\n<ul>\n<li>Dix (10) jeux de Jiujitsu pour contrer l\u2019intimidation.\n<ul>\n<li>Savoir se battre au sol.<\/li>\n<\/ul>\n<\/li>\n<li>Enchainements de Karat\u00e9 Koshiki \/ Shorinjiryu.\n<ul>\n<li>Savoir se battre debout.<\/li>\n<\/ul>\n<\/li>\n<\/ul>\n<\/li>\n<\/ul>\n<h2>Philisophie Du Club<\/h2>\n<ul>\n<li>L\u2019apprentissage se fait en toute s\u00e9curit\u00e9 sur des tapis.<\/li>\n<li>On est un club de combat (debout et au sol).<\/li>\n<li>Nous mettons beaucoup d\u2019emphase sur des attitudes positives :\n<ul>\n<li>Le respect de soi, des autres et du professeur.<\/li>\n<\/ul>\n<\/li>\n<\/ul>\n<ul>\n<li>L\u2019enseignement est diffus\u00e9 en fran\u00e7ais et en anglais.<\/li>\n<li>Un Kimono blanc est non requis (tenue sportive).<\/li>\n<li>L\u2019entrainement ce fait pieds nus sur des tapis propres et spacieux.<\/li>\n<li>L\u2019\u00e9quipements Koshiki sont fournit par le club:\n<ul>\n<li>Prot\u00e8ge corps et prot\u00e8ge t\u00eate<\/li>\n<\/ul>\n<\/li>\n<\/ul>\n<h2>Sensei Georges Manoli &#8211; Instructeur Chef<\/h2>\n<h3><img decoding=\"async\" class=\"alignright size-medium wp-image-681\" src=\"https:\/\/manoli.ca\/wp-content\/uploads\/2012\/01\/belt-exams-206x300.jpg\" alt=\"\" width=\"206\" height=\"300\" srcset=\"https:\/\/manoli.ca\/wp-content\/uploads\/2012\/01\/belt-exams-206x300.jpg 206w, https:\/\/manoli.ca\/wp-content\/uploads\/2012\/01\/belt-exams.jpg 220w\" sizes=\"(max-width: 206px) 100vw, 206px\" \/><\/h3>\n<ul>\n<li>D\u00e9but\u00e9 son entrainement en Karat\u00e9 en 1973.\n<ul>\n<li>Acad\u00e9mie de Karat\u00e9 &amp; Judo \u2018Seidokwan\u2019.<\/li>\n<\/ul>\n<\/li>\n<li>Son premier instructeur: Maitre Masayuki Hisataka:\n<ul>\n<li>10<sup>e<\/sup> Dan Karat\u00e9 et 6<sup>e<\/sup> Dan Judo.<\/li>\n<\/ul>\n<\/li>\n<li><strong>2017 &#8211; Ceinture noire<\/strong> 7<sup>e<\/sup> Dan, Karat\u00e9 Contact Koshiki.\n<ul>\n<li><strong>Ceinture noire<\/strong> 6<sup>e<\/sup> Dan, Karat\u00e9 Shorinjiryu Kenkokan.<\/li>\n<\/ul>\n<\/li>\n<li><strong>2015 &#8211; Ceinture noire<\/strong> 1<sup>ere<\/sup> Dan Judo Kodokan.<\/li>\n<li>Ceinture mauve &#8211; Jiujitsu Br\u00e9silien.<\/li>\n<li>40 ans+ d\u2019exp\u00e9rience dans l\u2019enseignement du Karat\u00e9.<\/li>\n<li>Arbitre international de Karat\u00e9, certifi\u00e9 niveau \u2018A\u2019.<\/li>\n<li>Baccalaur\u00e9at en \u00e9ducation physique &#8211; Universit\u00e9 McGill.<\/li>\n<li>Certification National d\u2019Entraineur Sportif : PNCE # 2.<\/li>\n<\/ul>\n<h2>Membre De L\u2019\u00e9quipe Canadienne De Karat\u00e9<\/h2>\n<ul>\n<li>M\u00e9daill\u00e9 \u00e0 3 championnats du monde &#8211; Koshiki:\n<ul>\n<li>Japon (1980)<\/li>\n<li>Venezuela (1983)<\/li>\n<li>Australie (1985)<\/li>\n<\/ul>\n<\/li>\n<\/ul>\n<h2>Son Expertise A \u00c9t\u00e9 Utilis\u00e9 Par:<\/h2>\n<ul>\n<li><strong>SPVM (Police de Montr\u00e9al)<em> &#8211;<\/em><\/strong> Techniques interventions en situation de haut risque.<\/li>\n<li><strong>Air Canada <\/strong>&#8211; Contr\u00f4le d\u2019un passager turbulent dans un avion (6500 employ\u00e9s).<\/li>\n<li><strong>IVAC &amp; CNESST<\/strong> &#8211; Auto-d\u00e9fense avec simulations d&rsquo;agressions pour femmes &amp; ados:\n<ul>\n<li>Survivante de violence conjugale, sexuelle &amp; intimidation.<\/li>\n<\/ul>\n<\/li>\n<li><strong>Bombardier a\u00e9ronautique&nbsp; <\/strong><strong><em>&#8211;<\/em><\/strong> Affirmation de soi &amp; le Judo verbal.<\/li>\n<\/ul>\n<h2>Auteurs De 3 Manuels En S\u00e9curit\u00e9 Personnelle<\/h2>\n<ul>\n<li><strong>Enfants Alertes&nbsp;:<\/strong> manuel gratuit \u00e0 t\u00e9l\u00e9charger sur ce site &#8211; 180 p.<\/li>\n<li><strong>La s\u00e9curit\u00e9 personnelle des femmes<\/strong> &#8211; 120 p.<\/li>\n<li><strong>Arr\u00eate de m\u2019intimider!<\/strong> &#8211; 35 p.<\/li>\n<\/ul>\n<h2><strong>T\u00e9l\u00e9phone: (438)&nbsp;392-4683<\/strong><br \/>\n<strong>Courriel:&nbsp;<a href=\"&#x6d;&#x61;&#x69;&#x6c;&#x74;&#x6f;&#x3a;&#x67;&#x6d;&#x61;&#x6e;&#x6f;&#x6c;&#x69;&#x40;&#x76;&#x69;&#x64;&#x65;&#x6f;&#x74;&#x72;&#x6f;&#x6e;&#x2e;&#x63;&#x61;\">&#x67;&#x6d;&#97;n&#x6f;&#x6c;&#105;&#64;v&#x69;&#x64;&#101;o&#x74;&#x72;&#111;&#110;&#46;&#x63;&#x61;<\/a><\/strong><\/h2>\n<p>&nbsp;<\/p>\n<h3>Related Images:<\/h3>","protected":false},"excerpt":{"rendered":"<p>Sensei Manoli a pris sa retraite de l&rsquo;enseignement. Son club au centre r\u00e9cr\u00e9atif de Beaconsfield est ferm\u00e9. Les cours de Karat\u00e9 et contrer l\u2019intimidation pour enfants sont divis\u00e9s en 4 modules : MODULE #1 &#8211; R\u00e9chauffement &amp; jeux Le r\u00e9chauffement avec de la musique. Des jeux de r\u00e9sistances avec un partenaire. MODULE #2 &#8211; Contrer &#8230;<\/p>\n","protected":false},"author":2,"featured_media":0,"parent":105,"menu_order":0,"comment_status":"closed","ping_status":"closed","template":"","meta":{"ngg_post_thumbnail":0,"footnotes":""},"class_list":["post-638","page","type-page","status-publish","hentry"],"yoast_head":"<!-- This site is optimized with the Yoast SEO plugin v27.2 - https:\/\/yoast.com\/product\/yoast-seo-wordpress\/ -->\n<title>Karate et contrer l&#039;intimidation pour enfants (5-10 ans) - George Manoli Inc<\/title>\n<meta name=\"robots\" content=\"index, follow, max-snippet:-1, max-image-preview:large, max-video-preview:-1\" \/>\n<link rel=\"canonical\" href=\"https:\/\/manoli.ca\/fr\/cours\/club-de-karate\/karate-pour-les-enfants-5-10\/\" \/>\n<meta property=\"og:locale\" content=\"fr_FR\" \/>\n<meta property=\"og:type\" content=\"article\" \/>\n<meta property=\"og:title\" content=\"Karate et contrer l&#039;intimidation pour enfants (5-10 ans) - George Manoli Inc\" \/>\n<meta property=\"og:description\" content=\"Sensei Manoli a pris sa retraite de l&rsquo;enseignement. Son club au centre r\u00e9cr\u00e9atif de Beaconsfield est ferm\u00e9. Les cours de Karat\u00e9 et contrer l\u2019intimidation pour enfants sont divis\u00e9s en 4 modules : MODULE #1 &#8211; R\u00e9chauffement &amp; jeux Le r\u00e9chauffement avec de la musique. Des jeux de r\u00e9sistances avec un partenaire. MODULE #2 &#8211; Contrer ...\" \/>\n<meta property=\"og:url\" content=\"https:\/\/manoli.ca\/fr\/cours\/club-de-karate\/karate-pour-les-enfants-5-10\/\" \/>\n<meta property=\"og:site_name\" content=\"George Manoli Inc\" \/>\n<meta property=\"article:modified_time\" content=\"2026-03-30T23:25:35+00:00\" \/>\n<meta property=\"og:image\" content=\"http:\/\/manoli.ca\/wp-content\/uploads\/2012\/01\/childrens-karate.jpg\" \/>\n<meta name=\"twitter:card\" content=\"summary_large_image\" \/>\n<meta name=\"twitter:site\" content=\"@tokondojo\" \/>\n<meta name=\"twitter:label1\" content=\"Dur\u00e9e de lecture estim\u00e9e\" \/>\n\t<meta name=\"twitter:data1\" content=\"6 minutes\" \/>\n<script type=\"application\/ld+json\" class=\"yoast-schema-graph\">{\"@context\":\"https:\/\/schema.org\",\"@graph\":[{\"@type\":\"WebPage\",\"@id\":\"https:\/\/manoli.ca\/fr\/cours\/club-de-karate\/karate-pour-les-enfants-5-10\/\",\"url\":\"https:\/\/manoli.ca\/fr\/cours\/club-de-karate\/karate-pour-les-enfants-5-10\/\",\"name\":\"Karate et contrer l'intimidation pour enfants (5-10 ans) - George Manoli Inc\",\"isPartOf\":{\"@id\":\"https:\/\/manoli.ca\/fr\/#website\"},\"primaryImageOfPage\":{\"@id\":\"https:\/\/manoli.ca\/fr\/cours\/club-de-karate\/karate-pour-les-enfants-5-10\/#primaryimage\"},\"image\":{\"@id\":\"https:\/\/manoli.ca\/fr\/cours\/club-de-karate\/karate-pour-les-enfants-5-10\/#primaryimage\"},\"thumbnailUrl\":\"http:\/\/manoli.ca\/wp-content\/uploads\/2012\/01\/childrens-karate.jpg\",\"datePublished\":\"2012-01-18T21:17:02+00:00\",\"dateModified\":\"2026-03-30T23:25:35+00:00\",\"breadcrumb\":{\"@id\":\"https:\/\/manoli.ca\/fr\/cours\/club-de-karate\/karate-pour-les-enfants-5-10\/#breadcrumb\"},\"inLanguage\":\"fr-FR\",\"potentialAction\":[{\"@type\":\"ReadAction\",\"target\":[\"https:\/\/manoli.ca\/fr\/cours\/club-de-karate\/karate-pour-les-enfants-5-10\/\"]}]},{\"@type\":\"ImageObject\",\"inLanguage\":\"fr-FR\",\"@id\":\"https:\/\/manoli.ca\/fr\/cours\/club-de-karate\/karate-pour-les-enfants-5-10\/#primaryimage\",\"url\":\"http:\/\/manoli.ca\/wp-content\/uploads\/2012\/01\/childrens-karate.jpg\",\"contentUrl\":\"http:\/\/manoli.ca\/wp-content\/uploads\/2012\/01\/childrens-karate.jpg\"},{\"@type\":\"BreadcrumbList\",\"@id\":\"https:\/\/manoli.ca\/fr\/cours\/club-de-karate\/karate-pour-les-enfants-5-10\/#breadcrumb\",\"itemListElement\":[{\"@type\":\"ListItem\",\"position\":1,\"name\":\"Home\",\"item\":\"https:\/\/manoli.ca\/fr\/\"},{\"@type\":\"ListItem\",\"position\":2,\"name\":\"Cours\",\"item\":\"https:\/\/manoli.ca\/fr\/cours\/\"},{\"@type\":\"ListItem\",\"position\":3,\"name\":\"Club de Karat\u00e9 et Jiu-Jitsu\",\"item\":\"https:\/\/manoli.ca\/fr\/cours\/club-de-karate\/\"},{\"@type\":\"ListItem\",\"position\":4,\"name\":\"Karate et contrer l&rsquo;intimidation pour enfants (5-10 ans)\"}]},{\"@type\":\"WebSite\",\"@id\":\"https:\/\/manoli.ca\/fr\/#website\",\"url\":\"https:\/\/manoli.ca\/fr\/\",\"name\":\"George Manoli Inc\",\"description\":\"\",\"potentialAction\":[{\"@type\":\"SearchAction\",\"target\":{\"@type\":\"EntryPoint\",\"urlTemplate\":\"https:\/\/manoli.ca\/fr\/?s={search_term_string}\"},\"query-input\":{\"@type\":\"PropertyValueSpecification\",\"valueRequired\":true,\"valueName\":\"search_term_string\"}}],\"inLanguage\":\"fr-FR\"}]}<\/script>\n<!-- \/ Yoast SEO plugin. -->","yoast_head_json":{"title":"Karate et contrer l'intimidation pour enfants (5-10 ans) - George Manoli Inc","robots":{"index":"index","follow":"follow","max-snippet":"max-snippet:-1","max-image-preview":"max-image-preview:large","max-video-preview":"max-video-preview:-1"},"canonical":"https:\/\/manoli.ca\/fr\/cours\/club-de-karate\/karate-pour-les-enfants-5-10\/","og_locale":"fr_FR","og_type":"article","og_title":"Karate et contrer l'intimidation pour enfants (5-10 ans) - George Manoli Inc","og_description":"Sensei Manoli a pris sa retraite de l&rsquo;enseignement. Son club au centre r\u00e9cr\u00e9atif de Beaconsfield est ferm\u00e9. Les cours de Karat\u00e9 et contrer l\u2019intimidation pour enfants sont divis\u00e9s en 4 modules : MODULE #1 &#8211; R\u00e9chauffement &amp; jeux Le r\u00e9chauffement avec de la musique. Des jeux de r\u00e9sistances avec un partenaire. MODULE #2 &#8211; Contrer ...","og_url":"https:\/\/manoli.ca\/fr\/cours\/club-de-karate\/karate-pour-les-enfants-5-10\/","og_site_name":"George Manoli Inc","article_modified_time":"2026-03-30T23:25:35+00:00","og_image":[{"url":"http:\/\/manoli.ca\/wp-content\/uploads\/2012\/01\/childrens-karate.jpg","type":"","width":"","height":""}],"twitter_card":"summary_large_image","twitter_site":"@tokondojo","twitter_misc":{"Dur\u00e9e de lecture estim\u00e9e":"6 minutes"},"schema":{"@context":"https:\/\/schema.org","@graph":[{"@type":"WebPage","@id":"https:\/\/manoli.ca\/fr\/cours\/club-de-karate\/karate-pour-les-enfants-5-10\/","url":"https:\/\/manoli.ca\/fr\/cours\/club-de-karate\/karate-pour-les-enfants-5-10\/","name":"Karate et contrer l'intimidation pour enfants (5-10 ans) - George Manoli Inc","isPartOf":{"@id":"https:\/\/manoli.ca\/fr\/#website"},"primaryImageOfPage":{"@id":"https:\/\/manoli.ca\/fr\/cours\/club-de-karate\/karate-pour-les-enfants-5-10\/#primaryimage"},"image":{"@id":"https:\/\/manoli.ca\/fr\/cours\/club-de-karate\/karate-pour-les-enfants-5-10\/#primaryimage"},"thumbnailUrl":"http:\/\/manoli.ca\/wp-content\/uploads\/2012\/01\/childrens-karate.jpg","datePublished":"2012-01-18T21:17:02+00:00","dateModified":"2026-03-30T23:25:35+00:00","breadcrumb":{"@id":"https:\/\/manoli.ca\/fr\/cours\/club-de-karate\/karate-pour-les-enfants-5-10\/#breadcrumb"},"inLanguage":"fr-FR","potentialAction":[{"@type":"ReadAction","target":["https:\/\/manoli.ca\/fr\/cours\/club-de-karate\/karate-pour-les-enfants-5-10\/"]}]},{"@type":"ImageObject","inLanguage":"fr-FR","@id":"https:\/\/manoli.ca\/fr\/cours\/club-de-karate\/karate-pour-les-enfants-5-10\/#primaryimage","url":"http:\/\/manoli.ca\/wp-content\/uploads\/2012\/01\/childrens-karate.jpg","contentUrl":"http:\/\/manoli.ca\/wp-content\/uploads\/2012\/01\/childrens-karate.jpg"},{"@type":"BreadcrumbList","@id":"https:\/\/manoli.ca\/fr\/cours\/club-de-karate\/karate-pour-les-enfants-5-10\/#breadcrumb","itemListElement":[{"@type":"ListItem","position":1,"name":"Home","item":"https:\/\/manoli.ca\/fr\/"},{"@type":"ListItem","position":2,"name":"Cours","item":"https:\/\/manoli.ca\/fr\/cours\/"},{"@type":"ListItem","position":3,"name":"Club de Karat\u00e9 et Jiu-Jitsu","item":"https:\/\/manoli.ca\/fr\/cours\/club-de-karate\/"},{"@type":"ListItem","position":4,"name":"Karate et contrer l&rsquo;intimidation pour enfants (5-10 ans)"}]},{"@type":"WebSite","@id":"https:\/\/manoli.ca\/fr\/#website","url":"https:\/\/manoli.ca\/fr\/","name":"George Manoli Inc","description":"","potentialAction":[{"@type":"SearchAction","target":{"@type":"EntryPoint","urlTemplate":"https:\/\/manoli.ca\/fr\/?s={search_term_string}"},"query-input":{"@type":"PropertyValueSpecification","valueRequired":true,"valueName":"search_term_string"}}],"inLanguage":"fr-FR"}]}},"_links":{"self":[{"href":"https:\/\/manoli.ca\/fr\/wp-json\/wp\/v2\/pages\/638","targetHints":{"allow":["GET"]}}],"collection":[{"href":"https:\/\/manoli.ca\/fr\/wp-json\/wp\/v2\/pages"}],"about":[{"href":"https:\/\/manoli.ca\/fr\/wp-json\/wp\/v2\/types\/page"}],"author":[{"embeddable":true,"href":"https:\/\/manoli.ca\/fr\/wp-json\/wp\/v2\/users\/2"}],"replies":[{"embeddable":true,"href":"https:\/\/manoli.ca\/fr\/wp-json\/wp\/v2\/comments?post=638"}],"version-history":[{"count":56,"href":"https:\/\/manoli.ca\/fr\/wp-json\/wp\/v2\/pages\/638\/revisions"}],"predecessor-version":[{"id":8867,"href":"https:\/\/manoli.ca\/fr\/wp-json\/wp\/v2\/pages\/638\/revisions\/8867"}],"up":[{"embeddable":true,"href":"https:\/\/manoli.ca\/fr\/wp-json\/wp\/v2\/pages\/105"}],"wp:attachment":[{"href":"https:\/\/manoli.ca\/fr\/wp-json\/wp\/v2\/media?parent=638"}],"curies":[{"name":"wp","href":"https:\/\/api.w.org\/{rel}","templated":true}]}}