{"id":60,"date":"2012-01-05T03:16:29","date_gmt":"2012-01-05T03:16:29","guid":{"rendered":"http:\/\/dev.manoli.ca\/?page_id=60"},"modified":"2020-11-23T10:00:46","modified_gmt":"2020-11-23T15:00:46","slug":"t%c3%a9l%c3%a9charger","status":"publish","type":"page","link":"https:\/\/manoli.ca\/fr\/t%c3%a9l%c3%a9charger\/","title":{"rendered":"T\u00e9l\u00e9charger"},"content":{"rendered":"<div>\n<h2>Downloads<\/h2>\n<div class=\"one_fourth\"><h3>Karat\u00e9 et Jiu-Jitsu<\/h3>\n<\/p>\n<ul class=\"wpdm-category\"><li><a  data-e-Disable-Page-Transition=\"true\" class=\"download-link\" title=\"\" href=\"https:\/\/manoli.ca\/fr\/download\/5669\/?tmstv=1775729967\" rel=\"nofollow\" id=\"download-link-5669\" data-redirect=\"false\" >\n\tKarate Pamphlet\t(60525 t\u00e9l\u00e9chargements\t)\n<\/a>\n<\/li><li><a  data-e-Disable-Page-Transition=\"true\" class=\"download-link\" title=\"\" href=\"https:\/\/manoli.ca\/fr\/download\/5665\/?tmstv=1775729967\" rel=\"nofollow\" id=\"download-link-5665\" data-redirect=\"false\" >\n\tKarate Registration Form (Sep-Dec)\t(54214 t\u00e9l\u00e9chargements\t)\n<\/a>\n<\/li><\/ul>\n\t\t\t\t<\/div>\n<div class=\"one_fourth\"><h3>Auto-d\u00e9fense<\/h3>\n<\/p>\n<ul class=\"wpdm-category\"><li><a  data-e-Disable-Page-Transition=\"true\" class=\"download-link\" title=\"\" href=\"https:\/\/manoli.ca\/fr\/download\/5744\/?tmstv=1775729967\" rel=\"nofollow\" id=\"download-link-5744\" data-redirect=\"false\" >\n\tSelf Defence for Women and Teens - What to Expect during the sessions\t(59611 t\u00e9l\u00e9chargements\t)\n<\/a>\n<\/li><li><a  data-e-Disable-Page-Transition=\"true\" class=\"download-link\" title=\"\" href=\"https:\/\/manoli.ca\/fr\/download\/5689\/?tmstv=1775729967\" rel=\"nofollow\" id=\"download-link-5689\" data-redirect=\"false\" >\n\tAuto-d\u00e9fense pour femmes et ados pamphlet\t(51627 t\u00e9l\u00e9chargements\t)\n<\/a>\n<\/li><li><a  data-e-Disable-Page-Transition=\"true\" class=\"download-link\" title=\"\" href=\"https:\/\/manoli.ca\/fr\/download\/5681\/?tmstv=1775729967\" rel=\"nofollow\" id=\"download-link-5681\" data-redirect=\"false\" >\n\tNe soyez pas une victime!\t(47851 t\u00e9l\u00e9chargements\t)\n<\/a>\n<\/li><\/ul>\n\t\t\t\t<\/div>\n<div class=\"one_fourth\"><h3>Arr\u00eate de m&rsquo;intimider<\/h3>\n<\/p>\n<ul class=\"wpdm-category\"><li><a  data-e-Disable-Page-Transition=\"true\" class=\"download-link\" title=\"\" href=\"https:\/\/manoli.ca\/fr\/download\/5713\/?tmstv=1775729967\" rel=\"nofollow\" id=\"download-link-5713\" data-redirect=\"false\" >\n\tArrete de m'Intimider! pamphlet\t(29594 t\u00e9l\u00e9chargements\t)\n<\/a>\n<\/li><li><a  data-e-Disable-Page-Transition=\"true\" class=\"download-link\" title=\"\" href=\"https:\/\/manoli.ca\/fr\/download\/5705\/?tmstv=1775729967\" rel=\"nofollow\" id=\"download-link-5705\" data-redirect=\"false\" >\n\tStatistics and Facts\t(57270 t\u00e9l\u00e9chargements\t)\n<\/a>\n<\/li><\/ul>\n\t\t\t\t<\/div>\n<div class=\"one_fourth last\"><h3>Enfants Alertes<\/h3>\n<\/p>\n<ul class=\"wpdm-category\"><li><a  data-e-Disable-Page-Transition=\"true\" class=\"download-link\" title=\"\" href=\"https:\/\/manoli.ca\/fr\/download\/5697\/?tmstv=1775729967\" rel=\"nofollow\" id=\"download-link-5697\" data-redirect=\"false\" >\n\t\u00c0 l\u2019endroit des enfants\t(12695 t\u00e9l\u00e9chargements\t)\n<\/a>\n<\/li><\/ul>\n\t\t\t\t\n<p><strong><a href=\"http:\/\/manoli.ca\/media_files\/street-smart-pdf\/fr\/\"><div class=\"iconbox iconbox_inline\"><span class=\"iconbox_icon\"><i class=\"icon-book\"><\/i><\/span><div class=\"iconbox_content\"><div class=\"iconbox_desc\">Manuel &lsquo;Enfants Alertes&rsquo;<\/div><\/div><\/div><\/a><\/strong><br \/><\/div><div class=\"clearboth\"><\/div>\n<\/div>\n<div style=\"clear: both;\">\n<p>&nbsp;<br \/>\n<div class=\"three_fourth\"><div id=\"technical\">\n<div class=\"table_style\">\n<table class=\"belts\">\n<tr>\n<th>&nbsp;<\/th>\n<th>\n<h3><strong>Children<\/strong><\/h3>\n<\/th>\n<th>\n<h3><strong>Teens and Adults<\/strong><\/h3>\n<\/th>\n<\/tr>\n<tr>\n<td rowspan=\"8\" class=\"whitebelt\" width=\"240\">\n<h3>Belt Requirements<\/h3>\n<p>Pour acc\u00e9der au t\u00e9l\u00e9chargement des documents SVP contacter :<br \/><a  style=\"color:#000 !important;\" href=\"&#109;&#x61;&#105;&#x6c;&#116;&#x6f;&#58;&#x67;&#109;&#x61;&#110;&#x6f;&#108;&#x69;&#64;&#x76;&#105;&#x64;&#101;&#x6f;&#116;&#x72;&#111;&#x6e;&#46;&#x63;a\">Sensei G. Manoli<\/a><br \/>ou<br \/><a  style=\"color:#000 !important;\" href=\"&#x6d;&#x61;&#x69;&#x6c;&#x74;&#x6f;&#x3a;&#x6d;&#x62;&#x6d;&#x61;&#x72;&#x74;&#x69;&#110;&#49;&#57;&#54;&#53;&#64;&#103;&#109;&#97;&#105;&#108;&#46;com\">Sempai Marc Martin<\/a><\/p>\n<\/td>\n<tr>\n<td class=\"whtyelbelt\"><a href=\"\/downloads\/white-belt-7th-kyu-children\">Blanc-Jaune<\/a><\/td>\n<td class=\"whitebelt\"><\/td>\n<\/tr>\n<td class=\"yellowbelt\"><a href=\"\/downloads\/yellow-belt-6th-kyu-children\">Jaune (6th Kyu)<\/a><\/td>\n<td class=\"yellowbelt\"><a href=\"\/downloads\/white-belt-6th-kyu-teens-adult\">Jaune (6th Kyu)<\/a><\/td>\n<\/tr>\n<tr>\n<td class=\"orangebelt\"><a href=\"\/downloads\/orange-belt-5th-kyu-children\">Orange (5th Kyu)<\/a><\/td>\n<td class=\"orangebelt\"><a href=\"\/downloads\/orange-belt-5th-kyu-teens-adults\">Orange (5th Kyu)<\/a><\/td>\n<\/tr>\n<tr>\n<td class=\"greenbelt\"><a href=\"\/downloads\/green-belt-4th-kyu-children\">Vert (4th Kyu)<\/a><\/td>\n<td class=\"greenbelt\"><a href=\"\/downloads\/green-belt-4th-kyu-teens-adults\">Green (4th Kyu)<\/a><\/td>\n<\/tr>\n<tr>\n<td class=\"greenbelt\"><a href=\"\/downloads\/green-belt-3rd-kyu-children\"> Vert (3rd Kyu)<\/a><\/td>\n<td class=\"greenbelt\"><a href=\"\/downloads\/green-belt-3rd-kyu-teens-adults\">Green (3rd Kyu)<\/a><\/td>\n<\/tr>\n<tr>\n<td class=\"brownbelt\"><a href=\"\/downloads\/brown-belt-2nd-kyu-children\/\">Brun (2nd Kyu)<\/a><\/td>\n<td class=\"brownbelt\"><a href=\"\/downloads\/brown-belt-2nd-kyu-teen-adult\/\">Brun (2nd Kyu)<\/a><\/td>\n<\/tr>\n<tr>\n<td class=\"whitebelt\">&nbsp;<\/td>\n<td class=\"brownbelt\"><a href=\"\/downloads\/brown-belt-material-2nd-kyu-adult\/\">Brun (1st Kyu)<\/a><\/td>\n<\/tr>\n<\/table>\n<\/div>\n<\/div><\/div>\n<div class=\"one_fourth last\"><h4>Autre t\u00e9l\u00e9chargements<\/h4>\n<\/div><div class=\"clearboth\"><\/div>\n<\/div>\n<h3>Related Images:<\/h3>","protected":false},"excerpt":{"rendered":"<p>Downloads &nbsp; Related Images:<\/p>\n","protected":false},"author":1,"featured_media":0,"parent":0,"menu_order":0,"comment_status":"closed","ping_status":"open","template":"template_fullwidth.php","meta":{"ngg_post_thumbnail":0,"footnotes":""},"class_list":["post-60","page","type-page","status-publish","hentry"],"yoast_head":"<!-- This site is optimized with the Yoast SEO plugin v27.2 - https:\/\/yoast.com\/product\/yoast-seo-wordpress\/ -->\n<title>T\u00e9l\u00e9charger - George Manoli Inc<\/title>\n<meta name=\"robots\" content=\"index, follow, max-snippet:-1, max-image-preview:large, max-video-preview:-1\" \/>\n<link rel=\"canonical\" href=\"https:\/\/manoli.ca\/fr\/t\u00e9l\u00e9charger\/\" \/>\n<meta property=\"og:locale\" content=\"fr_FR\" \/>\n<meta property=\"og:type\" content=\"article\" \/>\n<meta property=\"og:title\" content=\"T\u00e9l\u00e9charger - George Manoli Inc\" \/>\n<meta property=\"og:description\" content=\"Downloads &nbsp; Related Images:\" \/>\n<meta property=\"og:url\" content=\"https:\/\/manoli.ca\/fr\/t\u00e9l\u00e9charger\/\" \/>\n<meta property=\"og:site_name\" content=\"George Manoli Inc\" \/>\n<meta property=\"article:modified_time\" content=\"2020-11-23T15:00:46+00:00\" \/>\n<meta property=\"og:image\" content=\"https:\/\/manoli.ca\/wp-content\/uploads\/2015\/12\/Red-Barn-Logo-250-1.png\" \/>\n\t<meta property=\"og:image:width\" content=\"250\" \/>\n\t<meta property=\"og:image:height\" content=\"250\" \/>\n\t<meta property=\"og:image:type\" content=\"image\/png\" \/>\n<meta name=\"twitter:card\" content=\"summary_large_image\" \/>\n<meta name=\"twitter:site\" content=\"@tokondojo\" \/>\n<meta name=\"twitter:label1\" content=\"Dur\u00e9e de lecture estim\u00e9e\" \/>\n\t<meta name=\"twitter:data1\" content=\"1 minute\" \/>\n<script type=\"application\/ld+json\" class=\"yoast-schema-graph\">{\"@context\":\"https:\/\/schema.org\",\"@graph\":[{\"@type\":\"WebPage\",\"@id\":\"https:\/\/manoli.ca\/fr\/t%c3%a9l%c3%a9charger\/\",\"url\":\"https:\/\/manoli.ca\/fr\/t%c3%a9l%c3%a9charger\/\",\"name\":\"T\u00e9l\u00e9charger - George Manoli Inc\",\"isPartOf\":{\"@id\":\"https:\/\/manoli.ca\/#website\"},\"datePublished\":\"2012-01-05T03:16:29+00:00\",\"dateModified\":\"2020-11-23T15:00:46+00:00\",\"breadcrumb\":{\"@id\":\"https:\/\/manoli.ca\/fr\/t%c3%a9l%c3%a9charger\/#breadcrumb\"},\"inLanguage\":\"fr-FR\",\"potentialAction\":[{\"@type\":\"ReadAction\",\"target\":[\"https:\/\/manoli.ca\/fr\/t%c3%a9l%c3%a9charger\/\"]}]},{\"@type\":\"BreadcrumbList\",\"@id\":\"https:\/\/manoli.ca\/fr\/t%c3%a9l%c3%a9charger\/#breadcrumb\",\"itemListElement\":[{\"@type\":\"ListItem\",\"position\":1,\"name\":\"Home\",\"item\":\"https:\/\/manoli.ca\/fr\/\"},{\"@type\":\"ListItem\",\"position\":2,\"name\":\"T\u00e9l\u00e9charger\"}]},{\"@type\":\"WebSite\",\"@id\":\"https:\/\/manoli.ca\/#website\",\"url\":\"https:\/\/manoli.ca\/\",\"name\":\"George Manoli Inc\",\"description\":\"\",\"potentialAction\":[{\"@type\":\"SearchAction\",\"target\":{\"@type\":\"EntryPoint\",\"urlTemplate\":\"https:\/\/manoli.ca\/?s={search_term_string}\"},\"query-input\":{\"@type\":\"PropertyValueSpecification\",\"valueRequired\":true,\"valueName\":\"search_term_string\"}}],\"inLanguage\":\"fr-FR\"}]}<\/script>\n<!-- \/ Yoast SEO plugin. -->","yoast_head_json":{"title":"T\u00e9l\u00e9charger - George Manoli Inc","robots":{"index":"index","follow":"follow","max-snippet":"max-snippet:-1","max-image-preview":"max-image-preview:large","max-video-preview":"max-video-preview:-1"},"canonical":"https:\/\/manoli.ca\/fr\/t\u00e9l\u00e9charger\/","og_locale":"fr_FR","og_type":"article","og_title":"T\u00e9l\u00e9charger - George Manoli Inc","og_description":"Downloads &nbsp; Related Images:","og_url":"https:\/\/manoli.ca\/fr\/t\u00e9l\u00e9charger\/","og_site_name":"George Manoli Inc","article_modified_time":"2020-11-23T15:00:46+00:00","og_image":[{"width":250,"height":250,"url":"https:\/\/manoli.ca\/wp-content\/uploads\/2015\/12\/Red-Barn-Logo-250-1.png","type":"image\/png"}],"twitter_card":"summary_large_image","twitter_site":"@tokondojo","twitter_misc":{"Dur\u00e9e de lecture estim\u00e9e":"1 minute"},"schema":{"@context":"https:\/\/schema.org","@graph":[{"@type":"WebPage","@id":"https:\/\/manoli.ca\/fr\/t%c3%a9l%c3%a9charger\/","url":"https:\/\/manoli.ca\/fr\/t%c3%a9l%c3%a9charger\/","name":"T\u00e9l\u00e9charger - George Manoli Inc","isPartOf":{"@id":"https:\/\/manoli.ca\/#website"},"datePublished":"2012-01-05T03:16:29+00:00","dateModified":"2020-11-23T15:00:46+00:00","breadcrumb":{"@id":"https:\/\/manoli.ca\/fr\/t%c3%a9l%c3%a9charger\/#breadcrumb"},"inLanguage":"fr-FR","potentialAction":[{"@type":"ReadAction","target":["https:\/\/manoli.ca\/fr\/t%c3%a9l%c3%a9charger\/"]}]},{"@type":"BreadcrumbList","@id":"https:\/\/manoli.ca\/fr\/t%c3%a9l%c3%a9charger\/#breadcrumb","itemListElement":[{"@type":"ListItem","position":1,"name":"Home","item":"https:\/\/manoli.ca\/fr\/"},{"@type":"ListItem","position":2,"name":"T\u00e9l\u00e9charger"}]},{"@type":"WebSite","@id":"https:\/\/manoli.ca\/#website","url":"https:\/\/manoli.ca\/","name":"George Manoli Inc","description":"","potentialAction":[{"@type":"SearchAction","target":{"@type":"EntryPoint","urlTemplate":"https:\/\/manoli.ca\/?s={search_term_string}"},"query-input":{"@type":"PropertyValueSpecification","valueRequired":true,"valueName":"search_term_string"}}],"inLanguage":"fr-FR"}]}},"_links":{"self":[{"href":"https:\/\/manoli.ca\/fr\/wp-json\/wp\/v2\/pages\/60","targetHints":{"allow":["GET"]}}],"collection":[{"href":"https:\/\/manoli.ca\/fr\/wp-json\/wp\/v2\/pages"}],"about":[{"href":"https:\/\/manoli.ca\/fr\/wp-json\/wp\/v2\/types\/page"}],"author":[{"embeddable":true,"href":"https:\/\/manoli.ca\/fr\/wp-json\/wp\/v2\/users\/1"}],"replies":[{"embeddable":true,"href":"https:\/\/manoli.ca\/fr\/wp-json\/wp\/v2\/comments?post=60"}],"version-history":[{"count":26,"href":"https:\/\/manoli.ca\/fr\/wp-json\/wp\/v2\/pages\/60\/revisions"}],"predecessor-version":[{"id":5768,"href":"https:\/\/manoli.ca\/fr\/wp-json\/wp\/v2\/pages\/60\/revisions\/5768"}],"wp:attachment":[{"href":"https:\/\/manoli.ca\/fr\/wp-json\/wp\/v2\/media?parent=60"}],"curies":[{"name":"wp","href":"https:\/\/api.w.org\/{rel}","templated":true}]}}