{"id":5453,"date":"2019-02-12T22:05:32","date_gmt":"2019-02-12T22:05:32","guid":{"rendered":"https:\/\/manoli.ca\/?page_id=5453"},"modified":"2020-11-23T09:59:24","modified_gmt":"2020-11-23T14:59:24","slug":"temoinages","status":"publish","type":"page","link":"https:\/\/manoli.ca\/fr\/apropos\/temoinages\/","title":{"rendered":"T\u00e9moinages"},"content":{"rendered":"<div id=\"blog_988\"><article id=\"post-8191\" class=\"hentry entry entry_full\"><div class=\"entry_info\"><h2 class=\"entry_title entry-title\"><a href=\"https:\/\/manoli.ca\/fr\/self-defence-testimonial-oct-2025\/\" rel=\"bookmark\" title=\"Lien permanent pour Self-defence testimonial &#8211; Oct 2025\">Self-defence testimonial &#8211; Oct 2025<\/a><\/h2><\/div><div class=\"entry_content entry-content\"><p>I originally looked into traditional self defense and martial arts classes and though the pricing seemed fine, there wasn&rsquo;t much explanation of what was going to be learned. So I kept looking and eventually stumbled onto Manoli&rsquo;s website.<\/p>\n<p>Though the idea of having my daughter being in any type of aggression simulations did not appeal to me, the thought that she wouldn&rsquo;t be able to defend herself against a real aggression is obviously a million times worst.<\/p>\n<p>I didn&rsquo;t really know what to expect, but his real life experiences as a police officer and a self defense simulator for police officers and the public alike was a determinant in my decision.<\/p>\n<p>Now at the end of my daughter&rsquo;s classes and having witnessed each class, I am more at ease with having her travel locally and abroad as a dancer. She I now better aware of how to avoid iffy situations but if an agression situation happens, she has reflexes she can count on to keep herself as safe as she can, and that&rsquo;s what I wanted for her from the beginning.<\/p>\n<p>These classes are neither fun to witness nor fun to live through, but my daughter did confirm she felt she acted more on instinct at the end than at the beginning, so well worth all the time, bruises, effort and money. Thank you George!<\/p>\n<p>Again, thank you very much. I learned a lot too!<br \/>\n&#8212;<br \/>\nAndr\u00e9e<\/p>\n<h3>Related Images:<\/h3><\/div><\/article><article id=\"post-8151\" class=\"hentry entry entry_full\"><div class=\"entry_info\"><h2 class=\"entry_title entry-title\"><a href=\"https:\/\/manoli.ca\/fr\/royal-west-academy-april-2025\/\" rel=\"bookmark\" title=\"Lien permanent pour Royal West Academy &#8211; April 2025\">Royal West Academy &#8211; April 2025<\/a><\/h2><\/div><div class=\"entry_content entry-content\"><p>Good morning George,<\/p>\n<p>Thank you and your team for another great session! The students learned so much and came out feeling empowered. If possible please email me the pictures so we can add them to our yearbook.&nbsp;<\/p>\n<p>Best Regards,<\/p>\n<p>Anita<\/p>\n<h3>Related Images:<\/h3><\/div><\/article><article id=\"post-8035\" class=\"hentry entry entry_full\"><div class=\"entry_info\"><h2 class=\"entry_title entry-title\"><a href=\"https:\/\/manoli.ca\/fr\/cliente-de-livac-nov-2024\/\" rel=\"bookmark\" title=\"Lien permanent pour Cliente de l\u2019IVAC &#8211; Nov. 2024\">Cliente de l\u2019IVAC &#8211; Nov. 2024<\/a><\/h2><\/div><div class=\"entry_content entry-content\"><p>Merci George et Nicolas,<\/p>\n<p>Quand j&rsquo;ai commenc\u00e9 cette exp\u00e9rience, je n&rsquo;\u00e9tais m\u00eame pas capable que quelqu&rsquo;un m&rsquo;approche, je figeais, je paniquais. Je suis sorti du premier cours en me disant que j&rsquo;allais tout abandonner, que c&rsquo;\u00e9tait trop pour moi.<\/p>\n<p>Mais avec le professionnalisme de Nicolas qui m&rsquo;a appris de cours en cours \u00e0 reprendre confiance en moi, \u00e0 d\u00e9velopper des strat\u00e9gies pour me d\u00e9fendre, \u00e0 me d\u00e9passer et \u00e0 surmonter mes peurs, j&rsquo;ai r\u00e9ussi \u00e0 avancer, \u00e0 reprendre un certain contr\u00f4le sur moi, je sors de cette exp\u00e9rience grandie et avec un grand sentiment de fiert\u00e9.&nbsp;<\/p>\n<p>Je ne vous dirai jamais assez merci. Continuez ce que vous faites, vous faites la diff\u00e9rence dans la vie de biens des gens.&nbsp;<\/p>\n<p>Marilou<\/p>\n<p>Et merci \u00e0 Nicolas de m&rsquo;avoir permis de filmer le dernier cours. \u00c7a me fait un beau souvenir pour me rappeler ce dont je suis capable. Je vous l&rsquo;envoie ci-joint, \u00e7a montre toute la progression par rapport au premier cours. Merci.&nbsp;<\/p>\n<p>Marilou<\/p>\n<h3>Related Images:<\/h3><\/div><\/article><div class=\"wp-pagenavi\">\n<span class=\"current\">1<\/span><a href=\"https:\/\/manoli.ca\/fr\/wp-json\/wp\/v2\/pages\/5453\/page\/2\/\" class=\"page larger\" title=\"2\">2<\/a><a href=\"https:\/\/manoli.ca\/fr\/wp-json\/wp\/v2\/pages\/5453\/page\/3\/\" class=\"page larger\" title=\"3\">3<\/a><a href=\"https:\/\/manoli.ca\/fr\/wp-json\/wp\/v2\/pages\/5453\/page\/4\/\" class=\"page larger\" title=\"4\">4<\/a><span class=\"extend\">...<\/span><a href=\"https:\/\/manoli.ca\/fr\/wp-json\/wp\/v2\/pages\/5453\/page\/10\/\" class=\"larger page\" title=\"10\">10<\/a><span class=\"extend\">...<\/span><a class=\"nextpostslink\" rel=\"next\" href=\"https:\/\/manoli.ca\/fr\/wp-json\/wp\/v2\/pages\/5453\/page\/2\/\" title=\"&raquo; Next Page\"><i class=\"icon icon_angle-right-navi\"><\/i><\/a><a href=\"https:\/\/manoli.ca\/fr\/wp-json\/wp\/v2\/pages\/5453\/page\/12\/\" class=\"last\" title=\"Last Page &raquo;\"><i class=\"icon icon_angle-double-right\"><\/i><\/a><\/div>\n<\/div>\n<h3>Related Images:<\/h3>","protected":false},"excerpt":{"rendered":"<p>Related Images:<\/p>\n","protected":false},"author":1,"featured_media":0,"parent":85,"menu_order":0,"comment_status":"closed","ping_status":"closed","template":"template_fullwidth.php","meta":{"ngg_post_thumbnail":0,"footnotes":""},"class_list":["post-5453","page","type-page","status-publish","hentry"],"yoast_head":"<!-- This site is optimized with the Yoast SEO plugin v27.2 - https:\/\/yoast.com\/product\/yoast-seo-wordpress\/ -->\n<title>T\u00e9moinages - George Manoli Inc<\/title>\n<meta name=\"robots\" content=\"index, follow, max-snippet:-1, max-image-preview:large, max-video-preview:-1\" \/>\n<link rel=\"canonical\" href=\"https:\/\/manoli.ca\/fr\/apropos\/temoinages\/\" \/>\n<meta property=\"og:locale\" content=\"fr_FR\" \/>\n<meta property=\"og:type\" content=\"article\" \/>\n<meta property=\"og:title\" content=\"T\u00e9moinages - George Manoli Inc\" \/>\n<meta property=\"og:description\" content=\"Related Images:\" \/>\n<meta property=\"og:url\" content=\"https:\/\/manoli.ca\/fr\/apropos\/temoinages\/\" \/>\n<meta property=\"og:site_name\" content=\"George Manoli Inc\" \/>\n<meta property=\"article:modified_time\" content=\"2020-11-23T14:59:24+00:00\" \/>\n<meta property=\"og:image\" content=\"https:\/\/manoli.ca\/wp-content\/uploads\/2015\/12\/Red-Barn-Logo-250-1.png\" \/>\n\t<meta property=\"og:image:width\" content=\"250\" \/>\n\t<meta property=\"og:image:height\" content=\"250\" \/>\n\t<meta property=\"og:image:type\" content=\"image\/png\" \/>\n<meta name=\"twitter:card\" content=\"summary_large_image\" \/>\n<meta name=\"twitter:site\" content=\"@tokondojo\" \/>\n<script type=\"application\/ld+json\" class=\"yoast-schema-graph\">{\"@context\":\"https:\/\/schema.org\",\"@graph\":[{\"@type\":\"WebPage\",\"@id\":\"https:\/\/manoli.ca\/fr\/apropos\/temoinages\/\",\"url\":\"https:\/\/manoli.ca\/fr\/apropos\/temoinages\/\",\"name\":\"T\u00e9moinages - George Manoli Inc\",\"isPartOf\":{\"@id\":\"https:\/\/manoli.ca\/fr\/#website\"},\"datePublished\":\"2019-02-12T22:05:32+00:00\",\"dateModified\":\"2020-11-23T14:59:24+00:00\",\"breadcrumb\":{\"@id\":\"https:\/\/manoli.ca\/fr\/apropos\/temoinages\/#breadcrumb\"},\"inLanguage\":\"fr-FR\",\"potentialAction\":[{\"@type\":\"ReadAction\",\"target\":[\"https:\/\/manoli.ca\/fr\/apropos\/temoinages\/\"]}]},{\"@type\":\"BreadcrumbList\",\"@id\":\"https:\/\/manoli.ca\/fr\/apropos\/temoinages\/#breadcrumb\",\"itemListElement\":[{\"@type\":\"ListItem\",\"position\":1,\"name\":\"Home\",\"item\":\"https:\/\/manoli.ca\/fr\/\"},{\"@type\":\"ListItem\",\"position\":2,\"name\":\"Apropos\",\"item\":\"https:\/\/manoli.ca\/fr\/apropos\/\"},{\"@type\":\"ListItem\",\"position\":3,\"name\":\"T\u00e9moinages\"}]},{\"@type\":\"WebSite\",\"@id\":\"https:\/\/manoli.ca\/fr\/#website\",\"url\":\"https:\/\/manoli.ca\/fr\/\",\"name\":\"George Manoli Inc\",\"description\":\"\",\"potentialAction\":[{\"@type\":\"SearchAction\",\"target\":{\"@type\":\"EntryPoint\",\"urlTemplate\":\"https:\/\/manoli.ca\/fr\/?s={search_term_string}\"},\"query-input\":{\"@type\":\"PropertyValueSpecification\",\"valueRequired\":true,\"valueName\":\"search_term_string\"}}],\"inLanguage\":\"fr-FR\"}]}<\/script>\n<!-- \/ Yoast SEO plugin. -->","yoast_head_json":{"title":"T\u00e9moinages - George Manoli Inc","robots":{"index":"index","follow":"follow","max-snippet":"max-snippet:-1","max-image-preview":"max-image-preview:large","max-video-preview":"max-video-preview:-1"},"canonical":"https:\/\/manoli.ca\/fr\/apropos\/temoinages\/","og_locale":"fr_FR","og_type":"article","og_title":"T\u00e9moinages - George Manoli Inc","og_description":"Related Images:","og_url":"https:\/\/manoli.ca\/fr\/apropos\/temoinages\/","og_site_name":"George Manoli Inc","article_modified_time":"2020-11-23T14:59:24+00:00","og_image":[{"width":250,"height":250,"url":"https:\/\/manoli.ca\/wp-content\/uploads\/2015\/12\/Red-Barn-Logo-250-1.png","type":"image\/png"}],"twitter_card":"summary_large_image","twitter_site":"@tokondojo","schema":{"@context":"https:\/\/schema.org","@graph":[{"@type":"WebPage","@id":"https:\/\/manoli.ca\/fr\/apropos\/temoinages\/","url":"https:\/\/manoli.ca\/fr\/apropos\/temoinages\/","name":"T\u00e9moinages - George Manoli Inc","isPartOf":{"@id":"https:\/\/manoli.ca\/fr\/#website"},"datePublished":"2019-02-12T22:05:32+00:00","dateModified":"2020-11-23T14:59:24+00:00","breadcrumb":{"@id":"https:\/\/manoli.ca\/fr\/apropos\/temoinages\/#breadcrumb"},"inLanguage":"fr-FR","potentialAction":[{"@type":"ReadAction","target":["https:\/\/manoli.ca\/fr\/apropos\/temoinages\/"]}]},{"@type":"BreadcrumbList","@id":"https:\/\/manoli.ca\/fr\/apropos\/temoinages\/#breadcrumb","itemListElement":[{"@type":"ListItem","position":1,"name":"Home","item":"https:\/\/manoli.ca\/fr\/"},{"@type":"ListItem","position":2,"name":"Apropos","item":"https:\/\/manoli.ca\/fr\/apropos\/"},{"@type":"ListItem","position":3,"name":"T\u00e9moinages"}]},{"@type":"WebSite","@id":"https:\/\/manoli.ca\/fr\/#website","url":"https:\/\/manoli.ca\/fr\/","name":"George Manoli Inc","description":"","potentialAction":[{"@type":"SearchAction","target":{"@type":"EntryPoint","urlTemplate":"https:\/\/manoli.ca\/fr\/?s={search_term_string}"},"query-input":{"@type":"PropertyValueSpecification","valueRequired":true,"valueName":"search_term_string"}}],"inLanguage":"fr-FR"}]}},"_links":{"self":[{"href":"https:\/\/manoli.ca\/fr\/wp-json\/wp\/v2\/pages\/5453","targetHints":{"allow":["GET"]}}],"collection":[{"href":"https:\/\/manoli.ca\/fr\/wp-json\/wp\/v2\/pages"}],"about":[{"href":"https:\/\/manoli.ca\/fr\/wp-json\/wp\/v2\/types\/page"}],"author":[{"embeddable":true,"href":"https:\/\/manoli.ca\/fr\/wp-json\/wp\/v2\/users\/1"}],"replies":[{"embeddable":true,"href":"https:\/\/manoli.ca\/fr\/wp-json\/wp\/v2\/comments?post=5453"}],"version-history":[{"count":2,"href":"https:\/\/manoli.ca\/fr\/wp-json\/wp\/v2\/pages\/5453\/revisions"}],"predecessor-version":[{"id":5530,"href":"https:\/\/manoli.ca\/fr\/wp-json\/wp\/v2\/pages\/5453\/revisions\/5530"}],"up":[{"embeddable":true,"href":"https:\/\/manoli.ca\/fr\/wp-json\/wp\/v2\/pages\/85"}],"wp:attachment":[{"href":"https:\/\/manoli.ca\/fr\/wp-json\/wp\/v2\/media?parent=5453"}],"curies":[{"name":"wp","href":"https:\/\/api.w.org\/{rel}","templated":true}]}}