{"id":52,"date":"2012-01-05T03:08:40","date_gmt":"2012-01-05T03:08:40","guid":{"rendered":"http:\/\/dev.manoli.ca\/?page_id=52"},"modified":"2025-02-16T14:16:36","modified_gmt":"2025-02-16T19:16:36","slug":"acceuil","status":"publish","type":"page","link":"https:\/\/manoli.ca\/fr\/","title":{"rendered":"Accueil"},"content":{"rendered":"<h3>Depuis 1982 &#8211; Formation en s\u00e9curit\u00e9 personnelle avec simulations d&rsquo;agressions. Cours &amp; atelier priv\u00e9 ou en groupe:<\/h3>\n<p>&nbsp;<\/p>\n<div class=\"hp_manoli_buttons\">\n<div class=\"one_third\"><div style=\"text-align: center;\">\n<h3><a href=\"\/fr\/cours\/club-de-karate\/\">Karat\u00e9, Jiu-Jitsu &amp;<\/a><\/h3>\n<h3><a href=\"\/fr\/cours\/club-de-karate\/\">Contrer l&rsquo;intimidation<\/a><\/h3>\n<p><a href=\"\/fr\/cours\/club-de-karate\/\"><strong>Cours parents\/enfants, ados &amp; adultes Trouble d&rsquo;apprentissage\/comportement<\/strong><\/a><br \/>\n<a href=\"\/fr\/cours\/club-de-karate\/\"><img decoding=\"async\" class=\"alignnone size-full wp-image-414\" title=\"Karate &amp; Jiu-Jitsu\" src=\"\/wp-content\/uploads\/2012\/01\/karate.gif\" alt=\"\" width=\"220\" height=\"220\" srcset=\"https:\/\/manoli.ca\/wp-content\/uploads\/2012\/01\/karate.gif 220w, https:\/\/manoli.ca\/wp-content\/uploads\/2012\/01\/karate-150x150.gif 150w\" sizes=\"(max-width: 220px) 100vw, 220px\" \/><\/a><\/p>\n<\/div><\/div>\n<div class=\"one_third\"><div style=\"text-align: center;\">\n<h3><a href=\"\/fr\/cours\/autodefense\/\">Auto-d\u00e9fense avec <\/a><\/h3>\n<h3><a href=\"\/fr\/cours\/autodefense\/\">simulations d&rsquo;agressions<\/a><\/h3>\n<p><a href=\"\/fr\/cours\/autodefense\/\"><strong>Clients<\/strong> <strong>IVAC &amp; CNESST; Femmes, <\/strong><\/a><strong><a href=\"\/fr\/cours\/autodefense\/\">Adolescents (filles\/gar\u00e7ons) &amp; enfants <\/a><\/strong><br \/>\n<a href=\"\/fr\/cours\/autodefense\/\"><img decoding=\"async\" class=\"alignnone size-full wp-image-412\" title=\"Self-defense for women\" src=\"\/wp-content\/uploads\/2012\/01\/self-defense.gif\" alt=\"\" width=\"220\" height=\"220\" srcset=\"https:\/\/manoli.ca\/wp-content\/uploads\/2012\/01\/self-defense.gif 220w, https:\/\/manoli.ca\/wp-content\/uploads\/2012\/01\/self-defense-150x150.gif 150w\" sizes=\"(max-width: 220px) 100vw, 220px\" \/><\/a><\/p>\n<\/div><\/div>\n<div class=\"one_third last\"><div style=\"text-align: center;\">\n<h3><a href=\"\/fr\/cours\/intimidation\/\">Arr\u00eate de m\u2019intimider! &amp;<\/a><\/h3>\n<h3><a href=\"\/fr\/cours\/intimidation\/\">Affirmation de soi<\/a><\/h3>\n<p><strong><a href=\"\/fr\/cours\/intimidation\/\">Se tenir debout &#8211; confiance &amp; assurance <\/a><\/strong><a href=\"\/fr\/cours\/intimidation\/\"><strong>Enfants, Ados &amp; Adultes.<\/strong> <\/a><br \/>\n<a href=\"\/fr\/cours\/intimidation\/\"><img decoding=\"async\" class=\"alignnone size-full wp-image-408\" title=\"Anti Bullying - Don't Bully me!\" src=\"\/wp-content\/uploads\/2012\/01\/anit-bullying.gif\" alt=\"\" width=\"220\" height=\"220\" srcset=\"https:\/\/manoli.ca\/wp-content\/uploads\/2012\/01\/anit-bullying.gif 220w, https:\/\/manoli.ca\/wp-content\/uploads\/2012\/01\/anit-bullying-150x150.gif 150w\" sizes=\"(max-width: 220px) 100vw, 220px\" \/><\/a><\/p>\n<\/div><\/div><div class=\"clearboth\"><\/div>\n<div class=\"one_half\"><div style=\"text-align: center;\">\n<h3>T\u00e9l\u00e9chargement gratuit<\/h3>\n<p><a href=\"\/media_files\/street-smart-pdf\/fr\/\"><strong>Manuel &lsquo;Enfants Alertes&rsquo; pour parents &amp; enfants<\/strong><br \/>\n<strong>(180 pages)<\/strong><\/a><\/p>\n<div class=\"clearboth\">&nbsp;<\/div>\n<\/div><\/div>\n<div class=\"one_half last\"><div style=\"text-align: center;\">\n<h3>Mat\u00e9riels techniques<\/h3>\n<p><a href=\"\/downloads\/\"><strong>Club de Karat\u00e9 &#8211; Beaconsfield<\/strong><br \/>\n<strong>Kata, Kumit\u00e9 &amp; techniques de base<\/strong><\/a><\/p>\n<div class=\"clearboth\">&nbsp;<\/div>\n<\/div><\/div><div class=\"clearboth\"><\/div>\n[quotcoll orderby=\u00a0\u00bbrandom\u00a0\u00bb limit=1]\n<\/div>\n<h3>Related Images:<\/h3>","protected":false},"excerpt":{"rendered":"<p>Depuis 1982 &#8211; Formation en s\u00e9curit\u00e9 personnelle avec simulations d&rsquo;agressions. Cours &amp; atelier priv\u00e9 ou en groupe: &nbsp; [quotcoll orderby=\u00a0\u00bbrandom\u00a0\u00bb limit=1] Related Images:<\/p>\n","protected":false},"author":1,"featured_media":0,"parent":0,"menu_order":0,"comment_status":"closed","ping_status":"closed","template":"","meta":{"ngg_post_thumbnail":0,"footnotes":""},"class_list":["post-52","page","type-page","status-publish","hentry"],"yoast_head":"<!-- This site is optimized with the Yoast SEO plugin v27.2 - https:\/\/yoast.com\/product\/yoast-seo-wordpress\/ -->\n<title>Accueil - George Manoli Inc<\/title>\n<meta name=\"robots\" content=\"index, follow, max-snippet:-1, max-image-preview:large, max-video-preview:-1\" \/>\n<link rel=\"canonical\" href=\"https:\/\/manoli.ca\/fr\/\" \/>\n<meta property=\"og:locale\" content=\"fr_FR\" \/>\n<meta property=\"og:type\" content=\"article\" \/>\n<meta property=\"og:title\" content=\"Accueil - George Manoli Inc\" \/>\n<meta property=\"og:description\" content=\"Depuis 1982 &#8211; Formation en s\u00e9curit\u00e9 personnelle avec simulations d&rsquo;agressions. Cours &amp; atelier priv\u00e9 ou en groupe: &nbsp; [quotcoll orderby=\u00a0\u00bbrandom\u00a0\u00bb limit=1] Related Images:\" \/>\n<meta property=\"og:url\" content=\"https:\/\/manoli.ca\/fr\/\" \/>\n<meta property=\"og:site_name\" content=\"George Manoli Inc\" \/>\n<meta property=\"article:modified_time\" content=\"2025-02-16T19:16:36+00:00\" \/>\n<meta property=\"og:image\" content=\"https:\/\/manoli.ca\/wp-content\/uploads\/2015\/12\/Red-Barn-Logo-250-1.png\" \/>\n\t<meta property=\"og:image:width\" content=\"250\" \/>\n\t<meta property=\"og:image:height\" content=\"250\" \/>\n\t<meta property=\"og:image:type\" content=\"image\/png\" \/>\n<meta name=\"twitter:card\" content=\"summary_large_image\" \/>\n<meta name=\"twitter:site\" content=\"@tokondojo\" \/>\n<meta name=\"twitter:label1\" content=\"Dur\u00e9e de lecture estim\u00e9e\" \/>\n\t<meta name=\"twitter:data1\" content=\"1 minute\" \/>\n<script type=\"application\/ld+json\" class=\"yoast-schema-graph\">{\"@context\":\"https:\/\/schema.org\",\"@graph\":[{\"@type\":\"WebPage\",\"@id\":\"https:\/\/manoli.ca\/fr\/\",\"url\":\"https:\/\/manoli.ca\/fr\/\",\"name\":\"Accueil - George Manoli Inc\",\"isPartOf\":{\"@id\":\"https:\/\/manoli.ca\/fr\/#website\"},\"datePublished\":\"2012-01-05T03:08:40+00:00\",\"dateModified\":\"2025-02-16T19:16:36+00:00\",\"breadcrumb\":{\"@id\":\"https:\/\/manoli.ca\/fr\/#breadcrumb\"},\"inLanguage\":\"fr-FR\",\"potentialAction\":[{\"@type\":\"ReadAction\",\"target\":[\"https:\/\/manoli.ca\/fr\/\"]}]},{\"@type\":\"BreadcrumbList\",\"@id\":\"https:\/\/manoli.ca\/fr\/#breadcrumb\",\"itemListElement\":[{\"@type\":\"ListItem\",\"position\":1,\"name\":\"Home\",\"item\":\"https:\/\/manoli.ca\/fr\/\"},{\"@type\":\"ListItem\",\"position\":2,\"name\":\"Accueil\"}]},{\"@type\":\"WebSite\",\"@id\":\"https:\/\/manoli.ca\/fr\/#website\",\"url\":\"https:\/\/manoli.ca\/fr\/\",\"name\":\"George Manoli Inc\",\"description\":\"\",\"potentialAction\":[{\"@type\":\"SearchAction\",\"target\":{\"@type\":\"EntryPoint\",\"urlTemplate\":\"https:\/\/manoli.ca\/fr\/?s={search_term_string}\"},\"query-input\":{\"@type\":\"PropertyValueSpecification\",\"valueRequired\":true,\"valueName\":\"search_term_string\"}}],\"inLanguage\":\"fr-FR\"}]}<\/script>\n<!-- \/ Yoast SEO plugin. -->","yoast_head_json":{"title":"Accueil - George Manoli Inc","robots":{"index":"index","follow":"follow","max-snippet":"max-snippet:-1","max-image-preview":"max-image-preview:large","max-video-preview":"max-video-preview:-1"},"canonical":"https:\/\/manoli.ca\/fr\/","og_locale":"fr_FR","og_type":"article","og_title":"Accueil - George Manoli Inc","og_description":"Depuis 1982 &#8211; Formation en s\u00e9curit\u00e9 personnelle avec simulations d&rsquo;agressions. Cours &amp; atelier priv\u00e9 ou en groupe: &nbsp; [quotcoll orderby=\u00a0\u00bbrandom\u00a0\u00bb limit=1] Related Images:","og_url":"https:\/\/manoli.ca\/fr\/","og_site_name":"George Manoli Inc","article_modified_time":"2025-02-16T19:16:36+00:00","og_image":[{"width":250,"height":250,"url":"https:\/\/manoli.ca\/wp-content\/uploads\/2015\/12\/Red-Barn-Logo-250-1.png","type":"image\/png"}],"twitter_card":"summary_large_image","twitter_site":"@tokondojo","twitter_misc":{"Dur\u00e9e de lecture estim\u00e9e":"1 minute"},"schema":{"@context":"https:\/\/schema.org","@graph":[{"@type":"WebPage","@id":"https:\/\/manoli.ca\/fr\/","url":"https:\/\/manoli.ca\/fr\/","name":"Accueil - George Manoli Inc","isPartOf":{"@id":"https:\/\/manoli.ca\/fr\/#website"},"datePublished":"2012-01-05T03:08:40+00:00","dateModified":"2025-02-16T19:16:36+00:00","breadcrumb":{"@id":"https:\/\/manoli.ca\/fr\/#breadcrumb"},"inLanguage":"fr-FR","potentialAction":[{"@type":"ReadAction","target":["https:\/\/manoli.ca\/fr\/"]}]},{"@type":"BreadcrumbList","@id":"https:\/\/manoli.ca\/fr\/#breadcrumb","itemListElement":[{"@type":"ListItem","position":1,"name":"Home","item":"https:\/\/manoli.ca\/fr\/"},{"@type":"ListItem","position":2,"name":"Accueil"}]},{"@type":"WebSite","@id":"https:\/\/manoli.ca\/fr\/#website","url":"https:\/\/manoli.ca\/fr\/","name":"George Manoli Inc","description":"","potentialAction":[{"@type":"SearchAction","target":{"@type":"EntryPoint","urlTemplate":"https:\/\/manoli.ca\/fr\/?s={search_term_string}"},"query-input":{"@type":"PropertyValueSpecification","valueRequired":true,"valueName":"search_term_string"}}],"inLanguage":"fr-FR"}]}},"_links":{"self":[{"href":"https:\/\/manoli.ca\/fr\/wp-json\/wp\/v2\/pages\/52","targetHints":{"allow":["GET"]}}],"collection":[{"href":"https:\/\/manoli.ca\/fr\/wp-json\/wp\/v2\/pages"}],"about":[{"href":"https:\/\/manoli.ca\/fr\/wp-json\/wp\/v2\/types\/page"}],"author":[{"embeddable":true,"href":"https:\/\/manoli.ca\/fr\/wp-json\/wp\/v2\/users\/1"}],"replies":[{"embeddable":true,"href":"https:\/\/manoli.ca\/fr\/wp-json\/wp\/v2\/comments?post=52"}],"version-history":[{"count":82,"href":"https:\/\/manoli.ca\/fr\/wp-json\/wp\/v2\/pages\/52\/revisions"}],"predecessor-version":[{"id":7929,"href":"https:\/\/manoli.ca\/fr\/wp-json\/wp\/v2\/pages\/52\/revisions\/7929"}],"wp:attachment":[{"href":"https:\/\/manoli.ca\/fr\/wp-json\/wp\/v2\/media?parent=52"}],"curies":[{"name":"wp","href":"https:\/\/api.w.org\/{rel}","templated":true}]}}