{"id":3505,"date":"2016-08-03T18:21:37","date_gmt":"2016-08-03T18:21:37","guid":{"rendered":"http:\/\/manoli.ca\/fr\/?page_id=3505"},"modified":"2024-09-03T17:51:42","modified_gmt":"2024-09-03T22:51:42","slug":"module-c-jiu-jitsu-pour-debutant-combats-au-sol","status":"publish","type":"page","link":"https:\/\/manoli.ca\/fr\/cours\/entrainement-prive\/module-c-jiu-jitsu-pour-debutant-combats-au-sol\/","title":{"rendered":"\u2018C\u2019\u00a0: Jiu-jitsu &#038; Judo pour d\u00e9butant \u2013 Cours priv\u00e9s"},"content":{"rendered":"<h2><span style=\"color: #ff0000;\">Chaque rencontre &#8211; 4 modules<\/span><\/h2>\n<h2><img decoding=\"async\" class=\"alignright size-full wp-image-3372\" src=\"http:\/\/manoli.ca\/wp-content\/uploads\/2016\/06\/Slice-c-3.png\" alt=\"Slice-c-3\" width=\"220\" height=\"220\"><\/h2>\n<h2><strong><em><span style=\"color: #993300;\">Module 1. R\u00e9chauffement<\/span><\/em><\/strong><\/h2>\n<ul>\n<li>Renforcer les bras, jambes &amp; abdominaux.<\/li>\n<li>Jeux de r\u00e9sistances.<\/li>\n<li>\u2018Crevette\u2019 move, culbute, chute frapp\u00e9&#8230;<\/li>\n<\/ul>\n<h2><em><strong><span style=\"color: #993300;\">Module 2. Techniques de base<br \/>\n<\/span><\/strong><\/em><\/h2>\n<ul type=\"disc\">\n<li>Principes de soumissions.<\/li>\n<li><strong>Positions de contr\u00f4les&nbsp;:<\/strong>\n<ul type=\"disc\">\n<li>De c\u00f4t\u00e9<\/li>\n<li>Dans la garde<\/li>\n<li>La demi-garde<\/li>\n<li>De dos&#8230;.<img decoding=\"async\" class=\"alignright size-full wp-image-3370\" src=\"http:\/\/manoli.ca\/wp-content\/uploads\/2016\/06\/Slice-c-1.png\" alt=\"Slice-c-1\" width=\"220\" height=\"220\"><\/li>\n<\/ul>\n<\/li>\n<li><strong>Les soumissions&nbsp;:<\/strong>\n<ul type=\"disc\">\n<li>Cl\u00e9s de bras<\/li>\n<li>\u00c9tranglements<\/li>\n<li>Cl\u00e9s de jambes et chevilles&#8230;<\/li>\n<\/ul>\n<\/li>\n<li><strong>Balayage &amp; chutes de Judo&#8230;<\/strong><\/li>\n<\/ul>\n<h2><span style=\"color: #993300;\"><strong><em>Module 3. Combats<br \/>\n<\/em><\/strong><\/span><\/h2>\n<ul type=\"disc\">\n<li>Combats l\u00e9ger, fluide.<\/li>\n<li>Application des techniques&#8230;<\/li>\n<li>Combats dirig\u00e9 :\n<ul type=\"disc\">\n<li>Position n\u00e9gative<\/li>\n<li>Sortir du p\u00e9trin<\/li>\n<li>Position dominante&#8230;<\/li>\n<\/ul>\n<\/li>\n<li>Combats de domination\/position.<\/li>\n<li>Combats de soumission seulement&#8230;.<\/li>\n<\/ul>\n<p>&nbsp;<\/p>\n<h2><strong><span style=\"color: #ff0000;\">Information g\u00e9n\u00e9rale<\/span><\/strong><\/h2>\n<ul>\n<li><strong>Participants<\/strong>\n<ul>\n<li>Hommes<\/li>\n<li>Femmes<\/li>\n<li>Adolescents<\/li>\n<\/ul>\n<\/li>\n<li><strong>Age<\/strong>\n<ul>\n<li>6 \u00e0 75 ans<\/li>\n<\/ul>\n<\/li>\n<li><strong>Dur\u00e9e<\/strong>\n<ul>\n<li>1h &#8211; 1.5 heures par rencontre<\/li>\n<li>Selon votre disponibilit\u00e9.<\/li>\n<\/ul>\n<\/li>\n<li><strong>Lieu<\/strong>\n<ul>\n<li>Chez vous:\n<ul>\n<li>Des frais de d\u00e9placement s&rsquo;appliquent.<\/li>\n<\/ul>\n<\/li>\n<li>\u00c0 notre studio:\n<ul>\n<li>Air climatis\u00e9.<\/li>\n<li>Spacieux &amp; propre.<\/li>\n<li>Stationnement disponible.<\/li>\n<li>\u00c9quipements fournis.<\/li>\n<\/ul>\n<\/li>\n<\/ul>\n<\/li>\n<\/ul>\n<ul>\n<li><strong>Nombre de participants &amp; exigences<br \/>\n<\/strong><\/p>\n<ul>\n<li><strong>1 \u2013 4 personnes<\/strong><\/li>\n<li>Forme physique mod\u00e9r\u00e9e &#8211; pour tout le mode.<\/li>\n<li>Aucune exp\u00e9rience en arts martiaux n\u00e9cessaire.<\/li>\n<li>Aucun contrat \u00e0 signer.<\/li>\n<li>On va \u00e0 votre rythme.<\/li>\n<li>On peut modifier &amp; adapter les rencontres.<\/li>\n<li>Ensemble on veut atteindre vos objectifs.<\/li>\n<\/ul>\n<\/li>\n<\/ul>\n<h2><span style=\"color: #ff0000;\">M. Manoli &#8211; votre coach de Jiu-Jitsu &amp; Judo<\/span><\/h2>\n<ul>\n<li>40 ans d\u2019exp\u00e9rience dans les arts martiaux.<\/li>\n<li><span style=\"color: #0000ff;\"><strong>Ceinture noire:<\/strong><\/span>\n<ul>\n<li><strong>Karat\u00e9<\/strong><\/li>\n<li><strong>Judo.<\/strong><br \/>\n<h1><img decoding=\"async\" class=\"alignright size-medium wp-image-1119\" src=\"http:\/\/manoli.ca\/wp-content\/uploads\/2012\/01\/george-manoli-226x300.jpg\" alt=\"Sensei George Manoli\" width=\"226\" height=\"300\" srcset=\"https:\/\/manoli.ca\/wp-content\/uploads\/2012\/01\/george-manoli-226x300.jpg 226w, https:\/\/manoli.ca\/wp-content\/uploads\/2012\/01\/george-manoli.jpg 342w\" sizes=\"(max-width: 226px) 100vw, 226px\" \/><\/h1>\n<\/li>\n<\/ul>\n<\/li>\n<li>Ceinture mauve en Jiu-Jitsu Br\u00e9silien.<\/li>\n<li>Policier retrait\u00e9 &#8211; SPVM.<\/li>\n<li>Dirige son \u00e9cole de Karat\u00e9 et de combats au sol:\n<ul>\n<li>Centre r\u00e9cr\u00e9atif de Beaconsfield.<\/li>\n<\/ul>\n<\/li>\n<li><em><strong>Il a repr\u00e9sent\u00e9 le Canada avec succ\u00e8s :<\/strong><\/em>\n<ul>\n<li><span style=\"color: #0000ff;\"><em><strong>3 championnats du monde:<\/strong><\/em><\/span>\n<ul>\n<li>Karat\u00e9 Contact &lsquo;Koshiki&rsquo;.<\/li>\n<\/ul>\n<\/li>\n<li>M\u00e9daill\u00e9 d&rsquo;argent aux 3 championnats.\n<ul>\n<li><span style=\"color: #0000ff;\"><em><strong>Japon, Venezuela, Australie.<\/strong><\/em><\/span><\/li>\n<\/ul>\n<\/li>\n<\/ul>\n<\/li>\n<li>Baccalaur\u00e9at en \u00e9ducation physique &#8211; McGill.<\/li>\n<li>PNCE niveau 2 (certification d\u2019entraineur).<\/li>\n<li>Il a \u00e9crits 3 manuels: S\u00e9curit\u00e9 personnelle:\n<ul>\n<li><span style=\"color: #ff0000;\"><em><strong>Enfants Alertes<\/strong><\/em> <\/span>&#8211; 180 p\n<ul>\n<li>T\u00e9l\u00e9charg\u00e9 gratuitement sur ce site.<\/li>\n<\/ul>\n<\/li>\n<li><span style=\"color: #ff0000;\"><strong><em>Arr\u00eate de m&rsquo;intimider!<\/em><\/strong><\/span><\/li>\n<li><span style=\"color: #ff0000;\"><em><strong>Ne sois pas victime!<\/strong><\/em><\/span><\/li>\n<\/ul>\n<\/li>\n<\/ul>\n<ul>\n<li><span style=\"color: #993300;\"><em><strong>Il a d\u00e9vellop\u00e9 des programmes de pr\u00e9vention pour:<\/strong><\/em><\/span>\n<ul>\n<li><span style=\"color: #ff0000;\"><em><strong>SPVM (Police de Montr\u00e9al)<\/strong><\/em><\/span>\n<ul>\n<li>Techniques d\u2019interventions polici\u00e8res en situations de hauts risques.<\/li>\n<\/ul>\n<\/li>\n<li><span style=\"color: #ff0000;\"><em><strong>Bombardier aerospatiale<\/strong><\/em><\/span>\n<ul>\n<li>Le Judo verbal &amp; la r\u00e9sistance passive.<\/li>\n<\/ul>\n<\/li>\n<li><span style=\"color: #ff0000;\"><em><strong>Air Canada &#8211; Passager turbulent \u00e0 bord d&rsquo;un avion<\/strong><\/em><\/span>\n<ul>\n<li>Enseign\u00e9 \u00e0 6500 agents de bord \u00e0 travers le Canada.<\/li>\n<\/ul>\n<\/li>\n<li><span style=\"color: #ff0000;\"><em><strong>Enfants Alertes<\/strong><\/em><\/span>\n<ul>\n<li>Autoprotection pour enfants.<\/li>\n<li>Contre les attouchements &amp; l&rsquo;enl\u00e8vement.<\/li>\n<\/ul>\n<\/li>\n<li><span style=\"color: #ff0000;\"><em><strong>Arr\u00eate de m&rsquo;intimider!<\/strong><\/em><\/span>\n<ul>\n<li>Atelier parents \/ enfants<\/li>\n<\/ul>\n<\/li>\n<li><span style=\"color: #ff0000;\"><em><strong>L&rsquo;IVAC &amp; la CNESST (Victimes d&rsquo;actes criminels)<\/strong><\/em><\/span>\n<ul>\n<li>Auto-d\u00e9fense avec simulations d&rsquo;agressions<\/li>\n<li>L&rsquo;affirmation de soi afin de contrer:\n<ul>\n<li>La violence conjugale &amp; sexuelle.<\/li>\n<\/ul>\n<\/li>\n<\/ul>\n<\/li>\n<\/ul>\n<\/li>\n<\/ul>\n<h1>&nbsp;<\/h1>\n<h1><span style=\"color: #0000ff;\"><strong>NOUS CONTACTER<\/strong><\/span><\/h1>\n<ul>\n<li>\n<h2>438-392-4683<\/h2>\n<\/li>\n<li>\n<h2>g&#109;&#x61;&#x6e;o&#108;&#x69;&#x40;v&#105;&#x64;&#x65;o&#116;&#x72;&#x6f;n&#46;&#x63;&#x61;<\/h2>\n<\/li>\n<\/ul>\n<p>&nbsp;<\/p>\n<p>&nbsp;<\/p>\n<h3>Related Images:<\/h3>","protected":false},"excerpt":{"rendered":"<p>Chaque rencontre &#8211; 4 modules Module 1. R\u00e9chauffement Renforcer les bras, jambes &amp; abdominaux. Jeux de r\u00e9sistances. \u2018Crevette\u2019 move, culbute, chute frapp\u00e9&#8230; Module 2. Techniques de base Principes de soumissions. Positions de contr\u00f4les&nbsp;: De c\u00f4t\u00e9 Dans la garde La demi-garde De dos&#8230;. Les soumissions&nbsp;: Cl\u00e9s de bras \u00c9tranglements Cl\u00e9s de jambes et chevilles&#8230; Balayage &amp; &#8230;<\/p>\n","protected":false},"author":1,"featured_media":0,"parent":3498,"menu_order":0,"comment_status":"closed","ping_status":"closed","template":"","meta":{"ngg_post_thumbnail":0,"footnotes":""},"class_list":["post-3505","page","type-page","status-publish","hentry"],"yoast_head":"<!-- This site is optimized with the Yoast SEO plugin v27.2 - https:\/\/yoast.com\/product\/yoast-seo-wordpress\/ -->\n<title>\u2018C\u2019\u00a0: Jiu-jitsu &amp; Judo pour d\u00e9butant \u2013 Cours priv\u00e9s - George Manoli Inc<\/title>\n<meta name=\"robots\" content=\"index, follow, max-snippet:-1, max-image-preview:large, max-video-preview:-1\" \/>\n<link rel=\"canonical\" href=\"https:\/\/manoli.ca\/fr\/cours\/entrainement-prive\/module-c-jiu-jitsu-pour-debutant-combats-au-sol\/\" \/>\n<meta property=\"og:locale\" content=\"fr_FR\" \/>\n<meta property=\"og:type\" content=\"article\" \/>\n<meta property=\"og:title\" content=\"\u2018C\u2019\u00a0: Jiu-jitsu &amp; Judo pour d\u00e9butant \u2013 Cours priv\u00e9s - George Manoli Inc\" \/>\n<meta property=\"og:description\" content=\"Chaque rencontre &#8211; 4 modules Module 1. R\u00e9chauffement Renforcer les bras, jambes &amp; abdominaux. Jeux de r\u00e9sistances. \u2018Crevette\u2019 move, culbute, chute frapp\u00e9&#8230; Module 2. Techniques de base Principes de soumissions. Positions de contr\u00f4les&nbsp;: De c\u00f4t\u00e9 Dans la garde La demi-garde De dos&#8230;. Les soumissions&nbsp;: Cl\u00e9s de bras \u00c9tranglements Cl\u00e9s de jambes et chevilles&#8230; Balayage &amp; ...\" \/>\n<meta property=\"og:url\" content=\"https:\/\/manoli.ca\/fr\/cours\/entrainement-prive\/module-c-jiu-jitsu-pour-debutant-combats-au-sol\/\" \/>\n<meta property=\"og:site_name\" content=\"George Manoli Inc\" \/>\n<meta property=\"article:modified_time\" content=\"2024-09-03T22:51:42+00:00\" \/>\n<meta property=\"og:image\" content=\"http:\/\/manoli.ca\/wp-content\/uploads\/2016\/06\/Slice-c-3.png\" \/>\n<meta name=\"twitter:card\" content=\"summary_large_image\" \/>\n<meta name=\"twitter:site\" content=\"@tokondojo\" \/>\n<meta name=\"twitter:label1\" content=\"Dur\u00e9e de lecture estim\u00e9e\" \/>\n\t<meta name=\"twitter:data1\" content=\"2 minutes\" \/>\n<script type=\"application\/ld+json\" class=\"yoast-schema-graph\">{\"@context\":\"https:\/\/schema.org\",\"@graph\":[{\"@type\":\"WebPage\",\"@id\":\"https:\/\/manoli.ca\/fr\/cours\/entrainement-prive\/module-c-jiu-jitsu-pour-debutant-combats-au-sol\/\",\"url\":\"https:\/\/manoli.ca\/fr\/cours\/entrainement-prive\/module-c-jiu-jitsu-pour-debutant-combats-au-sol\/\",\"name\":\"\u2018C\u2019\u00a0: Jiu-jitsu & Judo pour d\u00e9butant \u2013 Cours priv\u00e9s - George Manoli Inc\",\"isPartOf\":{\"@id\":\"https:\/\/manoli.ca\/fr\/#website\"},\"primaryImageOfPage\":{\"@id\":\"https:\/\/manoli.ca\/fr\/cours\/entrainement-prive\/module-c-jiu-jitsu-pour-debutant-combats-au-sol\/#primaryimage\"},\"image\":{\"@id\":\"https:\/\/manoli.ca\/fr\/cours\/entrainement-prive\/module-c-jiu-jitsu-pour-debutant-combats-au-sol\/#primaryimage\"},\"thumbnailUrl\":\"http:\/\/manoli.ca\/wp-content\/uploads\/2016\/06\/Slice-c-3.png\",\"datePublished\":\"2016-08-03T18:21:37+00:00\",\"dateModified\":\"2024-09-03T22:51:42+00:00\",\"breadcrumb\":{\"@id\":\"https:\/\/manoli.ca\/fr\/cours\/entrainement-prive\/module-c-jiu-jitsu-pour-debutant-combats-au-sol\/#breadcrumb\"},\"inLanguage\":\"fr-FR\",\"potentialAction\":[{\"@type\":\"ReadAction\",\"target\":[\"https:\/\/manoli.ca\/fr\/cours\/entrainement-prive\/module-c-jiu-jitsu-pour-debutant-combats-au-sol\/\"]}]},{\"@type\":\"ImageObject\",\"inLanguage\":\"fr-FR\",\"@id\":\"https:\/\/manoli.ca\/fr\/cours\/entrainement-prive\/module-c-jiu-jitsu-pour-debutant-combats-au-sol\/#primaryimage\",\"url\":\"http:\/\/manoli.ca\/wp-content\/uploads\/2016\/06\/Slice-c-3.png\",\"contentUrl\":\"http:\/\/manoli.ca\/wp-content\/uploads\/2016\/06\/Slice-c-3.png\"},{\"@type\":\"BreadcrumbList\",\"@id\":\"https:\/\/manoli.ca\/fr\/cours\/entrainement-prive\/module-c-jiu-jitsu-pour-debutant-combats-au-sol\/#breadcrumb\",\"itemListElement\":[{\"@type\":\"ListItem\",\"position\":1,\"name\":\"Home\",\"item\":\"https:\/\/manoli.ca\/fr\/\"},{\"@type\":\"ListItem\",\"position\":2,\"name\":\"Cours\",\"item\":\"https:\/\/manoli.ca\/fr\/cours\/\"},{\"@type\":\"ListItem\",\"position\":3,\"name\":\"Entrainement priv\u00e9 ou en petit groupe\",\"item\":\"https:\/\/manoli.ca\/fr\/cours\/entrainement-prive\/\"},{\"@type\":\"ListItem\",\"position\":4,\"name\":\"\u2018C\u2019\u00a0: Jiu-jitsu &#038; Judo pour d\u00e9butant \u2013 Cours priv\u00e9s\"}]},{\"@type\":\"WebSite\",\"@id\":\"https:\/\/manoli.ca\/fr\/#website\",\"url\":\"https:\/\/manoli.ca\/fr\/\",\"name\":\"George Manoli Inc\",\"description\":\"\",\"potentialAction\":[{\"@type\":\"SearchAction\",\"target\":{\"@type\":\"EntryPoint\",\"urlTemplate\":\"https:\/\/manoli.ca\/fr\/?s={search_term_string}\"},\"query-input\":{\"@type\":\"PropertyValueSpecification\",\"valueRequired\":true,\"valueName\":\"search_term_string\"}}],\"inLanguage\":\"fr-FR\"}]}<\/script>\n<!-- \/ Yoast SEO plugin. -->","yoast_head_json":{"title":"\u2018C\u2019\u00a0: Jiu-jitsu & Judo pour d\u00e9butant \u2013 Cours priv\u00e9s - George Manoli Inc","robots":{"index":"index","follow":"follow","max-snippet":"max-snippet:-1","max-image-preview":"max-image-preview:large","max-video-preview":"max-video-preview:-1"},"canonical":"https:\/\/manoli.ca\/fr\/cours\/entrainement-prive\/module-c-jiu-jitsu-pour-debutant-combats-au-sol\/","og_locale":"fr_FR","og_type":"article","og_title":"\u2018C\u2019\u00a0: Jiu-jitsu & Judo pour d\u00e9butant \u2013 Cours priv\u00e9s - George Manoli Inc","og_description":"Chaque rencontre &#8211; 4 modules Module 1. R\u00e9chauffement Renforcer les bras, jambes &amp; abdominaux. Jeux de r\u00e9sistances. \u2018Crevette\u2019 move, culbute, chute frapp\u00e9&#8230; Module 2. Techniques de base Principes de soumissions. Positions de contr\u00f4les&nbsp;: De c\u00f4t\u00e9 Dans la garde La demi-garde De dos&#8230;. Les soumissions&nbsp;: Cl\u00e9s de bras \u00c9tranglements Cl\u00e9s de jambes et chevilles&#8230; Balayage &amp; ...","og_url":"https:\/\/manoli.ca\/fr\/cours\/entrainement-prive\/module-c-jiu-jitsu-pour-debutant-combats-au-sol\/","og_site_name":"George Manoli Inc","article_modified_time":"2024-09-03T22:51:42+00:00","og_image":[{"url":"http:\/\/manoli.ca\/wp-content\/uploads\/2016\/06\/Slice-c-3.png","type":"","width":"","height":""}],"twitter_card":"summary_large_image","twitter_site":"@tokondojo","twitter_misc":{"Dur\u00e9e de lecture estim\u00e9e":"2 minutes"},"schema":{"@context":"https:\/\/schema.org","@graph":[{"@type":"WebPage","@id":"https:\/\/manoli.ca\/fr\/cours\/entrainement-prive\/module-c-jiu-jitsu-pour-debutant-combats-au-sol\/","url":"https:\/\/manoli.ca\/fr\/cours\/entrainement-prive\/module-c-jiu-jitsu-pour-debutant-combats-au-sol\/","name":"\u2018C\u2019\u00a0: Jiu-jitsu & Judo pour d\u00e9butant \u2013 Cours priv\u00e9s - George Manoli Inc","isPartOf":{"@id":"https:\/\/manoli.ca\/fr\/#website"},"primaryImageOfPage":{"@id":"https:\/\/manoli.ca\/fr\/cours\/entrainement-prive\/module-c-jiu-jitsu-pour-debutant-combats-au-sol\/#primaryimage"},"image":{"@id":"https:\/\/manoli.ca\/fr\/cours\/entrainement-prive\/module-c-jiu-jitsu-pour-debutant-combats-au-sol\/#primaryimage"},"thumbnailUrl":"http:\/\/manoli.ca\/wp-content\/uploads\/2016\/06\/Slice-c-3.png","datePublished":"2016-08-03T18:21:37+00:00","dateModified":"2024-09-03T22:51:42+00:00","breadcrumb":{"@id":"https:\/\/manoli.ca\/fr\/cours\/entrainement-prive\/module-c-jiu-jitsu-pour-debutant-combats-au-sol\/#breadcrumb"},"inLanguage":"fr-FR","potentialAction":[{"@type":"ReadAction","target":["https:\/\/manoli.ca\/fr\/cours\/entrainement-prive\/module-c-jiu-jitsu-pour-debutant-combats-au-sol\/"]}]},{"@type":"ImageObject","inLanguage":"fr-FR","@id":"https:\/\/manoli.ca\/fr\/cours\/entrainement-prive\/module-c-jiu-jitsu-pour-debutant-combats-au-sol\/#primaryimage","url":"http:\/\/manoli.ca\/wp-content\/uploads\/2016\/06\/Slice-c-3.png","contentUrl":"http:\/\/manoli.ca\/wp-content\/uploads\/2016\/06\/Slice-c-3.png"},{"@type":"BreadcrumbList","@id":"https:\/\/manoli.ca\/fr\/cours\/entrainement-prive\/module-c-jiu-jitsu-pour-debutant-combats-au-sol\/#breadcrumb","itemListElement":[{"@type":"ListItem","position":1,"name":"Home","item":"https:\/\/manoli.ca\/fr\/"},{"@type":"ListItem","position":2,"name":"Cours","item":"https:\/\/manoli.ca\/fr\/cours\/"},{"@type":"ListItem","position":3,"name":"Entrainement priv\u00e9 ou en petit groupe","item":"https:\/\/manoli.ca\/fr\/cours\/entrainement-prive\/"},{"@type":"ListItem","position":4,"name":"\u2018C\u2019\u00a0: Jiu-jitsu &#038; Judo pour d\u00e9butant \u2013 Cours priv\u00e9s"}]},{"@type":"WebSite","@id":"https:\/\/manoli.ca\/fr\/#website","url":"https:\/\/manoli.ca\/fr\/","name":"George Manoli Inc","description":"","potentialAction":[{"@type":"SearchAction","target":{"@type":"EntryPoint","urlTemplate":"https:\/\/manoli.ca\/fr\/?s={search_term_string}"},"query-input":{"@type":"PropertyValueSpecification","valueRequired":true,"valueName":"search_term_string"}}],"inLanguage":"fr-FR"}]}},"_links":{"self":[{"href":"https:\/\/manoli.ca\/fr\/wp-json\/wp\/v2\/pages\/3505","targetHints":{"allow":["GET"]}}],"collection":[{"href":"https:\/\/manoli.ca\/fr\/wp-json\/wp\/v2\/pages"}],"about":[{"href":"https:\/\/manoli.ca\/fr\/wp-json\/wp\/v2\/types\/page"}],"author":[{"embeddable":true,"href":"https:\/\/manoli.ca\/fr\/wp-json\/wp\/v2\/users\/1"}],"replies":[{"embeddable":true,"href":"https:\/\/manoli.ca\/fr\/wp-json\/wp\/v2\/comments?post=3505"}],"version-history":[{"count":14,"href":"https:\/\/manoli.ca\/fr\/wp-json\/wp\/v2\/pages\/3505\/revisions"}],"predecessor-version":[{"id":7815,"href":"https:\/\/manoli.ca\/fr\/wp-json\/wp\/v2\/pages\/3505\/revisions\/7815"}],"up":[{"embeddable":true,"href":"https:\/\/manoli.ca\/fr\/wp-json\/wp\/v2\/pages\/3498"}],"wp:attachment":[{"href":"https:\/\/manoli.ca\/fr\/wp-json\/wp\/v2\/media?parent=3505"}],"curies":[{"name":"wp","href":"https:\/\/api.w.org\/{rel}","templated":true}]}}