{"id":3502,"date":"2016-08-03T18:04:00","date_gmt":"2016-08-03T18:04:00","guid":{"rendered":"http:\/\/manoli.ca\/fr\/?page_id=3502"},"modified":"2024-09-03T17:43:43","modified_gmt":"2024-09-03T22:43:43","slug":"module-b-karate-kick-boxing","status":"publish","type":"page","link":"https:\/\/manoli.ca\/fr\/cours\/entrainement-prive\/module-b-karate-kick-boxing\/","title":{"rendered":"\u2018B\u2019\u00a0: Karat\u00e9 &#038; Jiu-Jitsu Br\u00e9silien &#8211; Cours priv\u00e9s"},"content":{"rendered":"<h2><strong><span style=\"color: #ff0000;\">4 modules\/rencontre: Karat\u00e9 &amp; Jiu-Jitsu Br\u00e9silien<\/span><\/strong><\/h2>\n<h3><img decoding=\"async\" class=\"alignright size-full wp-image-3365\" src=\"http:\/\/manoli.ca\/wp-content\/uploads\/2016\/06\/Slice-b-2.png\" alt=\"Slice-b-2\" width=\"220\" height=\"220\"><em><span style=\"color: #993300;\">Module 1. R<\/span><span style=\"color: #993300;\">\u00e9chauffement<\/span><br \/>\n<\/em><\/h3>\n<ul>\n<li>Renforcer les bras, jambes &amp; abdominaux.<\/li>\n<li>Jeux de r\u00e9sistances.<\/li>\n<\/ul>\n<h3><em><span style=\"color: #993300;\">Module 2. Techniques de frappe<\/span><\/em><\/h3>\n<ul>\n<li>Frapper un prot\u00e8ge corps &amp; \u00ab\u00a0Focus pads\u00a0\u00bb.<\/li>\n<li>Nos armes&nbsp;: mains, pieds, genoux, coudes<\/li>\n<li>M\u00e9lange de techniques :\n<ul>\n<li>Ligne droite.<\/li>\n<li>Circulaire<em><img decoding=\"async\" class=\"alignright size-full wp-image-3366\" src=\"http:\/\/manoli.ca\/wp-content\/uploads\/2016\/06\/Slice-b-3.png\" alt=\"Slice-b-3\" width=\"220\" height=\"220\"><\/em><\/li>\n<li>Entrer\/sortir&#8230;<\/li>\n<\/ul>\n<\/li>\n<li>Esquive et contre attaque.<\/li>\n<li>Entrainement&nbsp;:\n<ul>\n<li>Vitesse.<\/li>\n<li>Force&#8230;<\/li>\n<\/ul>\n<\/li>\n<\/ul>\n<h3><em><span style=\"color: #993300;\">Module 3. Jiu-Jitsu Br\u00e9silien<\/span><\/em><\/h3>\n<ul>\n<li>Position &#8211; Quoi faire quand il est:<em><br \/>\n<\/em><\/li>\n<li style=\"list-style-type: none;\">\n<ul>\n<li>Dans la garde.<\/li>\n<li>Sur toi.<\/li>\n<li>De c\u00f4t\u00e9&#8230;<\/li>\n<\/ul>\n<\/li>\n<li><strong><em>Combats l\u00e9gers debout &#8211;&nbsp; diff\u00e9rents th\u00e8mes:<\/em><\/strong>\n<ul>\n<li>En utilisant seulement&nbsp;:\n<ul>\n<li>Vos bras<em><img decoding=\"async\" class=\"alignright size-full wp-image-3372\" src=\"http:\/\/manoli.ca\/wp-content\/uploads\/2016\/06\/Slice-c-3.png\" alt=\"Slice-c-3\" width=\"220\" height=\"220\"><\/em><\/li>\n<li>Vos jambes<\/li>\n<li>C\u00f4t\u00e9 faible&#8230;<\/li>\n<\/ul>\n<\/li>\n<li>Combat d\u00e9fensif\/offensif&#8230;<\/li>\n<\/ul>\n<\/li>\n<li><em><strong>Combats au sol &#8211;&nbsp; diff\u00e9rents th\u00e8mes:<\/strong><\/em>\n<ul>\n<li>Combat d\u00e9fensif\/offensif&#8230;<\/li>\n<li>Flow grappling.<\/li>\n<li>R\u00e9solutions des probl\u00e8mes&#8230;<\/li>\n<\/ul>\n<\/li>\n<\/ul>\n<h3><span style=\"color: #993300;\">Module 4. <em>\u00c9tirement &amp; \u2018Cool down\u2019<\/em><\/span><\/h3>\n<h2>&nbsp;<\/h2>\n<h2><span style=\"color: #ff0000;\"><strong>Information g\u00e9n\u00e9rale<\/strong><\/span><\/h2>\n<ul>\n<li><strong><img decoding=\"async\" class=\"alignright size-full wp-image-3364\" src=\"http:\/\/manoli.ca\/wp-content\/uploads\/2016\/06\/Slice-b-1.png\" alt=\"Slice-b-1\" width=\"220\" height=\"220\">Participants<\/strong>\n<ul>\n<li>Hommes, femmes &amp; adolescents.<\/li>\n<\/ul>\n<\/li>\n<li><strong>Age<\/strong>\n<ul>\n<li>6 \u00e0 75 ans.<\/li>\n<\/ul>\n<\/li>\n<li><strong>Dur\u00e9e<\/strong>\n<ul>\n<li>1h &#8211; 1.5 heures par rencontre.<\/li>\n<\/ul>\n<\/li>\n<li><strong>Lieu<\/strong>\n<ul>\n<li>Chez vous:\n<ul>\n<li>Frais de d\u00e9placement.<\/li>\n<\/ul>\n<\/li>\n<li>\u00c0 notre studio:\n<ul>\n<li>Air climatis\u00e9.<\/li>\n<li>Spacieux &amp; propre.<\/li>\n<li>Stationnement disponible.<\/li>\n<li>\u00c9quipements fournis.<\/li>\n<\/ul>\n<\/li>\n<\/ul>\n<\/li>\n<li><strong>Nombre de participants<\/strong>\n<ul>\n<li>1 \u2013 4 participants.<\/li>\n<li>Forme physique mod\u00e9r\u00e9e.<\/li>\n<li>Aucune exp\u00e9rience en arts martiaux n\u00e9cessaire.&nbsp;<\/li>\n<li>Aucun contrat \u00e0 signer.<\/li>\n<li>On va \u00e0 votre rythme.<\/li>\n<\/ul>\n<\/li>\n<\/ul>\n<h2><span style=\"color: #ff0000;\">M. Manoli &#8211; votre coach de Karat\u00e9 &amp; Jiu-Jitsu<br \/>\n<\/span><\/h2>\n<ul>\n<li>40 ans d\u2019exp\u00e9rience dans les arts martiaux.<\/li>\n<li>Ceinture noire:\n<ul>\n<li>Karat\u00e9<\/li>\n<li>Judo.<br \/>\n<h1><img decoding=\"async\" class=\"alignright size-medium wp-image-1119\" src=\"http:\/\/manoli.ca\/wp-content\/uploads\/2012\/01\/george-manoli-226x300.jpg\" alt=\"Sensei George Manoli\" width=\"226\" height=\"300\" srcset=\"https:\/\/manoli.ca\/wp-content\/uploads\/2012\/01\/george-manoli-226x300.jpg 226w, https:\/\/manoli.ca\/wp-content\/uploads\/2012\/01\/george-manoli.jpg 342w\" sizes=\"(max-width: 226px) 100vw, 226px\" \/><\/h1>\n<\/li>\n<\/ul>\n<\/li>\n<li>Ceinture mauve en Jiu-Jitsu Br\u00e9silien.<\/li>\n<li>Policier retrait\u00e9 &#8211; SPVM.<\/li>\n<li>Dirige son \u00e9cole de Karat\u00e9 et de combats au sol:\n<ul>\n<li>Centre r\u00e9cr\u00e9atif de Beaconsfield.<\/li>\n<\/ul>\n<\/li>\n<li>Il a repr\u00e9sent\u00e9 le Canada avec succ\u00e8s :\n<ul>\n<li><em><strong>3 championnats du monde:<\/strong><\/em>\n<ul>\n<li>Karat\u00e9 Contact &lsquo;Koshiki&rsquo;.<\/li>\n<\/ul>\n<\/li>\n<li>M\u00e9daill\u00e9 d&rsquo;argent aux 3 championnats.\n<ul>\n<li><em><span style=\"color: #ff0000;\"><strong>Japon, Venezuela, Australie.<\/strong><\/span><\/em><\/li>\n<\/ul>\n<\/li>\n<\/ul>\n<\/li>\n<li>Baccalaur\u00e9at en \u00e9ducation physique &#8211; McGill.<\/li>\n<li>PNCE niveau 2 (certification d\u2019entraineur).<\/li>\n<li>Il a \u00e9crits 3 manuels: S\u00e9curit\u00e9 personnelle:\n<ul>\n<li><span style=\"color: #0000ff;\"><em><strong>Enfants Alertes<\/strong><\/em><\/span> &#8211; 180 p\n<ul>\n<li>T\u00e9l\u00e9charg\u00e9 gratuitement sur ce site.<\/li>\n<\/ul>\n<\/li>\n<li><span style=\"color: #0000ff;\"><strong><em>Arr\u00eate de m&rsquo;intimider!<\/em><\/strong><\/span><\/li>\n<li><span style=\"color: #0000ff;\"><em><strong>Ne sois pas victime!<\/strong><\/em><\/span><\/li>\n<\/ul>\n<\/li>\n<\/ul>\n<ul>\n<li><em><strong>Il a d\u00e9vellop\u00e9 des programmes de pr\u00e9vention pour:<\/strong><\/em>\n<ul>\n<li><span style=\"color: #0000ff;\"><em><strong>SPVM (Police de Montr\u00e9al)<\/strong><\/em><\/span>\n<ul>\n<li>Techniques d\u2019interventions polici\u00e8res en situations de hauts risques.<\/li>\n<\/ul>\n<\/li>\n<li><span style=\"color: #0000ff;\"><em><strong>Bombardier a\u00e9rospatiale<\/strong><\/em><\/span>\n<ul>\n<li>Le Judo verbal &amp; la r\u00e9sistance passive.<\/li>\n<\/ul>\n<\/li>\n<li><span style=\"color: #0000ff;\"><em><strong>Air Canada &#8211; Passager turbulent \u00e0 bord d&rsquo;un avion<\/strong><\/em><\/span>\n<ul>\n<li>Enseign\u00e9 \u00e0 6500 agents de bord \u00e0 travers le Canada.<\/li>\n<\/ul>\n<\/li>\n<li><span style=\"color: #0000ff;\"><em><strong>Enfants Alertes<\/strong><\/em><\/span>\n<ul>\n<li>Autoprotection pour enfants.<\/li>\n<li>Contre les attouchements &amp; l&rsquo;enl\u00e8vement.<\/li>\n<\/ul>\n<\/li>\n<li><span style=\"color: #0000ff;\"><em><strong>Arr\u00eate de m&rsquo;intimider!<\/strong><\/em><\/span>\n<ul>\n<li>Atelier parents \/ enfants<\/li>\n<\/ul>\n<\/li>\n<li><span style=\"color: #0000ff;\"><em><strong>L&rsquo;IVAC &amp; la CNESST (Victimes d&rsquo;actes criminels)<\/strong><\/em><\/span>\n<ul>\n<li>Auto-d\u00e9fense avec simulations d&rsquo;agressions<\/li>\n<li>L&rsquo;affirmation de soi afin de contrer:\n<ul>\n<li>La violence conjugale &amp; sexuelle.<\/li>\n<\/ul>\n<\/li>\n<\/ul>\n<\/li>\n<\/ul>\n<\/li>\n<\/ul>\n<h1>&nbsp;<\/h1>\n<h1><span style=\"color: #ff0000;\"><strong>NOUS CONTACTER<\/strong><\/span><\/h1>\n<ul>\n<li>\n<h2><span style=\"color: #0000ff;\">438-392-4683<\/span><\/h2>\n<\/li>\n<li>\n<h2><span style=\"color: #0000ff;\">&#x67;&#109;a&#x6e;&#x6f;&#108;i&#x40;&#118;i&#x64;&#x65;&#111;t&#x72;&#111;n&#x2e;&#x63;&#97;<\/span><\/h2>\n<\/li>\n<\/ul>\n<p>&nbsp;<\/p>\n<p>&nbsp;<\/p>\n<p>&nbsp;<\/p>\n<h3>Related Images:<\/h3>","protected":false},"excerpt":{"rendered":"<p>4 modules\/rencontre: Karat\u00e9 &amp; Jiu-Jitsu Br\u00e9silien Module 1. R\u00e9chauffement Renforcer les bras, jambes &amp; abdominaux. Jeux de r\u00e9sistances. Module 2. Techniques de frappe Frapper un prot\u00e8ge corps &amp; \u00ab\u00a0Focus pads\u00a0\u00bb. Nos armes&nbsp;: mains, pieds, genoux, coudes M\u00e9lange de techniques : Ligne droite. Circulaire Entrer\/sortir&#8230; Esquive et contre attaque. Entrainement&nbsp;: Vitesse. Force&#8230; Module 3. Jiu-Jitsu Br\u00e9silien &#8230;<\/p>\n","protected":false},"author":1,"featured_media":0,"parent":3498,"menu_order":0,"comment_status":"closed","ping_status":"closed","template":"","meta":{"ngg_post_thumbnail":0,"footnotes":""},"class_list":["post-3502","page","type-page","status-publish","hentry"],"yoast_head":"<!-- This site is optimized with the Yoast SEO plugin v27.2 - https:\/\/yoast.com\/product\/yoast-seo-wordpress\/ -->\n<title>\u2018B\u2019\u00a0: Karat\u00e9 &amp; Jiu-Jitsu Br\u00e9silien - Cours priv\u00e9s - George Manoli Inc<\/title>\n<meta name=\"robots\" content=\"index, follow, max-snippet:-1, max-image-preview:large, max-video-preview:-1\" \/>\n<link rel=\"canonical\" href=\"https:\/\/manoli.ca\/fr\/cours\/entrainement-prive\/module-b-karate-kick-boxing\/\" \/>\n<meta property=\"og:locale\" content=\"fr_FR\" \/>\n<meta property=\"og:type\" content=\"article\" \/>\n<meta property=\"og:title\" content=\"\u2018B\u2019\u00a0: Karat\u00e9 &amp; Jiu-Jitsu Br\u00e9silien - Cours priv\u00e9s - George Manoli Inc\" \/>\n<meta property=\"og:description\" content=\"4 modules\/rencontre: Karat\u00e9 &amp; Jiu-Jitsu Br\u00e9silien Module 1. R\u00e9chauffement Renforcer les bras, jambes &amp; abdominaux. Jeux de r\u00e9sistances. Module 2. Techniques de frappe Frapper un prot\u00e8ge corps &amp; \u00ab\u00a0Focus pads\u00a0\u00bb. Nos armes&nbsp;: mains, pieds, genoux, coudes M\u00e9lange de techniques : Ligne droite. Circulaire Entrer\/sortir&#8230; Esquive et contre attaque. Entrainement&nbsp;: Vitesse. Force&#8230; Module 3. Jiu-Jitsu Br\u00e9silien ...\" \/>\n<meta property=\"og:url\" content=\"https:\/\/manoli.ca\/fr\/cours\/entrainement-prive\/module-b-karate-kick-boxing\/\" \/>\n<meta property=\"og:site_name\" content=\"George Manoli Inc\" \/>\n<meta property=\"article:modified_time\" content=\"2024-09-03T22:43:43+00:00\" \/>\n<meta property=\"og:image\" content=\"http:\/\/manoli.ca\/wp-content\/uploads\/2016\/06\/Slice-b-2.png\" \/>\n<meta name=\"twitter:card\" content=\"summary_large_image\" \/>\n<meta name=\"twitter:site\" content=\"@tokondojo\" \/>\n<meta name=\"twitter:label1\" content=\"Dur\u00e9e de lecture estim\u00e9e\" \/>\n\t<meta name=\"twitter:data1\" content=\"2 minutes\" \/>\n<script type=\"application\/ld+json\" class=\"yoast-schema-graph\">{\"@context\":\"https:\/\/schema.org\",\"@graph\":[{\"@type\":\"WebPage\",\"@id\":\"https:\/\/manoli.ca\/fr\/cours\/entrainement-prive\/module-b-karate-kick-boxing\/\",\"url\":\"https:\/\/manoli.ca\/fr\/cours\/entrainement-prive\/module-b-karate-kick-boxing\/\",\"name\":\"\u2018B\u2019\u00a0: Karat\u00e9 & Jiu-Jitsu Br\u00e9silien - Cours priv\u00e9s - George Manoli Inc\",\"isPartOf\":{\"@id\":\"https:\/\/manoli.ca\/#website\"},\"primaryImageOfPage\":{\"@id\":\"https:\/\/manoli.ca\/fr\/cours\/entrainement-prive\/module-b-karate-kick-boxing\/#primaryimage\"},\"image\":{\"@id\":\"https:\/\/manoli.ca\/fr\/cours\/entrainement-prive\/module-b-karate-kick-boxing\/#primaryimage\"},\"thumbnailUrl\":\"http:\/\/manoli.ca\/wp-content\/uploads\/2016\/06\/Slice-b-2.png\",\"datePublished\":\"2016-08-03T18:04:00+00:00\",\"dateModified\":\"2024-09-03T22:43:43+00:00\",\"breadcrumb\":{\"@id\":\"https:\/\/manoli.ca\/fr\/cours\/entrainement-prive\/module-b-karate-kick-boxing\/#breadcrumb\"},\"inLanguage\":\"fr-FR\",\"potentialAction\":[{\"@type\":\"ReadAction\",\"target\":[\"https:\/\/manoli.ca\/fr\/cours\/entrainement-prive\/module-b-karate-kick-boxing\/\"]}]},{\"@type\":\"ImageObject\",\"inLanguage\":\"fr-FR\",\"@id\":\"https:\/\/manoli.ca\/fr\/cours\/entrainement-prive\/module-b-karate-kick-boxing\/#primaryimage\",\"url\":\"http:\/\/manoli.ca\/wp-content\/uploads\/2016\/06\/Slice-b-2.png\",\"contentUrl\":\"http:\/\/manoli.ca\/wp-content\/uploads\/2016\/06\/Slice-b-2.png\"},{\"@type\":\"BreadcrumbList\",\"@id\":\"https:\/\/manoli.ca\/fr\/cours\/entrainement-prive\/module-b-karate-kick-boxing\/#breadcrumb\",\"itemListElement\":[{\"@type\":\"ListItem\",\"position\":1,\"name\":\"Home\",\"item\":\"https:\/\/manoli.ca\/fr\/\"},{\"@type\":\"ListItem\",\"position\":2,\"name\":\"Cours\",\"item\":\"https:\/\/manoli.ca\/fr\/cours\/\"},{\"@type\":\"ListItem\",\"position\":3,\"name\":\"Entrainement priv\u00e9 ou en petit groupe\",\"item\":\"https:\/\/manoli.ca\/fr\/cours\/entrainement-prive\/\"},{\"@type\":\"ListItem\",\"position\":4,\"name\":\"\u2018B\u2019\u00a0: Karat\u00e9 &#038; Jiu-Jitsu Br\u00e9silien &#8211; Cours priv\u00e9s\"}]},{\"@type\":\"WebSite\",\"@id\":\"https:\/\/manoli.ca\/#website\",\"url\":\"https:\/\/manoli.ca\/\",\"name\":\"George Manoli Inc\",\"description\":\"\",\"potentialAction\":[{\"@type\":\"SearchAction\",\"target\":{\"@type\":\"EntryPoint\",\"urlTemplate\":\"https:\/\/manoli.ca\/?s={search_term_string}\"},\"query-input\":{\"@type\":\"PropertyValueSpecification\",\"valueRequired\":true,\"valueName\":\"search_term_string\"}}],\"inLanguage\":\"fr-FR\"}]}<\/script>\n<!-- \/ Yoast SEO plugin. -->","yoast_head_json":{"title":"\u2018B\u2019\u00a0: Karat\u00e9 & Jiu-Jitsu Br\u00e9silien - Cours priv\u00e9s - George Manoli Inc","robots":{"index":"index","follow":"follow","max-snippet":"max-snippet:-1","max-image-preview":"max-image-preview:large","max-video-preview":"max-video-preview:-1"},"canonical":"https:\/\/manoli.ca\/fr\/cours\/entrainement-prive\/module-b-karate-kick-boxing\/","og_locale":"fr_FR","og_type":"article","og_title":"\u2018B\u2019\u00a0: Karat\u00e9 & Jiu-Jitsu Br\u00e9silien - Cours priv\u00e9s - George Manoli Inc","og_description":"4 modules\/rencontre: Karat\u00e9 &amp; Jiu-Jitsu Br\u00e9silien Module 1. R\u00e9chauffement Renforcer les bras, jambes &amp; abdominaux. Jeux de r\u00e9sistances. Module 2. Techniques de frappe Frapper un prot\u00e8ge corps &amp; \u00ab\u00a0Focus pads\u00a0\u00bb. Nos armes&nbsp;: mains, pieds, genoux, coudes M\u00e9lange de techniques : Ligne droite. Circulaire Entrer\/sortir&#8230; Esquive et contre attaque. Entrainement&nbsp;: Vitesse. Force&#8230; Module 3. Jiu-Jitsu Br\u00e9silien ...","og_url":"https:\/\/manoli.ca\/fr\/cours\/entrainement-prive\/module-b-karate-kick-boxing\/","og_site_name":"George Manoli Inc","article_modified_time":"2024-09-03T22:43:43+00:00","og_image":[{"url":"http:\/\/manoli.ca\/wp-content\/uploads\/2016\/06\/Slice-b-2.png","type":"","width":"","height":""}],"twitter_card":"summary_large_image","twitter_site":"@tokondojo","twitter_misc":{"Dur\u00e9e de lecture estim\u00e9e":"2 minutes"},"schema":{"@context":"https:\/\/schema.org","@graph":[{"@type":"WebPage","@id":"https:\/\/manoli.ca\/fr\/cours\/entrainement-prive\/module-b-karate-kick-boxing\/","url":"https:\/\/manoli.ca\/fr\/cours\/entrainement-prive\/module-b-karate-kick-boxing\/","name":"\u2018B\u2019\u00a0: Karat\u00e9 & Jiu-Jitsu Br\u00e9silien - Cours priv\u00e9s - George Manoli Inc","isPartOf":{"@id":"https:\/\/manoli.ca\/#website"},"primaryImageOfPage":{"@id":"https:\/\/manoli.ca\/fr\/cours\/entrainement-prive\/module-b-karate-kick-boxing\/#primaryimage"},"image":{"@id":"https:\/\/manoli.ca\/fr\/cours\/entrainement-prive\/module-b-karate-kick-boxing\/#primaryimage"},"thumbnailUrl":"http:\/\/manoli.ca\/wp-content\/uploads\/2016\/06\/Slice-b-2.png","datePublished":"2016-08-03T18:04:00+00:00","dateModified":"2024-09-03T22:43:43+00:00","breadcrumb":{"@id":"https:\/\/manoli.ca\/fr\/cours\/entrainement-prive\/module-b-karate-kick-boxing\/#breadcrumb"},"inLanguage":"fr-FR","potentialAction":[{"@type":"ReadAction","target":["https:\/\/manoli.ca\/fr\/cours\/entrainement-prive\/module-b-karate-kick-boxing\/"]}]},{"@type":"ImageObject","inLanguage":"fr-FR","@id":"https:\/\/manoli.ca\/fr\/cours\/entrainement-prive\/module-b-karate-kick-boxing\/#primaryimage","url":"http:\/\/manoli.ca\/wp-content\/uploads\/2016\/06\/Slice-b-2.png","contentUrl":"http:\/\/manoli.ca\/wp-content\/uploads\/2016\/06\/Slice-b-2.png"},{"@type":"BreadcrumbList","@id":"https:\/\/manoli.ca\/fr\/cours\/entrainement-prive\/module-b-karate-kick-boxing\/#breadcrumb","itemListElement":[{"@type":"ListItem","position":1,"name":"Home","item":"https:\/\/manoli.ca\/fr\/"},{"@type":"ListItem","position":2,"name":"Cours","item":"https:\/\/manoli.ca\/fr\/cours\/"},{"@type":"ListItem","position":3,"name":"Entrainement priv\u00e9 ou en petit groupe","item":"https:\/\/manoli.ca\/fr\/cours\/entrainement-prive\/"},{"@type":"ListItem","position":4,"name":"\u2018B\u2019\u00a0: Karat\u00e9 &#038; Jiu-Jitsu Br\u00e9silien &#8211; Cours priv\u00e9s"}]},{"@type":"WebSite","@id":"https:\/\/manoli.ca\/#website","url":"https:\/\/manoli.ca\/","name":"George Manoli Inc","description":"","potentialAction":[{"@type":"SearchAction","target":{"@type":"EntryPoint","urlTemplate":"https:\/\/manoli.ca\/?s={search_term_string}"},"query-input":{"@type":"PropertyValueSpecification","valueRequired":true,"valueName":"search_term_string"}}],"inLanguage":"fr-FR"}]}},"_links":{"self":[{"href":"https:\/\/manoli.ca\/fr\/wp-json\/wp\/v2\/pages\/3502","targetHints":{"allow":["GET"]}}],"collection":[{"href":"https:\/\/manoli.ca\/fr\/wp-json\/wp\/v2\/pages"}],"about":[{"href":"https:\/\/manoli.ca\/fr\/wp-json\/wp\/v2\/types\/page"}],"author":[{"embeddable":true,"href":"https:\/\/manoli.ca\/fr\/wp-json\/wp\/v2\/users\/1"}],"replies":[{"embeddable":true,"href":"https:\/\/manoli.ca\/fr\/wp-json\/wp\/v2\/comments?post=3502"}],"version-history":[{"count":18,"href":"https:\/\/manoli.ca\/fr\/wp-json\/wp\/v2\/pages\/3502\/revisions"}],"predecessor-version":[{"id":7813,"href":"https:\/\/manoli.ca\/fr\/wp-json\/wp\/v2\/pages\/3502\/revisions\/7813"}],"up":[{"embeddable":true,"href":"https:\/\/manoli.ca\/fr\/wp-json\/wp\/v2\/pages\/3498"}],"wp:attachment":[{"href":"https:\/\/manoli.ca\/fr\/wp-json\/wp\/v2\/media?parent=3502"}],"curies":[{"name":"wp","href":"https:\/\/api.w.org\/{rel}","templated":true}]}}