{"id":3500,"date":"2016-08-03T17:32:00","date_gmt":"2016-08-03T17:32:00","guid":{"rendered":"http:\/\/manoli.ca\/fr\/?page_id=3500"},"modified":"2024-09-03T17:36:24","modified_gmt":"2024-09-03T22:36:24","slug":"module-auto-defense-avec-agressions-simulees","status":"publish","type":"page","link":"https:\/\/manoli.ca\/fr\/cours\/entrainement-prive\/module-auto-defense-avec-agressions-simulees\/","title":{"rendered":"\u2018A\u2019\u00a0: Auto-d\u00e9fense avec simulations d&rsquo;agressions, Cours priv\u00e9s"},"content":{"rendered":"<h2><span style=\"color: #993300;\">Chaque rencontre priv\u00e9e: 4 th\u00e8mes<\/span><\/h2>\n<h2><img decoding=\"async\" class=\"alignright size-full wp-image-2837\" src=\"http:\/\/manoli.ca\/wp-content\/uploads\/2012\/01\/womens-self-defense-2.jpg\" alt=\"Womens Self Defense in Montreal\" width=\"218\" height=\"285\"><\/h2>\n<h2>&nbsp;<\/h2>\n<h2><span style=\"color: #0000ff;\">Th\u00e8me 1. Durcir la cible<\/span><\/h2>\n<ul>\n<li>L\u2019agresseur cherche quoi dans une victime potentielle?<\/li>\n<li>Diff\u00e9rentes types de r\u00e9sistance et leurs efficacit\u00e9s.<\/li>\n<li>Strat\u00e9gies contre une connaissance \/ un inconnu.<\/li>\n<li>L\u2019attitude du guerrier.<\/li>\n<li>Les r\u00e8gles de confrontations.<\/li>\n<li>Quoi faire si rien ne marche contre lui?<\/li>\n<li>Les \u00e9tapes d\u2019une agression et d\u2019une d\u00e9fense&#8230;<\/li>\n<\/ul>\n<h2><span style=\"color: #0000ff;\">Th\u00e8me 2. Nos armes corporelles<\/span><\/h2>\n<h3><img decoding=\"async\" class=\"alignright wp-image-6817\" src=\"https:\/\/manoli.ca\/wp-content\/uploads\/2023\/10\/ground-210x300.png\" alt=\"\" width=\"152\" height=\"218\" srcset=\"https:\/\/manoli.ca\/wp-content\/uploads\/2023\/10\/ground-210x300.png 210w, https:\/\/manoli.ca\/wp-content\/uploads\/2023\/10\/ground.png 454w\" sizes=\"(max-width: 152px) 100vw, 152px\" \/><\/h3>\n<ul>\n<li>Le langage corporel &amp; l&rsquo;instinct animal.<\/li>\n<li>Le Judo verbal \u2013 quoi dire et comment le dire.<\/li>\n<li>Crier, exploser, blesser, s\u2019enfuir&#8230;<\/li>\n<li>O\u00f9 et comment taper &#8211; contre un bouclier.<\/li>\n<li>L&rsquo;auto-d\u00e9fense debout et au sol&#8230;<\/li>\n<\/ul>\n<h2><strong><span style=\"color: #0000ff;\">Th\u00e8me 3. Simulations d&rsquo;agressions<\/span><br \/>\n<\/strong><\/h2>\n<ul>\n<li>Contre un instructeur enti\u00e8rement prot\u00e9g\u00e9.<\/li>\n<li><em><strong>Une exp\u00e9rience formidable &amp; enrichissante!<\/strong><\/em><\/li>\n<li>Durant les simulations:\n<ul>\n<li>Pas de danger de blessure.<\/li>\n<li>En tranche de difficult\u00e9 &#8211; grimper une \u00e9chelle.<\/li>\n<li>On d\u00e9cortique, on corrige et on recommence.<\/li>\n<\/ul>\n<\/li>\n<li><em>Les agressions qu\u2019ont ferra ensemble:<\/em><br \/>\n<img decoding=\"async\" class=\"alignright wp-image-3355\" src=\"http:\/\/manoli.ca\/wp-content\/uploads\/2016\/06\/Slice-a-2.png\" alt=\"Slice-a-2\" width=\"158\" height=\"158\"><\/p>\n<ul>\n<li>Un \u00e9tranger ou une connaissance.<\/li>\n<li>Tirer, soulever, pousser&#8230;<\/li>\n<li>Place restreinte \u2013 un coin, contre un mur&#8230;<\/li>\n<li>Harceler verbalement, insulter, d\u00e9nigrer&#8230;<\/li>\n<li>Yeux band\u00e9s, par surprise&#8230;<\/li>\n<li>Amen\u00e9 au sol, il est sur vous&#8230;<\/li>\n<\/ul>\n<\/li>\n<\/ul>\n<h2><span style=\"color: #0000ff;\">Th\u00e8me 4. La pr\u00e9vention du crime<\/span><\/h2>\n<ul>\n<li>Seule \u00e0 la maison.<br \/>\n<img decoding=\"async\" class=\"alignright size-full wp-image-3356\" src=\"http:\/\/manoli.ca\/wp-content\/uploads\/2016\/06\/Slice-a-3.png\" alt=\"Slice-a-3\" width=\"220\" height=\"220\"><\/li>\n<li>Suivie<\/li>\n<li>S\u00e9curit\u00e9 sacoche.<\/li>\n<li>S\u00e9curit\u00e9 en voiture et transport public.<\/li>\n<li>Les drogues du viol, etc.<\/li>\n<\/ul>\n<h2><span style=\"color: #ff0000;\">Information g\u00e9n\u00e9rale<\/span><\/h2>\n<ul>\n<li><strong>Participants&nbsp;:<\/strong>\n<ul>\n<li>Femmes et adolescents 12 ans et plus.<\/li>\n<\/ul>\n<\/li>\n<li><strong>Dur\u00e9e :<\/strong>\n<ul>\n<li>1 &#8211; 1.5 heures par rencontre.<\/li>\n<li>Selon votre disponibilit\u00e9.<\/li>\n<\/ul>\n<\/li>\n<li><strong>Lieu&nbsp;:<\/strong><br \/>\n<h3><img decoding=\"async\" class=\"alignright size-full wp-image-3358\" src=\"http:\/\/manoli.ca\/wp-content\/uploads\/2016\/06\/Slice-a-5.png\" alt=\"Slice-a-5\" width=\"220\" height=\"220\"><\/h3>\n<ul>\n<li>\u00c0 notre studio de St. L\u00e9onard:\n<ul>\n<li>Air conditionn\u00e9.<\/li>\n<li>Grand et propre.<\/li>\n<li>Stationnement facile.<\/li>\n<\/ul>\n<\/li>\n<li>On peut ce d\u00e9placer chez vous:\n<ul>\n<li>Frais de d\u00e9placement.<\/li>\n<\/ul>\n<\/li>\n<\/ul>\n<\/li>\n<li><strong>Nombre de participantes :<\/strong>\n<ul>\n<li>1 \u2013 4 personnes<\/li>\n<li>Niveau physique mod\u00e9r\u00e9.<\/li>\n<li>On peut adapter et modifier l&rsquo;entra\u00eenement:\n<ul>\n<li>Vos objectifs et vos exigences.<\/li>\n<li>Du debout ou du sol seulement.<\/li>\n<li>M\u00e9lange d&rsquo;entrainement physique &amp; auto-d\u00e9fense.<\/li>\n<li>Exigences particuli\u00e8res&#8230;<\/li>\n<li>Aucun contrat \u00e0 signer.<\/li>\n<li>On fournit l\u2019\u00e9quipement n\u00e9cessaire pour chaque s\u00e9ance.<\/li>\n<\/ul>\n<\/li>\n<\/ul>\n<\/li>\n<\/ul>\n<h2><img decoding=\"async\" class=\"alignright size-medium wp-image-1119\" src=\"http:\/\/manoli.ca\/wp-content\/uploads\/2012\/01\/george-manoli-226x300.jpg\" alt=\"Sensei George Manoli\" width=\"226\" height=\"300\" srcset=\"https:\/\/manoli.ca\/wp-content\/uploads\/2012\/01\/george-manoli-226x300.jpg 226w, https:\/\/manoli.ca\/wp-content\/uploads\/2012\/01\/george-manoli.jpg 342w\" sizes=\"(max-width: 226px) 100vw, 226px\" \/><span style=\"color: #0000ff;\">M. Manoli &#8211; votre coach<br \/>\n<\/span><\/h2>\n<ul>\n<li>40 ans d\u2019exp\u00e9rience dans les arts martiaux.<\/li>\n<li>Ceintures noires en Karat\u00e9 et Judo.<\/li>\n<li>Ceinture mauve en Jiujitsu Br\u00e9silien.<\/li>\n<li>Policier retrait\u00e9 &#8211; SPVM.<\/li>\n<li>Dirige son \u00e9cole de Karat\u00e9 et de combats au sol:\n<ul>\n<li>Centre r\u00e9cr\u00e9atif de Beaconsfield.<\/li>\n<\/ul>\n<\/li>\n<li>Il a repr\u00e9sent\u00e9 le Canada avec succ\u00e8s :\n<ul>\n<li>3 championnats du monde:\n<ul>\n<li>Karat\u00e9 Contact &lsquo;Koshiki&rsquo;.<\/li>\n<\/ul>\n<\/li>\n<li>M\u00e9daill\u00e9 d&rsquo;argent aux 3 championnats.\n<ul>\n<li>Japon, Venezuela, Australie.<\/li>\n<\/ul>\n<\/li>\n<\/ul>\n<\/li>\n<li>Baccalaur\u00e9at en \u00e9ducation physique &#8211; McGill.<\/li>\n<li>PNCE niveau 2 (certification d\u2019entraineur).<\/li>\n<li>Il a \u00e9crits 3 manuels qui traitent de la s\u00e9curit\u00e9 personnelle:\n<ul>\n<li><span style=\"color: #993300;\"><em><strong>Enfants Alertes<\/strong><\/em><\/span> &#8211; 180 p\n<ul>\n<li>T\u00e9l\u00e9charg\u00e9 gratuitement sur ce site.<\/li>\n<\/ul>\n<\/li>\n<li><span style=\"color: #993300;\"><strong><em>Arr\u00eate de m&rsquo;intimider!<\/em><\/strong><\/span><\/li>\n<li><span style=\"color: #993300;\"><em><strong>Ne sois pas victime!<\/strong><\/em><\/span><\/li>\n<\/ul>\n<\/li>\n<\/ul>\n<ul>\n<li><span style=\"color: #ff0000;\"><em><strong>Il a d\u00e9vellop\u00e9 des programmes de pr\u00e9vention pour:<\/strong><\/em><\/span>\n<ul>\n<li><span style=\"color: #0000ff;\"><em><strong>SPVM (Police de Montr\u00e9al)<\/strong><\/em><\/span>\n<ul>\n<li>Techniques d\u2019interventions polici\u00e8res en situations de haut risques.<\/li>\n<\/ul>\n<\/li>\n<li><em><span style=\"color: #0000ff;\"><strong>Bombardier a\u00e9rospatiale<\/strong><\/span><\/em>\n<ul>\n<li>Le Judo verbal &amp; la r\u00e9sistance passive.<\/li>\n<\/ul>\n<\/li>\n<li><span style=\"color: #0000ff;\"><em><strong>Air Canada &#8211; Passager turbulent \u00e0 bord d&rsquo;un avion<\/strong><\/em><\/span>\n<ul>\n<li>Enseign\u00e9 \u00e0 6500 agents de bord \u00e0 travers le Canada.<\/li>\n<\/ul>\n<\/li>\n<li><span style=\"color: #0000ff;\"><em><strong>Enfants Alertes<\/strong><\/em><\/span>\n<ul>\n<li>Autoprotection pour enfants.<\/li>\n<li>Contre les attouchements &amp; l&rsquo;enl\u00e8vement.<\/li>\n<\/ul>\n<\/li>\n<li><span style=\"color: #0000ff;\"><em><strong>Arr\u00eate de m&rsquo;intimider!<\/strong><\/em><\/span>\n<ul>\n<li>Atelier parents \/ enfants<\/li>\n<\/ul>\n<\/li>\n<li><span style=\"color: #0000ff;\"><em><strong>L&rsquo;IVAC &amp; la CNESST (Victimes d&rsquo;actes criminels)<\/strong><\/em><\/span>\n<ul>\n<li>Auto-d\u00e9fense avec simulations d&rsquo;agressions<\/li>\n<li>L&rsquo;affirmation de soi afin de contrer:\n<ul>\n<li>La violence conjugale &amp; sexuelle.<\/li>\n<\/ul>\n<\/li>\n<\/ul>\n<\/li>\n<\/ul>\n<\/li>\n<\/ul>\n<h1>&nbsp;<\/h1>\n<h1><span style=\"color: #ff0000;\"><strong>NOUS CONTACTER<\/strong><\/span><\/h1>\n<ul>\n<li style=\"text-align: left;\">\n<h2>438-392-4683<\/h2>\n<\/li>\n<li style=\"text-align: left;\">\n<h2>&#x67;&#x6d;&#97;no&#x6c;&#x69;&#64;&#118;i&#x64;&#x65;&#111;&#116;r&#x6f;&#x6e;&#x2e;&#99;a<\/h2>\n<\/li>\n<\/ul>\n<p>&nbsp;<\/p>\n<p>&nbsp;<\/p>\n<h3>Related Images:<\/h3>","protected":false},"excerpt":{"rendered":"<p>Chaque rencontre priv\u00e9e: 4 th\u00e8mes &nbsp; Th\u00e8me 1. Durcir la cible L\u2019agresseur cherche quoi dans une victime potentielle? Diff\u00e9rentes types de r\u00e9sistance et leurs efficacit\u00e9s. Strat\u00e9gies contre une connaissance \/ un inconnu. L\u2019attitude du guerrier. Les r\u00e8gles de confrontations. Quoi faire si rien ne marche contre lui? Les \u00e9tapes d\u2019une agression et d\u2019une d\u00e9fense&#8230; Th\u00e8me &#8230;<\/p>\n","protected":false},"author":1,"featured_media":0,"parent":3498,"menu_order":0,"comment_status":"closed","ping_status":"closed","template":"","meta":{"ngg_post_thumbnail":0,"footnotes":""},"class_list":["post-3500","page","type-page","status-publish","hentry"],"yoast_head":"<!-- This site is optimized with the Yoast SEO plugin v27.2 - https:\/\/yoast.com\/product\/yoast-seo-wordpress\/ -->\n<title>\u2018A\u2019\u00a0: Auto-d\u00e9fense avec simulations d&#039;agressions, Cours priv\u00e9s - George Manoli Inc<\/title>\n<meta name=\"robots\" content=\"index, follow, max-snippet:-1, max-image-preview:large, max-video-preview:-1\" \/>\n<link rel=\"canonical\" href=\"https:\/\/manoli.ca\/fr\/cours\/entrainement-prive\/module-auto-defense-avec-agressions-simulees\/\" \/>\n<meta property=\"og:locale\" content=\"fr_FR\" \/>\n<meta property=\"og:type\" content=\"article\" \/>\n<meta property=\"og:title\" content=\"\u2018A\u2019\u00a0: Auto-d\u00e9fense avec simulations d&#039;agressions, Cours priv\u00e9s - George Manoli Inc\" \/>\n<meta property=\"og:description\" content=\"Chaque rencontre priv\u00e9e: 4 th\u00e8mes &nbsp; Th\u00e8me 1. Durcir la cible L\u2019agresseur cherche quoi dans une victime potentielle? Diff\u00e9rentes types de r\u00e9sistance et leurs efficacit\u00e9s. Strat\u00e9gies contre une connaissance \/ un inconnu. L\u2019attitude du guerrier. Les r\u00e8gles de confrontations. Quoi faire si rien ne marche contre lui? Les \u00e9tapes d\u2019une agression et d\u2019une d\u00e9fense&#8230; Th\u00e8me ...\" \/>\n<meta property=\"og:url\" content=\"https:\/\/manoli.ca\/fr\/cours\/entrainement-prive\/module-auto-defense-avec-agressions-simulees\/\" \/>\n<meta property=\"og:site_name\" content=\"George Manoli Inc\" \/>\n<meta property=\"article:modified_time\" content=\"2024-09-03T22:36:24+00:00\" \/>\n<meta property=\"og:image\" content=\"http:\/\/manoli.ca\/wp-content\/uploads\/2012\/01\/womens-self-defense-2.jpg\" \/>\n<meta name=\"twitter:card\" content=\"summary_large_image\" \/>\n<meta name=\"twitter:site\" content=\"@tokondojo\" \/>\n<meta name=\"twitter:label1\" content=\"Dur\u00e9e de lecture estim\u00e9e\" \/>\n\t<meta name=\"twitter:data1\" content=\"3 minutes\" \/>\n<script type=\"application\/ld+json\" class=\"yoast-schema-graph\">{\"@context\":\"https:\/\/schema.org\",\"@graph\":[{\"@type\":\"WebPage\",\"@id\":\"https:\/\/manoli.ca\/fr\/cours\/entrainement-prive\/module-auto-defense-avec-agressions-simulees\/\",\"url\":\"https:\/\/manoli.ca\/fr\/cours\/entrainement-prive\/module-auto-defense-avec-agressions-simulees\/\",\"name\":\"\u2018A\u2019\u00a0: Auto-d\u00e9fense avec simulations d'agressions, Cours priv\u00e9s - George Manoli Inc\",\"isPartOf\":{\"@id\":\"https:\/\/manoli.ca\/#website\"},\"primaryImageOfPage\":{\"@id\":\"https:\/\/manoli.ca\/fr\/cours\/entrainement-prive\/module-auto-defense-avec-agressions-simulees\/#primaryimage\"},\"image\":{\"@id\":\"https:\/\/manoli.ca\/fr\/cours\/entrainement-prive\/module-auto-defense-avec-agressions-simulees\/#primaryimage\"},\"thumbnailUrl\":\"http:\/\/manoli.ca\/wp-content\/uploads\/2012\/01\/womens-self-defense-2.jpg\",\"datePublished\":\"2016-08-03T17:32:00+00:00\",\"dateModified\":\"2024-09-03T22:36:24+00:00\",\"breadcrumb\":{\"@id\":\"https:\/\/manoli.ca\/fr\/cours\/entrainement-prive\/module-auto-defense-avec-agressions-simulees\/#breadcrumb\"},\"inLanguage\":\"fr-FR\",\"potentialAction\":[{\"@type\":\"ReadAction\",\"target\":[\"https:\/\/manoli.ca\/fr\/cours\/entrainement-prive\/module-auto-defense-avec-agressions-simulees\/\"]}]},{\"@type\":\"ImageObject\",\"inLanguage\":\"fr-FR\",\"@id\":\"https:\/\/manoli.ca\/fr\/cours\/entrainement-prive\/module-auto-defense-avec-agressions-simulees\/#primaryimage\",\"url\":\"http:\/\/manoli.ca\/wp-content\/uploads\/2012\/01\/womens-self-defense-2.jpg\",\"contentUrl\":\"http:\/\/manoli.ca\/wp-content\/uploads\/2012\/01\/womens-self-defense-2.jpg\"},{\"@type\":\"BreadcrumbList\",\"@id\":\"https:\/\/manoli.ca\/fr\/cours\/entrainement-prive\/module-auto-defense-avec-agressions-simulees\/#breadcrumb\",\"itemListElement\":[{\"@type\":\"ListItem\",\"position\":1,\"name\":\"Home\",\"item\":\"https:\/\/manoli.ca\/fr\/\"},{\"@type\":\"ListItem\",\"position\":2,\"name\":\"Cours\",\"item\":\"https:\/\/manoli.ca\/fr\/cours\/\"},{\"@type\":\"ListItem\",\"position\":3,\"name\":\"Entrainement priv\u00e9 ou en petit groupe\",\"item\":\"https:\/\/manoli.ca\/fr\/cours\/entrainement-prive\/\"},{\"@type\":\"ListItem\",\"position\":4,\"name\":\"\u2018A\u2019\u00a0: Auto-d\u00e9fense avec simulations d&rsquo;agressions, Cours priv\u00e9s\"}]},{\"@type\":\"WebSite\",\"@id\":\"https:\/\/manoli.ca\/#website\",\"url\":\"https:\/\/manoli.ca\/\",\"name\":\"George Manoli Inc\",\"description\":\"\",\"potentialAction\":[{\"@type\":\"SearchAction\",\"target\":{\"@type\":\"EntryPoint\",\"urlTemplate\":\"https:\/\/manoli.ca\/?s={search_term_string}\"},\"query-input\":{\"@type\":\"PropertyValueSpecification\",\"valueRequired\":true,\"valueName\":\"search_term_string\"}}],\"inLanguage\":\"fr-FR\"}]}<\/script>\n<!-- \/ Yoast SEO plugin. -->","yoast_head_json":{"title":"\u2018A\u2019\u00a0: Auto-d\u00e9fense avec simulations d'agressions, Cours priv\u00e9s - George Manoli Inc","robots":{"index":"index","follow":"follow","max-snippet":"max-snippet:-1","max-image-preview":"max-image-preview:large","max-video-preview":"max-video-preview:-1"},"canonical":"https:\/\/manoli.ca\/fr\/cours\/entrainement-prive\/module-auto-defense-avec-agressions-simulees\/","og_locale":"fr_FR","og_type":"article","og_title":"\u2018A\u2019\u00a0: Auto-d\u00e9fense avec simulations d'agressions, Cours priv\u00e9s - George Manoli Inc","og_description":"Chaque rencontre priv\u00e9e: 4 th\u00e8mes &nbsp; Th\u00e8me 1. Durcir la cible L\u2019agresseur cherche quoi dans une victime potentielle? Diff\u00e9rentes types de r\u00e9sistance et leurs efficacit\u00e9s. Strat\u00e9gies contre une connaissance \/ un inconnu. L\u2019attitude du guerrier. Les r\u00e8gles de confrontations. Quoi faire si rien ne marche contre lui? Les \u00e9tapes d\u2019une agression et d\u2019une d\u00e9fense&#8230; Th\u00e8me ...","og_url":"https:\/\/manoli.ca\/fr\/cours\/entrainement-prive\/module-auto-defense-avec-agressions-simulees\/","og_site_name":"George Manoli Inc","article_modified_time":"2024-09-03T22:36:24+00:00","og_image":[{"url":"http:\/\/manoli.ca\/wp-content\/uploads\/2012\/01\/womens-self-defense-2.jpg","type":"","width":"","height":""}],"twitter_card":"summary_large_image","twitter_site":"@tokondojo","twitter_misc":{"Dur\u00e9e de lecture estim\u00e9e":"3 minutes"},"schema":{"@context":"https:\/\/schema.org","@graph":[{"@type":"WebPage","@id":"https:\/\/manoli.ca\/fr\/cours\/entrainement-prive\/module-auto-defense-avec-agressions-simulees\/","url":"https:\/\/manoli.ca\/fr\/cours\/entrainement-prive\/module-auto-defense-avec-agressions-simulees\/","name":"\u2018A\u2019\u00a0: Auto-d\u00e9fense avec simulations d'agressions, Cours priv\u00e9s - George Manoli Inc","isPartOf":{"@id":"https:\/\/manoli.ca\/#website"},"primaryImageOfPage":{"@id":"https:\/\/manoli.ca\/fr\/cours\/entrainement-prive\/module-auto-defense-avec-agressions-simulees\/#primaryimage"},"image":{"@id":"https:\/\/manoli.ca\/fr\/cours\/entrainement-prive\/module-auto-defense-avec-agressions-simulees\/#primaryimage"},"thumbnailUrl":"http:\/\/manoli.ca\/wp-content\/uploads\/2012\/01\/womens-self-defense-2.jpg","datePublished":"2016-08-03T17:32:00+00:00","dateModified":"2024-09-03T22:36:24+00:00","breadcrumb":{"@id":"https:\/\/manoli.ca\/fr\/cours\/entrainement-prive\/module-auto-defense-avec-agressions-simulees\/#breadcrumb"},"inLanguage":"fr-FR","potentialAction":[{"@type":"ReadAction","target":["https:\/\/manoli.ca\/fr\/cours\/entrainement-prive\/module-auto-defense-avec-agressions-simulees\/"]}]},{"@type":"ImageObject","inLanguage":"fr-FR","@id":"https:\/\/manoli.ca\/fr\/cours\/entrainement-prive\/module-auto-defense-avec-agressions-simulees\/#primaryimage","url":"http:\/\/manoli.ca\/wp-content\/uploads\/2012\/01\/womens-self-defense-2.jpg","contentUrl":"http:\/\/manoli.ca\/wp-content\/uploads\/2012\/01\/womens-self-defense-2.jpg"},{"@type":"BreadcrumbList","@id":"https:\/\/manoli.ca\/fr\/cours\/entrainement-prive\/module-auto-defense-avec-agressions-simulees\/#breadcrumb","itemListElement":[{"@type":"ListItem","position":1,"name":"Home","item":"https:\/\/manoli.ca\/fr\/"},{"@type":"ListItem","position":2,"name":"Cours","item":"https:\/\/manoli.ca\/fr\/cours\/"},{"@type":"ListItem","position":3,"name":"Entrainement priv\u00e9 ou en petit groupe","item":"https:\/\/manoli.ca\/fr\/cours\/entrainement-prive\/"},{"@type":"ListItem","position":4,"name":"\u2018A\u2019\u00a0: Auto-d\u00e9fense avec simulations d&rsquo;agressions, Cours priv\u00e9s"}]},{"@type":"WebSite","@id":"https:\/\/manoli.ca\/#website","url":"https:\/\/manoli.ca\/","name":"George Manoli Inc","description":"","potentialAction":[{"@type":"SearchAction","target":{"@type":"EntryPoint","urlTemplate":"https:\/\/manoli.ca\/?s={search_term_string}"},"query-input":{"@type":"PropertyValueSpecification","valueRequired":true,"valueName":"search_term_string"}}],"inLanguage":"fr-FR"}]}},"_links":{"self":[{"href":"https:\/\/manoli.ca\/fr\/wp-json\/wp\/v2\/pages\/3500","targetHints":{"allow":["GET"]}}],"collection":[{"href":"https:\/\/manoli.ca\/fr\/wp-json\/wp\/v2\/pages"}],"about":[{"href":"https:\/\/manoli.ca\/fr\/wp-json\/wp\/v2\/types\/page"}],"author":[{"embeddable":true,"href":"https:\/\/manoli.ca\/fr\/wp-json\/wp\/v2\/users\/1"}],"replies":[{"embeddable":true,"href":"https:\/\/manoli.ca\/fr\/wp-json\/wp\/v2\/comments?post=3500"}],"version-history":[{"count":20,"href":"https:\/\/manoli.ca\/fr\/wp-json\/wp\/v2\/pages\/3500\/revisions"}],"predecessor-version":[{"id":7812,"href":"https:\/\/manoli.ca\/fr\/wp-json\/wp\/v2\/pages\/3500\/revisions\/7812"}],"up":[{"embeddable":true,"href":"https:\/\/manoli.ca\/fr\/wp-json\/wp\/v2\/pages\/3498"}],"wp:attachment":[{"href":"https:\/\/manoli.ca\/fr\/wp-json\/wp\/v2\/media?parent=3500"}],"curies":[{"name":"wp","href":"https:\/\/api.w.org\/{rel}","templated":true}]}}