{"id":3498,"date":"2016-08-03T17:18:02","date_gmt":"2016-08-03T17:18:02","guid":{"rendered":"http:\/\/manoli.ca\/fr\/?page_id=3498"},"modified":"2024-09-02T17:07:03","modified_gmt":"2024-09-02T22:07:03","slug":"entrainement-prive","status":"publish","type":"page","link":"https:\/\/manoli.ca\/fr\/cours\/entrainement-prive\/","title":{"rendered":"Entrainement priv\u00e9 ou en petit groupe"},"content":{"rendered":"<h2>S\u00e9curit\u00e9 personnelle &amp; confiance en soi<\/h2>\n<div class=\"hp_manoli_buttons\">\n<div class=\"one_third\"><div style=\"text-align: center;\">\n<h3><a href=\"\/fr\/cours\/entrainement-prive\/module-auto-defense-avec-agressions-simulees\/\"><span style=\"color: #ff0000;\">MODULE &lsquo;A&rsquo;<\/span><\/a><\/h3>\n<p><a href=\"\/fr\/cours\/entrainement-prive\/module-auto-defense-avec-agressions-simulees\/\">Auto-d\u00e9fense avec simulations d&rsquo;agressions <strong>Femmes &amp; Adolescentes<\/strong><\/a><br \/>\n<a href=\"\/fr\/cours\/entrainement-prive\/module-auto-defense-avec-agressions-simulees\/\"><img decoding=\"async\" class=\"alignnone wp-image-412 size-full\" title=\"Self-defense for women\" src=\"http:\/\/manoli.ca\/wp-content\/uploads\/2012\/01\/self-defense.gif\" alt=\"West Island Womens Self Defense, Montreal Quebec\" width=\"220\" height=\"220\" srcset=\"https:\/\/manoli.ca\/wp-content\/uploads\/2012\/01\/self-defense.gif 220w, https:\/\/manoli.ca\/wp-content\/uploads\/2012\/01\/self-defense-150x150.gif 150w\" sizes=\"(max-width: 220px) 100vw, 220px\" \/><\/a><\/p>\n<\/div><\/div>\n<div class=\"one_third\"><div style=\"text-align: center;\">\n<h3><a href=\"\/fr\/cours\/entrainement-prive\/module-b-karate-kick-boxing\/\"><span style=\"color: #ff0000;\">MODULE &lsquo;B&rsquo;<\/span><\/a><\/h3>\n<p><a href=\"\/fr\/cours\/entrainement-prive\/module-b-karate-kick-boxing\/\">Karat\u00e9 Koshiki &amp; Jiu-Jitsu Br\u00e9silien <strong>Hommes, Femmes &amp; A<\/strong><\/a><a href=\"\/fr\/cours\/entrainement-prive\/module-b-karate-kick-boxing\/\"><strong>dolescents<\/strong><\/a><br \/>\n<a href=\"\/fr\/cours\/entrainement-prive\/module-b-karate-kick-boxing\/\"><img decoding=\"async\" class=\"alignnone size-full wp-image-3350\" src=\"http:\/\/manoli.ca\/wp-content\/uploads\/2016\/06\/manoli-karate-kick-boxing.png\" alt=\"Karate and Kick Boxing Manoli\" width=\"220\" height=\"220\"><\/a><\/p>\n<\/div><\/div>\n<div class=\"one_third last\"><div style=\"text-align: center;\">\n<h3><a href=\"\/fr\/cours\/entrainement-prive\/module-c-jiu-jitsu-pour-debutant-combats-au-sol\/\"><span style=\"color: #ff0000;\">MODULE &lsquo;C&rsquo;<\/span><\/a><\/h3>\n<p><a href=\"\/fr\/cours\/entrainement-prive\/module-c-jiu-jitsu-pour-debutant-combats-au-sol\/\">Jiu-Jitsu Br\u00e9silin &amp; Judo pour d\u00e9butant <strong>Hommes, Femmes &amp; <\/strong><\/a><strong><a href=\"\/fr\/cours\/entrainement-prive\/module-auto-defense-avec-agressions-simulees\/\">Adolescents<\/a><\/strong><br \/>\n<a href=\"\/fr\/cours\/entrainement-prive\/module-c-jiu-jitsu-pour-debutant-combats-au-sol\/\"><img decoding=\"async\" class=\"alignnone size-full wp-image-3349\" src=\"http:\/\/manoli.ca\/wp-content\/uploads\/2016\/06\/manoli-jiu-jutsu-grappling.png\" alt=\"Jiu-Jutsu and Grappling Manoli\" width=\"220\" height=\"220\"><\/a><\/p>\n<\/div><\/div><div class=\"clearboth\"><\/div>\n<\/div>\n<p>&nbsp;<\/p>\n<h2><span style=\"color: #ff0000;\">On peut se d\u00e9placer chez vous ou venez-vous entra\u00eener \u00e0 notre studio!<\/span><\/h2>\n<div class=\"hp_manoli_buttons\">\n<div class=\"one_half\"><\/div>\n<div style=\"opacity: 1;\">\n<p>&nbsp;<\/p>\n<h4 style=\"text-align: left;\"><span style=\"color: #0000ff;\"><strong>Entrainement en s\u00e9curit\u00e9 personnelle adapt\u00e9 \u00e0 vos besoin<\/strong> :<\/span><\/h4>\n<ul>\n<li>Auto-d\u00e9fense avec simulations d&rsquo;agressions<\/li>\n<li>Conditionnement physique &amp; le Karat\u00e9 Koshiki.<\/li>\n<li>Conditionnement, Karat\u00e9 &amp; Jiu-Jitsu.<\/li>\n<li>Jiu-Jtsu &amp; Judo.<\/li>\n<li>Affirmation de soi<\/li>\n<li>Contrer l&rsquo;itimidation pour enfants et ados&#8230;<\/li>\n<\/ul>\n<h4><strong><span style=\"color: #0000ff;\">Notre studio est:<\/span><br \/>\n<\/strong><\/h4>\n<ul>\n<li>Situ\u00e9 \u00e0 St. L\u00e9onard (Lacordaire \/ Couture).<\/li>\n<li>Air conditionn\u00e9 &amp; chauff\u00e9.<\/li>\n<li>Spacieux &amp; propre.<\/li>\n<li>Stationnement facile.<\/li>\n<li>\u00c9quipement fourni.<\/li>\n<li>On donne des cours 6 jours semaine.<\/li>\n<li>Le jour, apr\u00e9s-midi, soir &amp; week-end.<\/li>\n<\/ul>\n<\/div>\n<div style=\"opacity: 1;\">\n<h3>&nbsp;<\/h3>\n<\/div>\n[\/one_half_last]\n<\/div>\n<h3>Related Images:<\/h3>","protected":false},"excerpt":{"rendered":"<p>S\u00e9curit\u00e9 personnelle &amp; confiance en soi &nbsp; On peut se d\u00e9placer chez vous ou venez-vous entra\u00eener \u00e0 notre studio! &nbsp; Entrainement en s\u00e9curit\u00e9 personnelle adapt\u00e9 \u00e0 vos besoin : Auto-d\u00e9fense avec simulations d&rsquo;agressions Conditionnement physique &amp; le Karat\u00e9 Koshiki. Conditionnement, Karat\u00e9 &amp; Jiu-Jitsu. Jiu-Jtsu &amp; Judo. Affirmation de soi Contrer l&rsquo;itimidation pour enfants et ados&#8230; &#8230;<\/p>\n","protected":false},"author":1,"featured_media":0,"parent":56,"menu_order":0,"comment_status":"closed","ping_status":"closed","template":"template_fullwidth.php","meta":{"ngg_post_thumbnail":0,"footnotes":""},"class_list":["post-3498","page","type-page","status-publish","hentry"],"yoast_head":"<!-- This site is optimized with the Yoast SEO plugin v27.2 - https:\/\/yoast.com\/product\/yoast-seo-wordpress\/ -->\n<title>Entrainement priv\u00e9 ou en petit groupe - George Manoli Inc<\/title>\n<meta name=\"robots\" content=\"index, follow, max-snippet:-1, max-image-preview:large, max-video-preview:-1\" \/>\n<link rel=\"canonical\" href=\"https:\/\/manoli.ca\/fr\/cours\/entrainement-prive\/\" \/>\n<meta property=\"og:locale\" content=\"fr_FR\" \/>\n<meta property=\"og:type\" content=\"article\" \/>\n<meta property=\"og:title\" content=\"Entrainement priv\u00e9 ou en petit groupe - George Manoli Inc\" \/>\n<meta property=\"og:description\" content=\"S\u00e9curit\u00e9 personnelle &amp; confiance en soi &nbsp; On peut se d\u00e9placer chez vous ou venez-vous entra\u00eener \u00e0 notre studio! &nbsp; Entrainement en s\u00e9curit\u00e9 personnelle adapt\u00e9 \u00e0 vos besoin : Auto-d\u00e9fense avec simulations d&rsquo;agressions Conditionnement physique &amp; le Karat\u00e9 Koshiki. Conditionnement, Karat\u00e9 &amp; Jiu-Jitsu. Jiu-Jtsu &amp; Judo. Affirmation de soi Contrer l&rsquo;itimidation pour enfants et ados&#8230; ...\" \/>\n<meta property=\"og:url\" content=\"https:\/\/manoli.ca\/fr\/cours\/entrainement-prive\/\" \/>\n<meta property=\"og:site_name\" content=\"George Manoli Inc\" \/>\n<meta property=\"article:modified_time\" content=\"2024-09-02T22:07:03+00:00\" \/>\n<meta property=\"og:image\" content=\"http:\/\/manoli.ca\/wp-content\/uploads\/2012\/01\/self-defense.gif\" \/>\n<meta name=\"twitter:card\" content=\"summary_large_image\" \/>\n<meta name=\"twitter:site\" content=\"@tokondojo\" \/>\n<meta name=\"twitter:label1\" content=\"Dur\u00e9e de lecture estim\u00e9e\" \/>\n\t<meta name=\"twitter:data1\" content=\"1 minute\" \/>\n<script type=\"application\/ld+json\" class=\"yoast-schema-graph\">{\"@context\":\"https:\/\/schema.org\",\"@graph\":[{\"@type\":\"WebPage\",\"@id\":\"https:\/\/manoli.ca\/fr\/cours\/entrainement-prive\/\",\"url\":\"https:\/\/manoli.ca\/fr\/cours\/entrainement-prive\/\",\"name\":\"Entrainement priv\u00e9 ou en petit groupe - George Manoli Inc\",\"isPartOf\":{\"@id\":\"https:\/\/manoli.ca\/fr\/#website\"},\"primaryImageOfPage\":{\"@id\":\"https:\/\/manoli.ca\/fr\/cours\/entrainement-prive\/#primaryimage\"},\"image\":{\"@id\":\"https:\/\/manoli.ca\/fr\/cours\/entrainement-prive\/#primaryimage\"},\"thumbnailUrl\":\"http:\/\/manoli.ca\/wp-content\/uploads\/2012\/01\/self-defense.gif\",\"datePublished\":\"2016-08-03T17:18:02+00:00\",\"dateModified\":\"2024-09-02T22:07:03+00:00\",\"breadcrumb\":{\"@id\":\"https:\/\/manoli.ca\/fr\/cours\/entrainement-prive\/#breadcrumb\"},\"inLanguage\":\"fr-FR\",\"potentialAction\":[{\"@type\":\"ReadAction\",\"target\":[\"https:\/\/manoli.ca\/fr\/cours\/entrainement-prive\/\"]}]},{\"@type\":\"ImageObject\",\"inLanguage\":\"fr-FR\",\"@id\":\"https:\/\/manoli.ca\/fr\/cours\/entrainement-prive\/#primaryimage\",\"url\":\"http:\/\/manoli.ca\/wp-content\/uploads\/2012\/01\/self-defense.gif\",\"contentUrl\":\"http:\/\/manoli.ca\/wp-content\/uploads\/2012\/01\/self-defense.gif\"},{\"@type\":\"BreadcrumbList\",\"@id\":\"https:\/\/manoli.ca\/fr\/cours\/entrainement-prive\/#breadcrumb\",\"itemListElement\":[{\"@type\":\"ListItem\",\"position\":1,\"name\":\"Home\",\"item\":\"https:\/\/manoli.ca\/fr\/\"},{\"@type\":\"ListItem\",\"position\":2,\"name\":\"Cours\",\"item\":\"https:\/\/manoli.ca\/fr\/cours\/\"},{\"@type\":\"ListItem\",\"position\":3,\"name\":\"Entrainement priv\u00e9 ou en petit groupe\"}]},{\"@type\":\"WebSite\",\"@id\":\"https:\/\/manoli.ca\/fr\/#website\",\"url\":\"https:\/\/manoli.ca\/fr\/\",\"name\":\"George Manoli Inc\",\"description\":\"\",\"potentialAction\":[{\"@type\":\"SearchAction\",\"target\":{\"@type\":\"EntryPoint\",\"urlTemplate\":\"https:\/\/manoli.ca\/fr\/?s={search_term_string}\"},\"query-input\":{\"@type\":\"PropertyValueSpecification\",\"valueRequired\":true,\"valueName\":\"search_term_string\"}}],\"inLanguage\":\"fr-FR\"}]}<\/script>\n<!-- \/ Yoast SEO plugin. -->","yoast_head_json":{"title":"Entrainement priv\u00e9 ou en petit groupe - George Manoli Inc","robots":{"index":"index","follow":"follow","max-snippet":"max-snippet:-1","max-image-preview":"max-image-preview:large","max-video-preview":"max-video-preview:-1"},"canonical":"https:\/\/manoli.ca\/fr\/cours\/entrainement-prive\/","og_locale":"fr_FR","og_type":"article","og_title":"Entrainement priv\u00e9 ou en petit groupe - George Manoli Inc","og_description":"S\u00e9curit\u00e9 personnelle &amp; confiance en soi &nbsp; On peut se d\u00e9placer chez vous ou venez-vous entra\u00eener \u00e0 notre studio! &nbsp; Entrainement en s\u00e9curit\u00e9 personnelle adapt\u00e9 \u00e0 vos besoin : Auto-d\u00e9fense avec simulations d&rsquo;agressions Conditionnement physique &amp; le Karat\u00e9 Koshiki. Conditionnement, Karat\u00e9 &amp; Jiu-Jitsu. Jiu-Jtsu &amp; Judo. Affirmation de soi Contrer l&rsquo;itimidation pour enfants et ados&#8230; ...","og_url":"https:\/\/manoli.ca\/fr\/cours\/entrainement-prive\/","og_site_name":"George Manoli Inc","article_modified_time":"2024-09-02T22:07:03+00:00","og_image":[{"url":"http:\/\/manoli.ca\/wp-content\/uploads\/2012\/01\/self-defense.gif","type":"","width":"","height":""}],"twitter_card":"summary_large_image","twitter_site":"@tokondojo","twitter_misc":{"Dur\u00e9e de lecture estim\u00e9e":"1 minute"},"schema":{"@context":"https:\/\/schema.org","@graph":[{"@type":"WebPage","@id":"https:\/\/manoli.ca\/fr\/cours\/entrainement-prive\/","url":"https:\/\/manoli.ca\/fr\/cours\/entrainement-prive\/","name":"Entrainement priv\u00e9 ou en petit groupe - George Manoli Inc","isPartOf":{"@id":"https:\/\/manoli.ca\/fr\/#website"},"primaryImageOfPage":{"@id":"https:\/\/manoli.ca\/fr\/cours\/entrainement-prive\/#primaryimage"},"image":{"@id":"https:\/\/manoli.ca\/fr\/cours\/entrainement-prive\/#primaryimage"},"thumbnailUrl":"http:\/\/manoli.ca\/wp-content\/uploads\/2012\/01\/self-defense.gif","datePublished":"2016-08-03T17:18:02+00:00","dateModified":"2024-09-02T22:07:03+00:00","breadcrumb":{"@id":"https:\/\/manoli.ca\/fr\/cours\/entrainement-prive\/#breadcrumb"},"inLanguage":"fr-FR","potentialAction":[{"@type":"ReadAction","target":["https:\/\/manoli.ca\/fr\/cours\/entrainement-prive\/"]}]},{"@type":"ImageObject","inLanguage":"fr-FR","@id":"https:\/\/manoli.ca\/fr\/cours\/entrainement-prive\/#primaryimage","url":"http:\/\/manoli.ca\/wp-content\/uploads\/2012\/01\/self-defense.gif","contentUrl":"http:\/\/manoli.ca\/wp-content\/uploads\/2012\/01\/self-defense.gif"},{"@type":"BreadcrumbList","@id":"https:\/\/manoli.ca\/fr\/cours\/entrainement-prive\/#breadcrumb","itemListElement":[{"@type":"ListItem","position":1,"name":"Home","item":"https:\/\/manoli.ca\/fr\/"},{"@type":"ListItem","position":2,"name":"Cours","item":"https:\/\/manoli.ca\/fr\/cours\/"},{"@type":"ListItem","position":3,"name":"Entrainement priv\u00e9 ou en petit groupe"}]},{"@type":"WebSite","@id":"https:\/\/manoli.ca\/fr\/#website","url":"https:\/\/manoli.ca\/fr\/","name":"George Manoli Inc","description":"","potentialAction":[{"@type":"SearchAction","target":{"@type":"EntryPoint","urlTemplate":"https:\/\/manoli.ca\/fr\/?s={search_term_string}"},"query-input":{"@type":"PropertyValueSpecification","valueRequired":true,"valueName":"search_term_string"}}],"inLanguage":"fr-FR"}]}},"_links":{"self":[{"href":"https:\/\/manoli.ca\/fr\/wp-json\/wp\/v2\/pages\/3498","targetHints":{"allow":["GET"]}}],"collection":[{"href":"https:\/\/manoli.ca\/fr\/wp-json\/wp\/v2\/pages"}],"about":[{"href":"https:\/\/manoli.ca\/fr\/wp-json\/wp\/v2\/types\/page"}],"author":[{"embeddable":true,"href":"https:\/\/manoli.ca\/fr\/wp-json\/wp\/v2\/users\/1"}],"replies":[{"embeddable":true,"href":"https:\/\/manoli.ca\/fr\/wp-json\/wp\/v2\/comments?post=3498"}],"version-history":[{"count":22,"href":"https:\/\/manoli.ca\/fr\/wp-json\/wp\/v2\/pages\/3498\/revisions"}],"predecessor-version":[{"id":7755,"href":"https:\/\/manoli.ca\/fr\/wp-json\/wp\/v2\/pages\/3498\/revisions\/7755"}],"up":[{"embeddable":true,"href":"https:\/\/manoli.ca\/fr\/wp-json\/wp\/v2\/pages\/56"}],"wp:attachment":[{"href":"https:\/\/manoli.ca\/fr\/wp-json\/wp\/v2\/media?parent=3498"}],"curies":[{"name":"wp","href":"https:\/\/api.w.org\/{rel}","templated":true}]}}