{"id":1642,"date":"2012-11-20T01:50:17","date_gmt":"2012-11-20T01:50:17","guid":{"rendered":"http:\/\/manoli.ca\/t%c3%a9l%c3%a9charger\/restricted-access\/"},"modified":"2020-11-23T10:00:47","modified_gmt":"2020-11-23T15:00:47","slug":"restricted-access","status":"publish","type":"page","link":"https:\/\/manoli.ca\/fr\/t%c3%a9l%c3%a9charger\/restricted-access\/","title":{"rendered":"Restricted Access"},"content":{"rendered":"<h3>Nous sommes d\u00e9sol\u00e9s, mais, vous n&rsquo;avez pas acc\u00e8s aux mat\u00e9riels techniques de ce niveau<\/h3>\n<p>Si vous avez d\u00e9j\u00e0 un compte avec nous, vous avez cliqu\u00e9 \u00e0 un niveau de ceinture qui ne correspond pas \u00e0 nos fichiers. Si vous \u00e9t\u00e9s un \u00e9l\u00e8ve actif de <a href=\"&#x6d;&#x61;&#x69;&#108;&#116;&#111;:g&#x6d;&#x61;&#x6e;&#x6f;&#108;&#105;&#64;v&#x69;&#x64;&#x65;&#x6f;&#116;&#114;on&#x2e;&#x63;&#x61;\">Sensei G. Manoli<\/a>i, SVP le contacter ou rejoindre <a href=\"m&#97;&#x69;&#x6c;t&#111;&#58;&#x6d;&#x62;m&#97;&#114;&#x74;&#x69;n&#49;&#x39;&#x36;&#x35;&#64;&#103;&#x6d;&#x61;i&#108;&#46;&#x63;&#x6f;m\">Sempai Marc Martin<\/a> afin de faire la demande d&rsquo;acc\u00e8s \u00e0 ce niveau-l\u00e0. Quelqu&rsquo;un revissera votre dossier et si votre courriel s&rsquo;av\u00e8re le bon, on vous ouvrira l&rsquo;acc\u00e8s \u00e0 ce niveau.<\/p>\n<p>Si vous avez des questions, SVP contez <a href=\"&#x6d;&#97;i&#x6c;&#116;o&#x3a;&#103;m&#x61;&#110;o&#x6c;&#105;&#64;&#x76;&#x69;d&#x65;&#x6f;&#116;&#x72;&#x6f;&#110;&#x2e;&#x63;&#97;\">Sensei G. Manoli<\/a> ou <a href=\"&#109;&#x61;i&#108;&#x74;o&#x3a;&#x6d;&#98;&#x6d;a&#114;&#x74;i&#110;&#x31;&#57;&#x36;5&#64;&#x67;m&#97;&#x69;&#108;&#x2e;&#x63;&#111;&#x6d;\">Sempai Marc Martin<\/a><\/p>\n<h3>Related Images:<\/h3>","protected":false},"excerpt":{"rendered":"<p>Nous sommes d\u00e9sol\u00e9s, mais, vous n&rsquo;avez pas acc\u00e8s aux mat\u00e9riels techniques de ce niveau Si vous avez d\u00e9j\u00e0 un compte avec nous, vous avez cliqu\u00e9 \u00e0 un niveau de ceinture qui ne correspond pas \u00e0 nos fichiers. Si vous \u00e9t\u00e9s un \u00e9l\u00e8ve actif de Sensei G. Manolii, SVP le contacter ou rejoindre Sempai Marc Martin &#8230;<\/p>\n","protected":false},"author":1,"featured_media":0,"parent":60,"menu_order":0,"comment_status":"closed","ping_status":"closed","template":"","meta":{"ngg_post_thumbnail":0,"footnotes":""},"class_list":["post-1642","page","type-page","status-publish","hentry"],"yoast_head":"<!-- This site is optimized with the Yoast SEO plugin v27.2 - https:\/\/yoast.com\/product\/yoast-seo-wordpress\/ -->\n<title>Restricted Access - George Manoli Inc<\/title>\n<meta name=\"robots\" content=\"index, follow, max-snippet:-1, max-image-preview:large, max-video-preview:-1\" \/>\n<link rel=\"canonical\" href=\"https:\/\/manoli.ca\/fr\/t\u00e9l\u00e9charger\/restricted-access\/\" \/>\n<meta property=\"og:locale\" content=\"fr_FR\" \/>\n<meta property=\"og:type\" content=\"article\" \/>\n<meta property=\"og:title\" content=\"Restricted Access - George Manoli Inc\" \/>\n<meta property=\"og:description\" content=\"Nous sommes d\u00e9sol\u00e9s, mais, vous n&rsquo;avez pas acc\u00e8s aux mat\u00e9riels techniques de ce niveau Si vous avez d\u00e9j\u00e0 un compte avec nous, vous avez cliqu\u00e9 \u00e0 un niveau de ceinture qui ne correspond pas \u00e0 nos fichiers. Si vous \u00e9t\u00e9s un \u00e9l\u00e8ve actif de Sensei G. Manolii, SVP le contacter ou rejoindre Sempai Marc Martin ...\" \/>\n<meta property=\"og:url\" content=\"https:\/\/manoli.ca\/fr\/t\u00e9l\u00e9charger\/restricted-access\/\" \/>\n<meta property=\"og:site_name\" content=\"George Manoli Inc\" \/>\n<meta property=\"article:modified_time\" content=\"2020-11-23T15:00:47+00:00\" \/>\n<meta property=\"og:image\" content=\"https:\/\/manoli.ca\/wp-content\/uploads\/2015\/12\/Red-Barn-Logo-250-1.png\" \/>\n\t<meta property=\"og:image:width\" content=\"250\" \/>\n\t<meta property=\"og:image:height\" content=\"250\" \/>\n\t<meta property=\"og:image:type\" content=\"image\/png\" \/>\n<meta name=\"twitter:card\" content=\"summary_large_image\" \/>\n<meta name=\"twitter:site\" content=\"@tokondojo\" \/>\n<meta name=\"twitter:label1\" content=\"Dur\u00e9e de lecture estim\u00e9e\" \/>\n\t<meta name=\"twitter:data1\" content=\"1 minute\" \/>\n<script type=\"application\/ld+json\" class=\"yoast-schema-graph\">{\"@context\":\"https:\/\/schema.org\",\"@graph\":[{\"@type\":\"WebPage\",\"@id\":\"https:\/\/manoli.ca\/fr\/t%c3%a9l%c3%a9charger\/restricted-access\/\",\"url\":\"https:\/\/manoli.ca\/fr\/t%c3%a9l%c3%a9charger\/restricted-access\/\",\"name\":\"Restricted Access - George Manoli Inc\",\"isPartOf\":{\"@id\":\"https:\/\/manoli.ca\/#website\"},\"datePublished\":\"2012-11-20T01:50:17+00:00\",\"dateModified\":\"2020-11-23T15:00:47+00:00\",\"breadcrumb\":{\"@id\":\"https:\/\/manoli.ca\/fr\/t%c3%a9l%c3%a9charger\/restricted-access\/#breadcrumb\"},\"inLanguage\":\"fr-FR\",\"potentialAction\":[{\"@type\":\"ReadAction\",\"target\":[\"https:\/\/manoli.ca\/fr\/t%c3%a9l%c3%a9charger\/restricted-access\/\"]}]},{\"@type\":\"BreadcrumbList\",\"@id\":\"https:\/\/manoli.ca\/fr\/t%c3%a9l%c3%a9charger\/restricted-access\/#breadcrumb\",\"itemListElement\":[{\"@type\":\"ListItem\",\"position\":1,\"name\":\"Home\",\"item\":\"https:\/\/manoli.ca\/fr\/\"},{\"@type\":\"ListItem\",\"position\":2,\"name\":\"T\u00e9l\u00e9charger\",\"item\":\"https:\/\/manoli.ca\/fr\/t%c3%a9l%c3%a9charger\/\"},{\"@type\":\"ListItem\",\"position\":3,\"name\":\"Restricted Access\"}]},{\"@type\":\"WebSite\",\"@id\":\"https:\/\/manoli.ca\/#website\",\"url\":\"https:\/\/manoli.ca\/\",\"name\":\"George Manoli Inc\",\"description\":\"\",\"potentialAction\":[{\"@type\":\"SearchAction\",\"target\":{\"@type\":\"EntryPoint\",\"urlTemplate\":\"https:\/\/manoli.ca\/?s={search_term_string}\"},\"query-input\":{\"@type\":\"PropertyValueSpecification\",\"valueRequired\":true,\"valueName\":\"search_term_string\"}}],\"inLanguage\":\"fr-FR\"}]}<\/script>\n<!-- \/ Yoast SEO plugin. -->","yoast_head_json":{"title":"Restricted Access - George Manoli Inc","robots":{"index":"index","follow":"follow","max-snippet":"max-snippet:-1","max-image-preview":"max-image-preview:large","max-video-preview":"max-video-preview:-1"},"canonical":"https:\/\/manoli.ca\/fr\/t\u00e9l\u00e9charger\/restricted-access\/","og_locale":"fr_FR","og_type":"article","og_title":"Restricted Access - George Manoli Inc","og_description":"Nous sommes d\u00e9sol\u00e9s, mais, vous n&rsquo;avez pas acc\u00e8s aux mat\u00e9riels techniques de ce niveau Si vous avez d\u00e9j\u00e0 un compte avec nous, vous avez cliqu\u00e9 \u00e0 un niveau de ceinture qui ne correspond pas \u00e0 nos fichiers. Si vous \u00e9t\u00e9s un \u00e9l\u00e8ve actif de Sensei G. Manolii, SVP le contacter ou rejoindre Sempai Marc Martin ...","og_url":"https:\/\/manoli.ca\/fr\/t\u00e9l\u00e9charger\/restricted-access\/","og_site_name":"George Manoli Inc","article_modified_time":"2020-11-23T15:00:47+00:00","og_image":[{"width":250,"height":250,"url":"https:\/\/manoli.ca\/wp-content\/uploads\/2015\/12\/Red-Barn-Logo-250-1.png","type":"image\/png"}],"twitter_card":"summary_large_image","twitter_site":"@tokondojo","twitter_misc":{"Dur\u00e9e de lecture estim\u00e9e":"1 minute"},"schema":{"@context":"https:\/\/schema.org","@graph":[{"@type":"WebPage","@id":"https:\/\/manoli.ca\/fr\/t%c3%a9l%c3%a9charger\/restricted-access\/","url":"https:\/\/manoli.ca\/fr\/t%c3%a9l%c3%a9charger\/restricted-access\/","name":"Restricted Access - George Manoli Inc","isPartOf":{"@id":"https:\/\/manoli.ca\/#website"},"datePublished":"2012-11-20T01:50:17+00:00","dateModified":"2020-11-23T15:00:47+00:00","breadcrumb":{"@id":"https:\/\/manoli.ca\/fr\/t%c3%a9l%c3%a9charger\/restricted-access\/#breadcrumb"},"inLanguage":"fr-FR","potentialAction":[{"@type":"ReadAction","target":["https:\/\/manoli.ca\/fr\/t%c3%a9l%c3%a9charger\/restricted-access\/"]}]},{"@type":"BreadcrumbList","@id":"https:\/\/manoli.ca\/fr\/t%c3%a9l%c3%a9charger\/restricted-access\/#breadcrumb","itemListElement":[{"@type":"ListItem","position":1,"name":"Home","item":"https:\/\/manoli.ca\/fr\/"},{"@type":"ListItem","position":2,"name":"T\u00e9l\u00e9charger","item":"https:\/\/manoli.ca\/fr\/t%c3%a9l%c3%a9charger\/"},{"@type":"ListItem","position":3,"name":"Restricted Access"}]},{"@type":"WebSite","@id":"https:\/\/manoli.ca\/#website","url":"https:\/\/manoli.ca\/","name":"George Manoli Inc","description":"","potentialAction":[{"@type":"SearchAction","target":{"@type":"EntryPoint","urlTemplate":"https:\/\/manoli.ca\/?s={search_term_string}"},"query-input":{"@type":"PropertyValueSpecification","valueRequired":true,"valueName":"search_term_string"}}],"inLanguage":"fr-FR"}]}},"_links":{"self":[{"href":"https:\/\/manoli.ca\/fr\/wp-json\/wp\/v2\/pages\/1642","targetHints":{"allow":["GET"]}}],"collection":[{"href":"https:\/\/manoli.ca\/fr\/wp-json\/wp\/v2\/pages"}],"about":[{"href":"https:\/\/manoli.ca\/fr\/wp-json\/wp\/v2\/types\/page"}],"author":[{"embeddable":true,"href":"https:\/\/manoli.ca\/fr\/wp-json\/wp\/v2\/users\/1"}],"replies":[{"embeddable":true,"href":"https:\/\/manoli.ca\/fr\/wp-json\/wp\/v2\/comments?post=1642"}],"version-history":[{"count":12,"href":"https:\/\/manoli.ca\/fr\/wp-json\/wp\/v2\/pages\/1642\/revisions"}],"predecessor-version":[{"id":5081,"href":"https:\/\/manoli.ca\/fr\/wp-json\/wp\/v2\/pages\/1642\/revisions\/5081"}],"up":[{"embeddable":true,"href":"https:\/\/manoli.ca\/fr\/wp-json\/wp\/v2\/pages\/60"}],"wp:attachment":[{"href":"https:\/\/manoli.ca\/fr\/wp-json\/wp\/v2\/media?parent=1642"}],"curies":[{"name":"wp","href":"https:\/\/api.w.org\/{rel}","templated":true}]}}