{"id":137,"date":"2012-01-09T11:11:13","date_gmt":"2012-01-09T11:11:13","guid":{"rendered":"http:\/\/dev.manoli.ca\/?page_id=137"},"modified":"2020-11-23T10:00:45","modified_gmt":"2020-11-23T15:00:45","slug":"articles","status":"publish","type":"page","link":"https:\/\/manoli.ca\/fr\/media\/articles\/","title":{"rendered":"Articles"},"content":{"rendered":"<div class=\"hp_manoli_buttons\">\n<div class=\"one_fourth\"><div style=\"text-align: center;\">\n<h3><a href=\"\/fr\/category\/articles-francais\/karate-fr\/\">Karat\u00e9 et<br \/>\nJiu-Jitsu<\/a><\/h3>\n<p><a href=\"\/fr\/category\/articles-francais\/karate-fr\/\">Enfants, Ados &amp; Adultes<\/a><br \/>\n<a href=\"\/fr\/category\/articles-francais\/karate-fr\/\"><img decoding=\"async\" class=\"alignnone size-full wp-image-414\" title=\"Karate &amp; Jiu-Jitsu\" src=\"\/wp-content\/uploads\/2012\/01\/karate.gif\" alt=\"\" width=\"220\" height=\"220\" srcset=\"https:\/\/manoli.ca\/wp-content\/uploads\/2012\/01\/karate.gif 220w, https:\/\/manoli.ca\/wp-content\/uploads\/2012\/01\/karate-150x150.gif 150w\" sizes=\"(max-width: 220px) 100vw, 220px\" \/><\/a><\/p>\n<\/div><\/div>\n<div class=\"one_fourth\"><div style=\"text-align: center;\">\n<h3><a href=\"\/fr\/category\/articles-francais\/preventin-d-aggression\/\">Pr\u00e9vention<br \/>\nd&rsquo;agression<\/a><\/h3>\n<p><a href=\"\/fr\/category\/articles-francais\/preventin-d-aggression\/\">Auto-d\u00e9fense pour femmes et ados<\/a><br \/>\n<a href=\"\/fr\/category\/articles-francais\/preventin-d-aggression\/\"><img decoding=\"async\" class=\"alignnone size-full wp-image-412\" title=\"Self-defense for women\" src=\"\/wp-content\/uploads\/2012\/01\/self-defense.gif\" alt=\"\" width=\"220\" height=\"220\" srcset=\"https:\/\/manoli.ca\/wp-content\/uploads\/2012\/01\/self-defense.gif 220w, https:\/\/manoli.ca\/wp-content\/uploads\/2012\/01\/self-defense-150x150.gif 150w\" sizes=\"(max-width: 220px) 100vw, 220px\" \/><\/a><\/p>\n<\/div><\/div>\n<div class=\"one_fourth\"><div style=\"text-align: center;\">\n<h3><a href=\"\/fr\/category\/articles-francais\/arrete-de-m-intimider\/\">Arr\u00eate de<br \/>\nm\u2019intimider !<\/a><\/h3>\n<p><a href=\"\/fr\/category\/articles-francais\/arrete-de-m-intimider\/\">Arr\u00eate de m\u2019intimider !<\/a><br \/>\n<a href=\"\/fr\/category\/articles-francais\/arrete-de-m-intimider\/\"><img decoding=\"async\" class=\"alignnone size-full wp-image-408\" title=\"Anti Bullying - Don't Bully me!\" src=\"\/wp-content\/uploads\/2012\/01\/anit-bullying.gif\" alt=\"\" width=\"220\" height=\"220\" srcset=\"https:\/\/manoli.ca\/wp-content\/uploads\/2012\/01\/anit-bullying.gif 220w, https:\/\/manoli.ca\/wp-content\/uploads\/2012\/01\/anit-bullying-150x150.gif 150w\" sizes=\"(max-width: 220px) 100vw, 220px\" \/><\/a><\/p>\n<\/div><\/div>\n<div class=\"one_fourth last\"><div style=\"text-align: center;\">\n<h3><a title=\"\" href=\"\/fr\/category\/articles-francais\/enfant-alertes\/\">Enfants<br \/>\nAlertes<\/a><\/h3>\n<p><a title=\"\" href=\"\/fr\/category\/articles-francais\/enfant-alertes\/\">l&rsquo;affirmation de soi<\/a><br \/>\n<a title=\"\" href=\"\/fr\/category\/articles-francais\/enfant-alertes\/\"><img decoding=\"async\" class=\"alignnone size-full wp-image-416\" title=\"Street Smarts\" src=\"\/wp-content\/uploads\/2012\/01\/street-smarts.gif\" alt=\"\" width=\"220\" height=\"220\" srcset=\"https:\/\/manoli.ca\/wp-content\/uploads\/2012\/01\/street-smarts.gif 220w, https:\/\/manoli.ca\/wp-content\/uploads\/2012\/01\/street-smarts-150x150.gif 150w\" sizes=\"(max-width: 220px) 100vw, 220px\" \/><\/a><\/p>\n<\/div><\/div><div class=\"clearboth\"><\/div>\n<\/div>\n<h1>Derni\u00e8res articles<\/h1>\n<div id=\"blog_287\"><article id=\"post-8195\" class=\"hentry entry entry_full\"><div class=\"entry_info\"><h2 class=\"entry_title entry-title\"><a href=\"https:\/\/manoli.ca\/fr\/conseils-de-grand-frere-lintimidation-oct-2025\/\" rel=\"bookmark\" title=\"Lien permanent pour Conseils de grand fr\u00e8re : l\u2019intimidation &#8211; Oct 2025\">Conseils de grand fr\u00e8re : l\u2019intimidation &#8211; Oct 2025<\/a><\/h2><\/div><div class=\"entry_content entry-content\"><div><p>Vid\u00e9o YouTube : https:\/\/www.youtube.com\/watch?v=kqWR4mSqzfY Lien vers le site Web : https:\/\/ici.radio-canada.ca\/jeunesse\/maj\/2196441\/intimider-conseils-jeunes-enfants-ecole L\u2019\u00e9cole, \u00e7a peut \u00eatre un super-endroit pour apprendre, pour pratiquer un sport, pour se faire des amis. Mais pour un ado sur cinq au Qu\u00e9bec, c&rsquo;est aussi un endroit pour toutes sortes d\u2019actes d\u2019intimidation.&nbsp;&nbsp; Souvent, quand on en est t\u00e9moin ou victime, on se &#8230;<\/p>\n<\/div><div class=\"read_more_wrap\"><a class=\"read_more_link\" href=\"https:\/\/manoli.ca\/fr\/conseils-de-grand-frere-lintimidation-oct-2025\/\" rel=\"nofollow\">Read more \u00bb<\/a><\/div><\/div><\/article><article id=\"post-8179\" class=\"hentry entry entry_full\"><div class=\"entry_info\"><h2 class=\"entry_title entry-title\"><a href=\"https:\/\/manoli.ca\/fr\/salut-bonjour-weekend-june-2025\/\" rel=\"bookmark\" title=\"Lien permanent pour Salut, Bonjour weekend &#8211; Juin 2025\">Salut, Bonjour weekend &#8211; Juin 2025<\/a><\/h2><\/div><div class=\"entry_content entry-content\"><div><p>Les ateliers d&rsquo;autod\u00e9fense-d\u00e9fense pour femmes gagnent du terrain. Avec Anais Guertin-Lacroix Alors que les pr\u00e9occupations li\u00e9es \u00e0 la s\u00e9curit\u00e9 personnelle grandissent, de plus en plus de femmes se tournent vers les ateliers d\u2019auto-d\u00e9fense pour reprendre du pouvoir sur leur corps et leurs r\u00e9actions face au danger. Ana\u00efs Guertin-Lacroix a r\u00e9cemment particip\u00e9 \u00e0 l\u2019un de ces &#8230;<\/p>\n<\/div><div class=\"read_more_wrap\"><a class=\"read_more_link\" href=\"https:\/\/manoli.ca\/fr\/salut-bonjour-weekend-june-2025\/\" rel=\"nofollow\">Read more \u00bb<\/a><\/div><\/div><\/article><article id=\"post-7905\" class=\"hentry entry entry_full\"><div class=\"entry_info\"><h2 class=\"entry_title entry-title\"><a href=\"https:\/\/manoli.ca\/fr\/autodefense-et-poivre-de-cayenne-sept-2024\/\" rel=\"bookmark\" title=\"Lien permanent pour Autod\u00e9fense et poivre de Cayenne &#8211; Sept 2024\">Autod\u00e9fense et poivre de Cayenne &#8211; Sept 2024<\/a><\/h2><\/div><div class=\"entry_content entry-content\"><div><p>J&rsquo;ai tent\u00e9 de prendre ma propre s\u00e9curit\u00e9 en main \u00e0 Montr\u00e9al Parce que ce ne sont pas mes 5 pieds 1 pouce qui feraient peur \u00e0 qui que ce soit. En m\u2019habillant pour aller courir cet \u00e9t\u00e9 \u00e0 Montr\u00e9al, j\u2019h\u00e9sitais \u00e0 quitter seulement habill\u00e9e d\u2019un short et d\u2019une brassi\u00e8re de sport. J\u2019ai finalement opt\u00e9 pour &#8230;<\/p>\n<\/div><div class=\"read_more_wrap\"><a class=\"read_more_link\" href=\"https:\/\/manoli.ca\/fr\/autodefense-et-poivre-de-cayenne-sept-2024\/\" rel=\"nofollow\">Read more \u00bb<\/a><\/div><\/div><\/article><article id=\"post-7214\" class=\"hentry entry entry_full\"><div class=\"entry_info\"><h2 class=\"entry_title entry-title\"><a href=\"https:\/\/manoli.ca\/fr\/un-ancien-flic-de-montreal-qui-enseigne-lautodefense-depuis-des-decennies-jai-ete-mis-sur-terre-pour-faire-ca\/\" rel=\"bookmark\" title=\"Lien permanent pour Un ancien flic de Montr\u00e9al qui enseigne l\u2019autod\u00e9fense depuis des d\u00e9cennies : \u00ab J\u2019ai \u00e9t\u00e9 mis sur terre pour faire \u00e7a \u00bb\">Un ancien flic de Montr\u00e9al qui enseigne l\u2019autod\u00e9fense depuis des d\u00e9cennies : \u00ab J\u2019ai \u00e9t\u00e9 mis sur terre pour faire \u00e7a \u00bb<\/a><\/h2><\/div><div class=\"entry_content entry-content\"><div><p>\ufeff\ufeff \u00abJ&rsquo;ai \u00e9t\u00e9 mis sur terre pour faire cela\u00bb, d\u00e9clare George Manoli, ancien policier de Montr\u00e9al qui enseigne l&rsquo;autod\u00e9fense \u00ab pratique \u00bb depuis des d\u00e9cennies. Ses cours s&rsquo;adressent aux femmes, aux adolescentes et aux survivantes d&rsquo;agression sexuelle. Pamela Pagano rapporte . Source: https:\/\/montreal.citynews.ca\/2024\/02\/16\/montreal-hands-on-self-defense\/ Related Images:<\/p>\n<\/div><div class=\"read_more_wrap\"><a class=\"read_more_link\" href=\"https:\/\/manoli.ca\/fr\/un-ancien-flic-de-montreal-qui-enseigne-lautodefense-depuis-des-decennies-jai-ete-mis-sur-terre-pour-faire-ca\/\" rel=\"nofollow\">Read more \u00bb<\/a><\/div><\/div><\/article><article id=\"post-6660\" class=\"hentry entry entry_full\"><div class=\"entry_info\"><h2 class=\"entry_title entry-title\"><a href=\"https:\/\/manoli.ca\/fr\/comment-bien-se-defendre-contre-un-agresseur-entrevue-avec-george-manoli-fev-2023\/\" rel=\"bookmark\" title=\"Lien permanent pour Comment bien se d\u00e9fendre contre un agresseur?: entrevue avec George Manoli &#8211; F\u00e9v 2023\">Comment bien se d\u00e9fendre contre un agresseur?: entrevue avec George Manoli &#8211; F\u00e9v 2023<\/a><\/h2><\/div><div class=\"entry_content entry-content\"><div><p>Related Images:<\/p>\n<\/div><div class=\"read_more_wrap\"><a class=\"read_more_link\" href=\"https:\/\/manoli.ca\/fr\/comment-bien-se-defendre-contre-un-agresseur-entrevue-avec-george-manoli-fev-2023\/\" rel=\"nofollow\">Read more \u00bb<\/a><\/div><\/div><\/article><article id=\"post-6648\" class=\"hentry entry entry_full\"><div class=\"entry_info\"><h2 class=\"entry_title entry-title\"><a href=\"https:\/\/manoli.ca\/fr\/agression-sexuelle-feindre-le-consentement-peut-il-dissuader-lagresseur\/\" rel=\"bookmark\" title=\"Lien permanent pour Agression sexuelle : feindre le consentement peut-il dissuader l\u2019agresseur? Dec 2022\">Agression sexuelle : feindre le consentement peut-il dissuader l\u2019agresseur? Dec 2022<\/a><\/h2><\/div><div class=\"entry_content entry-content\"><div><p>Entrevue avec Georges Manoli, enseignant d\u2019autod\u00e9fense avec agressions simul\u00e9es et fournisseur autoris\u00e9 pour l\u2019Indemnisation des victimes d\u2019actes criminels : qu&rsquo;est-ce que les experts en autod\u00e9fense pensent de la strat\u00e9gie propos\u00e9e chez les ados ? Related Images:<\/p>\n<\/div><div class=\"read_more_wrap\"><a class=\"read_more_link\" href=\"https:\/\/manoli.ca\/fr\/agression-sexuelle-feindre-le-consentement-peut-il-dissuader-lagresseur\/\" rel=\"nofollow\">Read more \u00bb<\/a><\/div><\/div><\/article><article id=\"post-6418\" class=\"hentry entry entry_full\"><div class=\"entry_info\"><h2 class=\"entry_title entry-title\"><a href=\"https:\/\/manoli.ca\/fr\/radio-canada-ici-premiere-le-genre-humain\/\" rel=\"bookmark\" title=\"Lien permanent pour Radio Canada &#8211; Ici premi\u00e8re \u2018Le genre humain\u2019 Fev 2022\">Radio Canada &#8211; Ici premi\u00e8re \u2018Le genre humain\u2019 Fev 2022<\/a><\/h2><\/div><div class=\"entry_content entry-content\"><div><p>Comment se sentir en s\u00e9curit\u00e9 quand le sentiment de peur guette encore de nombreuses femmes victimes de violence? Le parcours d&rsquo;Annie, qui a v\u00e9cu de la violence conjugale, l&rsquo;a amen\u00e9e \u00e0 vouloir reprendre cette confiance perdue. Lorsqu\u2019une de ses proches lui a parl\u00e9 d\u2019une formation en autod\u00e9fense, elle l\u2019a vue comme une \u00e9tape suppl\u00e9mentaire pour &#8230;<\/p>\n<\/div><div class=\"read_more_wrap\"><a class=\"read_more_link\" href=\"https:\/\/manoli.ca\/fr\/radio-canada-ici-premiere-le-genre-humain\/\" rel=\"nofollow\">Read more \u00bb<\/a><\/div><\/div><\/article><article id=\"post-6366\" class=\"hentry entry entry_full\"><div class=\"entry_info\"><h2 class=\"entry_title entry-title\"><a href=\"https:\/\/manoli.ca\/fr\/autodefense-un-cours-pour-survivre-a-son-agresseur\/\" rel=\"bookmark\" title=\"Lien permanent pour Autod\u00e9fense: un cours pour survivre \u00e0 son agresseur &#8211; Oct 2021\">Autod\u00e9fense: un cours pour survivre \u00e0 son agresseur &#8211; Oct 2021<\/a><\/h2><\/div><div class=\"entry_content entry-content\"><div><p>Source: Le Journal de Montr\u00e9al Une victime de violence conjugale aimerait que ce \u00abtraitement-choc\u00bb soit offert \u00e0 plus de femmes PHOTO MARTIN ALARIE:&nbsp;Le policier qui offre le cours d\u2019autod\u00e9fense est v\u00eatu d\u2019un costume matelass\u00e9 pour encaisser les coups. Les cours d\u2019autod\u00e9fense permettent \u00e0 des victimes de violence conjugale de survivre \u00e0 leur agresseur et devraient &#8230;<\/p>\n<\/div><div class=\"read_more_wrap\"><a class=\"read_more_link\" href=\"https:\/\/manoli.ca\/fr\/autodefense-un-cours-pour-survivre-a-son-agresseur\/\" rel=\"nofollow\">Read more \u00bb<\/a><\/div><\/div><\/article><article id=\"post-6167\" class=\"hentry entry entry_full\"><div class=\"entry_info\"><h2 class=\"entry_title entry-title\"><a href=\"https:\/\/manoli.ca\/fr\/feminicides-au-canada-rencontre-avec-une-rescapee-et-un-incel\/\" rel=\"bookmark\" title=\"Lien permanent pour F\u00e9minicides au Canada : rencontre avec une rescap\u00e9e et un \u00ab\u00a0Incel\u00a0\u00bb\">F\u00e9minicides au Canada : rencontre avec une rescap\u00e9e et un \u00ab\u00a0Incel\u00a0\u00bb<\/a><\/h2><\/div><div class=\"entry_content entry-content\"><div><p>https:\/\/www.facebook.com\/konbininews\/videos\/644360229464536\/ &nbsp; REPORTAGE | F\u00e9minicides au Canada : rencontre avec une rescap\u00e9e et un \u00ab\u00a0Incel\u00a0\u00bb \u00ab\u00a0Les filles, je vais vous d\u00e9truire\u00a0\u00bb | La haine de certains hommes n\u2019a pas de limite : se sentant rejet\u00e9s par les femmes, ces \u00ab\u00a0Incels\u00a0\u00bb (\u00ab\u00a0c\u00e9libataires involontaires\u00a0\u00bb) peuvent aller jusqu\u2019au meurtre. Reportage au Canada, 30 ans apr\u00e8s le premier f\u00e9minicide &#8230;<\/p>\n<\/div><div class=\"read_more_wrap\"><a class=\"read_more_link\" href=\"https:\/\/manoli.ca\/fr\/feminicides-au-canada-rencontre-avec-une-rescapee-et-un-incel\/\" rel=\"nofollow\">Read more \u00bb<\/a><\/div><\/div><\/article><article id=\"post-5988\" class=\"hentry entry entry_full\"><div class=\"entry_info\"><h2 class=\"entry_title entry-title\"><a href=\"https:\/\/manoli.ca\/fr\/les-bons-reflexes-dautodefense\/\" rel=\"bookmark\" title=\"Lien permanent pour Les bons r\u00e9flexes d\u2019autod\u00e9fense \u2013 Oct 2019\">Les bons r\u00e9flexes d\u2019autod\u00e9fense \u2013 Oct 2019<\/a><\/h2><\/div><div class=\"entry_content entry-content\"><div><p>Photo: Amine Esseghir\/Courrier Ahuntsic &#8211; Les yeux band\u00e9s, la victime potentielle doit se sortir de cette situation en frappant l\u00e0 o\u00f9 \u00e7a fait mal. Faire vivre en une heure et demie les situations d\u2019agression les plus diverses auxquels une femme pourrait faire face, c\u2019est le d\u00e9fi d\u2019un atelier offert r\u00e9cemment \u00e0 des femmes du quartier &#8230;<\/p>\n<\/div><div class=\"read_more_wrap\"><a class=\"read_more_link\" href=\"https:\/\/manoli.ca\/fr\/les-bons-reflexes-dautodefense\/\" rel=\"nofollow\">Read more \u00bb<\/a><\/div><\/div><\/article><\/div>\n<h3>Related Images:<\/h3>","protected":false},"excerpt":{"rendered":"<p>Derni\u00e8res articles Related Images:<\/p>\n","protected":false},"author":1,"featured_media":0,"parent":44,"menu_order":0,"comment_status":"closed","ping_status":"open","template":"","meta":{"ngg_post_thumbnail":0,"footnotes":""},"class_list":["post-137","page","type-page","status-publish","hentry"],"yoast_head":"<!-- This site is optimized with the Yoast SEO plugin v27.2 - https:\/\/yoast.com\/product\/yoast-seo-wordpress\/ -->\n<title>Articles - George Manoli Inc<\/title>\n<meta name=\"robots\" content=\"index, follow, max-snippet:-1, max-image-preview:large, max-video-preview:-1\" \/>\n<link rel=\"canonical\" href=\"https:\/\/manoli.ca\/fr\/media\/articles\/\" \/>\n<meta property=\"og:locale\" content=\"fr_FR\" \/>\n<meta property=\"og:type\" content=\"article\" \/>\n<meta property=\"og:title\" content=\"Articles - George Manoli Inc\" \/>\n<meta property=\"og:description\" content=\"Derni\u00e8res articles Related Images:\" \/>\n<meta property=\"og:url\" content=\"https:\/\/manoli.ca\/fr\/media\/articles\/\" \/>\n<meta property=\"og:site_name\" content=\"George Manoli Inc\" \/>\n<meta property=\"article:modified_time\" content=\"2020-11-23T15:00:45+00:00\" \/>\n<meta property=\"og:image\" content=\"https:\/\/manoli.ca\/wp-content\/uploads\/2015\/12\/Red-Barn-Logo-250-1.png\" \/>\n\t<meta property=\"og:image:width\" content=\"250\" \/>\n\t<meta property=\"og:image:height\" content=\"250\" \/>\n\t<meta property=\"og:image:type\" content=\"image\/png\" \/>\n<meta name=\"twitter:card\" content=\"summary_large_image\" \/>\n<meta name=\"twitter:site\" content=\"@tokondojo\" \/>\n<script type=\"application\/ld+json\" class=\"yoast-schema-graph\">{\"@context\":\"https:\/\/schema.org\",\"@graph\":[{\"@type\":\"WebPage\",\"@id\":\"https:\/\/manoli.ca\/fr\/media\/articles\/\",\"url\":\"https:\/\/manoli.ca\/fr\/media\/articles\/\",\"name\":\"Articles - George Manoli Inc\",\"isPartOf\":{\"@id\":\"https:\/\/manoli.ca\/#website\"},\"datePublished\":\"2012-01-09T11:11:13+00:00\",\"dateModified\":\"2020-11-23T15:00:45+00:00\",\"breadcrumb\":{\"@id\":\"https:\/\/manoli.ca\/fr\/media\/articles\/#breadcrumb\"},\"inLanguage\":\"fr-FR\",\"potentialAction\":[{\"@type\":\"ReadAction\",\"target\":[\"https:\/\/manoli.ca\/fr\/media\/articles\/\"]}]},{\"@type\":\"BreadcrumbList\",\"@id\":\"https:\/\/manoli.ca\/fr\/media\/articles\/#breadcrumb\",\"itemListElement\":[{\"@type\":\"ListItem\",\"position\":1,\"name\":\"Home\",\"item\":\"https:\/\/manoli.ca\/fr\/\"},{\"@type\":\"ListItem\",\"position\":2,\"name\":\"M\u00e9dia\",\"item\":\"https:\/\/manoli.ca\/fr\/media\/\"},{\"@type\":\"ListItem\",\"position\":3,\"name\":\"Articles\"}]},{\"@type\":\"WebSite\",\"@id\":\"https:\/\/manoli.ca\/#website\",\"url\":\"https:\/\/manoli.ca\/\",\"name\":\"George Manoli Inc\",\"description\":\"\",\"potentialAction\":[{\"@type\":\"SearchAction\",\"target\":{\"@type\":\"EntryPoint\",\"urlTemplate\":\"https:\/\/manoli.ca\/?s={search_term_string}\"},\"query-input\":{\"@type\":\"PropertyValueSpecification\",\"valueRequired\":true,\"valueName\":\"search_term_string\"}}],\"inLanguage\":\"fr-FR\"}]}<\/script>\n<!-- \/ Yoast SEO plugin. -->","yoast_head_json":{"title":"Articles - George Manoli Inc","robots":{"index":"index","follow":"follow","max-snippet":"max-snippet:-1","max-image-preview":"max-image-preview:large","max-video-preview":"max-video-preview:-1"},"canonical":"https:\/\/manoli.ca\/fr\/media\/articles\/","og_locale":"fr_FR","og_type":"article","og_title":"Articles - George Manoli Inc","og_description":"Derni\u00e8res articles Related Images:","og_url":"https:\/\/manoli.ca\/fr\/media\/articles\/","og_site_name":"George Manoli Inc","article_modified_time":"2020-11-23T15:00:45+00:00","og_image":[{"width":250,"height":250,"url":"https:\/\/manoli.ca\/wp-content\/uploads\/2015\/12\/Red-Barn-Logo-250-1.png","type":"image\/png"}],"twitter_card":"summary_large_image","twitter_site":"@tokondojo","schema":{"@context":"https:\/\/schema.org","@graph":[{"@type":"WebPage","@id":"https:\/\/manoli.ca\/fr\/media\/articles\/","url":"https:\/\/manoli.ca\/fr\/media\/articles\/","name":"Articles - George Manoli Inc","isPartOf":{"@id":"https:\/\/manoli.ca\/#website"},"datePublished":"2012-01-09T11:11:13+00:00","dateModified":"2020-11-23T15:00:45+00:00","breadcrumb":{"@id":"https:\/\/manoli.ca\/fr\/media\/articles\/#breadcrumb"},"inLanguage":"fr-FR","potentialAction":[{"@type":"ReadAction","target":["https:\/\/manoli.ca\/fr\/media\/articles\/"]}]},{"@type":"BreadcrumbList","@id":"https:\/\/manoli.ca\/fr\/media\/articles\/#breadcrumb","itemListElement":[{"@type":"ListItem","position":1,"name":"Home","item":"https:\/\/manoli.ca\/fr\/"},{"@type":"ListItem","position":2,"name":"M\u00e9dia","item":"https:\/\/manoli.ca\/fr\/media\/"},{"@type":"ListItem","position":3,"name":"Articles"}]},{"@type":"WebSite","@id":"https:\/\/manoli.ca\/#website","url":"https:\/\/manoli.ca\/","name":"George Manoli Inc","description":"","potentialAction":[{"@type":"SearchAction","target":{"@type":"EntryPoint","urlTemplate":"https:\/\/manoli.ca\/?s={search_term_string}"},"query-input":{"@type":"PropertyValueSpecification","valueRequired":true,"valueName":"search_term_string"}}],"inLanguage":"fr-FR"}]}},"_links":{"self":[{"href":"https:\/\/manoli.ca\/fr\/wp-json\/wp\/v2\/pages\/137","targetHints":{"allow":["GET"]}}],"collection":[{"href":"https:\/\/manoli.ca\/fr\/wp-json\/wp\/v2\/pages"}],"about":[{"href":"https:\/\/manoli.ca\/fr\/wp-json\/wp\/v2\/types\/page"}],"author":[{"embeddable":true,"href":"https:\/\/manoli.ca\/fr\/wp-json\/wp\/v2\/users\/1"}],"replies":[{"embeddable":true,"href":"https:\/\/manoli.ca\/fr\/wp-json\/wp\/v2\/comments?post=137"}],"version-history":[{"count":18,"href":"https:\/\/manoli.ca\/fr\/wp-json\/wp\/v2\/pages\/137\/revisions"}],"predecessor-version":[{"id":5993,"href":"https:\/\/manoli.ca\/fr\/wp-json\/wp\/v2\/pages\/137\/revisions\/5993"}],"up":[{"embeddable":true,"href":"https:\/\/manoli.ca\/fr\/wp-json\/wp\/v2\/pages\/44"}],"wp:attachment":[{"href":"https:\/\/manoli.ca\/fr\/wp-json\/wp\/v2\/media?parent=137"}],"curies":[{"name":"wp","href":"https:\/\/api.w.org\/{rel}","templated":true}]}}