{"id":1296,"date":"2012-03-19T21:19:16","date_gmt":"2012-03-19T21:19:16","guid":{"rendered":"http:\/\/dev.manoli.ca\/?page_id=1296"},"modified":"2024-08-14T18:09:57","modified_gmt":"2024-08-14T23:09:57","slug":"enfants-alerts-ateliers-2-heures","status":"publish","type":"page","link":"https:\/\/manoli.ca\/fr\/cours\/enfant-alertes\/enfants-alerts-ateliers-2-heures\/","title":{"rendered":"Enfants Alertes &#8211; Atelier 2.5 h"},"content":{"rendered":"<h2><span style=\"color: #ff0000;\">L\u2019atelier <strong>Enfants Alertes<\/strong> est un programme:<\/span><\/h2>\n<ul>\n<li style=\"list-style-type: none;\">\n<ul>\n<li>D\u2019autoprotection.<\/li>\n<li>De prise de confiance en soi.<\/li>\n<li>Pour les enfants \u00e2g\u00e9s de 6 \u00e0 10 ans.<\/li>\n<\/ul>\n<\/li>\n<\/ul>\n<p><span style=\"color: #0000ff;\"><strong>L\u2019atelier enseigne aux enfants diff\u00e9rentes strat\u00e9gies:<\/strong><\/span><\/p>\n<ul>\n<li style=\"list-style-type: none;\">\n<ul>\n<li>Pratiques, efficaces et r\u00e9alistes afin de se prot\u00e9ger.<\/li>\n<li>R\u00e9duire leur vuln\u00e9rabilit\u00e9.<\/li>\n<li>Faire face \u00e0 des situations dangereuses, d\u2019abus et d\u2019enl\u00e8vement via des simulations d&rsquo;agressions.<\/li>\n<\/ul>\n<\/li>\n<\/ul>\n<p><span style=\"color: #0000ff;\"><strong>Les \u00e9l\u00e8ves apprennent \u00e0:<\/strong><\/span><\/p>\n<ul>\n<li style=\"list-style-type: none;\">\n<ul>\n<li style=\"list-style-type: none;\">\n<ul>\n<li>S\u2019affirmer, \u00e0 crier, \u00e0 tomber au sol, \u00e0 se lib\u00e9rer.<\/li>\n<\/ul>\n<\/li>\n<\/ul>\n<\/li>\n<\/ul>\n<h2 style=\"color: #800000;\">Les objectifs de l\u2019atelier &#8211; Enfants Alertes<\/h2>\n<h3><img decoding=\"async\" class=\"alignright size-full wp-image-416\" src=\"http:\/\/manoli.ca\/wp-content\/uploads\/2012\/01\/street-smarts.gif\" alt=\"Street Smarts candy from strangers\" width=\"220\" height=\"220\" srcset=\"https:\/\/manoli.ca\/wp-content\/uploads\/2012\/01\/street-smarts.gif 220w, https:\/\/manoli.ca\/wp-content\/uploads\/2012\/01\/street-smarts-150x150.gif 150w\" sizes=\"(max-width: 220px) 100vw, 220px\" \/><span style=\"color: #ff0000;\">Les parents apprennent&#8230;<\/span><\/h3>\n<ul>\n<li><strong>Comment les P\u00e9dophiles:<\/strong>\n<ul>\n<li>Leurrent, truque, s\u00e9duisent et abuse les enfants.<\/li>\n<\/ul>\n<\/li>\n<li><strong>Quoi faire pour aider leurs enfants \u00e0 \u00eatre :<\/strong>\n<ul>\n<li>Prudent et m\u00e9fiant quand on les approches.<\/li>\n<\/ul>\n<\/li>\n<li><strong>Les parents auront aussi la chance de:<\/strong>\n<ul>\n<li>Voir leurs enfants en action &#8211; simulations d&rsquo;agressions\/kidnapping.<\/li>\n<li>G\u00e9rer des situations d&rsquo;el\u00e8vement.<\/li>\n<\/ul>\n<\/li>\n<\/ul>\n<h3 style=\"text-align: center;\"><span style=\"color: #0000ff;\">T\u00e9l\u00e9chargez gratuitement le manuel <strong>&lsquo;Enfants Alertes&rsquo;.<\/strong><\/span><\/h3>\n<p>&nbsp;<\/p>\n<h3><span style=\"color: #ff0000;\">Les enfants apprennent&#8230;<\/span><\/h3>\n<ul>\n<li>\u00c0 s\u2019affirmer, \u00e0 crier, \u00e0 se lib\u00e9rer et \u00e0 fuir d\u2019un agresseur enti\u00e8rement prot\u00e9g\u00e9.<\/li>\n<li><strong>Les mises en situation aident les participants \u00e0 d\u00e9couvrir:<\/strong>\n<ul>\n<li>Les ressources mentales et physiques qu\u2019ils poss\u00e8dent.<\/li>\n<li>De g\u00e9rer la peur, la panique et la confusion qui r\u00e8gnent pendant l\u2019agression.<\/li>\n<\/ul>\n<\/li>\n<\/ul>\n<h2><span style=\"color: #993300;\">Enfants Alertes \u2013 Sujets trait\u00e9s durant l\u2019atelier<\/span><\/h2>\n<p style=\"padding-left: 40px;\"><strong><img decoding=\"async\" class=\"alignright size-full wp-image-3475\" src=\"http:\/\/manoli.ca\/wp-content\/uploads\/2012\/03\/2016-street-smarts-1.jpg\" alt=\"Street Smart Kids - abduction\" width=\"220\" height=\"220\"><span style=\"color: #ff0000;\">1. Discussion \u2013 Qui, quoi, comment et pourquoi?<\/span><\/strong><\/p>\n<ul>\n<li style=\"list-style-type: none;\">\n<ul>\n<li>Abus sexuelle des enfants&nbsp;:\n<ul>\n<li>Le faits, les mythes et les statistiques.<\/li>\n<\/ul>\n<\/li>\n<li>Diff\u00e9rents types de P\u00e9dophiles.<\/li>\n<li>Le processus de s\u00e9duction envers les enfants.<\/li>\n<li>Les leurres utilis\u00e9s par les P\u00e9dophiles, etc.<\/li>\n<\/ul>\n<\/li>\n<\/ul>\n<p style=\"padding-left: 40px;\"><span style=\"color: #ff0000;\"><strong>2. Tentative d&rsquo;enl\u00e8vement &#8211; quoi faire?<br \/>\n<\/strong><\/span><\/p>\n<ul>\n<li style=\"list-style-type: none;\">\n<ul>\n<li>La v\u00e9rit\u00e9 \u00e0 propos des pr\u00e9dateurs.<\/li>\n<li>Les principes de confrontation si on est cibl\u00e9.<\/li>\n<li>Pourquoi votre vois est si importante?<\/li>\n<li>Une connaisance?<\/li>\n<li>Quoi faire s&rsquo;il r\u00e9ussit de nous amenez chez lui ou dans sa voiture?<\/li>\n<\/ul>\n<\/li>\n<\/ul>\n<p style=\"padding-left: 40px;\"><strong><img decoding=\"async\" class=\"alignright size-full wp-image-3476\" src=\"http:\/\/manoli.ca\/wp-content\/uploads\/2012\/03\/2016-street-smarts-2.jpg\" alt=\"Street Smart Kids - Kid Knapping\" width=\"220\" height=\"189\"><span style=\"color: #ff0000;\">3. Simulations d\u2019agressions: Leurer \/ El\u00e8vement<\/span><\/strong><span style=\"color: #ff0000;\"><strong><br \/>\n<\/strong><\/span><\/p>\n<ul>\n<li style=\"list-style-type: none;\">\n<ul>\n<li>Contre un agresseur enti\u00e8rement prot\u00e9g\u00e9.<\/li>\n<li>Une connaisance, un iconnue?<\/li>\n<li>En position d\u2019autorit\u00e9, etc&#8230;<\/li>\n<\/ul>\n<\/li>\n<\/ul>\n<p style=\"padding-left: 40px;\"><strong><span style=\"color: #ff0000;\">4. La pr\u00e9vention et la vigilance<\/span> <\/strong><\/p>\n<ul>\n<li style=\"list-style-type: none;\">\n<ul>\n<li>En jouant dehors \u2013 les r\u00e8gles.<\/li>\n<li>Les bonnes et les mauvaises touch\u00e9es.<\/li>\n<li>Dire \u2018Non!\u2019 et suivre son intuition.<\/li>\n<li>Seul \u00e0 la maison et on sonne \u00e0 la porte.<\/li>\n<li>En marchand dans la rue \u2013 suivi.<\/li>\n<li>Bien connaitre son voisinage<\/li>\n<li>Comment choisir un inconnu pour qu\u2019il nous aide.<\/li>\n<li>L\u2019utilisation d\u2019un t\u00e9l\u00e9phone cellulaire, num\u00e9ros d\u2019urgences, etc.<\/li>\n<\/ul>\n<\/li>\n<\/ul>\n<h2><span style=\"color: #800000;\">Informations g\u00e9n\u00e9rales &#8211; Enfants Alertes<\/span><\/h2>\n<ul>\n<li><strong>Age des participants<\/strong>\n<ul>\n<li>Enfants de 6 \u00e0 10 ans (les parents doivent rester pour l\u2019atelier).<\/li>\n<\/ul>\n<\/li>\n<li><strong>Salle requise<\/strong>\n<ul>\n<li>Salle assez grande afin d\u2019accommoder les participants &amp; parents.<\/li>\n<li>Une place libre en avant afin de faire les simulations d&rsquo;agressions.<\/li>\n<\/ul>\n<\/li>\n<li><strong>Min. \/ Max. de participants<\/strong>\n<ul>\n<li>14 \u00e0 24 enfants<br \/>\n<h2><strong><img decoding=\"async\" class=\"alignright size-full wp-image-3477\" src=\"http:\/\/manoli.ca\/wp-content\/uploads\/2012\/03\/2016-street-smarts-3.jpg\" alt=\"Street Smart Kids\" width=\"220\" height=\"149\"><\/strong><\/h2>\n<\/li>\n<\/ul>\n<\/li>\n<li><strong>Dur\u00e9e de l\u2019atelier<\/strong>\n<ul>\n<li>2h &#8211; 2h 30.<\/li>\n<\/ul>\n<\/li>\n<li><strong>Habillement<\/strong>\n<ul>\n<li>Tenue confortable<\/li>\n<\/ul>\n<\/li>\n<\/ul>\n<p>&nbsp;<\/p>\n<h1 style=\"text-align: center;\"><span style=\"color: #ff0000;\">Georges Manoli: <\/span><span style=\"color: #ff0000;\">(438) 392-4683<\/span><\/h1>\n<h1 style=\"text-align: center;\"><span style=\"color: #ff0000;\">&#103;&#x6d;a&#110;&#x6f;l&#105;&#x40;v&#x69;&#x64;&#101;&#x6f;t&#114;&#x6f;n&#46;&#x63;a<\/span><\/h1>\n<h3>Related Images:<\/h3>","protected":false},"excerpt":{"rendered":"<p>L\u2019atelier Enfants Alertes est un programme: D\u2019autoprotection. De prise de confiance en soi. Pour les enfants \u00e2g\u00e9s de 6 \u00e0 10 ans. L\u2019atelier enseigne aux enfants diff\u00e9rentes strat\u00e9gies: Pratiques, efficaces et r\u00e9alistes afin de se prot\u00e9ger. R\u00e9duire leur vuln\u00e9rabilit\u00e9. Faire face \u00e0 des situations dangereuses, d\u2019abus et d\u2019enl\u00e8vement via des simulations d&rsquo;agressions. Les \u00e9l\u00e8ves apprennent &#8230;<\/p>\n","protected":false},"author":1,"featured_media":0,"parent":122,"menu_order":0,"comment_status":"closed","ping_status":"closed","template":"","meta":{"ngg_post_thumbnail":0,"footnotes":""},"class_list":["post-1296","page","type-page","status-publish","hentry"],"yoast_head":"<!-- This site is optimized with the Yoast SEO plugin v27.2 - https:\/\/yoast.com\/product\/yoast-seo-wordpress\/ -->\n<title>Enfants Alertes - Atelier 2.5 h - George Manoli Inc<\/title>\n<meta name=\"robots\" content=\"index, follow, max-snippet:-1, max-image-preview:large, max-video-preview:-1\" \/>\n<link rel=\"canonical\" href=\"https:\/\/manoli.ca\/fr\/cours\/enfant-alertes\/enfants-alerts-ateliers-2-heures\/\" \/>\n<meta property=\"og:locale\" content=\"fr_FR\" \/>\n<meta property=\"og:type\" content=\"article\" \/>\n<meta property=\"og:title\" content=\"Enfants Alertes - Atelier 2.5 h - George Manoli Inc\" \/>\n<meta property=\"og:description\" content=\"L\u2019atelier Enfants Alertes est un programme: D\u2019autoprotection. De prise de confiance en soi. Pour les enfants \u00e2g\u00e9s de 6 \u00e0 10 ans. L\u2019atelier enseigne aux enfants diff\u00e9rentes strat\u00e9gies: Pratiques, efficaces et r\u00e9alistes afin de se prot\u00e9ger. R\u00e9duire leur vuln\u00e9rabilit\u00e9. Faire face \u00e0 des situations dangereuses, d\u2019abus et d\u2019enl\u00e8vement via des simulations d&rsquo;agressions. Les \u00e9l\u00e8ves apprennent ...\" \/>\n<meta property=\"og:url\" content=\"https:\/\/manoli.ca\/fr\/cours\/enfant-alertes\/enfants-alerts-ateliers-2-heures\/\" \/>\n<meta property=\"og:site_name\" content=\"George Manoli Inc\" \/>\n<meta property=\"article:modified_time\" content=\"2024-08-14T23:09:57+00:00\" \/>\n<meta property=\"og:image\" content=\"http:\/\/manoli.ca\/wp-content\/uploads\/2012\/01\/street-smarts.gif\" \/>\n<meta name=\"twitter:card\" content=\"summary_large_image\" \/>\n<meta name=\"twitter:site\" content=\"@tokondojo\" \/>\n<meta name=\"twitter:label1\" content=\"Dur\u00e9e de lecture estim\u00e9e\" \/>\n\t<meta name=\"twitter:data1\" content=\"2 minutes\" \/>\n<script type=\"application\/ld+json\" class=\"yoast-schema-graph\">{\"@context\":\"https:\/\/schema.org\",\"@graph\":[{\"@type\":\"WebPage\",\"@id\":\"https:\/\/manoli.ca\/fr\/cours\/enfant-alertes\/enfants-alerts-ateliers-2-heures\/\",\"url\":\"https:\/\/manoli.ca\/fr\/cours\/enfant-alertes\/enfants-alerts-ateliers-2-heures\/\",\"name\":\"Enfants Alertes - Atelier 2.5 h - George Manoli Inc\",\"isPartOf\":{\"@id\":\"https:\/\/manoli.ca\/#website\"},\"primaryImageOfPage\":{\"@id\":\"https:\/\/manoli.ca\/fr\/cours\/enfant-alertes\/enfants-alerts-ateliers-2-heures\/#primaryimage\"},\"image\":{\"@id\":\"https:\/\/manoli.ca\/fr\/cours\/enfant-alertes\/enfants-alerts-ateliers-2-heures\/#primaryimage\"},\"thumbnailUrl\":\"http:\/\/manoli.ca\/wp-content\/uploads\/2012\/01\/street-smarts.gif\",\"datePublished\":\"2012-03-19T21:19:16+00:00\",\"dateModified\":\"2024-08-14T23:09:57+00:00\",\"breadcrumb\":{\"@id\":\"https:\/\/manoli.ca\/fr\/cours\/enfant-alertes\/enfants-alerts-ateliers-2-heures\/#breadcrumb\"},\"inLanguage\":\"fr-FR\",\"potentialAction\":[{\"@type\":\"ReadAction\",\"target\":[\"https:\/\/manoli.ca\/fr\/cours\/enfant-alertes\/enfants-alerts-ateliers-2-heures\/\"]}]},{\"@type\":\"ImageObject\",\"inLanguage\":\"fr-FR\",\"@id\":\"https:\/\/manoli.ca\/fr\/cours\/enfant-alertes\/enfants-alerts-ateliers-2-heures\/#primaryimage\",\"url\":\"http:\/\/manoli.ca\/wp-content\/uploads\/2012\/01\/street-smarts.gif\",\"contentUrl\":\"http:\/\/manoli.ca\/wp-content\/uploads\/2012\/01\/street-smarts.gif\"},{\"@type\":\"BreadcrumbList\",\"@id\":\"https:\/\/manoli.ca\/fr\/cours\/enfant-alertes\/enfants-alerts-ateliers-2-heures\/#breadcrumb\",\"itemListElement\":[{\"@type\":\"ListItem\",\"position\":1,\"name\":\"Home\",\"item\":\"https:\/\/manoli.ca\/fr\/\"},{\"@type\":\"ListItem\",\"position\":2,\"name\":\"Cours\",\"item\":\"https:\/\/manoli.ca\/fr\/cours\/\"},{\"@type\":\"ListItem\",\"position\":3,\"name\":\"Enfants Alertes cours et ateliers\",\"item\":\"https:\/\/manoli.ca\/fr\/cours\/enfant-alertes\/\"},{\"@type\":\"ListItem\",\"position\":4,\"name\":\"Enfants Alertes &#8211; Atelier 2.5 h\"}]},{\"@type\":\"WebSite\",\"@id\":\"https:\/\/manoli.ca\/#website\",\"url\":\"https:\/\/manoli.ca\/\",\"name\":\"George Manoli Inc\",\"description\":\"\",\"potentialAction\":[{\"@type\":\"SearchAction\",\"target\":{\"@type\":\"EntryPoint\",\"urlTemplate\":\"https:\/\/manoli.ca\/?s={search_term_string}\"},\"query-input\":{\"@type\":\"PropertyValueSpecification\",\"valueRequired\":true,\"valueName\":\"search_term_string\"}}],\"inLanguage\":\"fr-FR\"}]}<\/script>\n<!-- \/ Yoast SEO plugin. -->","yoast_head_json":{"title":"Enfants Alertes - Atelier 2.5 h - George Manoli Inc","robots":{"index":"index","follow":"follow","max-snippet":"max-snippet:-1","max-image-preview":"max-image-preview:large","max-video-preview":"max-video-preview:-1"},"canonical":"https:\/\/manoli.ca\/fr\/cours\/enfant-alertes\/enfants-alerts-ateliers-2-heures\/","og_locale":"fr_FR","og_type":"article","og_title":"Enfants Alertes - Atelier 2.5 h - George Manoli Inc","og_description":"L\u2019atelier Enfants Alertes est un programme: D\u2019autoprotection. De prise de confiance en soi. Pour les enfants \u00e2g\u00e9s de 6 \u00e0 10 ans. L\u2019atelier enseigne aux enfants diff\u00e9rentes strat\u00e9gies: Pratiques, efficaces et r\u00e9alistes afin de se prot\u00e9ger. R\u00e9duire leur vuln\u00e9rabilit\u00e9. Faire face \u00e0 des situations dangereuses, d\u2019abus et d\u2019enl\u00e8vement via des simulations d&rsquo;agressions. Les \u00e9l\u00e8ves apprennent ...","og_url":"https:\/\/manoli.ca\/fr\/cours\/enfant-alertes\/enfants-alerts-ateliers-2-heures\/","og_site_name":"George Manoli Inc","article_modified_time":"2024-08-14T23:09:57+00:00","og_image":[{"url":"http:\/\/manoli.ca\/wp-content\/uploads\/2012\/01\/street-smarts.gif","type":"","width":"","height":""}],"twitter_card":"summary_large_image","twitter_site":"@tokondojo","twitter_misc":{"Dur\u00e9e de lecture estim\u00e9e":"2 minutes"},"schema":{"@context":"https:\/\/schema.org","@graph":[{"@type":"WebPage","@id":"https:\/\/manoli.ca\/fr\/cours\/enfant-alertes\/enfants-alerts-ateliers-2-heures\/","url":"https:\/\/manoli.ca\/fr\/cours\/enfant-alertes\/enfants-alerts-ateliers-2-heures\/","name":"Enfants Alertes - Atelier 2.5 h - George Manoli Inc","isPartOf":{"@id":"https:\/\/manoli.ca\/#website"},"primaryImageOfPage":{"@id":"https:\/\/manoli.ca\/fr\/cours\/enfant-alertes\/enfants-alerts-ateliers-2-heures\/#primaryimage"},"image":{"@id":"https:\/\/manoli.ca\/fr\/cours\/enfant-alertes\/enfants-alerts-ateliers-2-heures\/#primaryimage"},"thumbnailUrl":"http:\/\/manoli.ca\/wp-content\/uploads\/2012\/01\/street-smarts.gif","datePublished":"2012-03-19T21:19:16+00:00","dateModified":"2024-08-14T23:09:57+00:00","breadcrumb":{"@id":"https:\/\/manoli.ca\/fr\/cours\/enfant-alertes\/enfants-alerts-ateliers-2-heures\/#breadcrumb"},"inLanguage":"fr-FR","potentialAction":[{"@type":"ReadAction","target":["https:\/\/manoli.ca\/fr\/cours\/enfant-alertes\/enfants-alerts-ateliers-2-heures\/"]}]},{"@type":"ImageObject","inLanguage":"fr-FR","@id":"https:\/\/manoli.ca\/fr\/cours\/enfant-alertes\/enfants-alerts-ateliers-2-heures\/#primaryimage","url":"http:\/\/manoli.ca\/wp-content\/uploads\/2012\/01\/street-smarts.gif","contentUrl":"http:\/\/manoli.ca\/wp-content\/uploads\/2012\/01\/street-smarts.gif"},{"@type":"BreadcrumbList","@id":"https:\/\/manoli.ca\/fr\/cours\/enfant-alertes\/enfants-alerts-ateliers-2-heures\/#breadcrumb","itemListElement":[{"@type":"ListItem","position":1,"name":"Home","item":"https:\/\/manoli.ca\/fr\/"},{"@type":"ListItem","position":2,"name":"Cours","item":"https:\/\/manoli.ca\/fr\/cours\/"},{"@type":"ListItem","position":3,"name":"Enfants Alertes cours et ateliers","item":"https:\/\/manoli.ca\/fr\/cours\/enfant-alertes\/"},{"@type":"ListItem","position":4,"name":"Enfants Alertes &#8211; Atelier 2.5 h"}]},{"@type":"WebSite","@id":"https:\/\/manoli.ca\/#website","url":"https:\/\/manoli.ca\/","name":"George Manoli Inc","description":"","potentialAction":[{"@type":"SearchAction","target":{"@type":"EntryPoint","urlTemplate":"https:\/\/manoli.ca\/?s={search_term_string}"},"query-input":{"@type":"PropertyValueSpecification","valueRequired":true,"valueName":"search_term_string"}}],"inLanguage":"fr-FR"}]}},"_links":{"self":[{"href":"https:\/\/manoli.ca\/fr\/wp-json\/wp\/v2\/pages\/1296","targetHints":{"allow":["GET"]}}],"collection":[{"href":"https:\/\/manoli.ca\/fr\/wp-json\/wp\/v2\/pages"}],"about":[{"href":"https:\/\/manoli.ca\/fr\/wp-json\/wp\/v2\/types\/page"}],"author":[{"embeddable":true,"href":"https:\/\/manoli.ca\/fr\/wp-json\/wp\/v2\/users\/1"}],"replies":[{"embeddable":true,"href":"https:\/\/manoli.ca\/fr\/wp-json\/wp\/v2\/comments?post=1296"}],"version-history":[{"count":27,"href":"https:\/\/manoli.ca\/fr\/wp-json\/wp\/v2\/pages\/1296\/revisions"}],"predecessor-version":[{"id":7563,"href":"https:\/\/manoli.ca\/fr\/wp-json\/wp\/v2\/pages\/1296\/revisions\/7563"}],"up":[{"embeddable":true,"href":"https:\/\/manoli.ca\/fr\/wp-json\/wp\/v2\/pages\/122"}],"wp:attachment":[{"href":"https:\/\/manoli.ca\/fr\/wp-json\/wp\/v2\/media?parent=1296"}],"curies":[{"name":"wp","href":"https:\/\/api.w.org\/{rel}","templated":true}]}}