{"id":1290,"date":"2012-03-19T21:16:27","date_gmt":"2012-03-19T21:16:27","guid":{"rendered":"http:\/\/dev.manoli.ca\/?page_id=1290"},"modified":"2024-08-14T19:04:33","modified_gmt":"2024-08-15T00:04:33","slug":"enfant-alertes-atelier-9-heures","status":"publish","type":"page","link":"https:\/\/manoli.ca\/fr\/cours\/enfant-alertes\/enfant-alertes-atelier-9-heures\/","title":{"rendered":"Enfants Alertes &#8211; Cours de 9h"},"content":{"rendered":"<h2 style=\"text-align: center;\"><span style=\"color: #ff0000;\">Cours &lsquo;Enfants Alertes&rsquo; (6 \u00e0 10 ans)<br \/>\n<\/span><\/h2>\n<h2 style=\"text-align: center;\"><span style=\"color: #ff0000;\">Auto-prot\u00e9ction avec simulations d&rsquo;agressions<\/span><\/h2>\n<h3>&nbsp;<\/h3>\n<h3><strong><span style=\"color: #0000ff;\">&lsquo;Enfants Alertes&rsquo; enseignent diff\u00e9rentes strat\u00e9gies&#8230;<\/span><\/strong><\/h3>\n<ul>\n<li>Pratiques, efficaces et r\u00e9alistes afin de se prot\u00e9ger.<img decoding=\"async\" class=\"alignright size-full wp-image-3484\" src=\"http:\/\/manoli.ca\/wp-content\/uploads\/2012\/03\/2016-street-smarts-5.jpg\" alt=\"Street Smart Kids Just say no\" width=\"220\" height=\"220\"><\/li>\n<li>R\u00e9duire leurs vuln\u00e9rabilit\u00e9s.<\/li>\n<li>Faire face \u00e0 des situations dangereuses.<\/li>\n<\/ul>\n<h3><strong><span style=\"color: #0000ff;\">Les \u00e9l\u00e8ves apprennent \u00e0&#8230;<\/span><\/strong><\/h3>\n<ul>\n<li>\u00c9couter leur intuition.<\/li>\n<li>Demeurer m\u00e9fiants quand un inconnu les approches.<\/li>\n<li>S\u2019affirmer et \u00e0 crier.<\/li>\n<li>Ne pas avoir peur de dire <strong>\u2018Non!\u2019<\/strong> \u00e0 un adulte.<strong><br \/>\n<\/strong><\/li>\n<li>S\u2019\u00e9loigner d\u2019une situation inconfortable.<\/li>\n<li>Se demander les 3 questions essentielles afin de rester sain et sauf.<\/li>\n<li>Se lib\u00e9rer et \u00e0 fuir d\u2019une situation dangereuse.<\/li>\n<li>De chercher de l\u2019aide.<\/li>\n<\/ul>\n<h3><strong><span style=\"color: #0000ff;\">Les simulations d&rsquo;agressions aident les enfants \u00e0&#8230;<\/span><\/strong><\/h3>\n<ul>\n<li>D\u00e9couvrir les ressources mentales et physiques qu\u2019ils poss\u00e8dent.<\/li>\n<li>G\u00e9rer la peur, la panique, le doute et la confusion qui r\u00e8gnent pendant l\u2019agression.<\/li>\n<\/ul>\n<p>&nbsp;<\/p>\n<h1><span style=\"color: #993300;\">Modules \u00e9ducatifs \u2013 9 h<\/span><\/h1>\n<h3><span style=\"color: #ff0000;\"><strong>Module 1&nbsp;:<\/strong> Discussion<\/span><\/h3>\n<ul type=\"disc\">\n<li>Qui, quoi, comment et pourquoi?<img decoding=\"async\" class=\"alignright size-full wp-image-3485\" src=\"http:\/\/manoli.ca\/wp-content\/uploads\/2012\/03\/2016-street-smarts-6.jpg\" alt=\"Street Smart Kids in School\" width=\"220\" height=\"220\"><\/li>\n<li>La v\u00e9rit\u00e9 \u00e0 propos de l\u2019abus et les leurres d\u2019enfants.<\/li>\n<\/ul>\n<p><span style=\"color: #0000ff;\"><strong><em>Chaque cours est divis\u00e9 en th\u00e8me&nbsp;:<\/em><\/strong><\/span><\/p>\n<ul>\n<li>En jouant dehors et allant chez un(e) ami(e).<\/li>\n<li>Les bons et les mauvais touch\u00e9s.<\/li>\n<li>En marchant et si quelqu\u2019un nous approche; suivi\u2026<\/li>\n<li>Bien connaitre son entourage\/voisinage<\/li>\n<li>Les bons et les mauvais inconnus.<\/li>\n<li>Seul \u00e0 la maison et si on sonne \u00e0 la porte.<\/li>\n<li>Chercher de l\u2019aide; utilisation d\u2019un t\u00e9l\u00e9phone cellulaire\u2026<\/li>\n<li>Les diff\u00e9rents leurres utilis\u00e9s afin de s\u00e9duire et kidnapper les enfants<\/li>\n<li>Les codes secrets; quoi faire si on est perdu\u2026.<\/li>\n<\/ul>\n<h3><span style=\"color: #ff0000;\"><strong>Module 2&nbsp;:<\/strong> D\u00e9fense personnelle<\/span><\/h3>\n<ul>\n<li>Dire \u2018Non!\u2019 et s\u2019\u00e9loigner.<\/li>\n<li>Divulguer de l\u2019information personnelle.<\/li>\n<li>Le sentiment \u2018inqui\u00e9tant\u2019 et comment r\u00e9agir.<\/li>\n<li>\u00c9tablir des limites claires aux attouchements non-voulus.<\/li>\n<li>Les principes des confrontations.<\/li>\n<li>Des fa\u00e7ons r\u00e9alistes de r\u00e9sister&nbsp;: verbal, passif, physique.<br \/>\n<h3><img decoding=\"async\" class=\"alignright size-full wp-image-3486\" src=\"http:\/\/manoli.ca\/wp-content\/uploads\/2012\/03\/2016-street-smarts-7.jpg\" alt=\"Street Smart Kids school abduction\" width=\"220\" height=\"181\"><\/h3>\n<\/li>\n<li>Quoi faire si rien ne fonctionne, etc.<\/li>\n<\/ul>\n<h3><span style=\"color: #ff0000;\"><strong>Module 3&nbsp;:<\/strong> Simulations d\u2019agressions<\/span><\/h3>\n<ul>\n<li>Une connaissance qui agi d\u2019une fa\u00e7on inappropri\u00e9e<\/li>\n<li>Un \u00e9tranger qui les approches et les int\u00e9rroges.<\/li>\n<li>Diff\u00e9rents leurres :\n<ul>\n<li>Urgence, une personne en position d\u2019autorit\u00e9&#8230;<\/li>\n<\/ul>\n<\/li>\n<li>Un enl\u00e8vement.<\/li>\n<li>Des attouchements non voulus&#8230;<\/li>\n<\/ul>\n<h2><img decoding=\"async\" class=\"alignright size-full wp-image-3487\" src=\"http:\/\/manoli.ca\/wp-content\/uploads\/2012\/03\/2016-street-smarts-8.jpg\" alt=\"Street Smart Kids sexual assault\" width=\"220\" height=\"204\"><\/h2>\n<h3><span style=\"color: #ff0000;\"><strong>Module 4&nbsp;:<\/strong> R\u00e9solution de probl\u00e8me<br \/>\n<\/span><\/h3>\n<p><strong><span style=\"color: #0000ff;\"><em>Les enfants doivent:<\/em><\/span><\/strong><\/p>\n<ul>\n<li>Discuter le cas probl\u00e8me avec leurs parents.<\/li>\n<li>Trouver des solutions r\u00e9alistes aux probl\u00e8mes.\n<ul>\n<li>Attirer l\u2019attention.<\/li>\n<li>Chercher de l\u2019aide.<\/li>\n<li>S\u2019enfuir de l\u2019agresseur.<\/li>\n<li>Faire<strong> \u2018n\u2019importe quoi\u2019 <\/strong>afin de chercher du secours.<\/li>\n<\/ul>\n<\/li>\n<\/ul>\n<h3>&nbsp;<\/h3>\n<h3><strong><span style=\"color: #993300;\">Informations g\u00e9n\u00e9rales \u2013 Cours Enfants Alertes<\/span><\/strong><\/h3>\n<ul>\n<li><strong>\u00c2ge :<\/strong> 6 \u00e0 10 ans<\/li>\n<li><strong>Salle :<\/strong> Salle assez grande afin d\u2019accueillir les participants<\/li>\n<li><strong>Min. \/ Max.:<\/strong> 14 \u00e0 24 enfants<\/li>\n<li><strong>Dur\u00e9e :<\/strong> 1.5 h X 6 rencontres<\/li>\n<li><strong>Disponibilit\u00e9&nbsp;:<\/strong> Activit\u00e9s parascolaire ou journ\u00e9e p\u00e9dagogique<\/li>\n<\/ul>\n<p>&nbsp;<\/p>\n<h2 style=\"text-align: center;\"><span style=\"color: #0000ff;\"><strong>Georges Manoli: (438) 392-4683<\/strong><\/span><\/h2>\n<h2 style=\"text-align: center;\"><span style=\"color: #0000ff;\"><strong>&#x67;&#109;&#97;n&#x6f;&#x6c;&#105;&#64;&#x76;&#x69;&#100;eo&#x74;&#114;&#111;n&#x2e;&#x63;&#97;<\/strong><\/span><\/h2>\n<p>&nbsp;<\/p>\n<h3>Related Images:<\/h3>","protected":false},"excerpt":{"rendered":"<p>Cours &lsquo;Enfants Alertes&rsquo; (6 \u00e0 10 ans) Auto-prot\u00e9ction avec simulations d&rsquo;agressions &nbsp; &lsquo;Enfants Alertes&rsquo; enseignent diff\u00e9rentes strat\u00e9gies&#8230; Pratiques, efficaces et r\u00e9alistes afin de se prot\u00e9ger. R\u00e9duire leurs vuln\u00e9rabilit\u00e9s. Faire face \u00e0 des situations dangereuses. Les \u00e9l\u00e8ves apprennent \u00e0&#8230; \u00c9couter leur intuition. Demeurer m\u00e9fiants quand un inconnu les approches. S\u2019affirmer et \u00e0 crier. Ne pas avoir &#8230;<\/p>\n","protected":false},"author":1,"featured_media":0,"parent":122,"menu_order":0,"comment_status":"closed","ping_status":"closed","template":"","meta":{"ngg_post_thumbnail":0,"footnotes":""},"class_list":["post-1290","page","type-page","status-publish","hentry"],"yoast_head":"<!-- This site is optimized with the Yoast SEO plugin v27.2 - https:\/\/yoast.com\/product\/yoast-seo-wordpress\/ -->\n<title>Enfants Alertes - Cours de 9h - George Manoli Inc<\/title>\n<meta name=\"robots\" content=\"index, follow, max-snippet:-1, max-image-preview:large, max-video-preview:-1\" \/>\n<link rel=\"canonical\" href=\"https:\/\/manoli.ca\/fr\/cours\/enfant-alertes\/enfant-alertes-atelier-9-heures\/\" \/>\n<meta property=\"og:locale\" content=\"fr_FR\" \/>\n<meta property=\"og:type\" content=\"article\" \/>\n<meta property=\"og:title\" content=\"Enfants Alertes - Cours de 9h - George Manoli Inc\" \/>\n<meta property=\"og:description\" content=\"Cours &lsquo;Enfants Alertes&rsquo; (6 \u00e0 10 ans) Auto-prot\u00e9ction avec simulations d&rsquo;agressions &nbsp; &lsquo;Enfants Alertes&rsquo; enseignent diff\u00e9rentes strat\u00e9gies&#8230; Pratiques, efficaces et r\u00e9alistes afin de se prot\u00e9ger. R\u00e9duire leurs vuln\u00e9rabilit\u00e9s. Faire face \u00e0 des situations dangereuses. Les \u00e9l\u00e8ves apprennent \u00e0&#8230; \u00c9couter leur intuition. Demeurer m\u00e9fiants quand un inconnu les approches. S\u2019affirmer et \u00e0 crier. Ne pas avoir ...\" \/>\n<meta property=\"og:url\" content=\"https:\/\/manoli.ca\/fr\/cours\/enfant-alertes\/enfant-alertes-atelier-9-heures\/\" \/>\n<meta property=\"og:site_name\" content=\"George Manoli Inc\" \/>\n<meta property=\"article:modified_time\" content=\"2024-08-15T00:04:33+00:00\" \/>\n<meta property=\"og:image\" content=\"http:\/\/manoli.ca\/wp-content\/uploads\/2012\/03\/2016-street-smarts-5.jpg\" \/>\n<meta name=\"twitter:card\" content=\"summary_large_image\" \/>\n<meta name=\"twitter:site\" content=\"@tokondojo\" \/>\n<meta name=\"twitter:label1\" content=\"Dur\u00e9e de lecture estim\u00e9e\" \/>\n\t<meta name=\"twitter:data1\" content=\"2 minutes\" \/>\n<script type=\"application\/ld+json\" class=\"yoast-schema-graph\">{\"@context\":\"https:\/\/schema.org\",\"@graph\":[{\"@type\":\"WebPage\",\"@id\":\"https:\/\/manoli.ca\/fr\/cours\/enfant-alertes\/enfant-alertes-atelier-9-heures\/\",\"url\":\"https:\/\/manoli.ca\/fr\/cours\/enfant-alertes\/enfant-alertes-atelier-9-heures\/\",\"name\":\"Enfants Alertes - Cours de 9h - George Manoli Inc\",\"isPartOf\":{\"@id\":\"https:\/\/manoli.ca\/#website\"},\"primaryImageOfPage\":{\"@id\":\"https:\/\/manoli.ca\/fr\/cours\/enfant-alertes\/enfant-alertes-atelier-9-heures\/#primaryimage\"},\"image\":{\"@id\":\"https:\/\/manoli.ca\/fr\/cours\/enfant-alertes\/enfant-alertes-atelier-9-heures\/#primaryimage\"},\"thumbnailUrl\":\"http:\/\/manoli.ca\/wp-content\/uploads\/2012\/03\/2016-street-smarts-5.jpg\",\"datePublished\":\"2012-03-19T21:16:27+00:00\",\"dateModified\":\"2024-08-15T00:04:33+00:00\",\"breadcrumb\":{\"@id\":\"https:\/\/manoli.ca\/fr\/cours\/enfant-alertes\/enfant-alertes-atelier-9-heures\/#breadcrumb\"},\"inLanguage\":\"fr-FR\",\"potentialAction\":[{\"@type\":\"ReadAction\",\"target\":[\"https:\/\/manoli.ca\/fr\/cours\/enfant-alertes\/enfant-alertes-atelier-9-heures\/\"]}]},{\"@type\":\"ImageObject\",\"inLanguage\":\"fr-FR\",\"@id\":\"https:\/\/manoli.ca\/fr\/cours\/enfant-alertes\/enfant-alertes-atelier-9-heures\/#primaryimage\",\"url\":\"http:\/\/manoli.ca\/wp-content\/uploads\/2012\/03\/2016-street-smarts-5.jpg\",\"contentUrl\":\"http:\/\/manoli.ca\/wp-content\/uploads\/2012\/03\/2016-street-smarts-5.jpg\"},{\"@type\":\"BreadcrumbList\",\"@id\":\"https:\/\/manoli.ca\/fr\/cours\/enfant-alertes\/enfant-alertes-atelier-9-heures\/#breadcrumb\",\"itemListElement\":[{\"@type\":\"ListItem\",\"position\":1,\"name\":\"Home\",\"item\":\"https:\/\/manoli.ca\/fr\/\"},{\"@type\":\"ListItem\",\"position\":2,\"name\":\"Cours\",\"item\":\"https:\/\/manoli.ca\/fr\/cours\/\"},{\"@type\":\"ListItem\",\"position\":3,\"name\":\"Enfants Alertes cours et ateliers\",\"item\":\"https:\/\/manoli.ca\/fr\/cours\/enfant-alertes\/\"},{\"@type\":\"ListItem\",\"position\":4,\"name\":\"Enfants Alertes &#8211; Cours de 9h\"}]},{\"@type\":\"WebSite\",\"@id\":\"https:\/\/manoli.ca\/#website\",\"url\":\"https:\/\/manoli.ca\/\",\"name\":\"George Manoli Inc\",\"description\":\"\",\"potentialAction\":[{\"@type\":\"SearchAction\",\"target\":{\"@type\":\"EntryPoint\",\"urlTemplate\":\"https:\/\/manoli.ca\/?s={search_term_string}\"},\"query-input\":{\"@type\":\"PropertyValueSpecification\",\"valueRequired\":true,\"valueName\":\"search_term_string\"}}],\"inLanguage\":\"fr-FR\"}]}<\/script>\n<!-- \/ Yoast SEO plugin. -->","yoast_head_json":{"title":"Enfants Alertes - Cours de 9h - George Manoli Inc","robots":{"index":"index","follow":"follow","max-snippet":"max-snippet:-1","max-image-preview":"max-image-preview:large","max-video-preview":"max-video-preview:-1"},"canonical":"https:\/\/manoli.ca\/fr\/cours\/enfant-alertes\/enfant-alertes-atelier-9-heures\/","og_locale":"fr_FR","og_type":"article","og_title":"Enfants Alertes - Cours de 9h - George Manoli Inc","og_description":"Cours &lsquo;Enfants Alertes&rsquo; (6 \u00e0 10 ans) Auto-prot\u00e9ction avec simulations d&rsquo;agressions &nbsp; &lsquo;Enfants Alertes&rsquo; enseignent diff\u00e9rentes strat\u00e9gies&#8230; Pratiques, efficaces et r\u00e9alistes afin de se prot\u00e9ger. R\u00e9duire leurs vuln\u00e9rabilit\u00e9s. Faire face \u00e0 des situations dangereuses. Les \u00e9l\u00e8ves apprennent \u00e0&#8230; \u00c9couter leur intuition. Demeurer m\u00e9fiants quand un inconnu les approches. S\u2019affirmer et \u00e0 crier. Ne pas avoir ...","og_url":"https:\/\/manoli.ca\/fr\/cours\/enfant-alertes\/enfant-alertes-atelier-9-heures\/","og_site_name":"George Manoli Inc","article_modified_time":"2024-08-15T00:04:33+00:00","og_image":[{"url":"http:\/\/manoli.ca\/wp-content\/uploads\/2012\/03\/2016-street-smarts-5.jpg","type":"","width":"","height":""}],"twitter_card":"summary_large_image","twitter_site":"@tokondojo","twitter_misc":{"Dur\u00e9e de lecture estim\u00e9e":"2 minutes"},"schema":{"@context":"https:\/\/schema.org","@graph":[{"@type":"WebPage","@id":"https:\/\/manoli.ca\/fr\/cours\/enfant-alertes\/enfant-alertes-atelier-9-heures\/","url":"https:\/\/manoli.ca\/fr\/cours\/enfant-alertes\/enfant-alertes-atelier-9-heures\/","name":"Enfants Alertes - Cours de 9h - George Manoli Inc","isPartOf":{"@id":"https:\/\/manoli.ca\/#website"},"primaryImageOfPage":{"@id":"https:\/\/manoli.ca\/fr\/cours\/enfant-alertes\/enfant-alertes-atelier-9-heures\/#primaryimage"},"image":{"@id":"https:\/\/manoli.ca\/fr\/cours\/enfant-alertes\/enfant-alertes-atelier-9-heures\/#primaryimage"},"thumbnailUrl":"http:\/\/manoli.ca\/wp-content\/uploads\/2012\/03\/2016-street-smarts-5.jpg","datePublished":"2012-03-19T21:16:27+00:00","dateModified":"2024-08-15T00:04:33+00:00","breadcrumb":{"@id":"https:\/\/manoli.ca\/fr\/cours\/enfant-alertes\/enfant-alertes-atelier-9-heures\/#breadcrumb"},"inLanguage":"fr-FR","potentialAction":[{"@type":"ReadAction","target":["https:\/\/manoli.ca\/fr\/cours\/enfant-alertes\/enfant-alertes-atelier-9-heures\/"]}]},{"@type":"ImageObject","inLanguage":"fr-FR","@id":"https:\/\/manoli.ca\/fr\/cours\/enfant-alertes\/enfant-alertes-atelier-9-heures\/#primaryimage","url":"http:\/\/manoli.ca\/wp-content\/uploads\/2012\/03\/2016-street-smarts-5.jpg","contentUrl":"http:\/\/manoli.ca\/wp-content\/uploads\/2012\/03\/2016-street-smarts-5.jpg"},{"@type":"BreadcrumbList","@id":"https:\/\/manoli.ca\/fr\/cours\/enfant-alertes\/enfant-alertes-atelier-9-heures\/#breadcrumb","itemListElement":[{"@type":"ListItem","position":1,"name":"Home","item":"https:\/\/manoli.ca\/fr\/"},{"@type":"ListItem","position":2,"name":"Cours","item":"https:\/\/manoli.ca\/fr\/cours\/"},{"@type":"ListItem","position":3,"name":"Enfants Alertes cours et ateliers","item":"https:\/\/manoli.ca\/fr\/cours\/enfant-alertes\/"},{"@type":"ListItem","position":4,"name":"Enfants Alertes &#8211; Cours de 9h"}]},{"@type":"WebSite","@id":"https:\/\/manoli.ca\/#website","url":"https:\/\/manoli.ca\/","name":"George Manoli Inc","description":"","potentialAction":[{"@type":"SearchAction","target":{"@type":"EntryPoint","urlTemplate":"https:\/\/manoli.ca\/?s={search_term_string}"},"query-input":{"@type":"PropertyValueSpecification","valueRequired":true,"valueName":"search_term_string"}}],"inLanguage":"fr-FR"}]}},"_links":{"self":[{"href":"https:\/\/manoli.ca\/fr\/wp-json\/wp\/v2\/pages\/1290","targetHints":{"allow":["GET"]}}],"collection":[{"href":"https:\/\/manoli.ca\/fr\/wp-json\/wp\/v2\/pages"}],"about":[{"href":"https:\/\/manoli.ca\/fr\/wp-json\/wp\/v2\/types\/page"}],"author":[{"embeddable":true,"href":"https:\/\/manoli.ca\/fr\/wp-json\/wp\/v2\/users\/1"}],"replies":[{"embeddable":true,"href":"https:\/\/manoli.ca\/fr\/wp-json\/wp\/v2\/comments?post=1290"}],"version-history":[{"count":35,"href":"https:\/\/manoli.ca\/fr\/wp-json\/wp\/v2\/pages\/1290\/revisions"}],"predecessor-version":[{"id":7568,"href":"https:\/\/manoli.ca\/fr\/wp-json\/wp\/v2\/pages\/1290\/revisions\/7568"}],"up":[{"embeddable":true,"href":"https:\/\/manoli.ca\/fr\/wp-json\/wp\/v2\/pages\/122"}],"wp:attachment":[{"href":"https:\/\/manoli.ca\/fr\/wp-json\/wp\/v2\/media?parent=1290"}],"curies":[{"name":"wp","href":"https:\/\/api.w.org\/{rel}","templated":true}]}}