{"id":1248,"date":"2012-03-19T20:21:46","date_gmt":"2012-03-19T20:21:46","guid":{"rendered":"http:\/\/dev.manoli.ca\/?page_id=1248"},"modified":"2020-11-23T10:00:39","modified_gmt":"2020-11-23T15:00:39","slug":"formation-privee","status":"publish","type":"page","link":"https:\/\/manoli.ca\/fr\/cours\/intimidation\/formation-privee\/","title":{"rendered":"Arr\u00eate de m\u2019intimider! Cours priv\u00e9"},"content":{"rendered":"<h2>Votre enfant\/adolescent ce fait intimider?<\/h2>\n<p><img decoding=\"async\" class=\"alignright size-full wp-image-408\" src=\"http:\/\/manoli.ca\/wp-content\/uploads\/2012\/01\/anit-bullying.gif\" alt=\"Anti Bullying - Don't Bully me!\" width=\"220\" height=\"220\" srcset=\"https:\/\/manoli.ca\/wp-content\/uploads\/2012\/01\/anit-bullying.gif 220w, https:\/\/manoli.ca\/wp-content\/uploads\/2012\/01\/anit-bullying-150x150.gif 150w\" sizes=\"(max-width: 220px) 100vw, 220px\" \/>Votre enfant ou adolescent ce fait intimider? M. Manoli peut l\u2019aider \u00e0 contrer l\u2019intimidation. Depuis 1990, M. Manoli aide et entraine les enfants, les adolescents ainsi que les adultes \u00e0 mieux g\u00e9rer des situations d\u2019intimidations et de confrontation mal seine.<\/p>\n<p>Les r\u00e9sultats sont tr\u00e8s positifs car la m\u00e9thode avec <strong><em>\u2018mise en situation\u2019<\/em><\/strong> utilis\u00e9e pour enseigner la mati\u00e8re et non seulement efficace mais simple et naturelle en sois.\u00a0 M. Manoli est un enseignant professionnel, d\u00e9vou\u00e9 \u00e0 la cause afin de \u2018contrer l\u2019intimidation.\u2019<\/p>\n<p>Votre enfant va apprendre \u00e0 nager en nageant. Il apprendra \u00e0 mieux g\u00e9rer des situations d\u2019intimidations en pratiquant avec M. Manoli dans un environnement contr\u00f4l\u00e9 ou les erreurs pourront \u00eatre corrig\u00e9es avec tact.<\/p>\n<p>Il encouragera l\u2019enfant \u00e0 s\u2019affirmer, \u00e0 ce tenir debout, \u00e0 utiliser sa voix ainsi qu\u2019un langage corporel confiant envoyant un message clair au voyou.<\/p>\n<h3>Ensemble, vous apprenez en famille (les parents et les enfants)<\/h3>\n<p><img decoding=\"async\" class=\"alignright size-full wp-image-3459\" src=\"http:\/\/manoli.ca\/wp-content\/uploads\/2012\/01\/2016-bullying-4.png\" alt=\"My child is a bully what can I do\" width=\"220\" height=\"147\" \/>Votre famille forme une \u00e9quipe. Afin de mieux comprendre quoi faire pour contrer l\u2019intimidation, l\u2019apprentissage ce fait ensemble, en famille.\u00a0 Les exercices et les mises en situation sugg\u00e9r\u00e9s par M. Manoli aiderons l\u2019enfant victime d\u2019intimidation \u00e0 s\u2019affirmer, \u00e0 ce tenir debout et \u00e0 utiliser le langage verbal et corporel afin de mieux g\u00e9rer la situation.<\/p>\n<p>Une approche directe et simple, la m\u00e9thode a fait ces preuves avec d\u2019autres enfants et adolescents. La formation est adapt\u00e9e minutieusement au caract\u00e8re et \u00e0 la personnalit\u00e9 de la victime. En tant que famille, vous aurez un plan de match clair, pr\u00e9cis et facile \u00e0 mettre en \u0153uvre afin de contrer l\u2019intimidation.<\/p>\n<p>En stimulants avec M. Manoli des situations d\u2019intimidations, votre enfant aura l\u2019exp\u00e9rience et les outils n\u00e9cessaires afin d\u2019affronter le ca\u00efd \u00e0 l\u2019\u00e9cole ou dans le parc. Il sera quoi faire et comment faire, car, il a subit un sort beaucoup plus difficile en s\u2019entrainant avec M. Manoli.<\/p>\n<h3>Aussit\u00f4t que vous contactez M. Manoli<\/h3>\n<ol>\n<li><img decoding=\"async\" class=\"alignright size-medium wp-image-1473\" src=\"http:\/\/manoli.ca\/wp-content\/uploads\/2012\/01\/bigstock-Childhood-Problems-Bullying-2392859-300x200.jpg\" alt=\"Bullying children West island\" width=\"300\" height=\"200\" srcset=\"https:\/\/manoli.ca\/wp-content\/uploads\/2012\/01\/bigstock-Childhood-Problems-Bullying-2392859-300x200.jpg 300w, https:\/\/manoli.ca\/wp-content\/uploads\/2012\/01\/bigstock-Childhood-Problems-Bullying-2392859.jpg 900w\" sizes=\"(max-width: 300px) 100vw, 300px\" \/>Il \u00e9coutera au probl\u00e8me que subit votre enfant.<\/li>\n<li>Il vous demandera des questions pertinentes afin de bien saisir la situation.<br \/>\n<strong><em>Voici quelques questions qui vous seront demandez<\/em><\/strong><br \/>\n:<\/p>\n<ul>\n<li>Parlez moi un peut de votre enfant (sa personnalit\u00e9, ces amis, votre famille), etc.<\/li>\n<li>L\u2019intimidateur, pourquoi il cible votre enfant?<\/li>\n<li>La r\u00e9action de votre enfant qu\u2019on il ce fait intimider?<\/li>\n<li>Est-ce-que l\u2019intimidation s\u2019empire, a-t-elle chang\u00e9 de forme?<\/li>\n<li>On parle de l\u2019intimidation physique ou verbale (propager des rumeurs, etc.)?<\/li>\n<li>Les t\u00e9moins, s\u2019impliquent ils?<\/li>\n<li>Est-ce-que l\u2019internet est utilis\u00e9 afin de propager des insultes, etc.?<\/li>\n<li>Les conseils que vous avez donn\u00e9s \u00e0 votre enfant?<\/li>\n<li>L\u2019administration scolaire, a-t-elle r\u00e9agit? Comment et avec qu\u2019elle r\u00e9sultat?<\/li>\n<li>Est-ce-que la police a \u00e9t\u00e9 inform\u00e9e? Un rapport pris?<\/li>\n<li>Avez-vous gard\u00e9 un livre de bord \u00e0 propos des incidents?<\/li>\n<li>Comment aimerez-vous que votre enfant r\u00e9agisse quand on l\u2019intimide?<\/li>\n<\/ul>\n<\/li>\n<\/ol>\n<h3>Si vous d\u00e9cidez de suivre cette formation<\/h3>\n<p><strong>Il faudra\u00a0:<\/strong><\/p>\n<ol>\n<li><img decoding=\"async\" class=\"alignright size-full wp-image-3494\" src=\"http:\/\/manoli.ca\/wp-content\/uploads\/2012\/03\/2016-bullying-7.png\" alt=\"Communication to stop bullying\" width=\"220\" height=\"220\" \/>R\u00e9unir les membres de votre famille afin de discuter de la formation avec M. Manoli.<\/li>\n<li>Expliquer pourquoi vous aimeriez faire cette formation et comment cela vous aidera.\n<ul>\n<li>Discuter du fait d\u2019avoir essay\u00e9 de contrer l\u2019intimidation avec peut de succ\u00e8s.<\/li>\n<li>Expliquer que M. Manoli aide plusieurs enfants\/familles \u00e0 contrer l\u2019intimidation.<\/li>\n<li>Cela se fera avec des mises en situations et que vous travaillerez ensemble.<\/li>\n<\/ul>\n<\/li>\n<li>L\u2019enfant doit avoir une vision claire du d\u00e9roulement de la formation\u00a0:\n<ul>\n<li>Discussion ensemble &#8211; Comment sa ce passe avec l\u2019intimidateur?<\/li>\n<li>Il te fait quoi exactement?<\/li>\n<li>Comment r\u00e9agis-tu aux insultes et aux menaces?<\/li>\n<li>Le r\u00f4le principal de M. Manoli c\u2019est de te former afin de r\u00e9agir avec confiance.<\/li>\n<li>Les sc\u00e9narios que vous allez faire ensemble vont bien te pr\u00e9parer \u00e0 faire face aux situations d\u2019intimidations.<\/li>\n<\/ul>\n<\/li>\n<li>M. Manoli vous donnera des techniques de visualisation ainsi que des exercices de langages corporels \u00e0 faire ensemble pour les semaines \u00e0 suivre afin de bien pr\u00e9parer l\u2019enfant.<\/li>\n<\/ol>\n<h3><img decoding=\"async\" class=\"alignright size-full wp-image-3460\" src=\"http:\/\/manoli.ca\/wp-content\/uploads\/2012\/01\/2016-bullying-5.png\" alt=\"Anti Bullying to parents\" width=\"220\" height=\"220\" \/>Ces sessions priv\u00e9es ont assist\u00e9s<\/h3>\n<ul>\n<li>Des enfants, des adolescents ainsi que des adultes.<\/li>\n<li>Des employ\u00e9s qui font face \u00e0 des coll\u00e8gues de travail abusifs.<\/li>\n<li>Des femmes divorcer\/s\u00e9parer qui font face \u00e0 des X-copains mena\u00e7ants et agressifs.<\/li>\n<\/ul>\n<h3>D\u2019autres options \u00e0 longues termes sont aussi disponibles<\/h3>\n<p>M. Manoli enseigne un program intitul\u00e9 <strong><em>\u2018Contrer l\u2019intimidation et le Karat\u00e9\u2019 au centre r\u00e9cr\u00e9atif de Beaconsfield les jeudis soirs ainsi que les samedis matins.<\/em><\/strong> Ce program non-violent a \u00e9t\u00e9 d\u00e9velopp\u00e9 aux \u00e9tats unis. Plusieurs de ces \u00e9l\u00e8ves l\u2019ont utilis\u00e9s avec \u00e9norm\u00e9ment de succ\u00e8s.<\/p>\n<p><strong><em><img decoding=\"async\" class=\"alignright size-full wp-image-3493\" src=\"http:\/\/manoli.ca\/wp-content\/uploads\/2012\/03\/2016-street-smarts-9.jpg\" alt=\"Get help with Bullying\" width=\"220\" height=\"220\" \/>Les \u00e9l\u00e8ves apprennent \u00e0 ce tenir debout devant l\u2019intimidateur<\/em><\/strong> (n\u00e9gocier et dire clairement d\u2019arr\u00eater d\u2019intimider). Si l\u2019intimidation continue, les \u00e9l\u00e8ves apprennent \u00e0 ce rapprocher du ca\u00efd,\u00a0 l\u2019envelopper, l\u2019am\u00e8ne et le contr\u00f4le au sol, n\u00e9gocie avec lui\u00a0 l\u2019entente de paix, sans jamais le taper ni le blesser. Il montre clairement au ca\u00efd que la situation va s\u2019empirer s\u2019il continu ces menaces ou ces insultes.<\/p>\n<p>Pour plus de d\u00e9tail sur ce program, SVP vous r\u00e9f\u00e9rez \u00e0 la section <strong><em>\u2018Karat\u00e9 et contrer l\u2019intimidation\u2019 <\/em><\/strong>sur ce site.<\/p>\n<h3>Related Images:<\/h3>","protected":false},"excerpt":{"rendered":"<p>Votre enfant\/adolescent ce fait intimider? Votre enfant ou adolescent ce fait intimider? M. Manoli peut l\u2019aider \u00e0 contrer l\u2019intimidation. Depuis 1990, M. Manoli aide et entraine les enfants, les adolescents ainsi que les adultes \u00e0 mieux g\u00e9rer des situations d\u2019intimidations et de confrontation mal seine. Les r\u00e9sultats sont tr\u00e8s positifs car la m\u00e9thode avec \u2018mise &#8230;<\/p>\n","protected":false},"author":1,"featured_media":0,"parent":116,"menu_order":0,"comment_status":"closed","ping_status":"closed","template":"","meta":{"ngg_post_thumbnail":0,"footnotes":""},"class_list":["post-1248","page","type-page","status-publish","hentry"],"yoast_head":"<!-- This site is optimized with the Yoast SEO plugin v27.2 - https:\/\/yoast.com\/product\/yoast-seo-wordpress\/ -->\n<title>Arr\u00eate de m\u2019intimider! Cours priv\u00e9 - George Manoli Inc<\/title>\n<meta name=\"robots\" content=\"index, follow, max-snippet:-1, max-image-preview:large, max-video-preview:-1\" \/>\n<link rel=\"canonical\" href=\"https:\/\/manoli.ca\/fr\/cours\/intimidation\/formation-privee\/\" \/>\n<meta property=\"og:locale\" content=\"fr_FR\" \/>\n<meta property=\"og:type\" content=\"article\" \/>\n<meta property=\"og:title\" content=\"Arr\u00eate de m\u2019intimider! Cours priv\u00e9 - George Manoli Inc\" \/>\n<meta property=\"og:description\" content=\"Votre enfant\/adolescent ce fait intimider? Votre enfant ou adolescent ce fait intimider? M. Manoli peut l\u2019aider \u00e0 contrer l\u2019intimidation. Depuis 1990, M. Manoli aide et entraine les enfants, les adolescents ainsi que les adultes \u00e0 mieux g\u00e9rer des situations d\u2019intimidations et de confrontation mal seine. Les r\u00e9sultats sont tr\u00e8s positifs car la m\u00e9thode avec \u2018mise ...\" \/>\n<meta property=\"og:url\" content=\"https:\/\/manoli.ca\/fr\/cours\/intimidation\/formation-privee\/\" \/>\n<meta property=\"og:site_name\" content=\"George Manoli Inc\" \/>\n<meta property=\"article:modified_time\" content=\"2020-11-23T15:00:39+00:00\" \/>\n<meta property=\"og:image\" content=\"http:\/\/manoli.ca\/wp-content\/uploads\/2012\/01\/anit-bullying.gif\" \/>\n<meta name=\"twitter:card\" content=\"summary_large_image\" \/>\n<meta name=\"twitter:site\" content=\"@tokondojo\" \/>\n<meta name=\"twitter:label1\" content=\"Dur\u00e9e de lecture estim\u00e9e\" \/>\n\t<meta name=\"twitter:data1\" content=\"4 minutes\" \/>\n<script type=\"application\/ld+json\" class=\"yoast-schema-graph\">{\"@context\":\"https:\/\/schema.org\",\"@graph\":[{\"@type\":\"WebPage\",\"@id\":\"https:\/\/manoli.ca\/fr\/cours\/intimidation\/formation-privee\/\",\"url\":\"https:\/\/manoli.ca\/fr\/cours\/intimidation\/formation-privee\/\",\"name\":\"Arr\u00eate de m\u2019intimider! Cours priv\u00e9 - George Manoli Inc\",\"isPartOf\":{\"@id\":\"https:\/\/manoli.ca\/#website\"},\"primaryImageOfPage\":{\"@id\":\"https:\/\/manoli.ca\/fr\/cours\/intimidation\/formation-privee\/#primaryimage\"},\"image\":{\"@id\":\"https:\/\/manoli.ca\/fr\/cours\/intimidation\/formation-privee\/#primaryimage\"},\"thumbnailUrl\":\"http:\/\/manoli.ca\/wp-content\/uploads\/2012\/01\/anit-bullying.gif\",\"datePublished\":\"2012-03-19T20:21:46+00:00\",\"dateModified\":\"2020-11-23T15:00:39+00:00\",\"breadcrumb\":{\"@id\":\"https:\/\/manoli.ca\/fr\/cours\/intimidation\/formation-privee\/#breadcrumb\"},\"inLanguage\":\"fr-FR\",\"potentialAction\":[{\"@type\":\"ReadAction\",\"target\":[\"https:\/\/manoli.ca\/fr\/cours\/intimidation\/formation-privee\/\"]}]},{\"@type\":\"ImageObject\",\"inLanguage\":\"fr-FR\",\"@id\":\"https:\/\/manoli.ca\/fr\/cours\/intimidation\/formation-privee\/#primaryimage\",\"url\":\"http:\/\/manoli.ca\/wp-content\/uploads\/2012\/01\/anit-bullying.gif\",\"contentUrl\":\"http:\/\/manoli.ca\/wp-content\/uploads\/2012\/01\/anit-bullying.gif\"},{\"@type\":\"BreadcrumbList\",\"@id\":\"https:\/\/manoli.ca\/fr\/cours\/intimidation\/formation-privee\/#breadcrumb\",\"itemListElement\":[{\"@type\":\"ListItem\",\"position\":1,\"name\":\"Home\",\"item\":\"https:\/\/manoli.ca\/fr\/\"},{\"@type\":\"ListItem\",\"position\":2,\"name\":\"Cours\",\"item\":\"https:\/\/manoli.ca\/fr\/cours\/\"},{\"@type\":\"ListItem\",\"position\":3,\"name\":\"Contrer l&rsquo;intimidation pour enfants et ados\",\"item\":\"https:\/\/manoli.ca\/fr\/cours\/intimidation\/\"},{\"@type\":\"ListItem\",\"position\":4,\"name\":\"Arr\u00eate de m\u2019intimider! Cours priv\u00e9\"}]},{\"@type\":\"WebSite\",\"@id\":\"https:\/\/manoli.ca\/#website\",\"url\":\"https:\/\/manoli.ca\/\",\"name\":\"George Manoli Inc\",\"description\":\"\",\"potentialAction\":[{\"@type\":\"SearchAction\",\"target\":{\"@type\":\"EntryPoint\",\"urlTemplate\":\"https:\/\/manoli.ca\/?s={search_term_string}\"},\"query-input\":{\"@type\":\"PropertyValueSpecification\",\"valueRequired\":true,\"valueName\":\"search_term_string\"}}],\"inLanguage\":\"fr-FR\"}]}<\/script>\n<!-- \/ Yoast SEO plugin. -->","yoast_head_json":{"title":"Arr\u00eate de m\u2019intimider! Cours priv\u00e9 - George Manoli Inc","robots":{"index":"index","follow":"follow","max-snippet":"max-snippet:-1","max-image-preview":"max-image-preview:large","max-video-preview":"max-video-preview:-1"},"canonical":"https:\/\/manoli.ca\/fr\/cours\/intimidation\/formation-privee\/","og_locale":"fr_FR","og_type":"article","og_title":"Arr\u00eate de m\u2019intimider! Cours priv\u00e9 - George Manoli Inc","og_description":"Votre enfant\/adolescent ce fait intimider? Votre enfant ou adolescent ce fait intimider? M. Manoli peut l\u2019aider \u00e0 contrer l\u2019intimidation. Depuis 1990, M. Manoli aide et entraine les enfants, les adolescents ainsi que les adultes \u00e0 mieux g\u00e9rer des situations d\u2019intimidations et de confrontation mal seine. Les r\u00e9sultats sont tr\u00e8s positifs car la m\u00e9thode avec \u2018mise ...","og_url":"https:\/\/manoli.ca\/fr\/cours\/intimidation\/formation-privee\/","og_site_name":"George Manoli Inc","article_modified_time":"2020-11-23T15:00:39+00:00","og_image":[{"url":"http:\/\/manoli.ca\/wp-content\/uploads\/2012\/01\/anit-bullying.gif","type":"","width":"","height":""}],"twitter_card":"summary_large_image","twitter_site":"@tokondojo","twitter_misc":{"Dur\u00e9e de lecture estim\u00e9e":"4 minutes"},"schema":{"@context":"https:\/\/schema.org","@graph":[{"@type":"WebPage","@id":"https:\/\/manoli.ca\/fr\/cours\/intimidation\/formation-privee\/","url":"https:\/\/manoli.ca\/fr\/cours\/intimidation\/formation-privee\/","name":"Arr\u00eate de m\u2019intimider! Cours priv\u00e9 - George Manoli Inc","isPartOf":{"@id":"https:\/\/manoli.ca\/#website"},"primaryImageOfPage":{"@id":"https:\/\/manoli.ca\/fr\/cours\/intimidation\/formation-privee\/#primaryimage"},"image":{"@id":"https:\/\/manoli.ca\/fr\/cours\/intimidation\/formation-privee\/#primaryimage"},"thumbnailUrl":"http:\/\/manoli.ca\/wp-content\/uploads\/2012\/01\/anit-bullying.gif","datePublished":"2012-03-19T20:21:46+00:00","dateModified":"2020-11-23T15:00:39+00:00","breadcrumb":{"@id":"https:\/\/manoli.ca\/fr\/cours\/intimidation\/formation-privee\/#breadcrumb"},"inLanguage":"fr-FR","potentialAction":[{"@type":"ReadAction","target":["https:\/\/manoli.ca\/fr\/cours\/intimidation\/formation-privee\/"]}]},{"@type":"ImageObject","inLanguage":"fr-FR","@id":"https:\/\/manoli.ca\/fr\/cours\/intimidation\/formation-privee\/#primaryimage","url":"http:\/\/manoli.ca\/wp-content\/uploads\/2012\/01\/anit-bullying.gif","contentUrl":"http:\/\/manoli.ca\/wp-content\/uploads\/2012\/01\/anit-bullying.gif"},{"@type":"BreadcrumbList","@id":"https:\/\/manoli.ca\/fr\/cours\/intimidation\/formation-privee\/#breadcrumb","itemListElement":[{"@type":"ListItem","position":1,"name":"Home","item":"https:\/\/manoli.ca\/fr\/"},{"@type":"ListItem","position":2,"name":"Cours","item":"https:\/\/manoli.ca\/fr\/cours\/"},{"@type":"ListItem","position":3,"name":"Contrer l&rsquo;intimidation pour enfants et ados","item":"https:\/\/manoli.ca\/fr\/cours\/intimidation\/"},{"@type":"ListItem","position":4,"name":"Arr\u00eate de m\u2019intimider! Cours priv\u00e9"}]},{"@type":"WebSite","@id":"https:\/\/manoli.ca\/#website","url":"https:\/\/manoli.ca\/","name":"George Manoli Inc","description":"","potentialAction":[{"@type":"SearchAction","target":{"@type":"EntryPoint","urlTemplate":"https:\/\/manoli.ca\/?s={search_term_string}"},"query-input":{"@type":"PropertyValueSpecification","valueRequired":true,"valueName":"search_term_string"}}],"inLanguage":"fr-FR"}]}},"_links":{"self":[{"href":"https:\/\/manoli.ca\/fr\/wp-json\/wp\/v2\/pages\/1248","targetHints":{"allow":["GET"]}}],"collection":[{"href":"https:\/\/manoli.ca\/fr\/wp-json\/wp\/v2\/pages"}],"about":[{"href":"https:\/\/manoli.ca\/fr\/wp-json\/wp\/v2\/types\/page"}],"author":[{"embeddable":true,"href":"https:\/\/manoli.ca\/fr\/wp-json\/wp\/v2\/users\/1"}],"replies":[{"embeddable":true,"href":"https:\/\/manoli.ca\/fr\/wp-json\/wp\/v2\/comments?post=1248"}],"version-history":[{"count":7,"href":"https:\/\/manoli.ca\/fr\/wp-json\/wp\/v2\/pages\/1248\/revisions"}],"predecessor-version":[{"id":3497,"href":"https:\/\/manoli.ca\/fr\/wp-json\/wp\/v2\/pages\/1248\/revisions\/3497"}],"up":[{"embeddable":true,"href":"https:\/\/manoli.ca\/fr\/wp-json\/wp\/v2\/pages\/116"}],"wp:attachment":[{"href":"https:\/\/manoli.ca\/fr\/wp-json\/wp\/v2\/media?parent=1248"}],"curies":[{"name":"wp","href":"https:\/\/api.w.org\/{rel}","templated":true}]}}