{"id":1243,"date":"2012-03-19T20:19:10","date_gmt":"2012-03-19T20:19:10","guid":{"rendered":"http:\/\/dev.manoli.ca\/?page_id=1243"},"modified":"2020-11-23T10:00:39","modified_gmt":"2020-11-23T15:00:39","slug":"pour-les-ecoles","status":"publish","type":"page","link":"https:\/\/manoli.ca\/fr\/cours\/intimidation\/pour-les-ecoles\/","title":{"rendered":"Arr\u00eate de m\u2019intimider! Ateliers pour les \u00e9coles"},"content":{"rendered":"<p><a href=\"http:\/\/manoli.ca\/wp-content\/uploads\/2012\/03\/bigstock-Student-In-Class-Being-Bullied-3917370.jpg\"><img decoding=\"async\" class=\"alignright size-medium wp-image-1475\" title=\"School bullying West Island\" src=\"http:\/\/manoli.ca\/wp-content\/uploads\/2012\/03\/bigstock-Student-In-Class-Being-Bullied-3917370-300x200.jpg\" alt=\"Bullying in School West Island\" width=\"300\" height=\"200\" srcset=\"https:\/\/manoli.ca\/wp-content\/uploads\/2012\/03\/bigstock-Student-In-Class-Being-Bullied-3917370-300x200.jpg 300w, https:\/\/manoli.ca\/wp-content\/uploads\/2012\/03\/bigstock-Student-In-Class-Being-Bullied-3917370.jpg 900w\" sizes=\"(max-width: 300px) 100vw, 300px\" \/><\/a><\/p>\n<p>Chaque jour, des milliers d\u2019enfants manquent l\u2019\u00e9cole de peur de se faire intimider. Ces victimes rapportent rarement ces cas d\u2019intimidations de peur de repr\u00e9sailles de la part du \u2018Ca\u00efd\u2019. Ils r\u00eavent un jour de se tenir debout devant l\u2019intimidateur. Mais, ce r\u00eave ne se r\u00e9alisera pas car la menace d\u2019\u00eatre bless\u00e9 et humili\u00e9 gouverne chaque action cibl\u00e9e par le \u2018Ca\u00efd.\u2019<\/p>\n<p><strong>Les ateliers dans les classes d\u2019\u00e9cole<\/strong> enseignent aux enfants et aux ados comment se tenir debout, regarde l\u2019intimidateur\u00a0 dans\u00a0\u00a0 les\u00a0\u00a0 yeux\u00a0 et lui dire\u00a0 fermentent\u00a0 et \u00e0 voix haute <strong>\u2018Laisse MOI Tranquille!\u2019<\/strong> On parle des cons\u00e9quences \u00e0 long terme de l\u2019intimidation aupr\u00e8s de la victime, des t\u00e9moins et du ca\u00efd au niveau criminel, social et personnel.<\/p>\n<p>Depuis 1982, M. Manoli aide soigneusement les enfants et les ados \u00e0 s\u2019affirmer et \u00e0 faire face aux intimidateurs. L\u2019atelier interactif dans les classes d\u00e9montre clairement les strat\u00e9gies (les 4 r\u00e8gles de confrontation) et le langage corporelle \u00e0 adopter afin que les victimes d\u00e9gagent un aire de confiance et g\u00e8re mieux la confrontation entre eux et l\u2019intimidateur.<\/p>\n<p><strong><em>Georges Manoli<\/em><\/strong> est un chef de file \u00e0 Montr\u00e9al dans le domaine de l\u2019\u00e9ducation en s\u00e9curit\u00e9 personnelle. Son approche sp\u00e9cialis\u00e9e repose sur un entra\u00eenement pratique et r\u00e9aliste avec le recours \u00e0 des agressions simul\u00e9es. Son expertise lui permet d\u2019aborder en profondeur une vari\u00e9t\u00e9 de sujets tels que l\u2019intimidation, la p\u00e9dophilie, l\u2019autod\u00e9fense, le karat\u00e9 et le combats au sol.<\/p>\n<p>Il d\u00e9tient un Baccalaur\u00e9at en \u00e9ducation et a plus de 35 ans d\u2019exp\u00e9rience dans l\u2019enseignement des arts martiaux.<\/p>\n<p>Monsieur Manoli est l\u2019auteur de trois manuels en s\u00e9curit\u00e9 personnelle et quatre programmes d\u2019entra\u00eenement orient\u00e9s vers la simulation dynamique qu\u2019il enseigne personnellement avec ses assistants \u00e0 la ville de Westmount, Beaconsfield et Cote St. Luc.<\/p>\n<p><strong><em><span style=\"text-decoration: underline;\">Vos choix pour les ateliers en classes\u00a0:<\/span><\/em><\/strong><\/p>\n<ul>\n<li>G\u00e9n\u00e9ralement d\u2019une dur\u00e9e de 1 \u00e0 1.5 h.<\/li>\n<li>Peuvent s&rsquo;adapter et \u00eatre modifi\u00e9 selon vos besoins.<\/li>\n<li>Peuvent \u00eatre modifi\u00e9 pour personne handicap\u00e9 (d\u00e9ficience intellectuelle ou physique).<\/li>\n<li>Peuvent \u00eatre diffus\u00e9 en fran\u00e7ais et\/ou en anglais.<\/li>\n<li>Un nombre maximum de 24 \u00e9l\u00e8ves par classe dans chaque atelier.<\/li>\n<li>Vid\u00e9o qui discute des 4 r\u00e8gles de confrontation disponible\u00a0: <a href=\"http:\/\/watchmojo.com\"><strong><span style=\"text-decoration: underline;\">watchmojo.com<\/span><\/strong><\/a> et <a href=\"\/anti-bullying-watchmojo-com-bullying-prevention-tips\/\"><strong><span style=\"text-decoration: underline;\">manoli.ca<\/span><\/strong><\/a><\/li>\n<\/ul>\n<p><strong><em><span style=\"text-decoration: underline;\">\u2018Arr\u00eate de m\u2019intimider!\u2019 \u2013 \u00a0d\u2019autres formats disponibles<\/span><\/em><\/strong><\/p>\n<ul>\n<li>Cours de <strong><span style=\"text-decoration: underline;\">9 heures<\/span><\/strong> pour les enfants et ados de 6 \u00e0 11 ans<\/li>\n<li>Atelier parents\/enfants d\u2019une dur\u00e9e de <strong><span style=\"text-decoration: underline;\">2.5 heures<\/span><\/strong><\/li>\n<li>Cours et <strong><span style=\"text-decoration: underline;\">consultation priv\u00e9e<\/span><\/strong> chez vous<\/li>\n<\/ul>\n<h3>Related Images:<\/h3>","protected":false},"excerpt":{"rendered":"<p>Chaque jour, des milliers d\u2019enfants manquent l\u2019\u00e9cole de peur de se faire intimider. Ces victimes rapportent rarement ces cas d\u2019intimidations de peur de repr\u00e9sailles de la part du \u2018Ca\u00efd\u2019. Ils r\u00eavent un jour de se tenir debout devant l\u2019intimidateur. Mais, ce r\u00eave ne se r\u00e9alisera pas car la menace d\u2019\u00eatre bless\u00e9 et humili\u00e9 gouverne chaque &#8230;<\/p>\n","protected":false},"author":1,"featured_media":0,"parent":116,"menu_order":0,"comment_status":"closed","ping_status":"closed","template":"","meta":{"ngg_post_thumbnail":0,"footnotes":""},"class_list":["post-1243","page","type-page","status-publish","hentry"],"yoast_head":"<!-- This site is optimized with the Yoast SEO plugin v27.2 - https:\/\/yoast.com\/product\/yoast-seo-wordpress\/ -->\n<title>Arr\u00eate de m\u2019intimider! Ateliers pour les \u00e9coles - George Manoli Inc<\/title>\n<meta name=\"robots\" content=\"index, follow, max-snippet:-1, max-image-preview:large, max-video-preview:-1\" \/>\n<link rel=\"canonical\" href=\"https:\/\/manoli.ca\/fr\/cours\/intimidation\/pour-les-ecoles\/\" \/>\n<meta property=\"og:locale\" content=\"fr_FR\" \/>\n<meta property=\"og:type\" content=\"article\" \/>\n<meta property=\"og:title\" content=\"Arr\u00eate de m\u2019intimider! Ateliers pour les \u00e9coles - George Manoli Inc\" \/>\n<meta property=\"og:description\" content=\"Chaque jour, des milliers d\u2019enfants manquent l\u2019\u00e9cole de peur de se faire intimider. Ces victimes rapportent rarement ces cas d\u2019intimidations de peur de repr\u00e9sailles de la part du \u2018Ca\u00efd\u2019. Ils r\u00eavent un jour de se tenir debout devant l\u2019intimidateur. Mais, ce r\u00eave ne se r\u00e9alisera pas car la menace d\u2019\u00eatre bless\u00e9 et humili\u00e9 gouverne chaque ...\" \/>\n<meta property=\"og:url\" content=\"https:\/\/manoli.ca\/fr\/cours\/intimidation\/pour-les-ecoles\/\" \/>\n<meta property=\"og:site_name\" content=\"George Manoli Inc\" \/>\n<meta property=\"article:modified_time\" content=\"2020-11-23T15:00:39+00:00\" \/>\n<meta property=\"og:image\" content=\"http:\/\/manoli.ca\/wp-content\/uploads\/2012\/03\/bigstock-Student-In-Class-Being-Bullied-3917370-300x200.jpg\" \/>\n<meta name=\"twitter:card\" content=\"summary_large_image\" \/>\n<meta name=\"twitter:site\" content=\"@tokondojo\" \/>\n<meta name=\"twitter:label1\" content=\"Dur\u00e9e de lecture estim\u00e9e\" \/>\n\t<meta name=\"twitter:data1\" content=\"2 minutes\" \/>\n<script type=\"application\/ld+json\" class=\"yoast-schema-graph\">{\"@context\":\"https:\/\/schema.org\",\"@graph\":[{\"@type\":\"WebPage\",\"@id\":\"https:\/\/manoli.ca\/fr\/cours\/intimidation\/pour-les-ecoles\/\",\"url\":\"https:\/\/manoli.ca\/fr\/cours\/intimidation\/pour-les-ecoles\/\",\"name\":\"Arr\u00eate de m\u2019intimider! Ateliers pour les \u00e9coles - George Manoli Inc\",\"isPartOf\":{\"@id\":\"https:\/\/manoli.ca\/#website\"},\"primaryImageOfPage\":{\"@id\":\"https:\/\/manoli.ca\/fr\/cours\/intimidation\/pour-les-ecoles\/#primaryimage\"},\"image\":{\"@id\":\"https:\/\/manoli.ca\/fr\/cours\/intimidation\/pour-les-ecoles\/#primaryimage\"},\"thumbnailUrl\":\"http:\/\/manoli.ca\/wp-content\/uploads\/2012\/03\/bigstock-Student-In-Class-Being-Bullied-3917370-300x200.jpg\",\"datePublished\":\"2012-03-19T20:19:10+00:00\",\"dateModified\":\"2020-11-23T15:00:39+00:00\",\"breadcrumb\":{\"@id\":\"https:\/\/manoli.ca\/fr\/cours\/intimidation\/pour-les-ecoles\/#breadcrumb\"},\"inLanguage\":\"fr-FR\",\"potentialAction\":[{\"@type\":\"ReadAction\",\"target\":[\"https:\/\/manoli.ca\/fr\/cours\/intimidation\/pour-les-ecoles\/\"]}]},{\"@type\":\"ImageObject\",\"inLanguage\":\"fr-FR\",\"@id\":\"https:\/\/manoli.ca\/fr\/cours\/intimidation\/pour-les-ecoles\/#primaryimage\",\"url\":\"http:\/\/manoli.ca\/wp-content\/uploads\/2012\/03\/bigstock-Student-In-Class-Being-Bullied-3917370-300x200.jpg\",\"contentUrl\":\"http:\/\/manoli.ca\/wp-content\/uploads\/2012\/03\/bigstock-Student-In-Class-Being-Bullied-3917370-300x200.jpg\"},{\"@type\":\"BreadcrumbList\",\"@id\":\"https:\/\/manoli.ca\/fr\/cours\/intimidation\/pour-les-ecoles\/#breadcrumb\",\"itemListElement\":[{\"@type\":\"ListItem\",\"position\":1,\"name\":\"Home\",\"item\":\"https:\/\/manoli.ca\/fr\/\"},{\"@type\":\"ListItem\",\"position\":2,\"name\":\"Cours\",\"item\":\"https:\/\/manoli.ca\/fr\/cours\/\"},{\"@type\":\"ListItem\",\"position\":3,\"name\":\"Contrer l&rsquo;intimidation pour enfants et ados\",\"item\":\"https:\/\/manoli.ca\/fr\/cours\/intimidation\/\"},{\"@type\":\"ListItem\",\"position\":4,\"name\":\"Arr\u00eate de m\u2019intimider! Ateliers pour les \u00e9coles\"}]},{\"@type\":\"WebSite\",\"@id\":\"https:\/\/manoli.ca\/#website\",\"url\":\"https:\/\/manoli.ca\/\",\"name\":\"George Manoli Inc\",\"description\":\"\",\"potentialAction\":[{\"@type\":\"SearchAction\",\"target\":{\"@type\":\"EntryPoint\",\"urlTemplate\":\"https:\/\/manoli.ca\/?s={search_term_string}\"},\"query-input\":{\"@type\":\"PropertyValueSpecification\",\"valueRequired\":true,\"valueName\":\"search_term_string\"}}],\"inLanguage\":\"fr-FR\"}]}<\/script>\n<!-- \/ Yoast SEO plugin. -->","yoast_head_json":{"title":"Arr\u00eate de m\u2019intimider! Ateliers pour les \u00e9coles - George Manoli Inc","robots":{"index":"index","follow":"follow","max-snippet":"max-snippet:-1","max-image-preview":"max-image-preview:large","max-video-preview":"max-video-preview:-1"},"canonical":"https:\/\/manoli.ca\/fr\/cours\/intimidation\/pour-les-ecoles\/","og_locale":"fr_FR","og_type":"article","og_title":"Arr\u00eate de m\u2019intimider! Ateliers pour les \u00e9coles - George Manoli Inc","og_description":"Chaque jour, des milliers d\u2019enfants manquent l\u2019\u00e9cole de peur de se faire intimider. Ces victimes rapportent rarement ces cas d\u2019intimidations de peur de repr\u00e9sailles de la part du \u2018Ca\u00efd\u2019. Ils r\u00eavent un jour de se tenir debout devant l\u2019intimidateur. Mais, ce r\u00eave ne se r\u00e9alisera pas car la menace d\u2019\u00eatre bless\u00e9 et humili\u00e9 gouverne chaque ...","og_url":"https:\/\/manoli.ca\/fr\/cours\/intimidation\/pour-les-ecoles\/","og_site_name":"George Manoli Inc","article_modified_time":"2020-11-23T15:00:39+00:00","og_image":[{"url":"http:\/\/manoli.ca\/wp-content\/uploads\/2012\/03\/bigstock-Student-In-Class-Being-Bullied-3917370-300x200.jpg","type":"","width":"","height":""}],"twitter_card":"summary_large_image","twitter_site":"@tokondojo","twitter_misc":{"Dur\u00e9e de lecture estim\u00e9e":"2 minutes"},"schema":{"@context":"https:\/\/schema.org","@graph":[{"@type":"WebPage","@id":"https:\/\/manoli.ca\/fr\/cours\/intimidation\/pour-les-ecoles\/","url":"https:\/\/manoli.ca\/fr\/cours\/intimidation\/pour-les-ecoles\/","name":"Arr\u00eate de m\u2019intimider! Ateliers pour les \u00e9coles - George Manoli Inc","isPartOf":{"@id":"https:\/\/manoli.ca\/#website"},"primaryImageOfPage":{"@id":"https:\/\/manoli.ca\/fr\/cours\/intimidation\/pour-les-ecoles\/#primaryimage"},"image":{"@id":"https:\/\/manoli.ca\/fr\/cours\/intimidation\/pour-les-ecoles\/#primaryimage"},"thumbnailUrl":"http:\/\/manoli.ca\/wp-content\/uploads\/2012\/03\/bigstock-Student-In-Class-Being-Bullied-3917370-300x200.jpg","datePublished":"2012-03-19T20:19:10+00:00","dateModified":"2020-11-23T15:00:39+00:00","breadcrumb":{"@id":"https:\/\/manoli.ca\/fr\/cours\/intimidation\/pour-les-ecoles\/#breadcrumb"},"inLanguage":"fr-FR","potentialAction":[{"@type":"ReadAction","target":["https:\/\/manoli.ca\/fr\/cours\/intimidation\/pour-les-ecoles\/"]}]},{"@type":"ImageObject","inLanguage":"fr-FR","@id":"https:\/\/manoli.ca\/fr\/cours\/intimidation\/pour-les-ecoles\/#primaryimage","url":"http:\/\/manoli.ca\/wp-content\/uploads\/2012\/03\/bigstock-Student-In-Class-Being-Bullied-3917370-300x200.jpg","contentUrl":"http:\/\/manoli.ca\/wp-content\/uploads\/2012\/03\/bigstock-Student-In-Class-Being-Bullied-3917370-300x200.jpg"},{"@type":"BreadcrumbList","@id":"https:\/\/manoli.ca\/fr\/cours\/intimidation\/pour-les-ecoles\/#breadcrumb","itemListElement":[{"@type":"ListItem","position":1,"name":"Home","item":"https:\/\/manoli.ca\/fr\/"},{"@type":"ListItem","position":2,"name":"Cours","item":"https:\/\/manoli.ca\/fr\/cours\/"},{"@type":"ListItem","position":3,"name":"Contrer l&rsquo;intimidation pour enfants et ados","item":"https:\/\/manoli.ca\/fr\/cours\/intimidation\/"},{"@type":"ListItem","position":4,"name":"Arr\u00eate de m\u2019intimider! Ateliers pour les \u00e9coles"}]},{"@type":"WebSite","@id":"https:\/\/manoli.ca\/#website","url":"https:\/\/manoli.ca\/","name":"George Manoli Inc","description":"","potentialAction":[{"@type":"SearchAction","target":{"@type":"EntryPoint","urlTemplate":"https:\/\/manoli.ca\/?s={search_term_string}"},"query-input":{"@type":"PropertyValueSpecification","valueRequired":true,"valueName":"search_term_string"}}],"inLanguage":"fr-FR"}]}},"_links":{"self":[{"href":"https:\/\/manoli.ca\/fr\/wp-json\/wp\/v2\/pages\/1243","targetHints":{"allow":["GET"]}}],"collection":[{"href":"https:\/\/manoli.ca\/fr\/wp-json\/wp\/v2\/pages"}],"about":[{"href":"https:\/\/manoli.ca\/fr\/wp-json\/wp\/v2\/types\/page"}],"author":[{"embeddable":true,"href":"https:\/\/manoli.ca\/fr\/wp-json\/wp\/v2\/users\/1"}],"replies":[{"embeddable":true,"href":"https:\/\/manoli.ca\/fr\/wp-json\/wp\/v2\/comments?post=1243"}],"version-history":[{"count":9,"href":"https:\/\/manoli.ca\/fr\/wp-json\/wp\/v2\/pages\/1243\/revisions"}],"predecessor-version":[{"id":6225,"href":"https:\/\/manoli.ca\/fr\/wp-json\/wp\/v2\/pages\/1243\/revisions\/6225"}],"up":[{"embeddable":true,"href":"https:\/\/manoli.ca\/fr\/wp-json\/wp\/v2\/pages\/116"}],"wp:attachment":[{"href":"https:\/\/manoli.ca\/fr\/wp-json\/wp\/v2\/media?parent=1243"}],"curies":[{"name":"wp","href":"https:\/\/api.w.org\/{rel}","templated":true}]}}