{"id":116,"date":"2012-01-09T11:06:51","date_gmt":"2012-01-09T11:06:51","guid":{"rendered":"http:\/\/dev.manoli.ca\/?page_id=116"},"modified":"2026-03-30T18:30:04","modified_gmt":"2026-03-30T23:30:04","slug":"intimidation","status":"publish","type":"page","link":"https:\/\/manoli.ca\/fr\/cours\/intimidation\/","title":{"rendered":"Contrer l&rsquo;intimidation pour enfants et ados"},"content":{"rendered":"<h1><span style=\"color: #ff0000;\">Votre enfant se fait intimider?<\/span><\/h1>\n<h3><span style=\"color: #000000;\"><strong>Vous lui avez donn\u00e9 des conseils afin de se tenir debout.<\/strong><\/span><\/h3>\n<h3><span style=\"color: #000000;\"><strong><img decoding=\"async\" class=\"alignright wp-image-3461\" src=\"http:\/\/manoli.ca\/wp-content\/uploads\/2012\/01\/2016-bullying-6.png\" alt=\"Bullying Options\" width=\"164\" height=\"164\"><\/strong><\/span><\/h3>\n<h3><span style=\"color: #000000;\"><strong>Rien ne fonctionne!<\/strong><\/span><\/h3>\n<h3><span style=\"color: #000000;\"><strong>L&rsquo;intimidation persiste&#8230;<\/strong><\/span><\/h3>\n<p>&nbsp;<\/p>\n<h2><span style=\"color: #0000ff;\"><strong><em><u>Georges Manoli peut vous aider!<\/u><\/em><\/strong><\/span><\/h2>\n<h3><span style=\"color: #ff0000;\"><em><u>Ensemble, nous allons\u2026<\/u><\/em><\/span><\/h3>\n<ul>\n<li>\u00c9tablir un plan de match afin de contrer l\u2019intimidation.<\/li>\n<li>Canaliser leur peur en force int\u00e9rieur.<\/li>\n<li>Travailler ensemble sur son langage corporel &amp; verbal.<\/li>\n<li>Pratiquer \u00e0 envoyer un message clair et direct \u00e0 l\u2019intimidateur.<\/li>\n<\/ul>\n<p>&nbsp;<\/p>\n<p><img decoding=\"async\" class=\"alignright wp-image-3458\" src=\"http:\/\/manoli.ca\/wp-content\/uploads\/2012\/01\/2016-bullying-3.png\" alt=\"Bullying Witnesses\" width=\"182\" height=\"182\"><\/p>\n<h3><span style=\"color: #ff0000;\"><em><u>Votre enfant va apprendre\u2026<\/u><\/em><\/span><\/h3>\n<ul>\n<li>Comment r\u00e9agir lorsqu\u2019il se fait intimider.<\/li>\n<li>\u00c0 appliquer des r\u00e8gles de confrontation simples.<\/li>\n<li>\u00c0 utiliser des strat\u00e9gies autres que la violence physique.<\/li>\n<li>\u00c0 informer les autres qu\u2019il se fait intimider.<\/li>\n<\/ul>\n<p>&nbsp;<\/p>\n<h3><span style=\"color: #ff0000;\"><em><u>Les mises en situation vont\u2026 <\/u><\/em><\/span><\/h3>\n<ul>\n<li>Augmenter sa confiance en soi.<\/li>\n<li>D\u00e9velopper leur attitude de guerrier.<\/li>\n<li>L\u2019initier \u00e0 parler \u00e0 l\u2019intimidateur avec assurance &amp; confiance.<\/li>\n<\/ul>\n<p><img decoding=\"async\" class=\"alignright size-full wp-image-408\" src=\"http:\/\/manoli.ca\/wp-content\/uploads\/2012\/01\/anit-bullying.gif\" alt=\"Anti Bullying - Don't Bully me!\" width=\"220\" height=\"220\" srcset=\"https:\/\/manoli.ca\/wp-content\/uploads\/2012\/01\/anit-bullying.gif 220w, https:\/\/manoli.ca\/wp-content\/uploads\/2012\/01\/anit-bullying-150x150.gif 150w\" sizes=\"(max-width: 220px) 100vw, 220px\" \/><\/p>\n<p>&nbsp;<\/p>\n<h2><span style=\"color: #0000ff;\"><em><u>Votre coach &#8211; Georges Manoli<\/u><\/em><\/span><\/h2>\n<ul>\n<li>Baccalaur\u00e9at en \u00e9ducation.<\/li>\n<li>Policier retrait\u00e9 de Montr\u00e9al.<\/li>\n<li>Certification National d\u2019Entraineur Sportif, niveau 2.<\/li>\n<li>Auteur de 3 manuels\n<ul>\n<li><em>Enfants alertes!<\/em> \u2013 t\u00e9l\u00e9chargement gratuit 180 p.<\/li>\n<li><em>Arr\u00eate de m\u2019intimider!<\/em><\/li>\n<li><em>Ne soyez pas une victime!<\/em><\/li>\n<\/ul>\n<\/li>\n<li>Ceinture noire en Karat\u00e9 &amp; Judo.<\/li>\n<li>Dirige sa propre \u00e9cole de Karat\u00e9, contrer l\u2019intimidation &amp; le Jiu-Jitsu \u00e0 Beaconsfield.<\/li>\n<\/ul>\n<h3><span style=\"color: #ff0000;\"><em><u>Il a d\u00e9velopp\u00e9 des programmes de pr\u00e9vention pour\u2026<\/u><\/em><\/span><\/h3>\n<ul>\n<li><strong>Air Canada &#8211; <\/strong>Passager turbulent \u00e0 bord d\u2019un avion.\n<ul>\n<li>Enseign\u00e9 \u00e0 6500 agents de bord \u00e0 travers le Canada.<\/li>\n<\/ul>\n<\/li>\n<\/ul>\n<ul>\n<li><strong>Bombardier Aerospatiale<\/strong>\n<ul>\n<li>Le Judo verbal &amp; la r\u00e9sistance passive.<\/li>\n<\/ul>\n<\/li>\n<\/ul>\n<ul>\n<li><strong>Service de Police de la Ville de Montr\u00e9al <\/strong>\n<ul>\n<li>Intervention polici\u00e8re en situation de haut risque.<\/li>\n<\/ul>\n<\/li>\n<\/ul>\n<ul>\n<li><strong>L\u2019IVAC &amp; la CNESST&nbsp; (Victimes d&rsquo;Actes Criminels)<\/strong><br \/>\n<img decoding=\"async\" class=\"alignright size-full wp-image-6223\" src=\"https:\/\/manoli.ca\/wp-content\/uploads\/2012\/01\/2016-bullying-5.png\" alt=\"\" width=\"220\" height=\"220\"><\/p>\n<ul>\n<li>Auto-d\u00e9fense avec smulations d&rsquo;agressions &amp; la pr\u00e9vention d&rsquo;agression.<\/li>\n<li>L&rsquo;affirmation de soi afin de contrer la violence conjugale &amp; sexuelle.<\/li>\n<li>Arr\u00eate de m&rsquo;intimider! pour enfants &amp; ados.<\/li>\n<\/ul>\n<\/li>\n<\/ul>\n<p>&nbsp;<\/p>\n<h2><span style=\"color: #0000ff;\"><strong><u>LA FORMATION<\/u><\/strong><\/span><\/h2>\n<ul>\n<li>Pour les enfants et adolescents (6 ans +).<\/li>\n<li>Cours particulier, semi-priv\u00e9 en petit &amp; grand groupe.<\/li>\n<li>Peut \u00eatre adapt\u00e9e \u00e0 vos besoins&nbsp;:\n<ul>\n<li>Dur\u00e9e, contenue &amp; intensit\u00e9.<\/li>\n<\/ul>\n<\/li>\n<li>Lieu : Notre atelier situ\u00e9 \u00e0 St. L\u00e9onard ou on se d\u00e9place chez vous.<\/li>\n<\/ul>\n<h2>&nbsp;<\/h2>\n<h2><span style=\"color: #ff0000;\"><strong>PROGRAMMES D\u2019ENTRA\u00ceNEMENT<\/strong><\/span><\/h2>\n<table style=\"height: 368px;\" width=\"1043\">\n<tbody>\n<tr>\n<th><span style=\"color: #ff0000;\">COURS &amp; ATELIERS<\/span><\/th>\n<th><span style=\"color: #ff0000;\">DUR\u00c9E<\/span><\/th>\n<th><span style=\"color: #ff0000;\">CONTENU<\/span><\/th>\n<\/tr>\n<tr>\n<td><strong>1- Affirmation de soi<\/strong><\/td>\n<td>1 rencontre&nbsp; x 1.5 &#8211; 2 h.<\/td>\n<td>Mises en situation, langage corporel, quoi dire &amp; comment dire, etc.<\/td>\n<\/tr>\n<tr>\n<td>&nbsp;<\/p>\n<p><strong>2- Contrer l&rsquo;intimidation #1<\/strong><\/td>\n<td>&nbsp;<\/p>\n<p>1 rencontre&nbsp; x 2.5 &#8211; 3 h. \/ Rencontre<\/td>\n<td>&nbsp;<\/p>\n<p>Simulations d&rsquo;agressions &amp; d&rsquo;intimidation &#8211; debout.<\/td>\n<\/tr>\n<tr>\n<td><strong>3- Contrer l&rsquo;intimidation #2<\/strong><\/td>\n<td>2 rencontres&nbsp; x 2 h. \/ Rencontre<\/td>\n<td>&nbsp;<\/p>\n<p><strong>Rencontre 1.<\/strong> Agressions debout.<\/p>\n<p><strong>Rencontre 2.<\/strong> Agressions au sol.<\/td>\n<\/tr>\n<tr>\n<td>&nbsp;<\/td>\n<td>&nbsp;<\/td>\n<td>&nbsp;<\/td>\n<\/tr>\n<tr>\n<td>&nbsp;<\/td>\n<td>&nbsp;<\/td>\n<td>&nbsp;<\/td>\n<\/tr>\n<\/tbody>\n<\/table>\n<h1><span style=\"color: #0000ff;\"><strong><u>NOUS CONTACTER<\/u><\/strong><\/span><\/h1>\n<ul>\n<li>\n<h3>438-392-4683<\/h3>\n<\/li>\n<li><a href=\"&#x6d;&#x61;&#x69;&#x6c;&#116;&#111;&#58;gm&#x61;&#x6e;&#x6f;&#x6c;&#x69;&#64;&#118;&#105;de&#x6f;&#x74;&#x72;&#x6f;&#x6e;&#46;&#99;&#97;\"><strong>&#x67;m&#x61;&#110;o&#x6c;&#105;&#x40;&#118;i&#x64;&#101;&#x6f;&#116;r&#x6f;&#110;&#x2e;&#x63;a<\/strong><\/a><br \/>\n<h4><strong><img decoding=\"async\" class=\"alignright wp-image-6218\" src=\"https:\/\/manoli.ca\/wp-content\/uploads\/2012\/01\/bigstock-Childhood-Problems-Bullying-2392859-300x200.jpg\" alt=\"\" width=\"209\" height=\"139\" srcset=\"https:\/\/manoli.ca\/wp-content\/uploads\/2012\/01\/bigstock-Childhood-Problems-Bullying-2392859-300x200.jpg 300w, https:\/\/manoli.ca\/wp-content\/uploads\/2012\/01\/bigstock-Childhood-Problems-Bullying-2392859.jpg 900w\" sizes=\"(max-width: 209px) 100vw, 209px\" \/><\/strong><\/h4>\n<\/li>\n<\/ul>\n<h3>&nbsp;<\/h3>\n<h3><span style=\"color: #ff0000;\"><strong><u>VOUS RASSEMBLEZ VOTRE MONDE<\/u><\/strong><\/span><\/h3>\n<ul>\n<li><em>Service fiable et professionnel &#8211; depuis 1982.<\/em><\/li>\n<li><em>Aucun contrat \u00e0 signer.<\/em><\/li>\n<li><em>Aucun d\u00e9p\u00f4t \u00e0 remettre.<\/em><\/li>\n<li><em>On est incorpor\u00e9 &amp; assur\u00e9.<\/em><\/li>\n<\/ul>\n<h3>&nbsp;<\/h3>\n<h3><span style=\"color: #0000ff;\"><em><u>Communiquer avec nous en r\u00e9pondant \u00e0 ces 4 questions<\/u><\/em><\/span><\/h3>\n<ol>\n<li>\n<h4><strong>Type de formation que vous d\u00e9sirez?<\/strong><\/h4>\n<\/li>\n<\/ol>\n<ul>\n<li style=\"list-style-type: none;\">\n<ul>\n<li>Cours particulier \/ Priv\u00e9<\/li>\n<li>Rassembler un groupe (\u00e9cole, travail, r\u00e9sidence)<\/li>\n<\/ul>\n<\/li>\n<\/ul>\n<ol start=\"2\">\n<li>\n<h4><strong>Type d\u2019entrainement?<\/strong><\/h4>\n<\/li>\n<\/ol>\n<ul>\n<li style=\"list-style-type: none;\">\n<ul>\n<li>Voir \u00ab Programmes d\u2019entrainement \u00bb, # 1 &#8211; 3.<\/li>\n<\/ul>\n<\/li>\n<\/ul>\n<ol start=\"3\">\n<li>\n<h4><strong>Nombre de participants (approximatif)?<\/strong><\/h4>\n<\/li>\n<li>\n<h4><strong>Lieu de l\u2019entrainement&nbsp;<\/strong><\/h4>\n<\/li>\n<\/ol>\n<ul>\n<li style=\"list-style-type: none;\">\n<ul>\n<li>St. L\u00e9onard<\/li>\n<li>Ailleurs \u2013 sp\u00e9cifier les lieux.<\/li>\n<\/ul>\n<\/li>\n<\/ul>\n<h3>Related Images:<\/h3>","protected":false},"excerpt":{"rendered":"<p>Votre enfant se fait intimider? Vous lui avez donn\u00e9 des conseils afin de se tenir debout. Rien ne fonctionne! L&rsquo;intimidation persiste&#8230; &nbsp; Georges Manoli peut vous aider! Ensemble, nous allons\u2026 \u00c9tablir un plan de match afin de contrer l\u2019intimidation. Canaliser leur peur en force int\u00e9rieur. Travailler ensemble sur son langage corporel &amp; verbal. Pratiquer \u00e0 &#8230;<\/p>\n","protected":false},"author":1,"featured_media":0,"parent":56,"menu_order":0,"comment_status":"closed","ping_status":"open","template":"","meta":{"ngg_post_thumbnail":0,"footnotes":""},"class_list":["post-116","page","type-page","status-publish","hentry"],"yoast_head":"<!-- This site is optimized with the Yoast SEO plugin v27.2 - https:\/\/yoast.com\/product\/yoast-seo-wordpress\/ -->\n<title>Contrer l&#039;intimidation pour enfants et ados - George Manoli Inc<\/title>\n<meta name=\"robots\" content=\"index, follow, max-snippet:-1, max-image-preview:large, max-video-preview:-1\" \/>\n<link rel=\"canonical\" href=\"https:\/\/manoli.ca\/fr\/cours\/intimidation\/\" \/>\n<meta property=\"og:locale\" content=\"fr_FR\" \/>\n<meta property=\"og:type\" content=\"article\" \/>\n<meta property=\"og:title\" content=\"Contrer l&#039;intimidation pour enfants et ados - George Manoli Inc\" \/>\n<meta property=\"og:description\" content=\"Votre enfant se fait intimider? Vous lui avez donn\u00e9 des conseils afin de se tenir debout. Rien ne fonctionne! L&rsquo;intimidation persiste&#8230; &nbsp; Georges Manoli peut vous aider! Ensemble, nous allons\u2026 \u00c9tablir un plan de match afin de contrer l\u2019intimidation. Canaliser leur peur en force int\u00e9rieur. Travailler ensemble sur son langage corporel &amp; verbal. Pratiquer \u00e0 ...\" \/>\n<meta property=\"og:url\" content=\"https:\/\/manoli.ca\/fr\/cours\/intimidation\/\" \/>\n<meta property=\"og:site_name\" content=\"George Manoli Inc\" \/>\n<meta property=\"article:modified_time\" content=\"2026-03-30T23:30:04+00:00\" \/>\n<meta property=\"og:image\" content=\"http:\/\/manoli.ca\/wp-content\/uploads\/2012\/01\/2016-bullying-6.png\" \/>\n<meta name=\"twitter:card\" content=\"summary_large_image\" \/>\n<meta name=\"twitter:site\" content=\"@tokondojo\" \/>\n<meta name=\"twitter:label1\" content=\"Dur\u00e9e de lecture estim\u00e9e\" \/>\n\t<meta name=\"twitter:data1\" content=\"3 minutes\" \/>\n<script type=\"application\/ld+json\" class=\"yoast-schema-graph\">{\"@context\":\"https:\/\/schema.org\",\"@graph\":[{\"@type\":\"WebPage\",\"@id\":\"https:\/\/manoli.ca\/fr\/cours\/intimidation\/\",\"url\":\"https:\/\/manoli.ca\/fr\/cours\/intimidation\/\",\"name\":\"Contrer l'intimidation pour enfants et ados - George Manoli Inc\",\"isPartOf\":{\"@id\":\"https:\/\/manoli.ca\/#website\"},\"primaryImageOfPage\":{\"@id\":\"https:\/\/manoli.ca\/fr\/cours\/intimidation\/#primaryimage\"},\"image\":{\"@id\":\"https:\/\/manoli.ca\/fr\/cours\/intimidation\/#primaryimage\"},\"thumbnailUrl\":\"http:\/\/manoli.ca\/wp-content\/uploads\/2012\/01\/2016-bullying-6.png\",\"datePublished\":\"2012-01-09T11:06:51+00:00\",\"dateModified\":\"2026-03-30T23:30:04+00:00\",\"breadcrumb\":{\"@id\":\"https:\/\/manoli.ca\/fr\/cours\/intimidation\/#breadcrumb\"},\"inLanguage\":\"fr-FR\",\"potentialAction\":[{\"@type\":\"ReadAction\",\"target\":[\"https:\/\/manoli.ca\/fr\/cours\/intimidation\/\"]}]},{\"@type\":\"ImageObject\",\"inLanguage\":\"fr-FR\",\"@id\":\"https:\/\/manoli.ca\/fr\/cours\/intimidation\/#primaryimage\",\"url\":\"http:\/\/manoli.ca\/wp-content\/uploads\/2012\/01\/2016-bullying-6.png\",\"contentUrl\":\"http:\/\/manoli.ca\/wp-content\/uploads\/2012\/01\/2016-bullying-6.png\"},{\"@type\":\"BreadcrumbList\",\"@id\":\"https:\/\/manoli.ca\/fr\/cours\/intimidation\/#breadcrumb\",\"itemListElement\":[{\"@type\":\"ListItem\",\"position\":1,\"name\":\"Home\",\"item\":\"https:\/\/manoli.ca\/fr\/\"},{\"@type\":\"ListItem\",\"position\":2,\"name\":\"Cours\",\"item\":\"https:\/\/manoli.ca\/fr\/cours\/\"},{\"@type\":\"ListItem\",\"position\":3,\"name\":\"Contrer l&rsquo;intimidation pour enfants et ados\"}]},{\"@type\":\"WebSite\",\"@id\":\"https:\/\/manoli.ca\/#website\",\"url\":\"https:\/\/manoli.ca\/\",\"name\":\"George Manoli Inc\",\"description\":\"\",\"potentialAction\":[{\"@type\":\"SearchAction\",\"target\":{\"@type\":\"EntryPoint\",\"urlTemplate\":\"https:\/\/manoli.ca\/?s={search_term_string}\"},\"query-input\":{\"@type\":\"PropertyValueSpecification\",\"valueRequired\":true,\"valueName\":\"search_term_string\"}}],\"inLanguage\":\"fr-FR\"}]}<\/script>\n<!-- \/ Yoast SEO plugin. -->","yoast_head_json":{"title":"Contrer l'intimidation pour enfants et ados - George Manoli Inc","robots":{"index":"index","follow":"follow","max-snippet":"max-snippet:-1","max-image-preview":"max-image-preview:large","max-video-preview":"max-video-preview:-1"},"canonical":"https:\/\/manoli.ca\/fr\/cours\/intimidation\/","og_locale":"fr_FR","og_type":"article","og_title":"Contrer l'intimidation pour enfants et ados - George Manoli Inc","og_description":"Votre enfant se fait intimider? Vous lui avez donn\u00e9 des conseils afin de se tenir debout. Rien ne fonctionne! L&rsquo;intimidation persiste&#8230; &nbsp; Georges Manoli peut vous aider! Ensemble, nous allons\u2026 \u00c9tablir un plan de match afin de contrer l\u2019intimidation. Canaliser leur peur en force int\u00e9rieur. Travailler ensemble sur son langage corporel &amp; verbal. Pratiquer \u00e0 ...","og_url":"https:\/\/manoli.ca\/fr\/cours\/intimidation\/","og_site_name":"George Manoli Inc","article_modified_time":"2026-03-30T23:30:04+00:00","og_image":[{"url":"http:\/\/manoli.ca\/wp-content\/uploads\/2012\/01\/2016-bullying-6.png","type":"","width":"","height":""}],"twitter_card":"summary_large_image","twitter_site":"@tokondojo","twitter_misc":{"Dur\u00e9e de lecture estim\u00e9e":"3 minutes"},"schema":{"@context":"https:\/\/schema.org","@graph":[{"@type":"WebPage","@id":"https:\/\/manoli.ca\/fr\/cours\/intimidation\/","url":"https:\/\/manoli.ca\/fr\/cours\/intimidation\/","name":"Contrer l'intimidation pour enfants et ados - George Manoli Inc","isPartOf":{"@id":"https:\/\/manoli.ca\/#website"},"primaryImageOfPage":{"@id":"https:\/\/manoli.ca\/fr\/cours\/intimidation\/#primaryimage"},"image":{"@id":"https:\/\/manoli.ca\/fr\/cours\/intimidation\/#primaryimage"},"thumbnailUrl":"http:\/\/manoli.ca\/wp-content\/uploads\/2012\/01\/2016-bullying-6.png","datePublished":"2012-01-09T11:06:51+00:00","dateModified":"2026-03-30T23:30:04+00:00","breadcrumb":{"@id":"https:\/\/manoli.ca\/fr\/cours\/intimidation\/#breadcrumb"},"inLanguage":"fr-FR","potentialAction":[{"@type":"ReadAction","target":["https:\/\/manoli.ca\/fr\/cours\/intimidation\/"]}]},{"@type":"ImageObject","inLanguage":"fr-FR","@id":"https:\/\/manoli.ca\/fr\/cours\/intimidation\/#primaryimage","url":"http:\/\/manoli.ca\/wp-content\/uploads\/2012\/01\/2016-bullying-6.png","contentUrl":"http:\/\/manoli.ca\/wp-content\/uploads\/2012\/01\/2016-bullying-6.png"},{"@type":"BreadcrumbList","@id":"https:\/\/manoli.ca\/fr\/cours\/intimidation\/#breadcrumb","itemListElement":[{"@type":"ListItem","position":1,"name":"Home","item":"https:\/\/manoli.ca\/fr\/"},{"@type":"ListItem","position":2,"name":"Cours","item":"https:\/\/manoli.ca\/fr\/cours\/"},{"@type":"ListItem","position":3,"name":"Contrer l&rsquo;intimidation pour enfants et ados"}]},{"@type":"WebSite","@id":"https:\/\/manoli.ca\/#website","url":"https:\/\/manoli.ca\/","name":"George Manoli Inc","description":"","potentialAction":[{"@type":"SearchAction","target":{"@type":"EntryPoint","urlTemplate":"https:\/\/manoli.ca\/?s={search_term_string}"},"query-input":{"@type":"PropertyValueSpecification","valueRequired":true,"valueName":"search_term_string"}}],"inLanguage":"fr-FR"}]}},"_links":{"self":[{"href":"https:\/\/manoli.ca\/fr\/wp-json\/wp\/v2\/pages\/116","targetHints":{"allow":["GET"]}}],"collection":[{"href":"https:\/\/manoli.ca\/fr\/wp-json\/wp\/v2\/pages"}],"about":[{"href":"https:\/\/manoli.ca\/fr\/wp-json\/wp\/v2\/types\/page"}],"author":[{"embeddable":true,"href":"https:\/\/manoli.ca\/fr\/wp-json\/wp\/v2\/users\/1"}],"replies":[{"embeddable":true,"href":"https:\/\/manoli.ca\/fr\/wp-json\/wp\/v2\/comments?post=116"}],"version-history":[{"count":55,"href":"https:\/\/manoli.ca\/fr\/wp-json\/wp\/v2\/pages\/116\/revisions"}],"predecessor-version":[{"id":8870,"href":"https:\/\/manoli.ca\/fr\/wp-json\/wp\/v2\/pages\/116\/revisions\/8870"}],"up":[{"embeddable":true,"href":"https:\/\/manoli.ca\/fr\/wp-json\/wp\/v2\/pages\/56"}],"wp:attachment":[{"href":"https:\/\/manoli.ca\/fr\/wp-json\/wp\/v2\/media?parent=116"}],"curies":[{"name":"wp","href":"https:\/\/api.w.org\/{rel}","templated":true}]}}