{"id":105,"date":"2012-01-09T11:03:24","date_gmt":"2012-01-09T11:03:24","guid":{"rendered":"http:\/\/dev.manoli.ca\/?page_id=105"},"modified":"2024-09-03T18:20:18","modified_gmt":"2024-09-03T23:20:18","slug":"club-de-karate","status":"publish","type":"page","link":"https:\/\/manoli.ca\/fr\/cours\/club-de-karate\/","title":{"rendered":"Club de Karat\u00e9 et Jiu-Jitsu"},"content":{"rendered":"<div class=\"one_half\"><h2 style=\"text-align: center;\"><a href=\"\/fr\/cours\/club-de-karate\/karate-pour-les-enfants-5-10\/\">Enfants: Karat\u00e9 &amp; Contrer<br \/>\nl&rsquo;intimidation (Jiu-Jitsu)<\/a><\/h2>\n<p style=\"text-align: center;\"><em>Enfants de 5 \u00e0 11 ans &amp; cours parents\/enfants<\/em><\/p>\n<ul>\n<li style=\"text-align: left;\">\n<h4><strong>Contrer l&rsquo;intimidation &amp; le Jiu-Jitsu<\/strong>: On enseigne aux enfants comment s\u2019affirmer et faire face \u00e0 un intimidateur. Ils apprennent \u00e0 lui parler, \u00e0 ce tenir debout et \u00e0 se d\u00e9fendre physiquement s&rsquo;il le faut.<\/h4>\n<\/li>\n<\/ul>\n<p>&nbsp;<\/p>\n<ul>\n<li>\n<h4><strong>Le Karat\u00e9 Koshiki (avec plastron)<\/strong>: Les enfants apprennent des enchainements &#8211; coups de poings et de pieds, esquives, contre-attaques, etc.<\/h4>\n<\/li>\n<\/ul>\n<p> <a href=\"\/fr\/cours\/club-de-karate\/karate-pour-les-enfants-5-10\/\" target=\"_self\" class=\"button small primary no_woo_button alignleft\"><span>Plus d&rsquo;info&#8230;<\/span><\/a> <\/p><\/div>\n<div class=\"one_half last\"><h2 style=\"text-align: center;\"><a href=\"\/fr\/cours\/club-de-karate\/karate-jiu-jitsu-ados-adultes\/\">Ados &amp; adultes<br \/>\nKarat\u00e9 &amp; Jiu-Jitsu<\/a><\/h2>\n<p style=\"text-align: center;\"><em>11 ans et plus<\/em><\/p>\n<ul>\n<li>\n<h4><strong>Le Karat\u00e9 Koshiki \/ Shorinjiryu: <\/strong>Le syst\u00e8me de combat Koshiki utilise un prot\u00e8ge corps &amp; un prot\u00e8ge t\u00eate (fournit par le club) pour un entrainement s\u00e9curitaire &amp; r\u00e9aliste.<\/h4>\n<\/li>\n<\/ul>\n<p>&nbsp;<\/p>\n<ul>\n<li>\n<h4><strong>Le Jiu-Jitsu<\/strong> pr\u00e9conise le combat au sol \u2018Gracie Combatives\u2019 et le Jiu-Jitsu Br\u00e9silien \u2018Arena\u2019. L&rsquo;entrainement se fait en Kimono de Judo (Gi).<\/h4>\n<\/li>\n<\/ul>\n<p> <a href=\"\/fr\/cours\/club-de-karate\/karate-jiu-jitsu-ados-adultes\/\" target=\"_self\" class=\"button small primary no_woo_button alignleft\"><span>Plus d&rsquo;info&#8230;<\/span><\/a> <\/p><\/div><div class=\"clearboth\"><\/div>\n<p>&nbsp;<\/p>\n<h3>Related Images:<\/h3>","protected":false},"excerpt":{"rendered":"<p>&nbsp; Related Images:<\/p>\n","protected":false},"author":1,"featured_media":0,"parent":56,"menu_order":0,"comment_status":"closed","ping_status":"closed","template":"","meta":{"ngg_post_thumbnail":0,"footnotes":""},"class_list":["post-105","page","type-page","status-publish","hentry"],"yoast_head":"<!-- This site is optimized with the Yoast SEO plugin v27.2 - https:\/\/yoast.com\/product\/yoast-seo-wordpress\/ -->\n<title>Club de Karat\u00e9 et Jiu-Jitsu - George Manoli Inc<\/title>\n<meta name=\"robots\" content=\"index, follow, max-snippet:-1, max-image-preview:large, max-video-preview:-1\" \/>\n<link rel=\"canonical\" href=\"https:\/\/manoli.ca\/fr\/cours\/club-de-karate\/\" \/>\n<meta property=\"og:locale\" content=\"fr_FR\" \/>\n<meta property=\"og:type\" content=\"article\" \/>\n<meta property=\"og:title\" content=\"Club de Karat\u00e9 et Jiu-Jitsu - George Manoli Inc\" \/>\n<meta property=\"og:description\" content=\"&nbsp; Related Images:\" \/>\n<meta property=\"og:url\" content=\"https:\/\/manoli.ca\/fr\/cours\/club-de-karate\/\" \/>\n<meta property=\"og:site_name\" content=\"George Manoli Inc\" \/>\n<meta property=\"article:modified_time\" content=\"2024-09-03T23:20:18+00:00\" \/>\n<meta property=\"og:image\" content=\"https:\/\/manoli.ca\/wp-content\/uploads\/2015\/12\/Red-Barn-Logo-250-1.png\" \/>\n\t<meta property=\"og:image:width\" content=\"250\" \/>\n\t<meta property=\"og:image:height\" content=\"250\" \/>\n\t<meta property=\"og:image:type\" content=\"image\/png\" \/>\n<meta name=\"twitter:card\" content=\"summary_large_image\" \/>\n<meta name=\"twitter:site\" content=\"@tokondojo\" \/>\n<meta name=\"twitter:label1\" content=\"Dur\u00e9e de lecture estim\u00e9e\" \/>\n\t<meta name=\"twitter:data1\" content=\"1 minute\" \/>\n<script type=\"application\/ld+json\" class=\"yoast-schema-graph\">{\"@context\":\"https:\/\/schema.org\",\"@graph\":[{\"@type\":\"WebPage\",\"@id\":\"https:\/\/manoli.ca\/fr\/cours\/club-de-karate\/\",\"url\":\"https:\/\/manoli.ca\/fr\/cours\/club-de-karate\/\",\"name\":\"Club de Karat\u00e9 et Jiu-Jitsu - George Manoli Inc\",\"isPartOf\":{\"@id\":\"https:\/\/manoli.ca\/#website\"},\"datePublished\":\"2012-01-09T11:03:24+00:00\",\"dateModified\":\"2024-09-03T23:20:18+00:00\",\"breadcrumb\":{\"@id\":\"https:\/\/manoli.ca\/fr\/cours\/club-de-karate\/#breadcrumb\"},\"inLanguage\":\"fr-FR\",\"potentialAction\":[{\"@type\":\"ReadAction\",\"target\":[\"https:\/\/manoli.ca\/fr\/cours\/club-de-karate\/\"]}]},{\"@type\":\"BreadcrumbList\",\"@id\":\"https:\/\/manoli.ca\/fr\/cours\/club-de-karate\/#breadcrumb\",\"itemListElement\":[{\"@type\":\"ListItem\",\"position\":1,\"name\":\"Home\",\"item\":\"https:\/\/manoli.ca\/fr\/\"},{\"@type\":\"ListItem\",\"position\":2,\"name\":\"Cours\",\"item\":\"https:\/\/manoli.ca\/fr\/cours\/\"},{\"@type\":\"ListItem\",\"position\":3,\"name\":\"Club de Karat\u00e9 et Jiu-Jitsu\"}]},{\"@type\":\"WebSite\",\"@id\":\"https:\/\/manoli.ca\/#website\",\"url\":\"https:\/\/manoli.ca\/\",\"name\":\"George Manoli Inc\",\"description\":\"\",\"potentialAction\":[{\"@type\":\"SearchAction\",\"target\":{\"@type\":\"EntryPoint\",\"urlTemplate\":\"https:\/\/manoli.ca\/?s={search_term_string}\"},\"query-input\":{\"@type\":\"PropertyValueSpecification\",\"valueRequired\":true,\"valueName\":\"search_term_string\"}}],\"inLanguage\":\"fr-FR\"}]}<\/script>\n<!-- \/ Yoast SEO plugin. -->","yoast_head_json":{"title":"Club de Karat\u00e9 et Jiu-Jitsu - George Manoli Inc","robots":{"index":"index","follow":"follow","max-snippet":"max-snippet:-1","max-image-preview":"max-image-preview:large","max-video-preview":"max-video-preview:-1"},"canonical":"https:\/\/manoli.ca\/fr\/cours\/club-de-karate\/","og_locale":"fr_FR","og_type":"article","og_title":"Club de Karat\u00e9 et Jiu-Jitsu - George Manoli Inc","og_description":"&nbsp; Related Images:","og_url":"https:\/\/manoli.ca\/fr\/cours\/club-de-karate\/","og_site_name":"George Manoli Inc","article_modified_time":"2024-09-03T23:20:18+00:00","og_image":[{"width":250,"height":250,"url":"https:\/\/manoli.ca\/wp-content\/uploads\/2015\/12\/Red-Barn-Logo-250-1.png","type":"image\/png"}],"twitter_card":"summary_large_image","twitter_site":"@tokondojo","twitter_misc":{"Dur\u00e9e de lecture estim\u00e9e":"1 minute"},"schema":{"@context":"https:\/\/schema.org","@graph":[{"@type":"WebPage","@id":"https:\/\/manoli.ca\/fr\/cours\/club-de-karate\/","url":"https:\/\/manoli.ca\/fr\/cours\/club-de-karate\/","name":"Club de Karat\u00e9 et Jiu-Jitsu - George Manoli Inc","isPartOf":{"@id":"https:\/\/manoli.ca\/#website"},"datePublished":"2012-01-09T11:03:24+00:00","dateModified":"2024-09-03T23:20:18+00:00","breadcrumb":{"@id":"https:\/\/manoli.ca\/fr\/cours\/club-de-karate\/#breadcrumb"},"inLanguage":"fr-FR","potentialAction":[{"@type":"ReadAction","target":["https:\/\/manoli.ca\/fr\/cours\/club-de-karate\/"]}]},{"@type":"BreadcrumbList","@id":"https:\/\/manoli.ca\/fr\/cours\/club-de-karate\/#breadcrumb","itemListElement":[{"@type":"ListItem","position":1,"name":"Home","item":"https:\/\/manoli.ca\/fr\/"},{"@type":"ListItem","position":2,"name":"Cours","item":"https:\/\/manoli.ca\/fr\/cours\/"},{"@type":"ListItem","position":3,"name":"Club de Karat\u00e9 et Jiu-Jitsu"}]},{"@type":"WebSite","@id":"https:\/\/manoli.ca\/#website","url":"https:\/\/manoli.ca\/","name":"George Manoli Inc","description":"","potentialAction":[{"@type":"SearchAction","target":{"@type":"EntryPoint","urlTemplate":"https:\/\/manoli.ca\/?s={search_term_string}"},"query-input":{"@type":"PropertyValueSpecification","valueRequired":true,"valueName":"search_term_string"}}],"inLanguage":"fr-FR"}]}},"_links":{"self":[{"href":"https:\/\/manoli.ca\/fr\/wp-json\/wp\/v2\/pages\/105","targetHints":{"allow":["GET"]}}],"collection":[{"href":"https:\/\/manoli.ca\/fr\/wp-json\/wp\/v2\/pages"}],"about":[{"href":"https:\/\/manoli.ca\/fr\/wp-json\/wp\/v2\/types\/page"}],"author":[{"embeddable":true,"href":"https:\/\/manoli.ca\/fr\/wp-json\/wp\/v2\/users\/1"}],"replies":[{"embeddable":true,"href":"https:\/\/manoli.ca\/fr\/wp-json\/wp\/v2\/comments?post=105"}],"version-history":[{"count":48,"href":"https:\/\/manoli.ca\/fr\/wp-json\/wp\/v2\/pages\/105\/revisions"}],"predecessor-version":[{"id":7818,"href":"https:\/\/manoli.ca\/fr\/wp-json\/wp\/v2\/pages\/105\/revisions\/7818"}],"up":[{"embeddable":true,"href":"https:\/\/manoli.ca\/fr\/wp-json\/wp\/v2\/pages\/56"}],"wp:attachment":[{"href":"https:\/\/manoli.ca\/fr\/wp-json\/wp\/v2\/media?parent=105"}],"curies":[{"name":"wp","href":"https:\/\/api.w.org\/{rel}","templated":true}]}}